{"id":428926,"date":"2024-07-19T14:15:00","date_gmt":"2024-07-19T13:15:00","guid":{"rendered":"https:\/\/www.moskito.cz\/produkt\/couteau-fixe-muela-albar-18h\/"},"modified":"2025-11-25T13:58:24","modified_gmt":"2025-11-25T12:58:24","slug":"couteau-fixe-muela-albar-18h","status":"publish","type":"product","link":"https:\/\/www.moskito.cz\/fr\/produkt\/couteau-fixe-muela-albar-18h\/","title":{"rendered":"Couteau fixe Muela ALBAR-18H"},"content":{"rendered":"<p>Couteau fixe <strong>Muela<\/strong> ALBAR-18H.<\/p>\n<p>Le couteau de sport Muela Albar-18H est un couteau de la gamme barbecue, con\u00e7u principalement pour les amateurs de couteaux qui appr\u00e9cient les couteaux avec des mat\u00e9riaux haut de gamme, tels que le bois de cerf utilis\u00e9 dans le manche.<\/p>\n<p>Bien plus qu&rsquo;un simple outil pour d\u00e9couper la viande, un bon couteau \u00e0 barbecue est indispensable pour une d\u00e9coupe pr\u00e9cise, qui influe directement sur la texture et la tendret\u00e9 de la viande. De nombreux facteurs peuvent affecter son utilisation, comme le mat\u00e9riau de la lame et du manche. Le Muela Albar-18H, avec sa lame de 180 mm et son manche de 125 mm, est un excellent couteau pour la d\u00e9coupe de diff\u00e9rents types de viande.  <\/p>\n<p>Le manche du couteau de sport Muela Albar-18H est en bois de cerf, un mat\u00e9riau incroyablement d\u00e9taill\u00e9 et durable. Le bois de cerf tombe en hiver et repousse au printemps&nbsp;; son utilisation, pour la fabrication de couteaux \u00e0 main, est donc exempte de cruaut\u00e9. <\/p>\n<p>Sa lame est en X50CrMoV15 \u00ab\u00a0MOVA\u00a0\u00bb (1.4116), un mat\u00e9riau classique pour les couteaux Muela, qui est une excellente combinaison de molybd\u00e8ne et de vanadium, formant un acier avec une excellente duret\u00e9 et r\u00e9sistance \u00e0 la corrosion. La lame poss\u00e8de un faux tranchant, un tranchant arrondi et une double garde. Elle est fournie avec un \u00e9tui en cuir. <\/p>\n<p>Couteau adapt\u00e9 aux : chasseurs<\/p>\n<p>Construction du couteau : lame fixe<\/p>\n<p>Forme de la lame : Bowie<\/p>\n<p>Couleur de la lame : argent classique<\/p>\n<p>Manche : bois de cerf<\/p>\n<p>Longueur de la lame : 18 cm<\/p>\n<p>Longueur de la poign\u00e9e (cm) : 12,5 cm<\/p>\n<p>Longueur totale (cm) : 30,5<\/p>\n<p>Poids du couteau (g) \u200b\u200b: 250<\/p>\n<p>Duret\u00e9 de l&rsquo;acier :<\/p>\n<p>58 &#8211; 60 HRC<\/p>\n<p>&nbsp;<\/p>\n<p>&nbsp;<\/p>\n<p>&nbsp;<\/p>\n","protected":false},"excerpt":{"rendered":"<p><strong>Le couteau de sport Muela Albar-18H est un couteau de la gamme barbecue, con\u00e7u principalement pour les amateurs de couteaux qui appr\u00e9cient les couteaux avec des mat\u00e9riaux haut de gamme, tels que le bois de cerf utilis\u00e9 dans le manche.<\/strong><\/p>\n","protected":false},"featured_media":353793,"comment_status":"open","ping_status":"closed","template":"","meta":[],"pwb-brand":[3909],"product_brand":[],"product_cat":[3697,3696],"product_tag":[],"class_list":{"0":"post-428926","1":"product","2":"type-product","3":"status-publish","4":"has-post-thumbnail","6":"pwb-brand-elle-a-du","7":"product_cat-couteaux-solides","8":"product_cat-des-couteaux","10":"first","11":"outofstock","12":"taxable","13":"shipping-taxable","14":"purchasable","15":"product-type-simple"},"brands":[{"id":3909,"name":"Elle a d\u00fb","slug":"elle-a-du"}],"_links":{"self":[{"href":"https:\/\/www.moskito.cz\/fr\/wp-json\/wp\/v2\/product\/428926","targetHints":{"allow":["GET"]}}],"collection":[{"href":"https:\/\/www.moskito.cz\/fr\/wp-json\/wp\/v2\/product"}],"about":[{"href":"https:\/\/www.moskito.cz\/fr\/wp-json\/wp\/v2\/types\/product"}],"replies":[{"embeddable":true,"href":"https:\/\/www.moskito.cz\/fr\/wp-json\/wp\/v2\/comments?post=428926"}],"wp:featuredmedia":[{"embeddable":true,"href":"https:\/\/www.moskito.cz\/fr\/wp-json\/wp\/v2\/media\/353793"}],"wp:attachment":[{"href":"https:\/\/www.moskito.cz\/fr\/wp-json\/wp\/v2\/media?parent=428926"}],"wp:term":[{"taxonomy":"pwb-brand","embeddable":true,"href":"https:\/\/www.moskito.cz\/fr\/wp-json\/wp\/v2\/pwb-brand?post=428926"},{"taxonomy":"product_brand","embeddable":true,"href":"https:\/\/www.moskito.cz\/fr\/wp-json\/wp\/v2\/product_brand?post=428926"},{"taxonomy":"product_cat","embeddable":true,"href":"https:\/\/www.moskito.cz\/fr\/wp-json\/wp\/v2\/product_cat?post=428926"},{"taxonomy":"product_tag","embeddable":true,"href":"https:\/\/www.moskito.cz\/fr\/wp-json\/wp\/v2\/product_tag?post=428926"}],"curies":[{"name":"wp","href":"https:\/\/api.w.org\/{rel}","templated":true}]}}