{"id":428980,"date":"2022-02-23T21:22:21","date_gmt":"2022-02-23T20:22:21","guid":{"rendered":"https:\/\/www.moskito.cz\/produkt\/couteau-pliant-giantmouse-ace-sonoma-ti-satin\/"},"modified":"2025-11-26T10:55:43","modified_gmt":"2025-11-26T09:55:43","slug":"couteau-pliant-giantmouse-ace-sonoma-ti-satin","status":"publish","type":"product","link":"https:\/\/www.moskito.cz\/fr\/produkt\/couteau-pliant-giantmouse-ace-sonoma-ti-satin\/","title":{"rendered":"Couteau pliant GiantMouse ACE SONOMA &#8211; TI SATIN"},"content":{"rendered":"<p>Couteau pliant <strong>GiantMouse<\/strong> ACE SONOMA &#8211; TI SATIN.<\/p>\n<p>LES BONS COUTEAUX.\u00ae<\/p>\n<p>\u00ab <strong>Sonoma \u00bb<\/strong> est le dernier mod\u00e8le de notre gamme de couteaux ACE, produite en quantit\u00e9 illimit\u00e9e. Si vous avez vu des photos de Sonoma sur Instagram ou Facebook, il n&rsquo;est pas surprenant qu&rsquo;une grande partie de notre inspiration pour ce mod\u00e8le soit venue de la GiantMouse GM3, un dossier \u00e9l\u00e9gant pour hommes qui a \u00e9t\u00e9 tr\u00e8s bien accueilli par nos clients en 2017.<\/p>\n<p>Bien que le Sonoma fasse partie de notre gamme ACE, nous avons d\u00e9cid\u00e9 de tout mettre en \u0153uvre pour cette premi\u00e8re version de notre nouveau fabricant, Reate Knives. Nous l&rsquo;avons con\u00e7u avec un fermoir squelett\u00e9 en titane frais\u00e9, plut\u00f4t que le fermoir m\u00e9tallique standard de la s\u00e9rie ACE, ainsi que des manchons pivotants et un espaceur arri\u00e8re en titane anodis\u00e9 similaires \u00e0 ce que nous avons fait sur les couteaux de la s\u00e9rie GM en \u00e9dition limit\u00e9e. Deux versions du Sonoma seront disponibles au lancement : une en titane pierre avec une finition satin\u00e9e et une en titane PVD avec une lame en pierre fine.<\/p>\n<p>En mai 2021, nous avons lanc\u00e9 le clip de transport Deep Pocket pour le Titanium Sonoma, et \u00e0 l&rsquo;avenir, chaque clip Titanium Sonoma vendu inclura ce clip comme accessoire, afin que vous puissiez remplacer le clip en titane frais\u00e9 par un clip de poche profond si n\u00e9cessaire.<\/p>\n<p>Notre d\u00e9cision de nommer ce dossier est un clin d&rsquo;\u0153il au comt\u00e9 de Sonoma, situ\u00e9 au nord du si\u00e8ge social d&rsquo;origine de GiantMouse, dans le comt\u00e9 de Marin, en Californie. Sonoma est connue pour la beaut\u00e9 de ses paysages : collines et vall\u00e9es, hectares de vignobles et plus de 250 \u00e9tablissements vinicoles. Avec un paysage s\u00e9duisant, ainsi qu&rsquo;une cuisine et un vin incroyables qui ne finissent jamais, Sonoma est l&rsquo;endroit id\u00e9al pour que l&rsquo;\u00e9quipe GiantMouse laisse libre cours \u00e0 sa cr\u00e9ativit\u00e9.<\/p>\n<p>CARACT\u00c9RISTIQUES<\/p>\n<p>Mat\u00e9riels:<br \/>\n Acier de la lame&nbsp;: acier inoxydable B\u00f6hler M390 MICROCLEAN. Finition satin\u00e9e.<br \/>\n Manche : Titane &#8211; Finition stonewashed.<br \/>\n Clip : Titane usin\u00e9.<br \/>\n M\u00e9canisme de rotation : Roulements \u00e0 billes.<br \/>\n M\u00e9canisme de verrouillage : Verrouillage du cadre. <\/p>\n<p>Dimensions:<br \/>\n Longueur de la lame&nbsp;: 87,3 mm (3,4 po) \u2013 mesur\u00e9e de la pointe \u00e0 l\u2019avant du cadre<br \/>\n \u00c9paisseur de la lame : 0,138&Prime; (3,5 mm)<br \/>\n Longueur de la poign\u00e9e : 4,5&Prime; (114,3 mm)<br \/>\n Longueur totale : 8 pouces (203,2 mm)<br \/>\n Poids : 3,7 oz (105 g)<\/p>\n","protected":false},"excerpt":{"rendered":"<p>L\u2019id\u00e9e de <strong>GiantMouse<\/strong> est n\u00e9e autour d\u2019un verre un soir de l\u2019American Knife Show 2015. Les designers\/couteaux danois Jens Ans\u00f8 et Jesper Voxnaes (Vox) ont d\u00e9cid\u00e9 avec leur ami entrepreneur am\u00e9ricain Jim Wirth qu&rsquo;ils pourraient construire une meilleure sourici\u00e8re. parler. Une marque de couteaux qui parvient \u00e0 proposer des designs de couteaux \u00e9tonnants, avec la plus haute qualit\u00e9 de fabrication possible, \u00e0 un prix \u00e9quitable, tout en restant \u00e9troitement impliqu\u00e9e aupr\u00e8s de sa communaut\u00e9 de clients.<\/p>\n<p><strong>Livraison gratuite.<\/strong><\/p>\n","protected":false},"featured_media":428982,"comment_status":"open","ping_status":"closed","template":"","meta":[],"pwb-brand":[3801],"product_brand":[],"product_cat":[3700,3696],"product_tag":[],"class_list":{"0":"post-428980","1":"product","2":"type-product","3":"status-publish","4":"has-post-thumbnail","6":"pwb-brand-souris-geante","7":"product_cat-couteaux-de-fermeture","8":"product_cat-des-couteaux","10":"first","11":"instock","12":"taxable","13":"shipping-taxable","14":"purchasable","15":"product-type-simple"},"brands":[{"id":3801,"name":"Souris g\u00e9ante","slug":"souris-geante"}],"_links":{"self":[{"href":"https:\/\/www.moskito.cz\/fr\/wp-json\/wp\/v2\/product\/428980","targetHints":{"allow":["GET"]}}],"collection":[{"href":"https:\/\/www.moskito.cz\/fr\/wp-json\/wp\/v2\/product"}],"about":[{"href":"https:\/\/www.moskito.cz\/fr\/wp-json\/wp\/v2\/types\/product"}],"replies":[{"embeddable":true,"href":"https:\/\/www.moskito.cz\/fr\/wp-json\/wp\/v2\/comments?post=428980"}],"wp:featuredmedia":[{"embeddable":true,"href":"https:\/\/www.moskito.cz\/fr\/wp-json\/wp\/v2\/media\/428982"}],"wp:attachment":[{"href":"https:\/\/www.moskito.cz\/fr\/wp-json\/wp\/v2\/media?parent=428980"}],"wp:term":[{"taxonomy":"pwb-brand","embeddable":true,"href":"https:\/\/www.moskito.cz\/fr\/wp-json\/wp\/v2\/pwb-brand?post=428980"},{"taxonomy":"product_brand","embeddable":true,"href":"https:\/\/www.moskito.cz\/fr\/wp-json\/wp\/v2\/product_brand?post=428980"},{"taxonomy":"product_cat","embeddable":true,"href":"https:\/\/www.moskito.cz\/fr\/wp-json\/wp\/v2\/product_cat?post=428980"},{"taxonomy":"product_tag","embeddable":true,"href":"https:\/\/www.moskito.cz\/fr\/wp-json\/wp\/v2\/product_tag?post=428980"}],"curies":[{"name":"wp","href":"https:\/\/api.w.org\/{rel}","templated":true}]}}