{"id":429040,"date":"2024-11-18T23:21:42","date_gmt":"2024-11-18T22:21:42","guid":{"rendered":"https:\/\/www.moskito.cz\/produkt\/couteau-pliant-benchmade-mini-bugout-533bk-2\/"},"modified":"2025-11-26T14:21:46","modified_gmt":"2025-11-26T13:21:46","slug":"couteau-pliant-benchmade-mini-bugout-533bk-2","status":"publish","type":"product","link":"https:\/\/www.moskito.cz\/fr\/produkt\/couteau-pliant-benchmade-mini-bugout-533bk-2\/","title":{"rendered":"Couteau pliant Benchmade Mini Bugout 533BK-2"},"content":{"rendered":"<p>Couteau pliant <strong>Benchmade<\/strong> Mini Bugout 533BK-2.<\/p>\n<p>Ne vous fiez pas \u00e0 sa taille&nbsp;: le Mini Bugout 533BK-2 prouve que les petits outils peuvent \u00eatre redoutables. Ce couteau minimaliste se distingue par sa conception ultra-l\u00e9g\u00e8re, sa fabrication de pr\u00e9cision et la qualit\u00e9 de fabrication Benchmade. <\/p>\n<p>Caract\u00e9ristiques principales :<br \/>\n L\u00e9g\u00e8ret\u00e9 et portabilit\u00e9 :<\/p>\n<p>Pesant seulement 42,52 g (1,50 oz), il est confortable \u00e0 porter au quotidien.<br \/>\n Ses dimensions compactes (9,41 cm une fois ferm\u00e9es) facilitent le rangement et la manipulation.<br \/>\n Durabilit\u00e9 et performance :<\/p>\n<p>Mat\u00e9riau de la lame&nbsp;: L\u2019acier inoxydable CPM-S30V est reconnu pour son excellente r\u00e9sistance \u00e0 l\u2019usure et \u00e0 la corrosion, ainsi que pour son excellent maintien du tranchant.<br \/>\n Traitement de surface : Le rev\u00eatement Cerakote noir am\u00e9liore la r\u00e9sistance aux rayures et offre une finition mate.<br \/>\n Conception :<\/p>\n<p>La poign\u00e9e CF-Elite offre une combinaison de robustesse et de poids extr\u00eamement faible.<br \/>\n La lame \u00e0 pointe tombante assure polyvalence et efficacit\u00e9 dans diff\u00e9rents types de coupe.<br \/>\n Adaptabilit\u00e9:<\/p>\n<p>Le clip de poche en acier inoxydable oxyd\u00e9 noir est ambidextre et rabattable, ce qui le rend id\u00e9al pour les utilisateurs droitiers et gauchers.<br \/>\nLe m\u00e9canisme de verrouillage AXIS permet une utilisation s\u00fbre, rapide et facile d&rsquo;une seule main.<br \/>\nSp\u00e9cifications techniques:<br \/>\nValeur de sp\u00e9cification<br \/>\nLongueur de la lame&nbsp;: 7,16&nbsp;cm<br \/>\n\u00c9paisseur de la lame&nbsp;: 2,286 mm<br \/>\nMat\u00e9riau de la lame : acier inoxydable CPM-S30V<br \/>\nDuret\u00e9 de la lame&nbsp;: 58-60 HRC<br \/>\nLame \u00e9l\u00e9gante \u00e0 pointe tombante<br \/>\n\u00c9paisseur du manche&nbsp;: 10,46 mm<br \/>\nLongueur totale 16,48 cm<br \/>\nLongueur du couteau ferm\u00e9 : 9,41 cm<br \/>\nPoids 42,52 g<br \/>\n Classe bleue<br \/>\n Origine : Fabriqu\u00e9 aux \u00c9tats-Unis<br \/>\n R\u00e9sum\u00e9<br \/>\n Le Benchmade 533BK-2 Mini Bugout est le couteau id\u00e9al pour ceux qui recherchent un outil l\u00e9ger, fiable et fonctionnel au quotidien. Sa taille compacte n&rsquo;alt\u00e8re en rien ses performances, ce qui en fait un excellent choix pour les amateurs de plein air comme pour les utilisateurs de tous les jours. Simplicit\u00e9, \u00e9l\u00e9gance et praticit\u00e9&nbsp;: voil\u00e0 ce qui caract\u00e9rise le Mini Bugout.  <\/p>\n","protected":false},"excerpt":{"rendered":"<p>Le Benchmade 533BK-2 Mini Bugout est le couteau id\u00e9al pour ceux qui recherchent un outil l\u00e9ger, fiable et fonctionnel au quotidien. Sa taille compacte n&rsquo;alt\u00e8re en rien ses performances, ce qui en fait un excellent choix pour les amateurs de plein air comme pour les utilisateurs de tous les jours. <\/p>\n<p>Livraison gratuite.<\/p>\n","protected":false},"featured_media":373798,"comment_status":"open","ping_status":"closed","template":"","meta":[],"pwb-brand":[3981],"product_brand":[],"product_cat":[3700,3696],"product_tag":[],"class_list":{"0":"post-429040","1":"product","2":"type-product","3":"status-publish","4":"has-post-thumbnail","6":"pwb-brand-banc-de-travail","7":"product_cat-couteaux-de-fermeture","8":"product_cat-des-couteaux","10":"first","11":"outofstock","12":"taxable","13":"shipping-taxable","14":"purchasable","15":"product-type-simple"},"brands":[{"id":3981,"name":"Banc de travail","slug":"banc-de-travail"}],"_links":{"self":[{"href":"https:\/\/www.moskito.cz\/fr\/wp-json\/wp\/v2\/product\/429040","targetHints":{"allow":["GET"]}}],"collection":[{"href":"https:\/\/www.moskito.cz\/fr\/wp-json\/wp\/v2\/product"}],"about":[{"href":"https:\/\/www.moskito.cz\/fr\/wp-json\/wp\/v2\/types\/product"}],"replies":[{"embeddable":true,"href":"https:\/\/www.moskito.cz\/fr\/wp-json\/wp\/v2\/comments?post=429040"}],"wp:featuredmedia":[{"embeddable":true,"href":"https:\/\/www.moskito.cz\/fr\/wp-json\/wp\/v2\/media\/373798"}],"wp:attachment":[{"href":"https:\/\/www.moskito.cz\/fr\/wp-json\/wp\/v2\/media?parent=429040"}],"wp:term":[{"taxonomy":"pwb-brand","embeddable":true,"href":"https:\/\/www.moskito.cz\/fr\/wp-json\/wp\/v2\/pwb-brand?post=429040"},{"taxonomy":"product_brand","embeddable":true,"href":"https:\/\/www.moskito.cz\/fr\/wp-json\/wp\/v2\/product_brand?post=429040"},{"taxonomy":"product_cat","embeddable":true,"href":"https:\/\/www.moskito.cz\/fr\/wp-json\/wp\/v2\/product_cat?post=429040"},{"taxonomy":"product_tag","embeddable":true,"href":"https:\/\/www.moskito.cz\/fr\/wp-json\/wp\/v2\/product_tag?post=429040"}],"curies":[{"name":"wp","href":"https:\/\/api.w.org\/{rel}","templated":true}]}}