{"id":429163,"date":"2020-02-26T21:50:05","date_gmt":"2020-02-26T20:50:05","guid":{"rendered":"https:\/\/www.moskito.cz\/produkt\/couteau-ejecteur-microtech-utx-85-satin-231-5\/"},"modified":"2025-11-27T14:58:10","modified_gmt":"2025-11-27T13:58:10","slug":"couteau-ejecteur-microtech-utx-85-satin-231-5","status":"publish","type":"product","link":"https:\/\/www.moskito.cz\/fr\/produkt\/couteau-ejecteur-microtech-utx-85-satin-231-5\/","title":{"rendered":"Couteau \u00e9jecteur Microtech UTX-85 Satin 231-5"},"content":{"rendered":"<p>Couteau \u00e9jecteur <strong>Microtech<\/strong> UTX-85 Satin 231-5.<\/p>\n<p><span lang=\"cs\">Au fil des ans, <strong>Microtech\u00ae Knives<\/strong> a insuffl\u00e9 passion et savoir-faire \u00e0 la fabrication de couteaux, cr\u00e9ant ainsi de v\u00e9ritables \u0153uvres d&rsquo;art.<br \/>\n qui repr\u00e9sentent le summum de la fonctionnalit\u00e9. Elle continue de repousser les limites et de s&rsquo;am\u00e9liorer.<br \/>\n ce qu&rsquo;il sait d\u00e9j\u00e0 faire fonctionner. En 2020, Microtech\u00ae Knives est devenu un fabricant de couteaux de premier plan.<br \/>\n une marque qui \u00e9volue et progresse constamment en utilisant les derni\u00e8res technologies,<br \/>\n Des principes ancestraux de fabrication des lames et des tests en conditions r\u00e9elles pouss\u00e9s, afin de ne jamais transiger sur la qualit\u00e9.  <\/span><\/p>\n<p>Un couteau qui tire de face.<\/p>\n<p><strong>Le UTX-85<\/strong> est un couteau \u00e0 lame simple. Son manche est en aluminium moul\u00e9 anodis\u00e9 6061-T6 et sa pointe est en acier inoxydable. <\/p>\n<p><strong>Le couteau Microtech UTX-85<\/strong> 231-5 est dot\u00e9 d&rsquo;un manche ergonomique et lisse qui am\u00e9liore le confort d&rsquo;utilisation. Ce mod\u00e8le mis \u00e0 jour offre les m\u00eames dimensions, composants et la m\u00eame robustesse que la version \u00ab&nbsp;Tri-Grip&nbsp;\u00bb, tout en assurant une meilleure prise en main et un rangement plus ais\u00e9 dans la poche. <\/p>\n<p>Pour ceux qui ne connaissent pas cette technologie, il s&rsquo;agit d&rsquo;un couteau enti\u00e8rement automatique dot\u00e9 d&rsquo;un m\u00e9canisme \u00e0 double action \u00e0 l&rsquo;avant&nbsp;: la lame se plie et se r\u00e9tracte gr\u00e2ce au pouce. Le couteau de Microtech a \u00e9tabli la norme pour tous les couteaux OTF. <\/p>\n<p>Longueur totale : 18,75 cm<br \/>\nLongueur de la lame : 7,81 cm<br \/>\nTranchant : 7,17 cm<br \/>\n\u00c9paisseur de la lame : 0,32 cm<br \/>\nMat\u00e9riau de la lame : Bohler M390<br \/>\nStyle de lame : Classique<br \/>\nInsertions&nbsp;: plates<br \/>\nFinition : satin\u00e9e<br \/>\nType de bordure&nbsp;:&nbsp;Unie<br \/>\nLongueur de la poign\u00e9e : 10,92 cm<br \/>\n \u00c9paisseur de la poign\u00e9e : 1,17 cm<br \/>\n Mat\u00e9riau de la poign\u00e9e : aluminium<br \/>\n Couleur noire<br \/>\n Poids : 3,06 oz.<br \/>\nUtilisateur&nbsp;:&nbsp;Main droite<br \/>\nClip de poche&nbsp;: rabattable<br \/>\nType de couteau&nbsp;: OTF automatique \u00e0 double action<br \/>\nOuvreur&nbsp;:&nbsp;glissi\u00e8re du pouce<br \/>\nMarque : Microtech<br \/>\nMod\u00e8le&nbsp;: UTX-85<br \/>\nNum\u00e9ro de mod\u00e8le : 231-5<br \/>\nPays d&rsquo;origine : \u00c9tats-Unis<br \/>\nMeilleure utilisation&nbsp;: Tactique<\/p>\n<div class=\"description\">\n<div class=\"clearfix\">https:\/\/youtu.be\/xE9TeOFYEjg?si=_cD7H1ukVfrw59MV<\/div>\n<div><\/div>\n<div><\/div>\n<\/div>\n<div class=\"specifications\">\n<div class=\"features\"><\/div>\n<div class=\"specs\">\n<p>&nbsp;<\/p>\n<\/div>\n<div class=\"clearfix\"><\/div>\n<\/div>\n","protected":false},"excerpt":{"rendered":"<p><strong>Au fil des ann\u00e9es, Microtech\u00ae Knives a rempli les couteaux de passion et de savoir-faire pour cr\u00e9er presque des \u0153uvres d&rsquo;art qui sont le summum de la fonctionnalit\u00e9. Toutes les pi\u00e8ces sont fabriqu\u00e9es aux \u00c9tats-Unis.<\/strong><br \/>\n<strong>Tous les couteaux Microtech sont garantis \u00e0 vie.<\/strong><\/p>\n","protected":false},"featured_media":197558,"comment_status":"open","ping_status":"closed","template":"","meta":[],"pwb-brand":[3751],"product_brand":[],"product_cat":[3699,3696],"product_tag":[3754],"class_list":{"0":"post-429163","1":"product","2":"type-product","3":"status-publish","4":"has-post-thumbnail","6":"pwb-brand-microtechnologie","7":"product_cat-couteaux-de-tir","8":"product_cat-des-couteaux","9":"product_tag-b2b-fr","11":"first","12":"outofstock","13":"taxable","14":"shipping-taxable","15":"purchasable","16":"product-type-simple"},"brands":[{"id":3751,"name":"Microtechnologie","slug":"microtechnologie"}],"_links":{"self":[{"href":"https:\/\/www.moskito.cz\/fr\/wp-json\/wp\/v2\/product\/429163","targetHints":{"allow":["GET"]}}],"collection":[{"href":"https:\/\/www.moskito.cz\/fr\/wp-json\/wp\/v2\/product"}],"about":[{"href":"https:\/\/www.moskito.cz\/fr\/wp-json\/wp\/v2\/types\/product"}],"replies":[{"embeddable":true,"href":"https:\/\/www.moskito.cz\/fr\/wp-json\/wp\/v2\/comments?post=429163"}],"wp:featuredmedia":[{"embeddable":true,"href":"https:\/\/www.moskito.cz\/fr\/wp-json\/wp\/v2\/media\/197558"}],"wp:attachment":[{"href":"https:\/\/www.moskito.cz\/fr\/wp-json\/wp\/v2\/media?parent=429163"}],"wp:term":[{"taxonomy":"pwb-brand","embeddable":true,"href":"https:\/\/www.moskito.cz\/fr\/wp-json\/wp\/v2\/pwb-brand?post=429163"},{"taxonomy":"product_brand","embeddable":true,"href":"https:\/\/www.moskito.cz\/fr\/wp-json\/wp\/v2\/product_brand?post=429163"},{"taxonomy":"product_cat","embeddable":true,"href":"https:\/\/www.moskito.cz\/fr\/wp-json\/wp\/v2\/product_cat?post=429163"},{"taxonomy":"product_tag","embeddable":true,"href":"https:\/\/www.moskito.cz\/fr\/wp-json\/wp\/v2\/product_tag?post=429163"}],"curies":[{"name":"wp","href":"https:\/\/api.w.org\/{rel}","templated":true}]}}