{"id":429247,"date":"2024-09-26T13:01:37","date_gmt":"2024-09-26T12:01:37","guid":{"rendered":"https:\/\/www.moskito.cz\/produkt\/boker-plus-aks-74-mini-tanto-noir\/"},"modified":"2025-12-03T14:38:30","modified_gmt":"2025-12-03T13:38:30","slug":"boker-plus-aks-74-mini-tanto-noir","status":"publish","type":"product","link":"https:\/\/www.moskito.cz\/fr\/produkt\/boker-plus-aks-74-mini-tanto-noir\/","title":{"rendered":"B\u00f6ker Plus AKS-74 Mini Tanto Noir"},"content":{"rendered":"<p>B\u00f6ker Plus AKS-74 Mini Tanto Noir 01KALS7 3BT.<\/p>\n<div class=\"flex max-w-full flex-col flex-grow\">\n<div class=\"min-h-8 text-message flex w-full flex-col items-end gap-2 whitespace-normal break-words [.text-message+&amp;]:mt-5\" dir=\"auto\" data-message-author-role=\"assistant\" data-message-id=\"01470aca-3f1b-4b24-8fe7-ee702e6dacb6\" data-message-model-slug=\"gpt-4o\">\n<div class=\"flex w-full flex-col gap-1 empty:hidden first:pt-[3px]\">\n<div class=\"markdown prose w-full break-words dark:prose-invert light\">\n<p><strong>Le B\u00f6ker Plus AKS-74 Mini Tanto Noir<\/strong> est une version compacte du mod\u00e8le embl\u00e9matique, arborant un design tactique inspir\u00e9 du fusil d&rsquo;assaut russe AK-74. Ce couteau allie grande fonctionnalit\u00e9 et robustesse, ce qui en fait un choix id\u00e9al pour un usage quotidien (EDC) comme pour les t\u00e2ches plus exigeantes. <\/p>\n<hr>\n<h3><strong>Propri\u00e9t\u00e9s cl\u00e9s&nbsp;:<\/strong><\/h3>\n<ol>\n<li><strong>Lame<\/strong> :\n<ul>\n<li><strong>Forme<\/strong> : Tanto \u2013 offre une r\u00e9sistance maximale de la pointe et est id\u00e9ale pour les travaux de per\u00e7age et les coupes pr\u00e9cises.<\/li>\n<li><strong>Mat\u00e9riau<\/strong> : <strong>AUS-8<\/strong> \u2013 acier inoxydable japonais de haute qualit\u00e9 offrant une bonne r\u00e9sistance \u00e0 l&rsquo;usure et \u00e0 la corrosion.<\/li>\n<li><strong>Traitement de surface<\/strong> : Rev\u00eatement noir \u2013 \u00e9limine les reflets et augmente la durabilit\u00e9 de la lame.<\/li>\n<li><strong>Longueur<\/strong> : 5,80 cm \u2013 lame compacte offrant un contr\u00f4le parfait lors de son utilisation.<\/li>\n<\/ul>\n<\/li>\n<li><strong>Poign\u00e9e<\/strong> :\n<ul>\n<li><strong>Mat\u00e9riau<\/strong> : Aluminium \u2013 durable, l\u00e9ger et ergonomique, avec une finition mate pour une prise en main antid\u00e9rapante.<\/li>\n<li><strong>Couleur<\/strong> : Noir \u2013 look tactique.<\/li>\n<\/ul>\n<\/li>\n<li><strong>M\u00e9canisme<\/strong> :\n<ul>\n<li><strong>Ouverture<\/strong> : M\u00e9canisme automatique \u2013 permet une ouverture rapide et facile d&rsquo;une seule main.<\/li>\n<li><strong>Verrouillage<\/strong> : Un verrou fiable garantit la s\u00e9curit\u00e9 d&rsquo;utilisation.<\/li>\n<\/ul>\n<\/li>\n<li><strong>Autres caract\u00e9ristiques<\/strong> :\n<ul>\n<li><strong>Clip<\/strong> : Pour une fixation facile \u00e0 la ceinture ou \u00e0 la poche, convient \u00e0 un usage quotidien.<\/li>\n<li><strong>Trous pour cordon<\/strong> : Pratiques pour attacher une cordelette ou d&rsquo;autres accessoires.<\/li>\n<\/ul>\n<\/li>\n<\/ol>\n<hr>\n<h3><strong>Sp\u00e9cifications techniques<\/strong> :<\/h3>\n<ul>\n<li><strong>Longueur totale<\/strong> : 14,60 cm<\/li>\n<li><strong>Longueur de la lame<\/strong> : 5,80 cm<\/li>\n<li><strong>\u00c9paisseur de la lame<\/strong> : 2,60 mm<\/li>\n<li><strong>Poids<\/strong> : 74,00 g<\/li>\n<li><strong>Mat\u00e9riau de la lame<\/strong> : AUS-8<\/li>\n<li><strong>Mat\u00e9riau du manche<\/strong> : aluminium<\/li>\n<li><strong>M\u00e9canisme d&rsquo;ouverture<\/strong> : Automatique<\/li>\n<li><strong>Couleur<\/strong> : Noir<\/li>\n<li><strong>Num\u00e9ro d&rsquo;article<\/strong> : 01KALS73BT<\/li>\n<\/ul>\n<hr>\n<h3><strong>Avantages et utilisations<\/strong> :<\/h3>\n<ul>\n<li><strong>Conception compacte<\/strong> : facilement transportable, convient \u00e0 un usage quotidien et aux situations plus exigeantes.<\/li>\n<li><strong>Manipulation rapide<\/strong> : L&rsquo;ouverture automatique garantit une utilisation imm\u00e9diate.<\/li>\n<li><strong>Durabilit\u00e9 et qualit\u00e9<\/strong> : Sa construction robuste et ses mat\u00e9riaux de qualit\u00e9 font de ce couteau un outil fiable.<\/li>\n<\/ul>\n<hr>\n<h3><strong>Conclusion<\/strong> :<\/h3>\n<p><strong>Le B\u00f6ker Plus AKS-74 Mini Tanto Noir 01KALS73BT<\/strong> allie \u00e0 la perfection praticit\u00e9, \u00e9l\u00e9gance et robustesse. Ce couteau est id\u00e9al pour ceux qui recherchent un couteau tactique compact, \u00e0 ouverture rapide et au design moderne. Parfait pour un usage quotidien et les situations d&rsquo;urgence.  <\/p>\n<\/div>\n<\/div>\n<\/div>\n<\/div>\n<div class=\"mb-2 flex gap-3 empty:hidden -ml-2\">\n<div class=\"items-center justify-start rounded-xl p-1 flex\">\n<div class=\"flex items-center\"><\/div>\n<\/div>\n<\/div>\n","protected":false},"excerpt":{"rendered":"<div class=\"flex max-w-full flex-col flex-grow\">\n<div class=\"min-h-8 text-message flex w-full flex-col items-end gap-2 whitespace-normal break-words [.text-message+&amp;]:mt-5\" dir=\"auto\" data-message-author-role=\"assistant\" data-message-id=\"01470aca-3f1b-4b24-8fe7-ee702e6dacb6\" data-message-model-slug=\"gpt-4o\">\n<div class=\"flex w-full flex-col gap-1 empty:hidden first:pt-[3px]\">\n<div class=\"markdown prose w-full break-words dark:prose-invert light\">\n<p><strong>Le B\u00f6ker Plus AKS-74 Mini Tanto Noir 01KALS73BT allie \u00e0 la perfection praticit\u00e9, \u00e9l\u00e9gance et robustesse. Ce couteau est id\u00e9al pour ceux qui recherchent un couteau tactique compact, \u00e0 ouverture rapide et au design moderne. Parfait pour un usage quotidien et les situations d&rsquo;urgence.  <\/strong><\/p>\n<\/div>\n<\/div>\n<\/div>\n<\/div>\n<div class=\"mb-2 flex gap-3 empty:hidden -ml-2\">\n<div class=\"items-center justify-start rounded-xl p-1 flex\">\n<div class=\"flex items-center\"><\/div>\n<\/div>\n<\/div>\n","protected":false},"featured_media":361271,"comment_status":"closed","ping_status":"closed","template":"","meta":[],"pwb-brand":[3799],"product_brand":[],"product_cat":[3700,3696],"product_tag":[],"class_list":{"0":"post-429247","1":"product","2":"type-product","3":"status-publish","4":"has-post-thumbnail","6":"pwb-brand-boker-fr","7":"product_cat-couteaux-de-fermeture","8":"product_cat-des-couteaux","10":"first","11":"outofstock","12":"taxable","13":"shipping-taxable","14":"purchasable","15":"product-type-simple"},"brands":[{"id":3799,"name":"Boker","slug":"boker-fr"}],"_links":{"self":[{"href":"https:\/\/www.moskito.cz\/fr\/wp-json\/wp\/v2\/product\/429247","targetHints":{"allow":["GET"]}}],"collection":[{"href":"https:\/\/www.moskito.cz\/fr\/wp-json\/wp\/v2\/product"}],"about":[{"href":"https:\/\/www.moskito.cz\/fr\/wp-json\/wp\/v2\/types\/product"}],"replies":[{"embeddable":true,"href":"https:\/\/www.moskito.cz\/fr\/wp-json\/wp\/v2\/comments?post=429247"}],"wp:featuredmedia":[{"embeddable":true,"href":"https:\/\/www.moskito.cz\/fr\/wp-json\/wp\/v2\/media\/361271"}],"wp:attachment":[{"href":"https:\/\/www.moskito.cz\/fr\/wp-json\/wp\/v2\/media?parent=429247"}],"wp:term":[{"taxonomy":"pwb-brand","embeddable":true,"href":"https:\/\/www.moskito.cz\/fr\/wp-json\/wp\/v2\/pwb-brand?post=429247"},{"taxonomy":"product_brand","embeddable":true,"href":"https:\/\/www.moskito.cz\/fr\/wp-json\/wp\/v2\/product_brand?post=429247"},{"taxonomy":"product_cat","embeddable":true,"href":"https:\/\/www.moskito.cz\/fr\/wp-json\/wp\/v2\/product_cat?post=429247"},{"taxonomy":"product_tag","embeddable":true,"href":"https:\/\/www.moskito.cz\/fr\/wp-json\/wp\/v2\/product_tag?post=429247"}],"curies":[{"name":"wp","href":"https:\/\/api.w.org\/{rel}","templated":true}]}}