{"id":429252,"date":"2023-03-27T19:29:50","date_gmt":"2023-03-27T18:29:50","guid":{"rendered":"https:\/\/www.moskito.cz\/produkt\/couteau-de-fermeture-cold-steel-xl-voyager-vaquero-serrated-edge-aus10a\/"},"modified":"2025-12-04T10:12:03","modified_gmt":"2025-12-04T09:12:03","slug":"couteau-de-fermeture-cold-steel-xl-voyager-vaquero-serrated-edge-aus10a","status":"publish","type":"product","link":"https:\/\/www.moskito.cz\/fr\/produkt\/couteau-de-fermeture-cold-steel-xl-voyager-vaquero-serrated-edge-aus10a\/","title":{"rendered":"Couteau de fermeture Cold Steel XL VOYAGER VAQUERO SERRATED EDGE (AUS10A)"},"content":{"rendered":"<p>Couteau de fermeture <strong>Cold Steel<\/strong> XL VOYAGER VAQUERO SERRATED EDGE (AUS10A)<\/p>\n<p>La gamme <strong>Voyager<\/strong> de <strong>Cold Steel<\/strong> est con\u00e7ue pour \u00eatre un v\u00e9ritable couteau pour tous. L\u00e9gers, confortables, super tranchants, robustes, fiables et parfaits pour la chasse et le camping ainsi que pour l&rsquo;utilisation quotidienne et la coupe de tous les jours. Les Voyager excellent dans de nombreuses applications de survie et de sauvetage et se sont r\u00e9v\u00e9l\u00e9s tr\u00e8s populaires aupr\u00e8s des policiers et des militaires qui appr\u00e9cient la combinaison du pouvoir de coupe et de la s\u00e9curit\u00e9 qu&rsquo;ils offrent. Chaque couteau de notre vaste gamme Voyager est con\u00e7u avec pr\u00e9cision et r\u00e9pond \u00e0 nos normes les plus strictes. Ils sont dot\u00e9s de lames en AUS10A et de notre m\u00e9canisme de verrouillage Tri-Ad &#8211; sans doute le verrouillage le plus s\u00fbr et le plus r\u00e9sistant aux chocs sur le march\u00e9 aujourd&rsquo;hui ! Les poign\u00e9es ergonomiques des Griv-Ex Voyagers (renforc\u00e9es par des inserts en aluminium 6061 trait\u00e9s thermiquement) offrent un grand confort et une bonne prise en main, m\u00eame en cas d&rsquo;utilisation prolong\u00e9e dans des conditions difficiles. Disponible en deux tailles et dans de nombreuses configurations de lames et de tranchants, <strong>le Voyager<\/strong> a quelque chose \u00e0 offrir \u00e0 tout le monde.     <\/p>\n<p>Description:<\/p>\n<p>Mat\u00e9riau de la lame : AUS-10A<br \/>\nMat\u00e9riau du manche : Griv-Ex<br \/>\nSerrure : Serrure Tri-Ad<br \/>\nLongueur de la lame : 14 cm<br \/>\nLongueur totale : 31.1 cm<br \/>\nLongueur du manche : 17.1 cm<br \/>\nEpaisseur de la lame : 4 mm<br \/>\nPoids : 204 g<br \/>\nUtilisation : Camping, Tactique, Survie, Autod\u00e9fense, EDC &#8211; transport quotidien<\/p>\n<p><iframe title=\"Cold Steel&#039;s Deadliest Weapons, Voyager Vaquero\" width=\"800\" height=\"450\" src=\"https:\/\/www.youtube.com\/embed\/k4XKffPD4ko?feature=oembed\" frameborder=\"0\" allow=\"accelerometer; autoplay; clipboard-write; encrypted-media; gyroscope; picture-in-picture; web-share\" referrerpolicy=\"strict-origin-when-cross-origin\" allowfullscreen><\/iframe><\/p>\n<p>&nbsp;<\/p>\n<p>&nbsp;<\/p>\n","protected":false},"excerpt":{"rendered":"<p><strong>Le Voyager Vaquero de Cold Steel est un couteau \u00e0 lame dentel\u00e9e. Le Voyager Vaquero est destin\u00e9 au combat en raison de sa taille et de la forme de sa lame. Il poss\u00e8de d&rsquo;excellentes propri\u00e9t\u00e9s de coupe.  <\/strong><\/p>\n","protected":false},"featured_media":429253,"comment_status":"open","ping_status":"closed","template":"","meta":[],"pwb-brand":[3789],"product_brand":[],"product_cat":[3700,3696],"product_tag":[3754],"class_list":{"0":"post-429252","1":"product","2":"type-product","3":"status-publish","4":"has-post-thumbnail","6":"pwb-brand-acier-froid","7":"product_cat-couteaux-de-fermeture","8":"product_cat-des-couteaux","9":"product_tag-b2b-fr","11":"first","12":"outofstock","13":"taxable","14":"shipping-taxable","15":"purchasable","16":"product-type-simple"},"brands":[{"id":3789,"name":"Acier froid","slug":"acier-froid"}],"_links":{"self":[{"href":"https:\/\/www.moskito.cz\/fr\/wp-json\/wp\/v2\/product\/429252","targetHints":{"allow":["GET"]}}],"collection":[{"href":"https:\/\/www.moskito.cz\/fr\/wp-json\/wp\/v2\/product"}],"about":[{"href":"https:\/\/www.moskito.cz\/fr\/wp-json\/wp\/v2\/types\/product"}],"replies":[{"embeddable":true,"href":"https:\/\/www.moskito.cz\/fr\/wp-json\/wp\/v2\/comments?post=429252"}],"wp:featuredmedia":[{"embeddable":true,"href":"https:\/\/www.moskito.cz\/fr\/wp-json\/wp\/v2\/media\/429253"}],"wp:attachment":[{"href":"https:\/\/www.moskito.cz\/fr\/wp-json\/wp\/v2\/media?parent=429252"}],"wp:term":[{"taxonomy":"pwb-brand","embeddable":true,"href":"https:\/\/www.moskito.cz\/fr\/wp-json\/wp\/v2\/pwb-brand?post=429252"},{"taxonomy":"product_brand","embeddable":true,"href":"https:\/\/www.moskito.cz\/fr\/wp-json\/wp\/v2\/product_brand?post=429252"},{"taxonomy":"product_cat","embeddable":true,"href":"https:\/\/www.moskito.cz\/fr\/wp-json\/wp\/v2\/product_cat?post=429252"},{"taxonomy":"product_tag","embeddable":true,"href":"https:\/\/www.moskito.cz\/fr\/wp-json\/wp\/v2\/product_tag?post=429252"}],"curies":[{"name":"wp","href":"https:\/\/api.w.org\/{rel}","templated":true}]}}