{"id":429277,"date":"2022-04-18T19:43:55","date_gmt":"2022-04-18T18:43:55","guid":{"rendered":"https:\/\/www.moskito.cz\/produkt\/couteau-de-fermeture-cold-steel-large-espada-g-10-aus10a\/"},"modified":"2025-12-04T10:12:12","modified_gmt":"2025-12-04T09:12:12","slug":"couteau-de-fermeture-cold-steel-large-espada-g-10-aus10a","status":"publish","type":"product","link":"https:\/\/www.moskito.cz\/fr\/produkt\/couteau-de-fermeture-cold-steel-large-espada-g-10-aus10a\/","title":{"rendered":"Couteau de fermeture Cold Steel LARGE ESPADA G-10 (AUS10A)"},"content":{"rendered":"<p>Couteau de fermeture <strong>Cold Steel<\/strong> LARGE ESPADA G-10 (AUS10A)<\/p>\n<p>Le G-10 Espada Large est un couteau de transport quotidien. La ligne de produits Espada a \u00e9t\u00e9 con\u00e7ue par le c\u00e9l\u00e8bre coutelier Andrew Demko et le pr\u00e9sident de Cold Steel Lynn C. Thompson. L&rsquo;Espada est inspir\u00e9 par les l\u00e9gendaires \u00e9p\u00e9es de conqu\u00eate Espada. La lame est fabriqu\u00e9e en acier japonais AUS 10A.    Cet acier inoxydable martensitique poss\u00e8de de tr\u00e8s bonnes propri\u00e9t\u00e9s de r\u00e9sistance et est principalement utilis\u00e9 comme mat\u00e9riau pour les outils coupants. Par rapport \u00e0 l&rsquo;AUS 8A, il maintient mieux la lame et est plus r\u00e9sistant \u00e0 l&rsquo;abrasion. L&rsquo;acier a ensuite \u00e9t\u00e9 trait\u00e9 thermiquement pour obtenir un \u00e9quilibre parfait entre r\u00e9tention des bords et r\u00e9aff\u00fbtage facile. Le traitement de surface DLC (Diamond Like Coating) avec une finition noire, emp\u00eache les rayures faciles et rend le couteau r\u00e9sistant \u00e0 la rouille. Le manche des couteaux Espada\u2122 est fabriqu\u00e9 en G-10 &#8211; fibre de verre. Le manche est fortement incurv\u00e9, a une texture grossi\u00e8re et est \u00e9quip\u00e9 de rainures pour les doigts pour une prise en main s\u00fbre et s\u00e9curis\u00e9e lors de l&rsquo;utilisation du couteau. Toute la gamme Espada est dot\u00e9e du brevet unique Cold Steel\u00ae Tri-Ad Lock\u2122.    Le verrou emp\u00eache le couteau de se fermer automatiquement ou involontairement, m\u00eame apr\u00e8s une usure naturelle au fil du temps.<\/p>\n<p>PARAM\u00c8TRES DU PRODUIT<br \/>\nTaille totale : 311 mm<br \/>\nLongueur du manche : 171 mm<br \/>\nType de serrure : Tri-Ad Lock<br \/>\nLongueur de la lame : 139 mm<br \/>\nAcier : Japanese AUS 10A Stainless with DLC<br \/>\nPoids : 246.64 g<br \/>\nMat\u00e9riau du fourreau : Stainless Pocket \/ Belt Clip<br \/>\n\u00c9paisseur de la lame : 4 mm<\/p>\n<p>Notre s\u00e9rie populaire Espada est \u00e9galement disponible dans une \u00e9dition tactique \u00ab\u00a0blackout\u00a0\u00bb. La lame est lav\u00e9e \u00e0 la pierre et le manche en G-10 est disponible au choix en noir, vert OD ou terre fonc\u00e9e. <\/p>\n<p>Poids : 9.2oz Epaisseur de la lame : 3.7mm Longueur de la lame : 5-1\/2&Prime; Acier de la lame : AUS10A Longueur\/Mat\u00e9riel Manche : 6-3\/4 \u00ab\u00a0G-10 Longueur totale : 12-1\/4\u00a0\u00bb Caract\u00e9ristiques suppl\u00e9mentaires : Clip de poche \/ ceinture en acier inoxydable Type de couteau : Folder Longueur de lame : 5+ in Famille d&rsquo;acier : AUS Forme de lame : Forme de la lame : Clip Point M\u00e9canisme de verrouillage : Tri-Ad Lock Famille de produit : Espada<\/p>\n","protected":false},"excerpt":{"rendered":"<p>Le populaire <strong>Espada<\/strong> Large est \u00e9galement disponible avec un manche en G-10 noir mat.<\/p>\n","protected":false},"featured_media":429279,"comment_status":"open","ping_status":"closed","template":"","meta":[],"pwb-brand":[3789],"product_brand":[],"product_cat":[3700,3696],"product_tag":[3754],"class_list":{"0":"post-429277","1":"product","2":"type-product","3":"status-publish","4":"has-post-thumbnail","6":"pwb-brand-acier-froid","7":"product_cat-couteaux-de-fermeture","8":"product_cat-des-couteaux","9":"product_tag-b2b-fr","11":"first","12":"outofstock","13":"taxable","14":"shipping-taxable","15":"purchasable","16":"product-type-simple"},"brands":[{"id":3789,"name":"Acier froid","slug":"acier-froid"}],"_links":{"self":[{"href":"https:\/\/www.moskito.cz\/fr\/wp-json\/wp\/v2\/product\/429277","targetHints":{"allow":["GET"]}}],"collection":[{"href":"https:\/\/www.moskito.cz\/fr\/wp-json\/wp\/v2\/product"}],"about":[{"href":"https:\/\/www.moskito.cz\/fr\/wp-json\/wp\/v2\/types\/product"}],"replies":[{"embeddable":true,"href":"https:\/\/www.moskito.cz\/fr\/wp-json\/wp\/v2\/comments?post=429277"}],"wp:featuredmedia":[{"embeddable":true,"href":"https:\/\/www.moskito.cz\/fr\/wp-json\/wp\/v2\/media\/429279"}],"wp:attachment":[{"href":"https:\/\/www.moskito.cz\/fr\/wp-json\/wp\/v2\/media?parent=429277"}],"wp:term":[{"taxonomy":"pwb-brand","embeddable":true,"href":"https:\/\/www.moskito.cz\/fr\/wp-json\/wp\/v2\/pwb-brand?post=429277"},{"taxonomy":"product_brand","embeddable":true,"href":"https:\/\/www.moskito.cz\/fr\/wp-json\/wp\/v2\/product_brand?post=429277"},{"taxonomy":"product_cat","embeddable":true,"href":"https:\/\/www.moskito.cz\/fr\/wp-json\/wp\/v2\/product_cat?post=429277"},{"taxonomy":"product_tag","embeddable":true,"href":"https:\/\/www.moskito.cz\/fr\/wp-json\/wp\/v2\/product_tag?post=429277"}],"curies":[{"name":"wp","href":"https:\/\/api.w.org\/{rel}","templated":true}]}}