{"id":429293,"date":"2025-04-01T15:41:51","date_gmt":"2025-04-01T14:41:51","guid":{"rendered":"https:\/\/www.moskito.cz\/produkt\/couteau-medford-burung-tactical-karambit\/"},"modified":"2025-12-04T10:29:21","modified_gmt":"2025-12-04T09:29:21","slug":"couteau-medford-burung-tactical-karambit","status":"publish","type":"product","link":"https:\/\/www.moskito.cz\/fr\/produkt\/couteau-medford-burung-tactical-karambit\/","title":{"rendered":"Couteau Medford Burung Tactical Karambit"},"content":{"rendered":"<h3 data-pm-slice=\"1 1 []\"><strong>Couteau Medford Burung Tactical Karambit &#8211; Arme tactique ultime<\/strong><\/h3>\n<h4><strong>Description g\u00e9n\u00e9rale :<\/strong><\/h4>\n<p>Le Medford Burung Tactical Karambit est un <strong>couteau de fermeture in\u00e9gal\u00e9 inspir\u00e9 des couteaux de combat traditionnels de l&rsquo;Asie du Sud-Est<\/strong>, transform\u00e9 en une version tactique moderne. Ce couteau combine l&rsquo;<strong>efficacit\u00e9 brutale du karambit avec la durabilit\u00e9 de la marque Medford<\/strong>, ce qui en fait le choix id\u00e9al pour l&rsquo;<strong>autod\u00e9fense, le combat et les conditions extr\u00eames<\/strong>. Fabriqu\u00e9 \u00e0 la main aux <strong>Etats-Unis \ud83c\uddfa\ud83c\uddf8,<\/strong> ce mod\u00e8le offre une <strong>qualit\u00e9 sup\u00e9rieure, une durabilit\u00e9 maximale et un design agressif<\/strong> qui se distinguera dans toutes les situations.  <\/p>\n<p>\u2705 <strong>Karambit tactique &#8211; id\u00e9al pour les situations de combat et d&rsquo;autod\u00e9fense<\/strong>.<br \/>\n\u2705 <strong>Acier Elite CPM S35VN<\/strong> &#8211; r\u00e9sistance sup\u00e9rieure \u00e0 l&rsquo;usure et \u00e0 la corrosion.<br \/>\n\u2705 <strong>Manche en titane<\/strong> &#8211; r\u00e9sistance extr\u00eame et l\u00e9g\u00e8ret\u00e9.<br \/>\n\u2705 <strong>Design ergonomique<\/strong> &#8211; s\u00e9curit\u00e9 maximale de la prise en main pour l&rsquo;autod\u00e9fense et l&rsquo;utilisation quotidienne.<br \/>\n\u2705 <strong>Qualit\u00e9 Medford<\/strong> &#8211; fabriqu\u00e9 \u00e0 la main et luxueux aux \u00c9tats-Unis \ud83c\uddfa\ud83c\uddf8.<\/p>\n<div>\n<hr>\n<\/div>\n<h3><strong>\ud83d\udd0e Sp\u00e9cifications :<\/strong><\/h3>\n<ul data-spread=\"false\">\n<li><strong>Longueur totale :<\/strong> 19,7 cm<\/li>\n<li><strong>Longueur de la lame :<\/strong> 8,5 cm<\/li>\n<li><strong>\u00c9paisseur de la lame :<\/strong> 0,48 cm<\/li>\n<li><strong>Acier de la lame :<\/strong> <strong>CPM S35VN<\/strong> &#8211; extr\u00eamement r\u00e9sistant et durable<\/li>\n<li><strong>Forme de la lame :<\/strong> <strong>karambit<\/strong> &#8211; forme agressive pour des coupes efficaces et l&rsquo;autod\u00e9fense<\/li>\n<li><strong>Finition de la lame :<\/strong> <strong>Stonewashed<\/strong> &#8211; r\u00e9sistance aux rayures et aspect esth\u00e9tique<\/li>\n<li><strong>Manche :<\/strong> titane &#8211; ultra-l\u00e9ger, solide et durable<\/li>\n<li><strong>M\u00e9canisme :<\/strong> <strong>Flipper<\/strong> &#8211; ouverture rapide et s\u00fbre<\/li>\n<li><strong>Frame<\/strong> Lock &#8211; une serrure robuste et fiable<\/li>\n<li><strong>Poids :<\/strong> 180 g &#8211; l&rsquo;\u00e9quilibre id\u00e9al entre robustesse et maniabilit\u00e9<\/li>\n<\/ul>\n<div>\n<hr>\n<\/div>\n<h3><strong>\ud83d\udd25 Pourquoi choisir le Karambit tactique Medford Burung ?<\/strong><\/h3>\n<p>\u2714 <strong>Conception exclusive du karambit &#8211; id\u00e9al pour l&rsquo;autod\u00e9fense et le combat.<\/strong><br \/>\n\u2714 O <strong>uverture rapide d&rsquo;une seule main &#8211; gr\u00e2ce au m\u00e9canisme de bascule<\/strong>.<br \/>\n<strong>Lame CPM S35VN &#8211; r\u00e9sistance maximale \u00e0 l&rsquo;usure et \u00e0 la corrosion.<\/strong><br \/>\n\u2714 <strong>Manche en titane &#8211; r\u00e9sistance et l\u00e9g\u00e8ret\u00e9 extr\u00eames.<\/strong><br \/>\n\u2714 <strong>Made in USA \ud83c\uddfa\ud83c\uddf8 &#8211; premium handmade<\/strong>.<br \/>\n\u2714 <strong>Mod\u00e8le tr\u00e8s difficile \u00e0 trouver &#8211; une pi\u00e8ce exclusive pour les collectionneurs et les professionnels.<\/strong><\/p>\n<div>\n<hr>\n<\/div>\n<h3><strong>\ud83d\udd2a Karambit en forme de lame &#8211; Impact et contr\u00f4le maximums<\/strong><\/h3>\n<p>\u2714 <strong>Con\u00e7u pour une efficacit\u00e9 maximale en mati\u00e8re d&rsquo;autod\u00e9fense<\/strong>.<br \/>\n\u2714 <strong>Lame incurv\u00e9e agressive &#8211; permet des coupes profondes et rapides.<\/strong><br \/>\n\u2714 <strong>Meilleure prise en main gr\u00e2ce \u00e0 l&rsquo;anneau &#8211; assure un contr\u00f4le ferme lors de la manipulation.<\/strong><\/p>\n<div>\n<hr>\n<\/div>\n<h3><strong>\u2694 Comparaison avec les concurrents :<\/strong><\/h3>\n<table>\n<tbody>\n<tr>\n<th>Mod\u00e8le<\/th>\n<th>Lame en acier<\/th>\n<th>M\u00e9canisme<\/th>\n<th>Traitement de surface<\/th>\n<th>Avantages<\/th>\n<\/tr>\n<tr>\n<td><strong>Karambit tactique Medford Burung<\/strong><\/td>\n<td>CPM S35VN<\/td>\n<td>Flipper<\/td>\n<td>Lav\u00e9 \u00e0 la pierre<\/td>\n<td>Manche en titane, durabilit\u00e9 extr\u00eame, design tactique<\/td>\n<\/tr>\n<tr>\n<td><strong>Fox 599 Karambit<\/strong><\/td>\n<td>N690<\/td>\n<td>Emerson Wave<\/td>\n<td>Rev\u00eatement noir<\/td>\n<td>Construction plus l\u00e9g\u00e8re, dimensions plus petites<\/td>\n<\/tr>\n<tr>\n<td><strong>Cold Steel Tiger Claw<\/strong><\/td>\n<td>S35VN<\/td>\n<td>Disque de pouce<\/td>\n<td>Satin\u00e9<\/td>\n<td>Excellente p\u00e9n\u00e9tration, moins robuste que le Medford<\/td>\n<\/tr>\n<\/tbody>\n<\/table>\n<div>\n<hr>\n<\/div>\n<h3>\u2705 <strong>Avantages et inconv\u00e9nients<\/strong><\/h3>\n<p>\u2714 <strong>Construction en titane extr\u00eamement solide et l\u00e9g\u00e8re.<\/strong><br \/>\n<strong>Efficacit\u00e9 maximale dans les situations de combat et d&rsquo;autod\u00e9fense<\/strong>.<br \/>\n<strong>Le m\u00e9canisme de bascule permet une ouverture rapide d&rsquo;une seule main.<\/strong><br \/>\n\u2714 <strong>Lame CPM S35VN durable &#8211; longue dur\u00e9e de vie de la lame.<\/strong><br \/>\n\u2714 <strong>Disponibilit\u00e9 exclusive &#8211; mod\u00e8le difficile \u00e0 trouver.<\/strong><br \/>\n\u274c <strong>Prix plus \u00e9lev\u00e9 &#8211; correspond \u00e0 la qualit\u00e9 et \u00e0 l&rsquo;exclusivit\u00e9<\/strong>.<br \/>\n\u274c <strong>Conception sp\u00e9cifique &#8211; peut ne pas convenir \u00e0 tous les utilisateurs.<\/strong><\/p>\n<div>\n<hr>\n<\/div>\n<h3>\ud83c\udf81 <strong>Raisons d&rsquo;acheter maintenant<\/strong><\/h3>\n<p>\u2705 <strong>Livraison gratuite<\/strong> &#8211; pas de frais cach\u00e9s !<br \/>\n\u2705 <strong>Originalit\u00e9 garantie<\/strong> &#8211; Couteau Medford 100% authentique issu de la distribution officielle.<br \/>\n\u2705 <strong>Exp\u00e9dition rapide<\/strong> \u2013 les commandes pass\u00e9es avant 14h00 seront exp\u00e9di\u00e9es aujourd&rsquo;hui !<br \/>\n\u2705 <strong>Cadeau avec commande<\/strong> &#8211; une surprise exclusive avec chaque couteau.<\/p>\n<div>\n<hr>\n<\/div>\n<h3>\ud83d\udea8 <strong>Disponibilit\u00e9 exclusive &#8211; Achetez votre Karambit tactique Medford Burung pendant qu&rsquo;il est encore en stock !<\/strong><\/h3>\n<p>Le Medford Burung Tactical Karambit n&rsquo;est pas un couteau ordinaire, c&rsquo;est <strong>un chef-d&rsquo;\u0153uvre con\u00e7u pour une efficacit\u00e9 maximale au combat et dans la vie de tous les jours<\/strong>. Si vous \u00eates \u00e0 la recherche d&rsquo;un <strong>couteau tactique aux performances sans compromis<\/strong>, alliant <strong>technologie moderne, durabilit\u00e9 et design agressif<\/strong>, <strong>ce mod\u00e8le ne doit pas manquer dans votre trousse<\/strong>! <\/p>\n<p><strong>\ud83d\udd2a Commandez votre Karambit tactique Medford Burung aujourd&rsquo;hui et obtenez un couteau de combat de qualit\u00e9 sup\u00e9rieure !<\/strong><\/p>\n","protected":false},"excerpt":{"rendered":"<p><strong>Le Medford Burung Tactical Karambit n&rsquo;est pas un couteau ordinaire, c&rsquo;est un chef-d&rsquo;\u0153uvre con\u00e7u pour une efficacit\u00e9 maximale au combat et dans la vie de tous les jours. Si vous \u00eates \u00e0 la recherche d&rsquo;un couteau tactique aux performances sans compromis, alliant technologie moderne, durabilit\u00e9 et design agressif, ce mod\u00e8le ne doit pas manquer dans votre trousse ! <\/strong><\/p>\n<p><strong>\ud83d\udd2a Commandez votre Karambit tactique Medford Burung aujourd&rsquo;hui et obtenez un couteau de combat de qualit\u00e9 sup\u00e9rieure !<\/strong><\/p>\n<p><strong>\ud83d\udce6 Commandez maintenant et obtenez la livraison gratuite \ud83d\ude9a<\/strong><\/p>\n","protected":false},"featured_media":398549,"comment_status":"open","ping_status":"closed","template":"","meta":[],"pwb-brand":[4020],"product_brand":[],"product_cat":[3700,3696],"product_tag":[],"class_list":{"0":"post-429293","1":"product","2":"type-product","3":"status-publish","4":"has-post-thumbnail","6":"pwb-brand-medford-fr","7":"product_cat-couteaux-de-fermeture","8":"product_cat-des-couteaux","10":"first","11":"outofstock","12":"taxable","13":"shipping-taxable","14":"purchasable","15":"product-type-simple"},"brands":[{"id":4020,"name":"Medford","slug":"medford-fr"}],"_links":{"self":[{"href":"https:\/\/www.moskito.cz\/fr\/wp-json\/wp\/v2\/product\/429293","targetHints":{"allow":["GET"]}}],"collection":[{"href":"https:\/\/www.moskito.cz\/fr\/wp-json\/wp\/v2\/product"}],"about":[{"href":"https:\/\/www.moskito.cz\/fr\/wp-json\/wp\/v2\/types\/product"}],"replies":[{"embeddable":true,"href":"https:\/\/www.moskito.cz\/fr\/wp-json\/wp\/v2\/comments?post=429293"}],"wp:featuredmedia":[{"embeddable":true,"href":"https:\/\/www.moskito.cz\/fr\/wp-json\/wp\/v2\/media\/398549"}],"wp:attachment":[{"href":"https:\/\/www.moskito.cz\/fr\/wp-json\/wp\/v2\/media?parent=429293"}],"wp:term":[{"taxonomy":"pwb-brand","embeddable":true,"href":"https:\/\/www.moskito.cz\/fr\/wp-json\/wp\/v2\/pwb-brand?post=429293"},{"taxonomy":"product_brand","embeddable":true,"href":"https:\/\/www.moskito.cz\/fr\/wp-json\/wp\/v2\/product_brand?post=429293"},{"taxonomy":"product_cat","embeddable":true,"href":"https:\/\/www.moskito.cz\/fr\/wp-json\/wp\/v2\/product_cat?post=429293"},{"taxonomy":"product_tag","embeddable":true,"href":"https:\/\/www.moskito.cz\/fr\/wp-json\/wp\/v2\/product_tag?post=429293"}],"curies":[{"name":"wp","href":"https:\/\/api.w.org\/{rel}","templated":true}]}}