{"id":429307,"date":"2024-11-18T21:48:03","date_gmt":"2024-11-18T20:48:03","guid":{"rendered":"https:\/\/www.moskito.cz\/produkt\/couteau-pliant-benchmade-bugout-axis-535\/"},"modified":"2025-12-04T10:29:29","modified_gmt":"2025-12-04T09:29:29","slug":"couteau-pliant-benchmade-bugout-axis-535","status":"publish","type":"product","link":"https:\/\/www.moskito.cz\/fr\/produkt\/couteau-pliant-benchmade-bugout-axis-535\/","title":{"rendered":"Couteau pliant Benchmade Bugout AXIS 535"},"content":{"rendered":"<p>Couteau <strong>Benchmade<\/strong> Bugout AXIS 535.<\/p>\n<p>Le Benchmade Bugout BM535 est l&rsquo;un des couteaux les plus l\u00e9gers et les plus polyvalents de sa cat\u00e9gorie, con\u00e7u pour l&rsquo;aventurier moderne. Sa combinaison de mat\u00e9riaux de qualit\u00e9 sup\u00e9rieure, son design innovant et son poids l\u00e9ger en ont fait un choix populaire parmi les amateurs de couteaux, de randonn\u00e9es et de survie. Vous trouverez ci-dessous une pr\u00e9sentation d\u00e9taill\u00e9e de ses principales caract\u00e9ristiques :  <\/p>\n<p>Caract\u00e9ristiques principales<br \/>\nLame :<\/p>\n<p>Mat\u00e9riau : Acier inoxydable CPM-S30V de premi\u00e8re qualit\u00e9, connu pour sa r\u00e9sistance \u00e0 la corrosion et son excellente tenue de lame.<br \/>\nDuret\u00e9 : 58-60 HRC, une combinaison id\u00e9ale de robustesse et de duret\u00e9.<br \/>\nStyle : Drop Point, une forme polyvalente adapt\u00e9e \u00e0 la coupe et au poignard : Drop Point, une forme polyvalente qui convient pour couper et poignarder.<br \/>\nLongueur : 8.23 cm (3.24&Prime;)<br \/>\nEpaisseur : 2.29 mm (0.090&Prime;)<br \/>\nManche :<\/p>\n<p>Mat\u00e9riau : Grivory (mat\u00e9riau composite l\u00e9ger et durable) avec entretoises en aluminium anodis\u00e9.<br \/>\n\u00c9paisseur : 10,54 mm (0,42&Prime;)<br \/>\nCouleur : Bleu.<br \/>\nCaract\u00e9ristiques additionnelles : Poussoir anodis\u00e9 bleu, grand trou pour la lani\u00e8re.<br \/>\nM\u00e9canisme de verrouillage :<\/p>\n<p>Serrure AXIS &#8211; un m\u00e9canisme tr\u00e8s fiable et facile \u00e0 utiliser qui permet une ouverture et une fermeture en douceur d&rsquo;une seule main.<br \/>\nClip de poche :<\/p>\n<p>Acier inoxydable, double face, pour un transport en profondeur.<br \/>\nPoids :<\/p>\n<p>52,45 g (1,85 oz) &#8211; extr\u00eamement l\u00e9ger pour un confort de port maximal.<br \/>\nDimensions:<\/p>\n<p>Longueur totale : 18,95 cm (7.46&Prime;)<br \/>\nLongueur ferm\u00e9e : 10,72 cm (4.22&Prime;)<br \/>\nAvantages<br \/>\nL\u00e9ger : ne pesant que 52,45 g, le Bugout est le choix id\u00e9al pour le transport quotidien (EDC) et les longues randonn\u00e9es.<br \/>\nDurabilit\u00e9 : mat\u00e9riau de la lame CPM-S30V et conception robuste du manche pour une longue dur\u00e9e de vie et une grande fiabilit\u00e9.<br \/>\nConfort : conception ergonomique du manche et manipulation ais\u00e9e gr\u00e2ce au m\u00e9canisme de verrouillage AXIS.<br \/>\nUtilisation<br \/>\nCe couteau est id\u00e9al pour :<\/p>\n<p>Activit\u00e9s de plein air (camping, randonn\u00e9e, survie).<br \/>\nPort\u00e9 au quotidien (EDC).<br \/>\nA utiliser \u00e0 la campagne et en ville.<br \/>\nFabriqu\u00e9 aux Etats-Unis, le Benchmade Bugout BM535 est un symbole de pr\u00e9cision, de qualit\u00e9 et de performance que tous ceux qui recherchent un couteau fiable et l\u00e9ger appr\u00e9cieront.<\/p>\n<p>&nbsp;<\/p>\n<p>&nbsp;<\/p>\n<p>&nbsp;<\/p>\n","protected":false},"excerpt":{"rendered":"<p><strong>Le Benchmade Bugout BM535 est l&rsquo;un des couteaux les plus l\u00e9gers et les plus polyvalents de sa cat\u00e9gorie, con\u00e7u pour l&rsquo;aventurier moderne. Sa combinaison de mat\u00e9riaux de qualit\u00e9 sup\u00e9rieure, son design innovant et son poids l\u00e9ger en ont fait un choix populaire parmi les amateurs de couteaux, de randonn\u00e9es et de survie. <\/strong><\/p>\n<p><strong>Livraison gratuite.<\/strong><\/p>\n<p>&nbsp;<\/p>\n","protected":false},"featured_media":373578,"comment_status":"open","ping_status":"closed","template":"","meta":[],"pwb-brand":[3981],"product_brand":[],"product_cat":[3700,3696],"product_tag":[],"class_list":{"0":"post-429307","1":"product","2":"type-product","3":"status-publish","4":"has-post-thumbnail","6":"pwb-brand-banc-de-travail","7":"product_cat-couteaux-de-fermeture","8":"product_cat-des-couteaux","10":"first","11":"outofstock","12":"taxable","13":"shipping-taxable","14":"purchasable","15":"product-type-simple"},"brands":[{"id":3981,"name":"Banc de travail","slug":"banc-de-travail"}],"_links":{"self":[{"href":"https:\/\/www.moskito.cz\/fr\/wp-json\/wp\/v2\/product\/429307","targetHints":{"allow":["GET"]}}],"collection":[{"href":"https:\/\/www.moskito.cz\/fr\/wp-json\/wp\/v2\/product"}],"about":[{"href":"https:\/\/www.moskito.cz\/fr\/wp-json\/wp\/v2\/types\/product"}],"replies":[{"embeddable":true,"href":"https:\/\/www.moskito.cz\/fr\/wp-json\/wp\/v2\/comments?post=429307"}],"wp:featuredmedia":[{"embeddable":true,"href":"https:\/\/www.moskito.cz\/fr\/wp-json\/wp\/v2\/media\/373578"}],"wp:attachment":[{"href":"https:\/\/www.moskito.cz\/fr\/wp-json\/wp\/v2\/media?parent=429307"}],"wp:term":[{"taxonomy":"pwb-brand","embeddable":true,"href":"https:\/\/www.moskito.cz\/fr\/wp-json\/wp\/v2\/pwb-brand?post=429307"},{"taxonomy":"product_brand","embeddable":true,"href":"https:\/\/www.moskito.cz\/fr\/wp-json\/wp\/v2\/product_brand?post=429307"},{"taxonomy":"product_cat","embeddable":true,"href":"https:\/\/www.moskito.cz\/fr\/wp-json\/wp\/v2\/product_cat?post=429307"},{"taxonomy":"product_tag","embeddable":true,"href":"https:\/\/www.moskito.cz\/fr\/wp-json\/wp\/v2\/product_tag?post=429307"}],"curies":[{"name":"wp","href":"https:\/\/api.w.org\/{rel}","templated":true}]}}