{"id":429310,"date":"2024-10-10T21:56:59","date_gmt":"2024-10-10T20:56:59","guid":{"rendered":"https:\/\/www.moskito.cz\/produkt\/couteau-de-fermeture-emerson-patriot\/"},"modified":"2025-12-04T10:29:31","modified_gmt":"2025-12-04T09:29:31","slug":"couteau-de-fermeture-emerson-patriot","status":"publish","type":"product","link":"https:\/\/www.moskito.cz\/fr\/produkt\/couteau-de-fermeture-emerson-patriot\/","title":{"rendered":"Couteau de fermeture Emerson Patriot"},"content":{"rendered":"<p>Couteau de fermeture <strong>Emerson<\/strong> Patriot.<\/p>\n<p><strong>Le Patriot d&rsquo;Emerson<\/strong> est dot\u00e9 d&rsquo;une magnifique lame au tranchant recourb\u00e9 et d&rsquo;un cran sup\u00e9rieur. V\u00e9ritablement l&rsquo;un de nos couteaux au design le plus unique, le Patriot est propos\u00e9 en pierre et en noir, avec des lames lisses ou partiellement dentel\u00e9es. <\/p>\n<p>\u00ab\u00a0Le patriote est un humble couteau de la classe ouvri\u00e8re, comme l&rsquo;\u00e9pine dorsale de l&rsquo;arm\u00e9e de Washington, des hommes et des femmes qui sont entr\u00e9s en guerre pour se battre pour un id\u00e9al qu&rsquo;ils savaient juste et \u00e9quitable. Et comme George Washington, ils n&rsquo;abandonneront jamais, ne se rendront jamais et seront toujours pr\u00eats \u00e0 intervenir pour ce qui est juste et \u00e9quitable. <\/p>\n<p>Manche : G-10<br \/>\nSerrure : Titane<br \/>\nLame : 154 cm<br \/>\nLongueur totale : 22.87 cm<br \/>\nLongueur de la lame : 9.75 cm<br \/>\nEpaisseur de la lame : 0.31 cm<br \/>\nDuret\u00e9 57-59RC<\/p>\n<p>&nbsp;<\/p>\n<p><iframe title=\"Emerson Patriot |  A Closer Look\" width=\"800\" height=\"450\" src=\"https:\/\/www.youtube.com\/embed\/V5luGMj8LCA?feature=oembed\" frameborder=\"0\" allow=\"accelerometer; autoplay; clipboard-write; encrypted-media; gyroscope; picture-in-picture; web-share\" referrerpolicy=\"strict-origin-when-cross-origin\" allowfullscreen><\/iframe><\/p>\n<p>&nbsp;<\/p>\n<p><iframe title=\"The Patriot by Ernest R. Emerson\" width=\"800\" height=\"450\" src=\"https:\/\/www.youtube.com\/embed\/i_a6v-xlyvI?feature=oembed\" frameborder=\"0\" allow=\"accelerometer; autoplay; clipboard-write; encrypted-media; gyroscope; picture-in-picture; web-share\" referrerpolicy=\"strict-origin-when-cross-origin\" allowfullscreen><\/iframe><\/p>\n<p>&nbsp;<\/p>\n<p>&nbsp;<\/p>\n","protected":false},"excerpt":{"rendered":"<p><strong>\u00ab\u00a0Le Patriot est un humble couteau de la classe ouvri\u00e8re, \u00e0 l&rsquo;image de la colonne vert\u00e9brale de l&rsquo;arm\u00e9e de Washington, des hommes et des femmes qui sont entr\u00e9s en guerre pour se battre pour un id\u00e9al qu&rsquo;ils savaient juste et \u00e9quitable.\u00a0\u00bb<\/strong><\/p>\n<p><strong>Livraison gratuite.<\/strong><\/p>\n","protected":false},"featured_media":363002,"comment_status":"open","ping_status":"closed","template":"","meta":[],"pwb-brand":[3784],"product_brand":[],"product_cat":[3700,3696],"product_tag":[],"class_list":{"0":"post-429310","1":"product","2":"type-product","3":"status-publish","4":"has-post-thumbnail","6":"pwb-brand-emerson-fr","7":"product_cat-couteaux-de-fermeture","8":"product_cat-des-couteaux","10":"first","11":"outofstock","12":"taxable","13":"shipping-taxable","14":"purchasable","15":"product-type-simple"},"brands":[{"id":3784,"name":"\u00c9merson","slug":"emerson-fr"}],"_links":{"self":[{"href":"https:\/\/www.moskito.cz\/fr\/wp-json\/wp\/v2\/product\/429310","targetHints":{"allow":["GET"]}}],"collection":[{"href":"https:\/\/www.moskito.cz\/fr\/wp-json\/wp\/v2\/product"}],"about":[{"href":"https:\/\/www.moskito.cz\/fr\/wp-json\/wp\/v2\/types\/product"}],"replies":[{"embeddable":true,"href":"https:\/\/www.moskito.cz\/fr\/wp-json\/wp\/v2\/comments?post=429310"}],"wp:featuredmedia":[{"embeddable":true,"href":"https:\/\/www.moskito.cz\/fr\/wp-json\/wp\/v2\/media\/363002"}],"wp:attachment":[{"href":"https:\/\/www.moskito.cz\/fr\/wp-json\/wp\/v2\/media?parent=429310"}],"wp:term":[{"taxonomy":"pwb-brand","embeddable":true,"href":"https:\/\/www.moskito.cz\/fr\/wp-json\/wp\/v2\/pwb-brand?post=429310"},{"taxonomy":"product_brand","embeddable":true,"href":"https:\/\/www.moskito.cz\/fr\/wp-json\/wp\/v2\/product_brand?post=429310"},{"taxonomy":"product_cat","embeddable":true,"href":"https:\/\/www.moskito.cz\/fr\/wp-json\/wp\/v2\/product_cat?post=429310"},{"taxonomy":"product_tag","embeddable":true,"href":"https:\/\/www.moskito.cz\/fr\/wp-json\/wp\/v2\/product_tag?post=429310"}],"curies":[{"name":"wp","href":"https:\/\/api.w.org\/{rel}","templated":true}]}}