{"id":429329,"date":"2024-10-12T18:55:23","date_gmt":"2024-10-12T17:55:23","guid":{"rendered":"https:\/\/www.moskito.cz\/produkt\/couteau-de-fermeture-emerson-market-skinner\/"},"modified":"2025-12-04T10:29:43","modified_gmt":"2025-12-04T09:29:43","slug":"couteau-de-fermeture-emerson-market-skinner","status":"publish","type":"product","link":"https:\/\/www.moskito.cz\/fr\/produkt\/couteau-de-fermeture-emerson-market-skinner\/","title":{"rendered":"Couteau de fermeture Emerson Market Skinner"},"content":{"rendered":"<p>&nbsp;<\/p>\n<h2 data-pm-slice=\"1 1 []\">\ud83d\uddc2\ufe0f Emerson Market Skinner &#8211; un style de chasse classique avec un esprit tactique<\/h2>\n<p><strong>Le Emerson Market Skinner<\/strong> s&rsquo;inspire des couteaux \u00e0 d\u00e9pecer historiques des XVIIe et XVIIIe si\u00e8cles, combinant l&rsquo;ergonomie traditionnelle avec un design robuste adapt\u00e9 \u00e0 la chasse moderne et \u00e0 l&rsquo;utilisation tactique. Sa grande lame incurv\u00e9e au profil subtil de pointe de pince et sa finition stonewash rugueuse l\u00e9g\u00e8rement m\u00e9tallique en font un outil polyvalent pour la boucherie et les t\u00e2ches de coupe g\u00e9n\u00e9rales.  <\/p>\n<p>La lame <strong>en acier inoxydable 154CM<\/strong> (57-59 HRC) est <strong>aff\u00fbt\u00e9e en V avec un tranchant biseaut\u00e9<\/strong>, ce qui la rend facile \u00e0 aiguiser sur le terrain et lui permet de bien couper gr\u00e2ce \u00e0 sa forme plus massive. L&rsquo;<g id=\"gid_2\">ouvreur<\/g> brevet\u00e9 <g id=\"gid_2\">Wave opener<\/g> permet une ouverture instantan\u00e9e lorsqu&rsquo;il est retir\u00e9 de la poche &#8211; pratique lorsque le temps est compt\u00e9. Le manche en G-10 noir est compl\u00e9t\u00e9 par un liner lock en alliage de titane et un clip en m\u00e9tal pour le port de la main droite.  <\/p>\n<div>\n<hr>\n<\/div>\n<h3>\ud83d\udcd0 Sp\u00e9cifications techniques :<\/h3>\n<ul data-spread=\"false\">\n<li><strong>Longueur de la lame :<\/strong> 96-98 mm<\/li>\n<li><strong>Longueur totale :<\/strong> environ 229 mm<\/li>\n<li><strong>Longueur de la lame ferm\u00e9e :<\/strong> environ 130 mm<\/li>\n<li><strong>\u00c9paisseur de la lame :<\/strong> 3,2 mm<\/li>\n<li><strong>Mat\u00e9riau de la lame :<\/strong> acier inoxydable 154CM &#8211; \u00e9quilibre entre performance et robustesse<\/li>\n<li><strong>Duret\u00e9 :<\/strong> 57-59 HRC<\/li>\n<li><strong>Aff\u00fbtage :<\/strong> Aff\u00fbtage en V avec bord cisel\u00e9 (aff\u00fbtage unilat\u00e9ral)<\/li>\n<li><strong>Surface :<\/strong> lav\u00e9e \u00e0 la pierre<\/li>\n<li><strong>Manche :<\/strong> G-10 textur\u00e9 &#8211; prise en main durable et s\u00fbre<\/li>\n<li><strong>Doublure et verrouillage :<\/strong> Verrouillage de la doublure en titane<\/li>\n<li><strong>Ouverture :<\/strong> cl\u00e9 USB ambidextre + ouvre-bouteille Emerson Wave<\/li>\n<li><strong>Pivot :<\/strong> rondelles autolubrifiantes<\/li>\n<li><strong>Clip :<\/strong> clip basculant \u00e0 droite (acier inoxydable)<\/li>\n<li><strong>Poids :<\/strong> environ 173 g (6.1 oz)<\/li>\n<li><strong>Concepteur :<\/strong> Ernest Emerson<\/li>\n<li><strong>Fabriqu\u00e9 aux Etats-Unis<\/strong><a>(knifecenter.com<\/a>)<\/li>\n<\/ul>\n<div>\n<hr>\n<\/div>\n<h3>\ud83d\udfe2 Principaux avantages :<\/h3>\n<p>\u2705  <strong>Profil de lame de chasse classique<\/strong>, id\u00e9al pour la viande, mais utilisable de mani\u00e8re universelle gr\u00e2ce \u00e0 la pointe de la <strong>lame<\/strong>.<br \/>\n\u2705  <strong>Broyage en V avec bord cisel\u00e9<\/strong> &#8211; solide, facile \u00e0 r\u00e9aff\u00fbter et durable<br \/>\n\u2705  <strong>Ouverture par vague<\/strong> &#8211; ouverture instantan\u00e9e lorsqu&rsquo;on la tire de la poche<br \/>\n\u2705  <strong>Poign\u00e9e ergonomique en G-10<\/strong> &#8211; prise en main s\u00fbre et naturelle, m\u00eame dans des conditions humides<br \/>\n\u2705  <strong>Titan liner-lock<\/strong> &#8211; m\u00e9canisme de verrouillage solide et fiable<\/p>\n<div>\n<hr>\n<\/div>\n<h3>\ud83d\udd34 Inconv\u00e9nients possibles :<\/h3>\n<p>\u26a0\ufe0f <strong>Bord biseaut\u00e9<\/strong> &#8211; les gauchers peuvent trouver que la mise au point unilat\u00e9rale n&rsquo;est pas pratique.<br \/>\n\u26a0\ufe0f <g id=\"gid_0\">Pas une alternative toute puissante<\/g> &#8211; certains utilisateurs pr\u00e9f\u00e8rent un acier plus moderne au 154CM ( <a>gpknives.com)<\/a><br \/>\n\u26a0\ufe0f <strong>Poids ~173 g<\/strong> &#8211; pas une option EDC l\u00e9g\u00e8re <\/p>\n<div>\n<hr>\n<\/div>\n<h3>\ud83d\udee0\ufe0f Entretien et soins :<\/h3>\n<ul data-spread=\"false\">\n<li><strong>Pon\u00e7age facile<\/strong> &#8211; il suffit de poncer le bord du ciseau rapidement sur le terrain.<\/li>\n<li><strong>Lame stonewash<\/strong> &#8211; masque l&rsquo;usure et laisse un aspect distinctif<\/li>\n<li><strong>Poign\u00e9e en G-10<\/strong> &#8211; lavable, extr\u00eamement durable<\/li>\n<li><strong>Pivot<\/strong> &#8211; nettoyage et lubrification occasionnels recommand\u00e9s (patins autolubrifiants)<\/li>\n<\/ul>\n<div>\n<hr>\n<\/div>\n<h3>\u2764\ufe0f Pourquoi l&rsquo;aimes-tu ?<\/h3>\n<p><strong>Le Emerson Market Skinner<\/strong> est un outil au caract\u00e8re bien tremp\u00e9 &#8211; un design historique, une construction moderne pratique et une onde imm\u00e9diatement utilisable. Il est suffisamment grand et robuste pour la chasse et les activit\u00e9s de plein air, tout en offrant des caract\u00e9ristiques tactiques qui en font un compagnon fiable dans toutes les situations. <\/p>\n<div>\n<hr>\n<\/div>\n<h3>\u2705 \u00c9valuation finale<\/h3>\n<p>March\u00e9 Skinner&rsquo;s Emerson  <strong>couteau de chasse pour le 21e si\u00e8cle <\/strong>  &#8211; durable, fiable, id\u00e9al pour la viande et les tactiques. Si vous recherchez un outil qui allie puissance, ouverture rapide et robustesse, c&rsquo;est un excellent choix. En revanche, si vous pr\u00e9f\u00e9rez une solution EDC ultra-l\u00e9g\u00e8re, vous devriez peut-\u00eatre regarder ailleurs.  <\/p>\n<div>\n<hr>\n<\/div>\n<p>&nbsp;<\/p>\n<p><iframe title=\"The Emerson Knives Market Skinner Hunting Knife\" width=\"800\" height=\"450\" src=\"https:\/\/www.youtube.com\/embed\/FgmhrXV3Puo?feature=oembed\" frameborder=\"0\" allow=\"accelerometer; autoplay; clipboard-write; encrypted-media; gyroscope; picture-in-picture; web-share\" referrerpolicy=\"strict-origin-when-cross-origin\" allowfullscreen><\/iframe><\/p>\n<p>&nbsp;<\/p>\n<p>&nbsp;<\/p>\n","protected":false},"excerpt":{"rendered":"<p><strong>Le Emerson Market Skinner est un outil au caract\u00e8re bien tremp\u00e9 &#8211; un design historique, une construction moderne pratique et une onde imm\u00e9diatement utilisable. Il est suffisamment grand et robuste pour la chasse et les activit\u00e9s de plein air, tout en offrant des caract\u00e9ristiques tactiques qui en font un compagnon fiable dans toutes les situations. <\/strong><\/p>\n<p><strong>Livraison gratuite.<\/strong><\/p>\n","protected":false},"featured_media":363260,"comment_status":"open","ping_status":"closed","template":"","meta":[],"pwb-brand":[3784],"product_brand":[],"product_cat":[3700,3696],"product_tag":[],"class_list":{"0":"post-429329","1":"product","2":"type-product","3":"status-publish","4":"has-post-thumbnail","6":"pwb-brand-emerson-fr","7":"product_cat-couteaux-de-fermeture","8":"product_cat-des-couteaux","10":"first","11":"instock","12":"taxable","13":"shipping-taxable","14":"purchasable","15":"product-type-simple"},"brands":[{"id":3784,"name":"\u00c9merson","slug":"emerson-fr"}],"_links":{"self":[{"href":"https:\/\/www.moskito.cz\/fr\/wp-json\/wp\/v2\/product\/429329","targetHints":{"allow":["GET"]}}],"collection":[{"href":"https:\/\/www.moskito.cz\/fr\/wp-json\/wp\/v2\/product"}],"about":[{"href":"https:\/\/www.moskito.cz\/fr\/wp-json\/wp\/v2\/types\/product"}],"replies":[{"embeddable":true,"href":"https:\/\/www.moskito.cz\/fr\/wp-json\/wp\/v2\/comments?post=429329"}],"wp:featuredmedia":[{"embeddable":true,"href":"https:\/\/www.moskito.cz\/fr\/wp-json\/wp\/v2\/media\/363260"}],"wp:attachment":[{"href":"https:\/\/www.moskito.cz\/fr\/wp-json\/wp\/v2\/media?parent=429329"}],"wp:term":[{"taxonomy":"pwb-brand","embeddable":true,"href":"https:\/\/www.moskito.cz\/fr\/wp-json\/wp\/v2\/pwb-brand?post=429329"},{"taxonomy":"product_brand","embeddable":true,"href":"https:\/\/www.moskito.cz\/fr\/wp-json\/wp\/v2\/product_brand?post=429329"},{"taxonomy":"product_cat","embeddable":true,"href":"https:\/\/www.moskito.cz\/fr\/wp-json\/wp\/v2\/product_cat?post=429329"},{"taxonomy":"product_tag","embeddable":true,"href":"https:\/\/www.moskito.cz\/fr\/wp-json\/wp\/v2\/product_tag?post=429329"}],"curies":[{"name":"wp","href":"https:\/\/api.w.org\/{rel}","templated":true}]}}