{"id":429341,"date":"2022-04-21T19:56:29","date_gmt":"2022-04-21T18:56:29","guid":{"rendered":"https:\/\/www.moskito.cz\/produkt\/couteau-de-fermeture-cold-steel-double-safe-hunter-slock-master\/"},"modified":"2025-12-04T10:29:48","modified_gmt":"2025-12-04T09:29:48","slug":"couteau-de-fermeture-cold-steel-double-safe-hunter-slock-master","status":"publish","type":"product","link":"https:\/\/www.moskito.cz\/fr\/produkt\/couteau-de-fermeture-cold-steel-double-safe-hunter-slock-master\/","title":{"rendered":"Couteau de fermeture Cold Steel DOUBLE SAFE HUNTER SLOCK MASTER"},"content":{"rendered":"<p>Couteau de fermeture <strong>Cold Steel<\/strong> DOUBLE SAFE HUNTER SLOCK MASTER.<\/p>\n<p>Si vous \u00eates \u00e0 la recherche d&rsquo;un chasseur pliant peu co\u00fbteux mais tr\u00e8s performant, ne cherchez pas plus loin que le Double Safe Hunter. Il a \u00e9t\u00e9 con\u00e7u sur le mod\u00e8le de notre tr\u00e8s populaire Voyager. Sa lame large \u00e0 pointe tombante mesure 3,5&Prime; de long et est fabriqu\u00e9e en acier 8Cr13MoV, tremp\u00e9 \u00e0 une duret\u00e9 Rockwell de 57-58. Quel que soit le type de travail que vous effectuez, vous pouvez \u00eatre s\u00fbr d&rsquo;avoir le bon couteau \u00e0 port\u00e9e de main, avec une lame suffisamment petite pour les coupes d\u00e9licates, mais suffisamment grande pour abattre n&rsquo;importe quel animal, de la souris \u00e0 l&rsquo;\u00e9lan. Le manche en nylon charg\u00e9 de verre (GFN), fin et ergonomique, est id\u00e9al pour une utilisation prolong\u00e9e. Il est dot\u00e9 d&rsquo;un clip de poche en acier. Il est disponible en trois options de poign\u00e9e : orange, vert OD et une version distinctive de style camouflage.Comme toujours, Cold Steel\u00ae a pens\u00e9 \u00e0 vos doigts lors de la conception du Double Safe.<\/p>\n<p>\u00ab\u00a0Tim Wells est, \u00e0 mon avis, le chasseur \u00e0 l&rsquo;arc le plus respect\u00e9 au monde et il est tr\u00e8s habile avec la lance et d&rsquo;autres armes primitives. J&rsquo;ai eu le privil\u00e8ge de partager avec lui de nombreuses aventures de chasse \u00e0 travers le monde et j&rsquo;ai toujours \u00e9t\u00e9 impressionn\u00e9\u00a0\u00bb. par ses connaissances et son talent. Alors, quand il est tomb\u00e9 amoureux de notre Commercial Series Scalper (couteaux et pistolets am\u00e9rindiens), j&rsquo;ai dit pourquoi ne pas refaire la version Slock Master. Il est maintenant disponible avec le manche rouge caract\u00e9ristique de Tim et son c\u00e9l\u00e8bre logo grav\u00e9 sur la lame. Il est en stock et pr\u00eat \u00e0 \u00eatre exp\u00e9di\u00e9. Procurez-vous le v\u00f4tre d\u00e8s aujourd&rsquo;hui, car il est certain qu&rsquo;il sera \u00e9puis\u00e9\u00a0\u00bb &#8211; Lynn Thompson<\/p>\n<p>PARAM\u00c8TRES DU PRODUIT<br \/>\nCouleur : Rouge\/Argent<br \/>\n\u00c9paisseur de la lame : 3 mm<br \/>\nType de serrure : Doublu safe lock<br \/>\nMat\u00e9riau du fourreau : clip en acier<br \/>\nAcier : 8Cr13MoV Stainless<br \/>\nMat\u00e9riau du manche : Long GFNHandle<br \/>\nPoids : 116 g<br \/>\nLongueur de la lame : 92 mm<br \/>\nTaille totale : 215 mm<br \/>\nLongueur du manche : 123 mm<\/p>\n<p>Si vous \u00eates \u00e0 la recherche d&rsquo;un chasseur pliant peu co\u00fbteux mais tr\u00e8s performant, ne cherchez pas plus loin que le Double Safe Hunter. Il a \u00e9t\u00e9 con\u00e7u sur le mod\u00e8le de notre tr\u00e8s populaire Voyager\u00ae. Sa lame large \u00e0 pointe tombante mesure 3,5&Prime; de long et est fabriqu\u00e9e en acier 8Cr13MoV, tremp\u00e9 \u00e0 une duret\u00e9 Rockwell de 57-58.   Quel que soit le travail, vous pouvez \u00eatre s\u00fbr d&rsquo;avoir le bon couteau sous la main, avec une lame suffisamment petite pour les t\u00e2ches de coupe complexes, mais suffisamment grande pour \u00e9corcher n&rsquo;importe quoi, d&rsquo;une souris \u00e0 un \u00e9lan. Il est id\u00e9al pour une utilisation prolong\u00e9e. Sa poign\u00e9e en nylon rempli de verre (GFN) est fine et ergonomique, et il est dot\u00e9 d&rsquo;un clip de poche en acier. Il est disponible avec trois variantes de manche : orange flamboyant, vert OD et une version camouflage distinctive. Comme toujours, Cold Steel\u00ae a pens\u00e9 \u00e0 vos doigts lors de la conception du Double Safe.   Son verrou \u00e0 bascule de pointe est dot\u00e9 d&rsquo;un m\u00e9canisme de s\u00e9curit\u00e9 secondaire qui, une fois engag\u00e9, est extr\u00eamement r\u00e9sistant aux chocs et aux impacts.<\/p>\n<p>\u00ab\u00a0Tim Wells est, \u00e0 mon avis, le meilleur chasseur \u00e0 l&rsquo;arc du monde, et il est \u00e9galement tr\u00e8s habile avec une lance et d&rsquo;autres armes primitives. J&rsquo;ai eu le privil\u00e8ge de partager avec lui de nombreuses aventures de chasse \u00e0 travers le monde et j&rsquo;ai toujours \u00e9t\u00e9 impressionn\u00e9 par ses connaissances et son talent. C&rsquo;est pourquoi, lorsqu&rsquo;il est tomb\u00e9 amoureux de notre Commercial Series Scalper (couteau et arme am\u00e9rindienne polyvalente), je me suis dit pourquoi ne pas en refaire une version Slock Master. Il est maintenant disponible avec le manche rouge caract\u00e9ristique de Tim et son c\u00e9l\u00e8bre logo grav\u00e9 sur la lame. Il est en stock et pr\u00eat \u00e0 \u00eatre livr\u00e9. Procurez-vous le v\u00f4tre d\u00e8s aujourd&rsquo;hui, car il est certain qu&rsquo;il sera \u00e9puis\u00e9\u00a0\u00bb &#8211; Lynn Thompson<\/p>\n<p>Epaisseur de la lame : 3mm Longueur du manche : 4 7\/8in Long GFNHandle Acier de la lame : 8Cr13MoV Acier inoxydable Longueur de la lame : 3 1\/2in Longueur totale : 8 3\/8in Type de couteau : Folder Famille de produit : Double Safe Hunter Longueur de la lame : 3-5 in Famille d&rsquo;acier : MoV Forme de la lame : Clip Point M\u00e9canisme de verrouillage : Rocker Locker : Pointe d&rsquo;agrafe M\u00e9canisme de verrouillage : Rocker Lock<\/p>\n","protected":false},"excerpt":{"rendered":"<p>Le Double Safe Hunter est un couteau de travail de chasse, con\u00e7u par Andrew Demko en tenant compte du fait que les couteaux de travail sont fortement sollicit\u00e9s et souvent perdus.<\/p>\n","protected":false},"featured_media":429345,"comment_status":"open","ping_status":"closed","template":"","meta":[],"pwb-brand":[3789],"product_brand":[],"product_cat":[3700,3696],"product_tag":[],"class_list":{"0":"post-429341","1":"product","2":"type-product","3":"status-publish","4":"has-post-thumbnail","6":"pwb-brand-acier-froid","7":"product_cat-couteaux-de-fermeture","8":"product_cat-des-couteaux","10":"first","11":"outofstock","12":"taxable","13":"shipping-taxable","14":"purchasable","15":"product-type-simple"},"brands":[{"id":3789,"name":"Acier froid","slug":"acier-froid"}],"_links":{"self":[{"href":"https:\/\/www.moskito.cz\/fr\/wp-json\/wp\/v2\/product\/429341","targetHints":{"allow":["GET"]}}],"collection":[{"href":"https:\/\/www.moskito.cz\/fr\/wp-json\/wp\/v2\/product"}],"about":[{"href":"https:\/\/www.moskito.cz\/fr\/wp-json\/wp\/v2\/types\/product"}],"replies":[{"embeddable":true,"href":"https:\/\/www.moskito.cz\/fr\/wp-json\/wp\/v2\/comments?post=429341"}],"wp:featuredmedia":[{"embeddable":true,"href":"https:\/\/www.moskito.cz\/fr\/wp-json\/wp\/v2\/media\/429345"}],"wp:attachment":[{"href":"https:\/\/www.moskito.cz\/fr\/wp-json\/wp\/v2\/media?parent=429341"}],"wp:term":[{"taxonomy":"pwb-brand","embeddable":true,"href":"https:\/\/www.moskito.cz\/fr\/wp-json\/wp\/v2\/pwb-brand?post=429341"},{"taxonomy":"product_brand","embeddable":true,"href":"https:\/\/www.moskito.cz\/fr\/wp-json\/wp\/v2\/product_brand?post=429341"},{"taxonomy":"product_cat","embeddable":true,"href":"https:\/\/www.moskito.cz\/fr\/wp-json\/wp\/v2\/product_cat?post=429341"},{"taxonomy":"product_tag","embeddable":true,"href":"https:\/\/www.moskito.cz\/fr\/wp-json\/wp\/v2\/product_tag?post=429341"}],"curies":[{"name":"wp","href":"https:\/\/api.w.org\/{rel}","templated":true}]}}