{"id":429420,"date":"2019-05-12T17:00:04","date_gmt":"2019-05-12T16:00:04","guid":{"rendered":"https:\/\/www.moskito.cz\/produkt\/multitool-leatherman-wave-plus\/"},"modified":"2025-12-09T10:31:37","modified_gmt":"2025-12-09T09:31:37","slug":"multitool-leatherman-wave-plus","status":"publish","type":"product","link":"https:\/\/www.moskito.cz\/fr\/produkt\/multitool-leatherman-wave-plus\/","title":{"rendered":"Multitool Leatherman WAVE Plus"},"content":{"rendered":"<p data-start=\"0\" data-end=\"497\">Lorsque vous prendrez le <strong data-start=\"20\" data-end=\"44\">Leatherman WAVE Plus<\/strong>, vous comprendrez imm\u00e9diatement pourquoi ce multitool est l&rsquo;un des plus vendus et des plus populaires au monde. Une construction solide en acier inoxydable, 18 outils con\u00e7us avec pr\u00e9cision et des d\u00e9tails bien pens\u00e9s font du WAVE Plus un compagnon fiable dans toutes les situations, qu&rsquo;il s&rsquo;agisse de petites r\u00e9parations ou de rudes aventures en plein air. Une version am\u00e9lior\u00e9e avec des lames de pince rempla\u00e7ables augmente encore la durabilit\u00e9, vous donnant l&rsquo;assurance que votre multitool peut supporter des ann\u00e9es d&rsquo;utilisation intensive.  <\/p>\n<p data-start=\"499\" data-end=\"654\">Ce multitool n&rsquo;est pas seulement un outil &#8211; il vous permet d&rsquo;avoir tout ce dont vous avez besoin \u00e0 port\u00e9e de main. Robuste mais portable, il est toujours pr\u00eat \u00e0 montrer sa polyvalence. <\/p>\n<hr data-start=\"656\" data-end=\"659\">\n<p data-start=\"661\" data-end=\"714\">\ud83d\udd27 <strong data-start=\"664\" data-end=\"712\">Caract\u00e9ristiques techniques (Leatherman WAVE Plus)<\/strong><\/p>\n<ul data-start=\"716\" data-end=\"1282\">\n<li data-start=\"716\" data-end=\"760\">\n<p data-start=\"718\" data-end=\"760\">Longueur totale (ouvert) : 16 cm<\/p>\n<\/li>\n<li data-start=\"761\" data-end=\"798\">\n<p data-start=\"763\" data-end=\"798\">Longueur de l&rsquo;outil ferm\u00e9 : 10 cm<\/p>\n<\/li>\n<li data-start=\"799\" data-end=\"824\">\n<p data-start=\"801\" data-end=\"824\">Longueur de la lame : 7,37 cm<\/p>\n<\/li>\n<li data-start=\"825\" data-end=\"848\">\n<p data-start=\"827\" data-end=\"848\">Poids : environ 241 g<\/p>\n<\/li>\n<li data-start=\"849\" data-end=\"892\">\n<p data-start=\"851\" data-end=\"892\">Mat\u00e9riau : acier inoxydable de haute qualit\u00e9<\/p>\n<\/li>\n<li data-start=\"893\" data-end=\"915\">\n<p data-start=\"895\" data-end=\"915\">Nombre d&rsquo;instruments : 18<\/p>\n<\/li>\n<li data-start=\"916\" data-end=\"1163\">\n<p data-start=\"918\" data-end=\"1163\">Outils : pinces \u00e0 lames interchangeables, pinces \u00e0 fendre, couteau en acier inoxydable, couteau \u00e0 dents, scie, lime \u00e0 bois\/m\u00e9tal, lime diamant\u00e9e, ciseaux, d\u00e9capsuleur, ouvre-bo\u00eete, al\u00e8ne, divers tournevis et embouts, r\u00e8gle et plus encore.<\/p>\n<\/li>\n<li data-start=\"1164\" data-end=\"1236\">\n<p data-start=\"1166\" data-end=\"1236\">Fonctionnement d&rsquo;une seule main : oui &#8211; les lames s\u00e9lectionn\u00e9es peuvent \u00eatre ouvertes d&rsquo;une seule main<\/p>\n<\/li>\n<li data-start=\"1237\" data-end=\"1282\">\n<p data-start=\"1239\" data-end=\"1282\">Etui : \u00e9tui en nylon inclus<\/p>\n<\/li>\n<\/ul>\n<hr data-start=\"1284\" data-end=\"1287\">\n<p data-start=\"1289\" data-end=\"1310\">\u2705 <strong data-start=\"1291\" data-end=\"1308\">Principaux avantages<\/strong><\/p>\n<ul data-start=\"1312\" data-end=\"1726\">\n<li data-start=\"1312\" data-end=\"1387\">\n<p data-start=\"1314\" data-end=\"1387\"><strong data-start=\"1314\" data-end=\"1347\">18 outils dans un bo\u00eetier compact<\/strong> &#8211; des couteaux aux pinces, toujours \u00e0 port\u00e9e de main.<\/p>\n<\/li>\n<li data-start=\"1388\" data-end=\"1455\">\n<p data-start=\"1390\" data-end=\"1455\"><strong data-start=\"1390\" data-end=\"1418\">Lames de pince rempla\u00e7ables<\/strong> &#8211; prolongent la dur\u00e9e de vie de l&rsquo;outil.<\/p>\n<\/li>\n<li data-start=\"1456\" data-end=\"1540\">\n<p data-start=\"1458\" data-end=\"1540\"><strong data-start=\"1458\" data-end=\"1489\">Ouverture de la lame d&rsquo;une seule main<\/strong> &#8211; acc\u00e8s rapide au couteau sans avoir \u00e0 le d\u00e9plier.<\/p>\n<\/li>\n<li data-start=\"1541\" data-end=\"1597\">\n<p data-start=\"1543\" data-end=\"1597\"><strong data-start=\"1543\" data-end=\"1560\">Acier inoxydable<\/strong> &#8211; r\u00e9sistant \u00e0 la corrosion et \u00e0 l&rsquo;usure.<\/p>\n<\/li>\n<li data-start=\"1598\" data-end=\"1658\">\n<p data-start=\"1600\" data-end=\"1658\"><strong data-start=\"1600\" data-end=\"1629\">Pochette en nylon incluse<\/strong> &#8211; facile \u00e0 porter \u00e0 la ceinture.<\/p>\n<\/li>\n<li data-start=\"1659\" data-end=\"1726\">\n<p data-start=\"1661\" data-end=\"1726\"><strong data-start=\"1661\" data-end=\"1679\">Un mod\u00e8le embl\u00e9matique<\/strong> qui a fait ses preuves depuis des ann\u00e9es et aupr\u00e8s d&rsquo;utilisateurs du monde entier.<\/p>\n<\/li>\n<\/ul>\n<hr data-start=\"1728\" data-end=\"1731\">\n<p data-start=\"1733\" data-end=\"1755\">\u26a0\ufe0f <strong data-start=\"1736\" data-end=\"1753\">Restrictions possibles<\/strong><\/p>\n<ul data-start=\"1757\" data-end=\"2065\">\n<li data-start=\"1757\" data-end=\"1824\">\n<p data-start=\"1759\" data-end=\"1824\"><strong data-start=\"1759\" data-end=\"1777\">Poids 241 g<\/strong> &#8211; dans la poche est perceptible, id\u00e9al plut\u00f4t dans l&rsquo;\u00e9tui.<\/p>\n<\/li>\n<li data-start=\"1825\" data-end=\"1943\">\n<p data-start=\"1827\" data-end=\"1943\"><strong data-start=\"1827\" data-end=\"1860\">Pas d&rsquo;acier sp\u00e9cial<\/strong> pour les couteaux &#8211; l&rsquo;acier inoxydable standard est tout \u00e0 fait suffisant, mais n&rsquo;impressionnera pas les collectionneurs de lames haut de gamme.<\/p>\n<\/li>\n<li data-start=\"1944\" data-end=\"2065\">\n<p data-start=\"1946\" data-end=\"2065\"><strong data-start=\"1946\" data-end=\"2007\">Les outils ne sont pas destin\u00e9s \u00e0 des t\u00e2ches extr\u00eamement sp\u00e9cialis\u00e9es<\/strong> &#8211; il s&rsquo;agit d&rsquo;un outil \u00e0 usage g\u00e9n\u00e9ral, et non d&rsquo;un outil d&rsquo;atelier professionnel.<\/p>\n<\/li>\n<\/ul>\n<hr data-start=\"2067\" data-end=\"2070\">\n<p data-start=\"2072\" data-end=\"2095\">\ud83d\udee0\ufe0f <strong data-start=\"2076\" data-end=\"2093\">Entretien et soins<\/strong><\/p>\n<ul data-start=\"2097\" data-end=\"2556\">\n<li data-start=\"2097\" data-end=\"2176\">\n<p data-start=\"2099\" data-end=\"2176\">Essuyez l&rsquo;outil apr\u00e8s l&rsquo;avoir utilis\u00e9, surtout s&rsquo;il a \u00e9t\u00e9 en contact avec de l&rsquo;humidit\u00e9.<\/p>\n<\/li>\n<li data-start=\"2177\" data-end=\"2236\">\n<p data-start=\"2179\" data-end=\"2236\">Lubrifiez de temps en temps les articulations et les pi\u00e8ces mobiles avec une huile de bonne qualit\u00e9.<\/p>\n<\/li>\n<li data-start=\"2237\" data-end=\"2299\">\n<p data-start=\"2239\" data-end=\"2299\">Rincez et s\u00e9chez l&rsquo;outil apr\u00e8s avoir travaill\u00e9 avec des substances agressives.<\/p>\n<\/li>\n<li data-start=\"2300\" data-end=\"2556\">\n<p data-start=\"2302\" data-end=\"2556\">Les lames peuvent \u00eatre maintenues aiguis\u00e9es &#8211; <strong data-start=\"2330\" data-end=\"2554\">nous recommandons le <a class=\"decorated-link cursor-pointer\" target=\"_new\" rel=\"noopener\" data-start=\"2363\" data-end=\"2452\">syst\u00e8me d&rsquo;aff\u00fbtage complet Tri-Angle Sharpmaker 204MF de Spyderco<\/a> pour maintenir la lame aiguis\u00e9e<\/strong>.<\/p>\n<\/li>\n<li data-start=\"2300\" data-end=\"2556\">\n<p data-start=\"2563\" data-end=\"2586\">\ud83c\udfaf <strong data-start=\"2566\" data-end=\"2584\">Recommand\u00e9 pour<\/strong><\/p>\n<ul data-start=\"2588\" data-end=\"2858\">\n<li data-start=\"2588\" data-end=\"2649\">\n<p data-start=\"2590\" data-end=\"2649\">Les amateurs d&rsquo;activit\u00e9s de plein air qui ont besoin d&rsquo;un outil polyvalent.<\/p>\n<\/li>\n<li data-start=\"2650\" data-end=\"2714\">\n<p data-start=\"2652\" data-end=\"2714\">Les voyageurs et les touristes qui souhaitent disposer d&rsquo;un atelier compact dans leur poche.<\/p>\n<\/li>\n<li data-start=\"2715\" data-end=\"2777\">\n<p data-start=\"2717\" data-end=\"2777\">Professionnels \u00e0 la recherche d&rsquo;un multitool fiable pour le travail.<\/p>\n<\/li>\n<li data-start=\"2778\" data-end=\"2858\">\n<p data-start=\"2780\" data-end=\"2858\">Tous ceux qui appr\u00e9cient la combinaison de la fonctionnalit\u00e9, de la fiabilit\u00e9 et du design embl\u00e9matique.<\/p>\n<\/li>\n<\/ul>\n<hr data-start=\"2860\" data-end=\"2863\">\n<p data-start=\"2865\" data-end=\"2892\">\u2b50 <strong data-start=\"2867\" data-end=\"2890\">Note finale<\/strong><\/p>\n<p data-start=\"2894\" data-end=\"3285\"><strong data-start=\"2894\" data-end=\"2918\">Le Leatherman WAVE Plus<\/strong> est un multitool qui \u00e9tablit la norme. Sa conception robuste, sa large gamme d&rsquo;outils et la possibilit\u00e9 de changer les lames des pinces en font le choix num\u00e9ro un des utilisateurs du monde entier. C&rsquo;est un outil de travail polyvalent qui ne vous d\u00e9cevra pas sur le terrain ou dans la vie de tous les jours. Si vous recherchez un outil multifonction fiable, d&rsquo;une grande long\u00e9vit\u00e9 et d&rsquo;un excellent rapport qualit\u00e9\/prix, le WAVE Plus est une valeur s\u00fbre.   <\/p>\n<\/li>\n<\/ul>\n<p>&nbsp;<\/p>\n<p><iframe title=\"Wave+ Multi-tool Overview\" width=\"800\" height=\"450\" src=\"https:\/\/www.youtube.com\/embed\/TuaAsoscXyY?feature=oembed\" frameborder=\"0\" allow=\"accelerometer; autoplay; clipboard-write; encrypted-media; gyroscope; picture-in-picture; web-share\" referrerpolicy=\"strict-origin-when-cross-origin\" allowfullscreen><\/iframe><\/p>\n<p>&nbsp;<\/p>\n<p>&nbsp;<\/p>\n<p>&nbsp;<\/p>\n<p>&nbsp;<\/p>\n","protected":false},"excerpt":{"rendered":"<p><strong>Le Leatherman WAVE Plus est un multitool qui \u00e9tablit la norme. Sa conception robuste, sa large gamme d&rsquo;outils et la possibilit\u00e9 de changer les lames des pinces en font le choix num\u00e9ro un des utilisateurs du monde entier. <\/strong><br \/>\n<strong>Livraison gratuite.<\/strong><\/p>\n","protected":false},"featured_media":358890,"comment_status":"open","ping_status":"closed","template":"","meta":[],"pwb-brand":[3934],"product_brand":[],"product_cat":[3695],"product_tag":[],"class_list":{"0":"post-429420","1":"product","2":"type-product","3":"status-publish","4":"has-post-thumbnail","6":"pwb-brand-maroquinier","7":"product_cat-outil-multi-fonction","9":"first","10":"outofstock","11":"taxable","12":"shipping-taxable","13":"purchasable","14":"product-type-simple"},"brands":[{"id":3934,"name":"Maroquinier","slug":"maroquinier"}],"_links":{"self":[{"href":"https:\/\/www.moskito.cz\/fr\/wp-json\/wp\/v2\/product\/429420","targetHints":{"allow":["GET"]}}],"collection":[{"href":"https:\/\/www.moskito.cz\/fr\/wp-json\/wp\/v2\/product"}],"about":[{"href":"https:\/\/www.moskito.cz\/fr\/wp-json\/wp\/v2\/types\/product"}],"replies":[{"embeddable":true,"href":"https:\/\/www.moskito.cz\/fr\/wp-json\/wp\/v2\/comments?post=429420"}],"wp:featuredmedia":[{"embeddable":true,"href":"https:\/\/www.moskito.cz\/fr\/wp-json\/wp\/v2\/media\/358890"}],"wp:attachment":[{"href":"https:\/\/www.moskito.cz\/fr\/wp-json\/wp\/v2\/media?parent=429420"}],"wp:term":[{"taxonomy":"pwb-brand","embeddable":true,"href":"https:\/\/www.moskito.cz\/fr\/wp-json\/wp\/v2\/pwb-brand?post=429420"},{"taxonomy":"product_brand","embeddable":true,"href":"https:\/\/www.moskito.cz\/fr\/wp-json\/wp\/v2\/product_brand?post=429420"},{"taxonomy":"product_cat","embeddable":true,"href":"https:\/\/www.moskito.cz\/fr\/wp-json\/wp\/v2\/product_cat?post=429420"},{"taxonomy":"product_tag","embeddable":true,"href":"https:\/\/www.moskito.cz\/fr\/wp-json\/wp\/v2\/product_tag?post=429420"}],"curies":[{"name":"wp","href":"https:\/\/api.w.org\/{rel}","templated":true}]}}