{"id":429442,"date":"2025-07-17T17:58:37","date_gmt":"2025-07-17T16:58:37","guid":{"rendered":"https:\/\/www.moskito.cz\/produkt\/couteau-dejection-pro-tech-1951-large-don-tuxedo\/"},"modified":"2025-12-10T11:13:15","modified_gmt":"2025-12-10T10:13:15","slug":"couteau-dejection-pro-tech-1951-large-don-tuxedo","status":"publish","type":"product","link":"https:\/\/www.moskito.cz\/fr\/produkt\/couteau-dejection-pro-tech-1951-large-don-tuxedo\/","title":{"rendered":"Couteau d&rsquo;\u00e9jection Pro-Tech 1951 Large Don Tuxedo"},"content":{"rendered":"<h2 data-pm-slice=\"1 1 []\">\ud83e\udd35\u200d\u2642\ufe0f Pro-Tech 1951 Large Don Tuxedo AUTO Ejector Knife &#8211; L&rsquo;\u00e9l\u00e9gance du classique dans un design moderne<\/h2>\n<p>Le <strong>Pro-Tech Large Don Tuxedo AUTO (1951)<\/strong> est un couteau embl\u00e9matique \u00e0 ouverture et fermeture automatiques qui allie une esth\u00e9tique luxueuse dans l&rsquo;esprit des couteaux classiques \u00e0 la technologie am\u00e9ricaine moderne. La longue lame, le manche contrast\u00e9 et la fabrication impeccable font de ce mod\u00e8le un joyau fonctionnel et de collection. <\/p>\n<div>\n<hr>\n<\/div>\n<h2>\ud83d\udd27 A propos de Pro-Tech<\/h2>\n<p><strong>Pro-Tech Knives<\/strong> est l&rsquo;un des leaders dans le domaine des couteaux automatiques fabriqu\u00e9s aux \u00c9tats-Unis. L&rsquo;entreprise met l&rsquo;accent sur l&rsquo;<strong>assemblage \u00e0 la main, l&rsquo;artisanat d\u00e9taill\u00e9 et l&rsquo;utilisation des meilleurs mat\u00e9riaux<\/strong>, et ses designs combinent souvent une m\u00e9canique moderne avec des formes \u00e9l\u00e9gantes et classiques. Le mod\u00e8le <strong>Large Don<\/strong> est un hommage aux couteaux stiletto traditionnels, mais avec une construction nettement meilleure.  <\/p>\n<div>\n<hr>\n<\/div>\n<h2>\ud83d\udcd0 Sp\u00e9cifications techniques<\/h2>\n<p><strong>Mod\u00e8le :<\/strong> Pro-Tech 1951 Large Don Tuxedo AUTO<\/p>\n<ul data-spread=\"false\">\n<li><strong>Longueur totale :<\/strong> environ 260 mm<\/li>\n<li><strong>Longueur de la lame :<\/strong> 11,25 cm<\/li>\n<li><strong>Mat\u00e9riau de la lame :<\/strong> acier inoxydable 154CM<\/li>\n<li><strong>Finition de la lame :<\/strong> Satin Finish<\/li>\n<li><strong>Forme de la lame :<\/strong> pointe de lance<\/li>\n<li><strong>\u00c9paisseur de la lame :<\/strong> environ 3 mm<\/li>\n<li><strong>Mat\u00e9riau du manche :<\/strong> aluminium noir avec micarta et incrustations en ivoire<\/li>\n<li><strong>Le ch\u00e2teau :<\/strong> Automatique (bouton-poussoir automatique)<\/li>\n<li><strong>Clip :<\/strong> acier inoxydable, simple face (droitier, pointe en haut)<\/li>\n<li><strong>Poids :<\/strong> environ 128 g<\/li>\n<li><strong>Producteur :<\/strong> Pro-Tech Knives (USA)<\/li>\n<\/ul>\n<div>\n<hr>\n<\/div>\n<h2>\ud83d\udfe2 Principaux avantages<\/h2>\n<p>\u2705 <strong>Design \u00e9l\u00e9gant :<\/strong> la combinaison d&rsquo;un manche en aluminium noir et d&rsquo;incrustations d'\u00a0\u00bbivoire\u00a0\u00bb et de micarta conf\u00e8re au couteau un aspect luxueux digne de l&rsquo;appellation officielle <em>Tuxedo<\/em>.<\/p>\n<p>\u2705 O <strong>uverture automatique : le<\/strong> m\u00e9canisme de pr\u00e9cision \u00e0 bouton-poussoir permet une ouverture rapide comme l&rsquo;\u00e9clair en une seule touche et une fermeture s\u00e9curis\u00e9e en m\u00eame temps.<\/p>\n<p><strong>Lame de qualit\u00e9 :<\/strong> L&rsquo;acier <strong>154CM<\/strong> est un acier inoxydable am\u00e9ricain \u00e9prouv\u00e9, connu pour sa r\u00e9sistance \u00e0 l&rsquo;usure et sa facilit\u00e9 d&rsquo;entretien.<\/p>\n<p>\u2705 <strong>Fabrication am\u00e9ricaine :<\/strong> assembl\u00e9e \u00e0 la main en Californie &#8211; chaque pi\u00e8ce est soumise \u00e0 un contr\u00f4le de qualit\u00e9 rigoureux.<\/p>\n<p><strong>\u2705 Caract\u00e8re de collection :<\/strong> la forme classique de la lame du stiletto et les mat\u00e9riaux luxueux font de ce couteau non seulement un outil mais aussi un artefact.<\/p>\n<div>\n<hr>\n<\/div>\n<h2>\ud83d\udd34 Inconv\u00e9nients possibles<\/h2>\n<p>\u26a0\ufe0f <strong>Ce n&rsquo;est pas l\u00e9gal partout :<\/strong> Les couteaux automatiques ne sont pas autoris\u00e9s dans certains pays ou r\u00e9gions &#8211; v\u00e9rifiez la l\u00e9gislation avant d&rsquo;acheter.<\/p>\n<p>\u26a0\ufe0f <strong>Les dimensions plus importantes :<\/strong> plus de 26 cm de long et un profil plus tranchant rendent ce couteau moins adapt\u00e9 \u00e0 un port discret pour l&rsquo;EDC.<\/p>\n<p>\u26a0\ufe0f <strong>Clip unilat\u00e9ral : le<\/strong> clip n&rsquo;est pas r\u00e9versible &#8211; le couteau est con\u00e7u principalement pour les droitiers.<\/p>\n<div>\n<hr>\n<\/div>\n<h2>\ud83d\udee0\ufe0f Entretien et broyage<\/h2>\n<p>L&rsquo;utilisation de l&rsquo;acier 154CM rend le couteau durable, mais il est recommand\u00e9 de l&rsquo;entretenir r\u00e9guli\u00e8rement pour qu&rsquo;il reste bien aiguis\u00e9. Il est bien adapt\u00e9 \u00e0 l&rsquo;entretien et \u00e0 la restauration ais\u00e9e des lames : <\/p>\n<p>\ud83d\udd27 <strong>Spyderco Tri-Angle Sharpmaker (204MF<\/strong> ) &#8211; un aiguiseur tr\u00e8s populaire qui permet un aiguisage facile et pr\u00e9cis m\u00eame pour les utilisateurs sans exp\u00e9rience, <strong>disponible sur notre site web <\/strong><a href=\"https:\/\/www.moskito.cz\/fr\/\"><strong>Moskito.cz<\/strong><\/a>. Il est id\u00e9al pour maintenir une finition satin\u00e9e sur les aciers durs tels que le 154CM. <\/p>\n<p>Pour maintenir la fonctionnalit\u00e9 :<\/p>\n<ul data-spread=\"false\">\n<li>Lubrifiez le bouton et l&rsquo;essieu avec une huile appropri\u00e9e (par exemple KPL).<\/li>\n<li>Garder au sec et \u00e0 l&rsquo;abri de la salet\u00e9<\/li>\n<li>N&rsquo;ouvrez pas l&rsquo;automate de force (malgr\u00e9 la r\u00e9sistance)<\/li>\n<\/ul>\n<div>\n<hr>\n<\/div>\n<h2>\u2764\ufe0f \u00c0 qui s&rsquo;adresse Pro-Tech Large Don Tuxedo AUTO ?<\/h2>\n<ul data-spread=\"false\">\n<li><strong>Pour les collectionneurs<\/strong> et les amateurs de couteaux classiques avec une touche de modernit\u00e9<\/li>\n<li><strong>Pour les utilisateurs \u00e9l\u00e9gants<\/strong> \u00e0 la recherche d&rsquo;un couteau fonctionnel \u00e0 l&rsquo;esth\u00e9tique luxueuse<\/li>\n<li><strong>Pour les amateurs de fabrication am\u00e9ricaine<\/strong> et de mouvements automatiques de pr\u00e9cision<\/li>\n<li><strong>Pour tous ceux qui recherchent l&rsquo;\u00e9l\u00e9gance et la performance dans une m\u00eame carrosserie<\/strong><\/li>\n<\/ul>\n<div>\n<hr>\n<\/div>\n<h2>\u2705 \u00c9valuation finale<\/h2>\n<p><strong>Le Pro-Tech 1951 Large Don Tuxedo AUTO<\/strong> est plus qu&rsquo;un simple couteau &#8211; c&rsquo;est l&rsquo;expression d&rsquo;un go\u00fbt, d&rsquo;un respect de la tradition et d&rsquo;un accent mis sur la performance. El\u00e9gant, pr\u00e9cis, rapide et fiable &#8211; id\u00e9al pour ceux qui appr\u00e9cient la combinaison de la technologie classique et moderne. <\/p>\n<p>Recommand\u00e9 pour l&rsquo;utilisateur exigeant qui recherche la <strong>qualit\u00e9, le style et la provenance am\u00e9ricaine<\/strong> dans un m\u00eame ensemble.<\/p>\n","protected":false},"excerpt":{"rendered":"<p><strong>Le Pro-Tech 1951 Large Don Tuxedo AUTO est plus qu&rsquo;un simple couteau &#8211; c&rsquo;est l&rsquo;expression d&rsquo;un go\u00fbt, d&rsquo;un respect de la tradition et d&rsquo;un accent mis sur la performance.<\/strong><\/p>\n<p><strong>Livraison gratuite.<\/strong><\/p>\n","protected":false},"featured_media":417581,"comment_status":"open","ping_status":"closed","template":"","meta":[],"pwb-brand":[3817],"product_brand":[],"product_cat":[3699,3696],"product_tag":[],"class_list":{"0":"post-429442","1":"product","2":"type-product","3":"status-publish","4":"has-post-thumbnail","6":"pwb-brand-pour-la-technologie","7":"product_cat-couteaux-de-tir","8":"product_cat-des-couteaux","10":"first","11":"instock","12":"taxable","13":"shipping-taxable","14":"purchasable","15":"product-type-simple"},"brands":[{"id":3817,"name":"Pour la technologie","slug":"pour-la-technologie"}],"_links":{"self":[{"href":"https:\/\/www.moskito.cz\/fr\/wp-json\/wp\/v2\/product\/429442","targetHints":{"allow":["GET"]}}],"collection":[{"href":"https:\/\/www.moskito.cz\/fr\/wp-json\/wp\/v2\/product"}],"about":[{"href":"https:\/\/www.moskito.cz\/fr\/wp-json\/wp\/v2\/types\/product"}],"replies":[{"embeddable":true,"href":"https:\/\/www.moskito.cz\/fr\/wp-json\/wp\/v2\/comments?post=429442"}],"wp:featuredmedia":[{"embeddable":true,"href":"https:\/\/www.moskito.cz\/fr\/wp-json\/wp\/v2\/media\/417581"}],"wp:attachment":[{"href":"https:\/\/www.moskito.cz\/fr\/wp-json\/wp\/v2\/media?parent=429442"}],"wp:term":[{"taxonomy":"pwb-brand","embeddable":true,"href":"https:\/\/www.moskito.cz\/fr\/wp-json\/wp\/v2\/pwb-brand?post=429442"},{"taxonomy":"product_brand","embeddable":true,"href":"https:\/\/www.moskito.cz\/fr\/wp-json\/wp\/v2\/product_brand?post=429442"},{"taxonomy":"product_cat","embeddable":true,"href":"https:\/\/www.moskito.cz\/fr\/wp-json\/wp\/v2\/product_cat?post=429442"},{"taxonomy":"product_tag","embeddable":true,"href":"https:\/\/www.moskito.cz\/fr\/wp-json\/wp\/v2\/product_tag?post=429442"}],"curies":[{"name":"wp","href":"https:\/\/api.w.org\/{rel}","templated":true}]}}