{"id":429458,"date":"2021-09-14T20:59:29","date_gmt":"2021-09-14T19:59:29","guid":{"rendered":"https:\/\/www.moskito.cz\/produkt\/couteau-de-fermeture-sog-kiku-xr-blackout\/"},"modified":"2025-12-10T13:58:31","modified_gmt":"2025-12-10T12:58:31","slug":"couteau-de-fermeture-sog-kiku-xr-blackout","status":"publish","type":"product","link":"https:\/\/www.moskito.cz\/fr\/produkt\/couteau-de-fermeture-sog-kiku-xr-blackout\/","title":{"rendered":"Couteau de fermeture SOG KIKU XR &#8211; BLACKOUT"},"content":{"rendered":"<p>Couteau de fermeture <strong>SOG<\/strong> KIKU XR &#8211; BLACKOUT.<\/p>\n<p>Avec un style puissant qui rappelle son ADN japonais, le muscl\u00e9 Kiku XR fait une d\u00e9claration subtile de force partout o\u00f9 il va. La lame tanto modifi\u00e9e tr\u00e8s utilitaire coupe dans pratiquement toutes les conditions, et la poign\u00e9e en micarta de lin offre une prise en main s\u00fbre et s\u00e9curis\u00e9e. Combinant parfaitement forme et fonction, le Kiku XR est une solution robuste pour les situations qui requi\u00e8rent un couteau \u00e0 ouverture rapide et super tranchant.  <\/p>\n<p>Longueur de la lame : 76.96 mm<br \/>\nMECANISME DE VERROUILLAGE : Serrure XR<br \/>\nTYPE DE BANDE : R\u00e9versible Low-Carry<br \/>\nForme de la lame : Tanto<br \/>\nMATIERE DU MANCHE : Micarta<br \/>\nMECANISME D&rsquo;OUVERTURE : Serrure XR, trou pour le pouce<br \/>\nTYPE DE BOUTEILLE ACIER : CTS XHP<br \/>\nHAUTEUR : 61-63<br \/>\nCOULEUR DU MANCHE : Noir<\/p>\n<p>L&rsquo;histoire commence au Vi\u00eat Nam, o\u00f9 les membres d&rsquo;une unit\u00e9 d&rsquo;op\u00e9rations sp\u00e9ciales am\u00e9ricaine hautement confidentielle &#8211; connue sous le nom de MACV -SOG &#8211; transportaient un couteau secret unique dans la jungle lors de missions secr\u00e8tes. Des ann\u00e9es plus tard, en 1986, ce couteau a inspir\u00e9 un jeune designer nomm\u00e9 Spencer Frazer \u00e0 fonder SOG Specialty Knives. Sa mission : reproduire le couteau SOG Bowie original et rendre hommage \u00e0 l&rsquo;unit\u00e9 des op\u00e9rations sp\u00e9ciales qui l&rsquo;a cr\u00e9\u00e9. Ce qui a commenc\u00e9 comme un mod\u00e8le comm\u00e9moratif unique est rapidement devenu toute une gamme d&rsquo;outils innovants &#8211; \u00e9prouv\u00e9s par les forces sp\u00e9ciales am\u00e9ricaines, et m\u00eame r\u00e9compens\u00e9s comme le couteau de choix des Navy SEAL. Aujourd&rsquo;hui, les couteaux SOG sont port\u00e9s en toute confiance dans les situations les plus exigeantes. Forg\u00e9 dans la tradition, endurci sur le terrain, d\u00e9pos\u00e9 pour vous.<\/p>\n<p>Que vous prot\u00e9giez les autres ou meniez une exp\u00e9dition de chasse \u00e9pique, releviez l&rsquo;un des d\u00e9fis quotidiens de la vie ou affrontiez les conditions les plus extr\u00eames \u00e0 ce jour, faites votre chemin avec <strong>SOG<\/strong> .<\/p>\n<p>&nbsp;<\/p>\n","protected":false},"excerpt":{"rendered":"<p>Que vous prot\u00e9giez d&rsquo;autres personnes ou que vous meniez une exp\u00e9dition de chasse \u00e9pique, que vous vous attaquiez \u00e0 l&rsquo;un des d\u00e9fis quotidiens de la vie ou que vous fassiez face aux conditions les plus extr\u00eames, faites votre chemin avec <strong>SOG<\/strong>.<\/p>\n<p><strong>Tous les couteaux SOG sont garantis \u00e0 vie !<\/strong><\/p>\n","protected":false},"featured_media":429461,"comment_status":"open","ping_status":"closed","template":"","meta":[],"pwb-brand":[3849],"product_brand":[],"product_cat":[3700,3696],"product_tag":[3754],"class_list":{"0":"post-429458","1":"product","2":"type-product","3":"status-publish","4":"has-post-thumbnail","6":"pwb-brand-sog-fr","7":"product_cat-couteaux-de-fermeture","8":"product_cat-des-couteaux","9":"product_tag-b2b-fr","11":"first","12":"instock","13":"taxable","14":"shipping-taxable","15":"purchasable","16":"product-type-simple"},"brands":[{"id":3849,"name":"SOG","slug":"sog-fr"}],"_links":{"self":[{"href":"https:\/\/www.moskito.cz\/fr\/wp-json\/wp\/v2\/product\/429458","targetHints":{"allow":["GET"]}}],"collection":[{"href":"https:\/\/www.moskito.cz\/fr\/wp-json\/wp\/v2\/product"}],"about":[{"href":"https:\/\/www.moskito.cz\/fr\/wp-json\/wp\/v2\/types\/product"}],"replies":[{"embeddable":true,"href":"https:\/\/www.moskito.cz\/fr\/wp-json\/wp\/v2\/comments?post=429458"}],"wp:featuredmedia":[{"embeddable":true,"href":"https:\/\/www.moskito.cz\/fr\/wp-json\/wp\/v2\/media\/429461"}],"wp:attachment":[{"href":"https:\/\/www.moskito.cz\/fr\/wp-json\/wp\/v2\/media?parent=429458"}],"wp:term":[{"taxonomy":"pwb-brand","embeddable":true,"href":"https:\/\/www.moskito.cz\/fr\/wp-json\/wp\/v2\/pwb-brand?post=429458"},{"taxonomy":"product_brand","embeddable":true,"href":"https:\/\/www.moskito.cz\/fr\/wp-json\/wp\/v2\/product_brand?post=429458"},{"taxonomy":"product_cat","embeddable":true,"href":"https:\/\/www.moskito.cz\/fr\/wp-json\/wp\/v2\/product_cat?post=429458"},{"taxonomy":"product_tag","embeddable":true,"href":"https:\/\/www.moskito.cz\/fr\/wp-json\/wp\/v2\/product_tag?post=429458"}],"curies":[{"name":"wp","href":"https:\/\/api.w.org\/{rel}","templated":true}]}}