{"id":429474,"date":"2023-02-22T20:46:44","date_gmt":"2023-02-22T19:46:44","guid":{"rendered":"https:\/\/www.moskito.cz\/produkt\/couteau-dejection-microtech-hera-702-10aprd\/"},"modified":"2025-12-10T14:56:18","modified_gmt":"2025-12-10T13:56:18","slug":"couteau-dejection-microtech-hera-702-10aprd","status":"publish","type":"product","link":"https:\/\/www.moskito.cz\/fr\/produkt\/couteau-dejection-microtech-hera-702-10aprd\/","title":{"rendered":"Couteau d&rsquo;\u00e9jection Microtech Hera 702-10APRD"},"content":{"rendered":"<p>Couteau d&rsquo;\u00e9jection <strong>Microtech<\/strong> Hera 702-10APRD<\/p>\n<p><strong>La Hera<\/strong> est une belle voiture avant \u00e0 double action avec une forme de cadre vaguement bas\u00e9e sur le design Troodon. Il est cependant plus ergonomique, avec des patchs usin\u00e9s pr\u00e8s des extr\u00e9mit\u00e9s pour un meilleur achat et, \u00e0 notre avis, un look am\u00e9lior\u00e9. Tout dans ce design \u00e9voque \u00e0 la fois la sophistication et la fonctionnalit\u00e9. Il s&rsquo;agit de l&rsquo;un des meilleurs mod\u00e8les OTF automatiques polyvalents dans un domaine extr\u00eamement encombr\u00e9 et de taille id\u00e9ale pour un transport quotidien.<\/p>\n<p>Sp\u00e9cifications :<br \/>\nLongueur de la lame : 8 cm<br \/>\nLongueur totale : 19 cm<br \/>\nMat\u00e9riau de la lame : Veuillez noter que l&rsquo;acier de la lame ne peut pas \u00eatre sp\u00e9cifi\u00e9 \u00e0 l&rsquo;avance car il peut varier en fonction de la disponibilit\u00e9 (information de Microtech)<br \/>\n\u00c9paisseur de la lame : 0.094\u2033<br \/>\nStyle de la lame : Drop Point<br \/>\nAff\u00fbtage de la lame : Plat<br \/>\nFinition de la lame : Apocalyptique<br \/>\nMat\u00e9riau du manche : Aluminium a\u00e9ronautique anodis\u00e9<br \/>\nM\u00e9canisme de verrouillage : Thumb Slide<br \/>\nClip de poche : Titane (rabattable, portage \u00e0 droite)<br \/>\nPoids : 3.10 oz.<br \/>\nDesigners : Tony et Sean Marfione<br \/>\nFabriqu\u00e9 aux Etats-Unis<\/p>\n<p><iframe title=\"Microtech Combat Troodon Torture Test\" width=\"800\" height=\"450\" src=\"https:\/\/www.youtube.com\/embed\/xE9TeOFYEjg?feature=oembed\" frameborder=\"0\" allow=\"accelerometer; autoplay; clipboard-write; encrypted-media; gyroscope; picture-in-picture; web-share\" referrerpolicy=\"strict-origin-when-cross-origin\" allowfullscreen><\/iframe><\/p>\n<p>&nbsp;<\/p>\n<p>&nbsp;<\/p>\n","protected":false},"excerpt":{"rendered":"<p>Au fil des ans, <strong>Microtech\u00ae<\/strong> Knives a insuffl\u00e9 passion et comp\u00e9tence dans la fabrication de couteaux pour cr\u00e9er des \u0153uvres d&rsquo;art qui sont le summum de la fonctionnalit\u00e9. Toutes les pi\u00e8ces sont fabriqu\u00e9es aux \u00c9tats-Unis.<br \/>\n<strong>Tous les couteaux Microtech sont garantis \u00e0 vie (min. 80 000 cycles, ouverture et fermeture)<\/strong><strong>.<\/strong><\/p>\n<p><strong>Livraison gratuite.<\/strong><\/p>\n","protected":false},"featured_media":429475,"comment_status":"open","ping_status":"closed","template":"","meta":[],"pwb-brand":[3751],"product_brand":[],"product_cat":[3699,3696],"product_tag":[3754],"class_list":{"0":"post-429474","1":"product","2":"type-product","3":"status-publish","4":"has-post-thumbnail","6":"pwb-brand-microtechnologie","7":"product_cat-couteaux-de-tir","8":"product_cat-des-couteaux","9":"product_tag-b2b-fr","11":"first","12":"outofstock","13":"taxable","14":"shipping-taxable","15":"purchasable","16":"product-type-simple"},"brands":[{"id":3751,"name":"Microtechnologie","slug":"microtechnologie"}],"_links":{"self":[{"href":"https:\/\/www.moskito.cz\/fr\/wp-json\/wp\/v2\/product\/429474","targetHints":{"allow":["GET"]}}],"collection":[{"href":"https:\/\/www.moskito.cz\/fr\/wp-json\/wp\/v2\/product"}],"about":[{"href":"https:\/\/www.moskito.cz\/fr\/wp-json\/wp\/v2\/types\/product"}],"replies":[{"embeddable":true,"href":"https:\/\/www.moskito.cz\/fr\/wp-json\/wp\/v2\/comments?post=429474"}],"wp:featuredmedia":[{"embeddable":true,"href":"https:\/\/www.moskito.cz\/fr\/wp-json\/wp\/v2\/media\/429475"}],"wp:attachment":[{"href":"https:\/\/www.moskito.cz\/fr\/wp-json\/wp\/v2\/media?parent=429474"}],"wp:term":[{"taxonomy":"pwb-brand","embeddable":true,"href":"https:\/\/www.moskito.cz\/fr\/wp-json\/wp\/v2\/pwb-brand?post=429474"},{"taxonomy":"product_brand","embeddable":true,"href":"https:\/\/www.moskito.cz\/fr\/wp-json\/wp\/v2\/product_brand?post=429474"},{"taxonomy":"product_cat","embeddable":true,"href":"https:\/\/www.moskito.cz\/fr\/wp-json\/wp\/v2\/product_cat?post=429474"},{"taxonomy":"product_tag","embeddable":true,"href":"https:\/\/www.moskito.cz\/fr\/wp-json\/wp\/v2\/product_tag?post=429474"}],"curies":[{"name":"wp","href":"https:\/\/api.w.org\/{rel}","templated":true}]}}