{"id":429594,"date":"2023-12-20T19:41:46","date_gmt":"2023-12-20T18:41:46","guid":{"rendered":"https:\/\/www.moskito.cz\/produkt\/couteau-pliant-rockstead-shin-dlc-japonais\/"},"modified":"2025-12-15T15:53:33","modified_gmt":"2025-12-15T14:53:33","slug":"couteau-pliant-rockstead-shin-dlc-japonais","status":"publish","type":"product","link":"https:\/\/www.moskito.cz\/fr\/produkt\/couteau-pliant-rockstead-shin-dlc-japonais\/","title":{"rendered":"Couteau pliant Rockstead SHIN-DLC Japonais"},"content":{"rendered":"<p>Couteau pliant <strong>Rockstead<\/strong> SHIN-DLC Japonais<\/p>\n<p>Les <strong>couteaux Rockstead<\/strong> sont, \u00e0 notre avis, parmi les meilleurs couteaux disponibles sur le march\u00e9. L&rsquo;artisanat m\u00e9ticuleux de Rockstead et ses designs uniques font que ce couteau semi-custom vaut le prix fort. Le SHIN est une version plus grande du Rockstead KOU, avec une lame de 3,5&Prime; en YXR7 DLC poli et des poign\u00e9es en aluminium avec des inserts en galuchat. L&rsquo;ouverture se fait en douceur avec un verrouillage solide qui maintient la lame bien en place. L&rsquo;incroyable finition miroir est obtenue par un traitement thermique de la lame et un pon\u00e7age successif \u00e0 la main avec du papier de verre de 400, 600, 800, 1200 et 2000 grains. Ce processus est tr\u00e8s intensif et prend beaucoup de temps, car si des \u00e9gratignures apparaissent au cours de ce processus, la lame doit \u00eatre renvoy\u00e9e \u00e0 l&rsquo;\u00e9tape pr\u00e9c\u00e9dente pour \u00eatre r\u00e9par\u00e9e. Une fois ce processus termin\u00e9, la lame est polie pour obtenir la finition finale. Les gens de Rockstead ont ma\u00eetris\u00e9 ce processus pour donner au couteau une belle finition et un tranchant sans pareil. Chaque couteau est num\u00e9rot\u00e9 individuellement et accompagn\u00e9 d&rsquo;un certificat d&rsquo;authenticit\u00e9.         <\/p>\n<p>&nbsp;<\/p>\n<p>Sp\u00e9cifications :<br \/>\nLongueur de la lame : 8.75 cm<br \/>\nLongueur en position ferm\u00e9e : 12.17 cm<br \/>\nLongueur totale : 20.62 cm<br \/>\nMat\u00e9riau de la lame : Acier au carbone YXR7<br \/>\nDuret\u00e9 de la lame : 65 HRC (approximativement)<br \/>\nStyle de lame : Drop Point<br \/>\nAff\u00fbtage de la lame : Convexe<br \/>\nFinition de la lame : DLC (Diamond Like Coating), Black Polished<br \/>\nEpaisseur du manche : 0.62&Prime; Mat\u00e9riau du manche : Aluminium anodis\u00e9 dur A6063 avec Stabilisateur : 0.62&Prime;<br \/>\nMat\u00e9riau du manche : Aluminium anodis\u00e9 dur A6063 avec inserts en galuchat<br \/>\nM\u00e9canisme de verrouillage : Liner Lock<br \/>\nClip de poche : Pliant, portage \u00e0 droite<br \/>\nPoids : 5.3 oz.<br \/>\nFabriqu\u00e9 au Japon<\/p>\n","protected":false},"excerpt":{"rendered":"<p><strong>Les couteaux Rockstead sont, \u00e0 notre avis, parmi les meilleurs couteaux disponibles sur le march\u00e9. Avec le savoir-faire m\u00e9ticuleux de Rockstead et ses designs uniques, ce couteau pliant semi-custom vaut son prix \u00e9lev\u00e9. <\/strong><\/p>\n<p><strong>Livraison gratuite.<\/strong><\/p>\n","protected":false},"featured_media":429595,"comment_status":"open","ping_status":"closed","template":"","meta":[],"pwb-brand":[4075],"product_brand":[],"product_cat":[3700,3696],"product_tag":[],"class_list":{"0":"post-429594","1":"product","2":"type-product","3":"status-publish","4":"has-post-thumbnail","6":"pwb-brand-rockstead-fr","7":"product_cat-couteaux-de-fermeture","8":"product_cat-des-couteaux","10":"first","11":"outofstock","12":"sale","13":"taxable","14":"shipping-taxable","15":"purchasable","16":"product-type-simple"},"brands":[{"id":4075,"name":"Rockstead","slug":"rockstead-fr"}],"_links":{"self":[{"href":"https:\/\/www.moskito.cz\/fr\/wp-json\/wp\/v2\/product\/429594","targetHints":{"allow":["GET"]}}],"collection":[{"href":"https:\/\/www.moskito.cz\/fr\/wp-json\/wp\/v2\/product"}],"about":[{"href":"https:\/\/www.moskito.cz\/fr\/wp-json\/wp\/v2\/types\/product"}],"replies":[{"embeddable":true,"href":"https:\/\/www.moskito.cz\/fr\/wp-json\/wp\/v2\/comments?post=429594"}],"wp:featuredmedia":[{"embeddable":true,"href":"https:\/\/www.moskito.cz\/fr\/wp-json\/wp\/v2\/media\/429595"}],"wp:attachment":[{"href":"https:\/\/www.moskito.cz\/fr\/wp-json\/wp\/v2\/media?parent=429594"}],"wp:term":[{"taxonomy":"pwb-brand","embeddable":true,"href":"https:\/\/www.moskito.cz\/fr\/wp-json\/wp\/v2\/pwb-brand?post=429594"},{"taxonomy":"product_brand","embeddable":true,"href":"https:\/\/www.moskito.cz\/fr\/wp-json\/wp\/v2\/product_brand?post=429594"},{"taxonomy":"product_cat","embeddable":true,"href":"https:\/\/www.moskito.cz\/fr\/wp-json\/wp\/v2\/product_cat?post=429594"},{"taxonomy":"product_tag","embeddable":true,"href":"https:\/\/www.moskito.cz\/fr\/wp-json\/wp\/v2\/product_tag?post=429594"}],"curies":[{"name":"wp","href":"https:\/\/api.w.org\/{rel}","templated":true}]}}