{"id":429625,"date":"2023-03-06T21:18:53","date_gmt":"2023-03-06T20:18:53","guid":{"rendered":"https:\/\/www.moskito.cz\/produkt\/couteau-fixe-sog-trident-fx-serrated-od\/"},"modified":"2025-12-16T11:55:54","modified_gmt":"2025-12-16T10:55:54","slug":"couteau-fixe-sog-trident-fx-serrated-od","status":"publish","type":"product","link":"https:\/\/www.moskito.cz\/fr\/produkt\/couteau-fixe-sog-trident-fx-serrated-od\/","title":{"rendered":"Couteau fixe SOG TRIDENT FX SERRATED OD"},"content":{"rendered":"<p>Couteau fixe <strong>SOG<\/strong> TRIDENT FX SERRATED OD.<\/p>\n<p>Construit dans la tradition des couteaux \u00e0 lame fixe de SOG pour les utilisateurs professionnels, le Trident FX repousse les limites de la capacit\u00e9, mais pas du poids. Pesant \u00e0 peine plus de 4 onces, le Trident FX est une combinaison mesur\u00e9e de puissance et d&rsquo;agilit\u00e9 qui vous permet de vous d\u00e9placer rapidement lorsque c&rsquo;est le plus important. Il est livr\u00e9 avec un \u00e9tui am\u00e9lior\u00e9 qui vous permet de le porter comme et o\u00f9 vous le souhaitez.  <\/p>\n<p><strong>KNIFE FULL BLADE HAUTEMENT FLEXIBLE<\/strong><br \/>\nCe couteau robuste et r\u00e9actif avec un manche GRN solide et une lame pleine soie en acier CRYO 4116 de 4,2 pouces est livr\u00e9 avec un \u00e9tui sp\u00e9cialement con\u00e7u et compatible avec le syst\u00e8me de montage universel de SOG qui permet une configuration personnalisable, un port fiable et un tirage rapide.<\/p>\n<p><strong>Le bo\u00eetier<\/strong><br \/>\n<strong>compatible avec l&rsquo;UMS<\/strong> est ambidextre et offre de multiples options de montage. Il est dot\u00e9 d&rsquo;un syst\u00e8me de r\u00e9glage de la tension sans outil permettant une traction parfaite.<\/p>\n<p><strong>ACIER CRYO 4116<\/strong><br \/>\nAcier inoxydable allemand \u00e0 teneur moyenne en carbone, \u00e9galement connu sous le nom de 1.4116. Similaire au 420HC avec une bonne r\u00e9sistance \u00e0 la corrosion, une bonne t\u00e9nacit\u00e9, un bon tranchant et une bonne tenue des ar\u00eates. <\/p>\n<p><strong>GRN GRIP<\/strong><br \/>\nLa poign\u00e9e GRN est dot\u00e9e d&rsquo;une texture omnidirectionnelle qui offre une bonne prise avec ou sans gants et dans pratiquement tous les climats.<\/p>\n<p>LONGUEUR GLOBALE : 24 cm<br \/>\nLONGUEUR LAME : 11 cm<br \/>\nTYPE DE PRODUIT : Lame fixe<br \/>\nFINITION : TiNi<br \/>\nTYPE DE COUVERTURE: : dentel\u00e9<br \/>\nTYPE DE LAME : CRYO 4116<br \/>\nFORME DE LAME : Tanto<br \/>\nMATI\u00c8RE DU MANCHE : GRN<br \/>\nCOULEUR DU MANCHE : OD<br \/>\nCOULEUR DU MANCHE : OD<\/p>\n<p>&nbsp;<\/p>\n<p>&nbsp;<\/p>\n<p>&nbsp;<\/p>\n","protected":false},"excerpt":{"rendered":"<p><strong>Trident FX, construit dans la tradition des couteaux \u00e0 lame dure de SOG pour les utilisateurs professionnels.<\/strong><\/p>\n<p>&nbsp;<\/p>\n","protected":false},"featured_media":429627,"comment_status":"open","ping_status":"closed","template":"","meta":[],"pwb-brand":[3849],"product_brand":[],"product_cat":[3697,3696],"product_tag":[3754],"class_list":{"0":"post-429625","1":"product","2":"type-product","3":"status-publish","4":"has-post-thumbnail","6":"pwb-brand-sog-fr","7":"product_cat-couteaux-solides","8":"product_cat-des-couteaux","9":"product_tag-b2b-fr","11":"first","12":"instock","13":"taxable","14":"shipping-taxable","15":"purchasable","16":"product-type-simple"},"brands":[{"id":3849,"name":"SOG","slug":"sog-fr"}],"_links":{"self":[{"href":"https:\/\/www.moskito.cz\/fr\/wp-json\/wp\/v2\/product\/429625","targetHints":{"allow":["GET"]}}],"collection":[{"href":"https:\/\/www.moskito.cz\/fr\/wp-json\/wp\/v2\/product"}],"about":[{"href":"https:\/\/www.moskito.cz\/fr\/wp-json\/wp\/v2\/types\/product"}],"replies":[{"embeddable":true,"href":"https:\/\/www.moskito.cz\/fr\/wp-json\/wp\/v2\/comments?post=429625"}],"wp:featuredmedia":[{"embeddable":true,"href":"https:\/\/www.moskito.cz\/fr\/wp-json\/wp\/v2\/media\/429627"}],"wp:attachment":[{"href":"https:\/\/www.moskito.cz\/fr\/wp-json\/wp\/v2\/media?parent=429625"}],"wp:term":[{"taxonomy":"pwb-brand","embeddable":true,"href":"https:\/\/www.moskito.cz\/fr\/wp-json\/wp\/v2\/pwb-brand?post=429625"},{"taxonomy":"product_brand","embeddable":true,"href":"https:\/\/www.moskito.cz\/fr\/wp-json\/wp\/v2\/product_brand?post=429625"},{"taxonomy":"product_cat","embeddable":true,"href":"https:\/\/www.moskito.cz\/fr\/wp-json\/wp\/v2\/product_cat?post=429625"},{"taxonomy":"product_tag","embeddable":true,"href":"https:\/\/www.moskito.cz\/fr\/wp-json\/wp\/v2\/product_tag?post=429625"}],"curies":[{"name":"wp","href":"https:\/\/api.w.org\/{rel}","templated":true}]}}