{"id":429658,"date":"2024-09-26T13:02:06","date_gmt":"2024-09-26T12:02:06","guid":{"rendered":"https:\/\/www.moskito.cz\/produkt\/couteau-pliant-magnum-air-force-rescue-assisted-01ll473\/"},"modified":"2025-12-16T12:46:21","modified_gmt":"2025-12-16T11:46:21","slug":"couteau-pliant-magnum-air-force-rescue-assisted-01ll473","status":"publish","type":"product","link":"https:\/\/www.moskito.cz\/fr\/produkt\/couteau-pliant-magnum-air-force-rescue-assisted-01ll473\/","title":{"rendered":"Couteau pliant Magnum Air Force Rescue Assisted 01LL473"},"content":{"rendered":"<p>Couteau <strong>Magnum<\/strong> Air Force Rescue Assisted 01LL473.<\/p>\n<div class=\"flex max-w-full flex-col flex-grow\">\n<div class=\"min-h-8 text-message flex w-full flex-col items-end gap-2 whitespace-normal break-words [.text-message+&amp;]:mt-5\" dir=\"auto\" data-message-author-role=\"assistant\" data-message-id=\"3bc9589c-4dd5-4bd0-a504-1083074adfc6\" data-message-model-slug=\"gpt-4o\">\n<div class=\"flex w-full flex-col gap-1 empty:hidden first:pt-[3px]\">\n<div class=\"markdown prose w-full break-words dark:prose-invert light\">\n<p><strong>Le Magnum Air Force Rescue Assisted 01LL473<\/strong> est un couteau de sauvetage pratique con\u00e7u en hommage aux forces de s\u00e9curit\u00e9 qui font face au danger en prot\u00e9geant et en sauvant des vies. Il offre des caract\u00e9ristiques qui le rendent adapt\u00e9 aux situations de crise, tout en \u00e9tant adapt\u00e9 aux utilisateurs occasionnels plut\u00f4t qu&rsquo;au d\u00e9ploiement professionnel quotidien. <\/p>\n<h3>Propri\u00e9t\u00e9s cl\u00e9s&nbsp;:<\/h3>\n<ol>\n<li><strong>Lame<\/strong> :\n<ul>\n<li><strong>Mat\u00e9riau<\/strong>: acier inoxydable <strong>440A<\/strong>, connu pour sa r\u00e9sistance \u00e0 la corrosion et sa facilit\u00e9 d&rsquo;entretien.<\/li>\n<li><strong>Forme de la lame<\/strong>: le <strong>Reverse Tanto<\/strong>, qui offre une pointe solide id\u00e9ale pour la p\u00e9n\u00e9tration et la coupe de pr\u00e9cision.<\/li>\n<li><strong>Finition<\/strong>: Lame avec rev\u00eatement noir pour une meilleure protection contre l&rsquo;usure.<\/li>\n<li><strong>Lame partiellement dentel\u00e9e<\/strong>: facilite la coupe de mat\u00e9riaux r\u00e9sistants tels que les cordes ou les ceintures de s\u00e9curit\u00e9.<\/li>\n<li><strong>Ouverture assist\u00e9e<\/strong>: gr\u00e2ce \u00e0 l&rsquo;appui du ressort, le couteau peut \u00eatre ouvert rapidement et facilement d&rsquo;une seule main \u00e0 l&rsquo;aide du flipper.<\/li>\n<\/ul>\n<\/li>\n<li><strong>Poign\u00e9e<\/strong> :\n<ul>\n<li><strong>Mat\u00e9riau<\/strong>: aluminium anodis\u00e9 <strong>bleu royal<\/strong> avec embl\u00e8me subtil de l&rsquo;arm\u00e9e de l&rsquo;air.<\/li>\n<li>Forme ergonomique pour une prise en main confortable.<\/li>\n<\/ul>\n<\/li>\n<li><strong>Fonction de sauvetage<\/strong>:\n<ul>\n<li><strong>Une pointe pour briser la vitre<\/strong>: Pour les situations d&rsquo;urgence o\u00f9 vous devez briser une fen\u00eatre.<\/li>\n<li><strong>Coupe-ceinture de s\u00e9curit\u00e9<\/strong>: permet de retirer rapidement et en toute s\u00e9curit\u00e9 les ceintures de s\u00e9curit\u00e9 sans risque de blessure.<\/li>\n<li><strong>Clip de poche<\/strong>: pour un transport facile.<\/li>\n<\/ul>\n<\/li>\n<li><strong>M\u00e9canisme et fermeture<\/strong>:\n<ul>\n<li><strong>Verrouillage de la doublure<\/strong>: maintient fermement la lame en position ouverte pendant l&rsquo;utilisation.<\/li>\n<\/ul>\n<\/li>\n<li><strong>Dimensions et poids<\/strong>:\n<ul>\n<li><strong>Longueur totale<\/strong>: 21,90 cm.<\/li>\n<li><strong>Longueur de la lame<\/strong>: 8,30 cm.<\/li>\n<li><strong>\u00c9paisseur de la lame<\/strong>: 2,80 mm.<\/li>\n<li><strong>Poids<\/strong>: 139 g, offrant un \u00e9quilibre entre durabilit\u00e9 et portabilit\u00e9.<\/li>\n<\/ul>\n<\/li>\n<\/ol>\n<h3>Utiliser:<\/h3>\n<p><strong>Magnum Air Force Rescue<\/strong> est id\u00e9al pour :<\/p>\n<ul>\n<li><strong>Urgence<\/strong>: gr\u00e2ce \u00e0 des fonctions sp\u00e9cialis\u00e9es telles que la pointe de verre et le coupe-courroie.<\/li>\n<li><strong>Utilisation quotidienne<\/strong>: Pour les utilisateurs occasionnels qui appr\u00e9cient un design fonctionnel et attrayant.<\/li>\n<li>Les amateurs de <strong>couteaux \u00e0 th\u00e8me<\/strong>: un cadeau id\u00e9al pour les fans de l&rsquo;arm\u00e9e de l&rsquo;air ou les collectionneurs.<\/li>\n<\/ul>\n<h3>Recommandation :<\/h3>\n<p>Pour les sauveteurs professionnels qui ont besoin d&rsquo;un couteau pour un usage quotidien intensif, le fabricant recommande les mod\u00e8les de la s\u00e9rie <strong>B\u00f6ker Plus Savior (01BO320, 01BO321, 01BO322)<\/strong>, qui sont con\u00e7us pour une plus grande durabilit\u00e9.<\/p>\n<h3>Conclusion:<\/h3>\n<p><strong>Le Magnum Air Force Rescue Assisted 01LL473<\/strong> est un couteau de sauvetage pratique, fonctionnel et \u00e9l\u00e9gant. Il offre des caract\u00e9ristiques fiables pour les situations d&rsquo;urgence et un design attrayant qui en fait un choix id\u00e9al pour les utilisateurs occasionnels comme pour les collectionneurs. <\/p>\n<\/div>\n<\/div>\n<\/div>\n<\/div>\n<div class=\"mb-2 flex gap-3 empty:hidden -ml-2\">\n<div class=\"items-center justify-start rounded-xl p-1 flex\">\n<div class=\"flex items-center\"><\/div>\n<\/div>\n<\/div>\n<p>&nbsp;<\/p>\n","protected":false},"excerpt":{"rendered":"<p><strong>Le Magnum Air Force Rescue Assisted 01LL473 est un couteau de sauvetage pratique, fonctionnel et \u00e9l\u00e9gant. Il offre des caract\u00e9ristiques fiables pour les situations d&rsquo;urgence et un design attrayant qui en fait un choix id\u00e9al pour les utilisateurs occasionnels comme pour les collectionneurs. <\/strong><\/p>\n","protected":false},"featured_media":365943,"comment_status":"closed","ping_status":"closed","template":"","meta":[],"pwb-brand":[3799],"product_brand":[],"product_cat":[3700,3696],"product_tag":[],"class_list":{"0":"post-429658","1":"product","2":"type-product","3":"status-publish","4":"has-post-thumbnail","6":"pwb-brand-boker-fr","7":"product_cat-couteaux-de-fermeture","8":"product_cat-des-couteaux","10":"first","11":"outofstock","12":"taxable","13":"shipping-taxable","14":"purchasable","15":"product-type-simple"},"brands":[{"id":3799,"name":"Boker","slug":"boker-fr"}],"_links":{"self":[{"href":"https:\/\/www.moskito.cz\/fr\/wp-json\/wp\/v2\/product\/429658","targetHints":{"allow":["GET"]}}],"collection":[{"href":"https:\/\/www.moskito.cz\/fr\/wp-json\/wp\/v2\/product"}],"about":[{"href":"https:\/\/www.moskito.cz\/fr\/wp-json\/wp\/v2\/types\/product"}],"replies":[{"embeddable":true,"href":"https:\/\/www.moskito.cz\/fr\/wp-json\/wp\/v2\/comments?post=429658"}],"wp:featuredmedia":[{"embeddable":true,"href":"https:\/\/www.moskito.cz\/fr\/wp-json\/wp\/v2\/media\/365943"}],"wp:attachment":[{"href":"https:\/\/www.moskito.cz\/fr\/wp-json\/wp\/v2\/media?parent=429658"}],"wp:term":[{"taxonomy":"pwb-brand","embeddable":true,"href":"https:\/\/www.moskito.cz\/fr\/wp-json\/wp\/v2\/pwb-brand?post=429658"},{"taxonomy":"product_brand","embeddable":true,"href":"https:\/\/www.moskito.cz\/fr\/wp-json\/wp\/v2\/product_brand?post=429658"},{"taxonomy":"product_cat","embeddable":true,"href":"https:\/\/www.moskito.cz\/fr\/wp-json\/wp\/v2\/product_cat?post=429658"},{"taxonomy":"product_tag","embeddable":true,"href":"https:\/\/www.moskito.cz\/fr\/wp-json\/wp\/v2\/product_tag?post=429658"}],"curies":[{"name":"wp","href":"https:\/\/api.w.org\/{rel}","templated":true}]}}