{"id":429668,"date":"2023-03-29T21:21:25","date_gmt":"2023-03-29T20:21:25","guid":{"rendered":"https:\/\/www.moskito.cz\/produkt\/couteau-de-fermeture-cold-steel-verdict-spear-point-black\/"},"modified":"2025-12-16T16:32:20","modified_gmt":"2025-12-16T15:32:20","slug":"couteau-de-fermeture-cold-steel-verdict-spear-point-black","status":"publish","type":"product","link":"https:\/\/www.moskito.cz\/fr\/produkt\/couteau-de-fermeture-cold-steel-verdict-spear-point-black\/","title":{"rendered":"Couteau de fermeture Cold Steel VERDICT SPEAR POINT BLACK"},"content":{"rendered":"<p>Couteau de fermeture <strong>Cold Steel<\/strong> VERDICT SPEAR POINT BLACK<\/p>\n<p>L\u00e9ger, facile \u00e0 ouvrir et \u00e9quip\u00e9 de la serrure Tri-Ad\u00ae de Cold Steel, le Verdict est le choix parfait pour le transport quotidien. La lame de 3 pouces en acier inoxydable 4116 rectifi\u00e9 s&rsquo;engage facilement et conserve son tranchant. Dot\u00e9 d&rsquo;un manche GFN robuste con\u00e7u pour r\u00e9sister \u00e0 des ann\u00e9es d&rsquo;utilisation intensive, ce pliant r\u00e9versible est disponible dans une combinaison de styles de lame (clip point et spear point) et de couleurs de manche.  <\/p>\n<p>Verdict de la s\u00e9rie&nbsp;:<\/p>\n<p>Un verdict est une d\u00e9cision, et la s\u00e9rie de couteaux pliants Verdict de Cold Steel offre aux utilisateurs une option de transport quotidienne d\u00e9cisive comme une pierre. Dot\u00e9 du verrou Tri-Ad\u00ae \u00e9prouv\u00e9 et fiable, le Verdict est livr\u00e9 avec deux mat\u00e9riaux d&rsquo;acier et de poign\u00e9e et une vari\u00e9t\u00e9 de formes de lame.<\/p>\n<p>Description :<br \/>\nMat\u00e9riel de la lame : 4116<br \/>\nMat\u00e9riel du manche : GFN<br \/>\nSerrure : Serrure Tri-Ad<br \/>\nLongueur de la lame : 7.6 cm<br \/>\nType de lame : Spear Point<br \/>\nUtilisation : EDC &#8211; transport quotidien<\/p>\n<p><iframe title=\"COLD STEEL VERDICT LINE OF KNIVES\" width=\"800\" height=\"450\" src=\"https:\/\/www.youtube.com\/embed\/6vn_iWyLzhQ?feature=oembed\" frameborder=\"0\" allow=\"accelerometer; autoplay; clipboard-write; encrypted-media; gyroscope; picture-in-picture; web-share\" referrerpolicy=\"strict-origin-when-cross-origin\" allowfullscreen><\/iframe><\/p>\n<p>&nbsp;<\/p>\n<p>&nbsp;<\/p>\n","protected":false},"excerpt":{"rendered":"<p><strong>Le verdict est une \u00ab d\u00e9cision \u00bb ! Vous aussi, vous serez d\u00e9termin\u00e9 \u00e0 porter le nouveau couteau Verdict d\u00e8s que vous le prendrez en main.<\/strong><\/p>\n","protected":false},"featured_media":429676,"comment_status":"open","ping_status":"closed","template":"","meta":[],"pwb-brand":[3789],"product_brand":[],"product_cat":[3700,3696],"product_tag":[3754],"class_list":{"0":"post-429668","1":"product","2":"type-product","3":"status-publish","4":"has-post-thumbnail","6":"pwb-brand-acier-froid","7":"product_cat-couteaux-de-fermeture","8":"product_cat-des-couteaux","9":"product_tag-b2b-fr","11":"first","12":"instock","13":"taxable","14":"shipping-taxable","15":"purchasable","16":"product-type-simple"},"brands":[{"id":3789,"name":"Acier froid","slug":"acier-froid"}],"_links":{"self":[{"href":"https:\/\/www.moskito.cz\/fr\/wp-json\/wp\/v2\/product\/429668","targetHints":{"allow":["GET"]}}],"collection":[{"href":"https:\/\/www.moskito.cz\/fr\/wp-json\/wp\/v2\/product"}],"about":[{"href":"https:\/\/www.moskito.cz\/fr\/wp-json\/wp\/v2\/types\/product"}],"replies":[{"embeddable":true,"href":"https:\/\/www.moskito.cz\/fr\/wp-json\/wp\/v2\/comments?post=429668"}],"wp:featuredmedia":[{"embeddable":true,"href":"https:\/\/www.moskito.cz\/fr\/wp-json\/wp\/v2\/media\/429676"}],"wp:attachment":[{"href":"https:\/\/www.moskito.cz\/fr\/wp-json\/wp\/v2\/media?parent=429668"}],"wp:term":[{"taxonomy":"pwb-brand","embeddable":true,"href":"https:\/\/www.moskito.cz\/fr\/wp-json\/wp\/v2\/pwb-brand?post=429668"},{"taxonomy":"product_brand","embeddable":true,"href":"https:\/\/www.moskito.cz\/fr\/wp-json\/wp\/v2\/product_brand?post=429668"},{"taxonomy":"product_cat","embeddable":true,"href":"https:\/\/www.moskito.cz\/fr\/wp-json\/wp\/v2\/product_cat?post=429668"},{"taxonomy":"product_tag","embeddable":true,"href":"https:\/\/www.moskito.cz\/fr\/wp-json\/wp\/v2\/product_tag?post=429668"}],"curies":[{"name":"wp","href":"https:\/\/api.w.org\/{rel}","templated":true}]}}