{"id":429693,"date":"2024-09-26T13:01:37","date_gmt":"2024-09-26T12:01:37","guid":{"rendered":"https:\/\/www.moskito.cz\/produkt\/couteau-de-poche-boker-plus-kal-14\/"},"modified":"2025-12-16T16:32:31","modified_gmt":"2025-12-16T15:32:31","slug":"couteau-de-poche-boker-plus-kal-14","status":"publish","type":"product","link":"https:\/\/www.moskito.cz\/fr\/produkt\/couteau-de-poche-boker-plus-kal-14\/","title":{"rendered":"Couteau de poche B\u00f6ker Plus KAL-14"},"content":{"rendered":"<p>Couteau de poche<strong> B\u00f6ker Plus<\/strong> KAL-14.<\/p>\n<div class=\"flex max-w-full flex-col flex-grow\">\n<div class=\"min-h-8 text-message flex w-full flex-col items-end gap-2 whitespace-normal break-words [.text-message+&amp;]:mt-5\" dir=\"auto\" data-message-author-role=\"assistant\" data-message-id=\"d7d8fd1e-846a-4da0-818b-dfa3b382aa15\" data-message-model-slug=\"gpt-4o-mini\">\n<div class=\"flex w-full flex-col gap-1 empty:hidden first:pt-[3px]\">\n<div class=\"markdown prose w-full break-words dark:prose-invert light\">\n<p>Le couteau de poche <strong>B\u00f6ker Plus KAL-14<\/strong> fait partie de la c\u00e9l\u00e8bre s\u00e9rie <strong>Kalachnikov<\/strong>, connue pour son design durable et son excellente fonctionnalit\u00e9. Ce mod\u00e8le pr\u00e9sente non seulement d&rsquo;excellentes caract\u00e9ristiques techniques, mais aussi des \u00e9l\u00e9ments visuellement attrayants gr\u00e2ce aux inserts en bois dans le manche en aluminium. <\/p>\n<hr>\n<h3><strong>Propri\u00e9t\u00e9s cl\u00e9s&nbsp;:<\/strong><\/h3>\n<ol>\n<li><strong>Lame<\/strong> :\n<ul>\n<li><strong>Mat\u00e9riau<\/strong>: <strong>440C<\/strong> &#8211; acier inoxydable de haute qualit\u00e9, connu pour sa r\u00e9sistance \u00e0 l&rsquo;usure et ses excellentes propri\u00e9t\u00e9s de conservation du tranchant.<\/li>\n<li><strong>Ouverture<\/strong>: la lame s&rsquo;ouvre soit par un <strong>flipper<\/strong>, soit par une <strong>molette<\/strong>, ce qui offre une grande souplesse d&rsquo;utilisation.<\/li>\n<li><strong>Longueur de la lame<\/strong>: 9,30 cm &#8211; taille id\u00e9ale pour le transport quotidien et les t\u00e2ches diverses.<\/li>\n<li><strong>\u00c9paisseur de la lame<\/strong>: 3,00 mm &#8211; offre une r\u00e9sistance suffisante pour les t\u00e2ches les plus exigeantes.<\/li>\n<\/ul>\n<\/li>\n<li><strong>Poign\u00e9e<\/strong> :\n<ul>\n<li><strong>Mat\u00e9riau<\/strong>: <strong>aluminium avec inserts en bois<\/strong> &#8211; la poign\u00e9e en aluminium offre l\u00e9g\u00e8ret\u00e9 et durabilit\u00e9, tandis que les inserts en bois ajoutent une \u00e9l\u00e9gance visuelle et un contraste agr\u00e9able.<\/li>\n<li><strong>Prise en main s\u00fbre<\/strong>: la conception du manche est ergonomique et garantit une prise en main s\u00fbre et confortable du couteau.<\/li>\n<\/ul>\n<\/li>\n<li><strong>Caract\u00e9ristiques<\/strong>:\n<ul>\n<li><strong>Linerlock<\/strong> &#8211; s\u00e9curise la lame en position ouverte, garantissant une utilisation en toute s\u00e9curit\u00e9.<\/li>\n<li><strong>Outils suppl\u00e9mentaires<\/strong>:\n<ul>\n<li><strong>Brise-vitre<\/strong> &#8211; pour les situations d&rsquo;urgence o\u00f9 vous devez briser du verre rapidement et efficacement.<\/li>\n<li><strong>Coupe-ceinture<\/strong> &#8211; un outil pratique pour couper les ceintures de s\u00e9curit\u00e9 en cas d&rsquo;urgence.<\/li>\n<\/ul>\n<\/li>\n<\/ul>\n<\/li>\n<li><strong>L&rsquo;affaire<\/strong>:\n<ul>\n<li><strong>\u00c9tui en nylon<\/strong> &#8211; comprend une pochette pratique \u00e0 porter \u00e0 la ceinture.<\/li>\n<li><strong>Bo\u00eete cadeau<\/strong> &#8211; Le couteau est pr\u00e9sent\u00e9 dans une \u00e9l\u00e9gante bo\u00eete cadeau, ce qui en fait un cadeau id\u00e9al pour les collectionneurs ou les amateurs.<\/li>\n<\/ul>\n<\/li>\n<\/ol>\n<hr>\n<h3><strong>Sp\u00e9cifications techniques<\/strong> :<\/h3>\n<ul>\n<li><strong>Longueur totale<\/strong>: 22,00 cm<\/li>\n<li><strong>Longueur de la lame<\/strong>: 9,30 cm<\/li>\n<li><strong>\u00c9paisseur de la lame<\/strong>: 3,00 mm<\/li>\n<li><strong>Poids<\/strong>: 205,00 g<\/li>\n<li><strong>Mat\u00e9riau de la lame<\/strong>: 440C<\/li>\n<li><strong>Mat\u00e9riau du manche<\/strong>: aluminium avec inserts en bois<\/li>\n<li><strong>M\u00e9canisme d&rsquo;ouverture<\/strong>: manuel (flipper\/goupille)<\/li>\n<li><strong>Fermeture<\/strong>: <strong>Linerlock<\/strong><\/li>\n<li><strong>Num\u00e9ro d&rsquo;article<\/strong>: 01CAL14<\/li>\n<\/ul>\n<hr>\n<h3><strong>Avantages et utilisations<\/strong> :<\/h3>\n<ul>\n<li><strong>Polyvalence<\/strong>: le couteau de poche dot\u00e9 d&rsquo;une lame <strong>440C<\/strong> de haute qualit\u00e9 et de fonctions suppl\u00e9mentaires (brise-verre, coupe-ceinture) est id\u00e9al pour le transport quotidien, mais aussi pour une utilisation en situation de crise.<\/li>\n<li><strong>Design \u00e9l\u00e9gant<\/strong>: la combinaison du <strong>manche en aluminium<\/strong> et des <strong>inserts en bois<\/strong> rend ce couteau non seulement fonctionnel mais aussi attrayant.<\/li>\n<li><strong>S\u00e9curit\u00e9 et confort<\/strong>: le m\u00e9canisme <strong>Linerlock<\/strong> et le manche ergonomique garantissent la s\u00e9curit\u00e9 et le confort du couteau, m\u00eame en cas d&rsquo;utilisation prolong\u00e9e.<\/li>\n<li><strong>\u00c9tui pratique<\/strong>: l&rsquo;\u00e9tui en nylon fourni facilite le transport et l&rsquo;acc\u00e8s au couteau.<\/li>\n<\/ul>\n<hr>\n<h3><strong>Conclusion<\/strong> :<\/h3>\n<p><strong>Le B\u00f6ker Plus KAL-14<\/strong> est un couteau de poche de haute qualit\u00e9 qui allie robustesse et fonctionnalit\u00e9 \u00e0 un design \u00e9l\u00e9gant. Adapt\u00e9 au transport quotidien comme aux situations de crise, ce mod\u00e8le est id\u00e9al pour les utilisateurs \u00e0 la recherche d&rsquo;un outil fiable et attrayant aux multiples usages. <\/p>\n<\/div>\n<\/div>\n<\/div>\n<\/div>\n<div class=\"mb-2 flex gap-3 empty:hidden -ml-2\">\n<div class=\"items-center justify-start rounded-xl p-1 flex\">\n<div class=\"flex items-center\"><\/div>\n<\/div>\n<\/div>\n<p>&nbsp;<\/p>\n","protected":false},"excerpt":{"rendered":"<div class=\"flex max-w-full flex-col flex-grow\">\n<div class=\"min-h-8 text-message flex w-full flex-col items-end gap-2 whitespace-normal break-words [.text-message+&amp;]:mt-5\" dir=\"auto\" data-message-author-role=\"assistant\" data-message-id=\"d7d8fd1e-846a-4da0-818b-dfa3b382aa15\" data-message-model-slug=\"gpt-4o-mini\">\n<div class=\"flex w-full flex-col gap-1 empty:hidden first:pt-[3px]\">\n<div class=\"markdown prose w-full break-words dark:prose-invert light\">\n<p><strong>Le B\u00f6ker Plus KAL-14 est un couteau de poche de haute qualit\u00e9 qui allie robustesse et fonctionnalit\u00e9 \u00e0 un design \u00e9l\u00e9gant. Adapt\u00e9 au transport quotidien comme aux situations de crise, ce mod\u00e8le est id\u00e9al pour les utilisateurs \u00e0 la recherche d&rsquo;un outil fiable et attrayant aux multiples usages. <\/strong><\/p>\n<\/div>\n<\/div>\n<\/div>\n<\/div>\n<div class=\"mb-2 flex gap-3 empty:hidden -ml-2\">\n<div class=\"items-center justify-start rounded-xl p-1 flex\">\n<div class=\"flex items-center\"><\/div>\n<\/div>\n<\/div>\n","protected":false},"featured_media":361265,"comment_status":"closed","ping_status":"closed","template":"","meta":[],"pwb-brand":[3799],"product_brand":[],"product_cat":[3700,3696],"product_tag":[],"class_list":{"0":"post-429693","1":"product","2":"type-product","3":"status-publish","4":"has-post-thumbnail","6":"pwb-brand-boker-fr","7":"product_cat-couteaux-de-fermeture","8":"product_cat-des-couteaux","10":"first","11":"outofstock","12":"taxable","13":"shipping-taxable","14":"purchasable","15":"product-type-simple"},"brands":[{"id":3799,"name":"Boker","slug":"boker-fr"}],"_links":{"self":[{"href":"https:\/\/www.moskito.cz\/fr\/wp-json\/wp\/v2\/product\/429693","targetHints":{"allow":["GET"]}}],"collection":[{"href":"https:\/\/www.moskito.cz\/fr\/wp-json\/wp\/v2\/product"}],"about":[{"href":"https:\/\/www.moskito.cz\/fr\/wp-json\/wp\/v2\/types\/product"}],"replies":[{"embeddable":true,"href":"https:\/\/www.moskito.cz\/fr\/wp-json\/wp\/v2\/comments?post=429693"}],"wp:featuredmedia":[{"embeddable":true,"href":"https:\/\/www.moskito.cz\/fr\/wp-json\/wp\/v2\/media\/361265"}],"wp:attachment":[{"href":"https:\/\/www.moskito.cz\/fr\/wp-json\/wp\/v2\/media?parent=429693"}],"wp:term":[{"taxonomy":"pwb-brand","embeddable":true,"href":"https:\/\/www.moskito.cz\/fr\/wp-json\/wp\/v2\/pwb-brand?post=429693"},{"taxonomy":"product_brand","embeddable":true,"href":"https:\/\/www.moskito.cz\/fr\/wp-json\/wp\/v2\/product_brand?post=429693"},{"taxonomy":"product_cat","embeddable":true,"href":"https:\/\/www.moskito.cz\/fr\/wp-json\/wp\/v2\/product_cat?post=429693"},{"taxonomy":"product_tag","embeddable":true,"href":"https:\/\/www.moskito.cz\/fr\/wp-json\/wp\/v2\/product_tag?post=429693"}],"curies":[{"name":"wp","href":"https:\/\/api.w.org\/{rel}","templated":true}]}}