{"id":429732,"date":"2023-02-15T22:24:42","date_gmt":"2023-02-15T21:24:42","guid":{"rendered":"https:\/\/www.moskito.cz\/produkt\/couteau-dejection-a-g-a-campolin-akc-f-16-otf\/"},"modified":"2025-12-18T10:48:27","modified_gmt":"2025-12-18T09:48:27","slug":"couteau-dejection-a-g-a-campolin-akc-f-16-otf","status":"publish","type":"product","link":"https:\/\/www.moskito.cz\/fr\/produkt\/couteau-dejection-a-g-a-campolin-akc-f-16-otf\/","title":{"rendered":"Couteau d&rsquo;\u00e9jection A.G.A. CAMPOLIN AKC F-16 OTF"},"content":{"rendered":"<p>Couteau d&rsquo;\u00e9jection <strong>A.G.A. CAMPOLIN<\/strong> AKC F-16 OTF<\/p>\n<p>L&rsquo;AKC OTF \u00ab\u00a0F16\u00a0\u00bb est un couteau automatique impressionnant qui allie fonctionnalit\u00e9 et design attrayant. Voici un aper\u00e7u de ses principales caract\u00e9ristiques et de ce qui en fait un outil exceptionnel :<br \/>\nCaract\u00e9ristiques principales : <\/p>\n<p>M\u00e9canisme de la lame :<br \/>\nLe m\u00e9canisme \u00e0 double ressort assure une extension rapide et fiable de la lame.<br \/>\nL&rsquo;extension et la r\u00e9traction de la lame s&rsquo;effectuent par simple pression sur un bouton.<br \/>\nLe d\u00e9gagement minimal de la lame permet un contr\u00f4le s\u00fbr et pr\u00e9cis.<\/p>\n<p>Conception et construction :<br \/>\nLame : Lame de poignard satin\u00e9e et polie, inspir\u00e9e du stiletto italien classique, offrant une forme tranchante et sym\u00e9trique.<br \/>\nPoign\u00e9e : Construction l\u00e9g\u00e8re en aluminium avec une finition vert militaire. L&rsquo;insert en papier de verre noir am\u00e9liore la s\u00e9curit\u00e9 de la prise en main, m\u00eame dans des conditions difficiles.<br \/>\nClip de poche : Clip noir pour un transport s\u00e9curis\u00e9. <\/p>\n<p>Dimensions :<br \/>\nLongueur totale : 20 cm<br \/>\nLongueur de la lame : 8,5 cm<br \/>\nEpaisseur de la lame : 3 mm<br \/>\nPoids : 90 g<\/p>\n<p>Mat\u00e9riaux :<br \/>\nMat\u00e9riau de la lame : Acier inoxydable 440A, connu pour sa r\u00e9sistance \u00e0 la corrosion et sa facilit\u00e9 d&rsquo;aff\u00fbtage.<br \/>\nMat\u00e9riau du manche : aluminium pour la durabilit\u00e9 et la l\u00e9g\u00e8ret\u00e9.<br \/>\nMat\u00e9riau de la doublure : papier de verre pour une prise en main ferme et ergonomique.<\/p>\n<p>Applicabilit\u00e9 :<\/p>\n<p>Con\u00e7u comme un outil de transport quotidien, le F16 est compact et facile \u00e0 utiliser. Son action rapide et sa construction robuste en font un outil \u00e0 la fois utilitaire et d\u00e9fensif.<br \/>\nEsth\u00e9tique : <\/p>\n<p>Inspir\u00e9 par l&rsquo;avion de combat F-16 Fighting Falcon, son design \u00e9l\u00e9gant et fonctionnel refl\u00e8te la pr\u00e9cision de l&rsquo;ing\u00e9nierie et la durabilit\u00e9 militaire. Le style italien inspir\u00e9 des talons aiguilles lui conf\u00e8re une touche classique avec un savoir-faire moderne. <\/p>\n<p>Gr\u00e2ce \u00e0 sa rapidit\u00e9, sa durabilit\u00e9 et sa conception ergonomique, ce couteau est un ajout pr\u00e9cieux \u00e0 toute collection ou un outil fiable pour un usage quotidien.<\/p>\n<p><iframe title=\"AKC F16 Automatic OTF F16B CF\" width=\"800\" height=\"450\" src=\"https:\/\/www.youtube.com\/embed\/yyAzUKCJ_AQ?feature=oembed\" frameborder=\"0\" allow=\"accelerometer; autoplay; clipboard-write; encrypted-media; gyroscope; picture-in-picture; web-share\" referrerpolicy=\"strict-origin-when-cross-origin\" allowfullscreen><\/iframe><\/p>\n<p>&nbsp;<\/p>\n","protected":false},"excerpt":{"rendered":"<p><strong>Gr\u00e2ce \u00e0 sa rapidit\u00e9, sa durabilit\u00e9 et sa conception ergonomique, ce couteau est un ajout pr\u00e9cieux \u00e0 toute collection ou un outil fiable pour un usage quotidien.<\/strong><\/p>\n","protected":false},"featured_media":429734,"comment_status":"open","ping_status":"closed","template":"","meta":[],"pwb-brand":[4011],"product_brand":[],"product_cat":[3699,3696],"product_tag":[],"class_list":{"0":"post-429732","1":"product","2":"type-product","3":"status-publish","4":"has-post-thumbnail","6":"pwb-brand-aga-campolin-fr","7":"product_cat-couteaux-de-tir","8":"product_cat-des-couteaux","10":"first","11":"instock","12":"taxable","13":"shipping-taxable","14":"purchasable","15":"product-type-simple"},"brands":[{"id":4011,"name":"AGA CAMPOLIN","slug":"aga-campolin-fr"}],"_links":{"self":[{"href":"https:\/\/www.moskito.cz\/fr\/wp-json\/wp\/v2\/product\/429732","targetHints":{"allow":["GET"]}}],"collection":[{"href":"https:\/\/www.moskito.cz\/fr\/wp-json\/wp\/v2\/product"}],"about":[{"href":"https:\/\/www.moskito.cz\/fr\/wp-json\/wp\/v2\/types\/product"}],"replies":[{"embeddable":true,"href":"https:\/\/www.moskito.cz\/fr\/wp-json\/wp\/v2\/comments?post=429732"}],"wp:featuredmedia":[{"embeddable":true,"href":"https:\/\/www.moskito.cz\/fr\/wp-json\/wp\/v2\/media\/429734"}],"wp:attachment":[{"href":"https:\/\/www.moskito.cz\/fr\/wp-json\/wp\/v2\/media?parent=429732"}],"wp:term":[{"taxonomy":"pwb-brand","embeddable":true,"href":"https:\/\/www.moskito.cz\/fr\/wp-json\/wp\/v2\/pwb-brand?post=429732"},{"taxonomy":"product_brand","embeddable":true,"href":"https:\/\/www.moskito.cz\/fr\/wp-json\/wp\/v2\/product_brand?post=429732"},{"taxonomy":"product_cat","embeddable":true,"href":"https:\/\/www.moskito.cz\/fr\/wp-json\/wp\/v2\/product_cat?post=429732"},{"taxonomy":"product_tag","embeddable":true,"href":"https:\/\/www.moskito.cz\/fr\/wp-json\/wp\/v2\/product_tag?post=429732"}],"curies":[{"name":"wp","href":"https:\/\/api.w.org\/{rel}","templated":true}]}}