{"id":429753,"date":"2025-09-13T09:29:46","date_gmt":"2025-09-13T08:29:46","guid":{"rendered":"https:\/\/www.moskito.cz\/produkt\/leatherman-skeletool-kb-833165\/"},"modified":"2025-12-18T10:48:35","modified_gmt":"2025-12-18T09:48:35","slug":"leatherman-skeletool-kb-833165","status":"publish","type":"product","link":"https:\/\/www.moskito.cz\/fr\/produkt\/leatherman-skeletool-kb-833165\/","title":{"rendered":"Leatherman SkeleTool KB 833165"},"content":{"rendered":"<p data-start=\"133\" data-end=\"625\">Lorsque vous prenez le <strong data-start=\"153\" data-end=\"192\">Leatherman Skeletool KB Onyx 833165<\/strong>, vous savez imm\u00e9diatement qu&rsquo;il s&rsquo;agit d&rsquo;un outil minimaliste con\u00e7u pour \u00eatre port\u00e9 tous les jours. La finition noire de l&rsquo;Onyx est \u00e9l\u00e9gante et discr\u00e8te, tout en offrant une lame fiable en acier inoxydable <strong data-start=\"375\" data-end=\"384\">420HC<\/strong> qui peut faire face \u00e0 toutes les t\u00e2ches courantes. Le Skeletool KB n&rsquo;offre pas une multitude de caract\u00e9ristiques, mais plut\u00f4t la simplicit\u00e9, la l\u00e9g\u00e8ret\u00e9 et la rapidit\u00e9 d&rsquo;ex\u00e9cution. Avec un clip de poche astucieux qui sert \u00e9galement de d\u00e9capsuleur, vous aurez toujours ce dont vous avez besoin \u00e0 port\u00e9e de main.   <\/p>\n<hr data-start=\"627\" data-end=\"630\">\n<p data-start=\"632\" data-end=\"700\">\ud83d\udd27 <strong data-start=\"635\" data-end=\"698\">Caract\u00e9ristiques techniques (Leatherman Skeletool KB Onyx 833165)<\/strong><\/p>\n<ul data-start=\"702\" data-end=\"1087\">\n<li data-start=\"702\" data-end=\"738\">\n<p data-start=\"704\" data-end=\"738\"><strong data-start=\"704\" data-end=\"729\">Longueur de la lame ferm\u00e9e :<\/strong> 8,7 cm<\/p>\n<\/li>\n<li data-start=\"739\" data-end=\"777\">\n<p data-start=\"741\" data-end=\"777\"><strong data-start=\"741\" data-end=\"767\">Longueur de la lame ouverte :<\/strong> 14,9 cm<\/p>\n<\/li>\n<li data-start=\"778\" data-end=\"806\">\n<p data-start=\"780\" data-end=\"806\"><strong data-start=\"780\" data-end=\"797\">Longueur de la lame :<\/strong> 6,6 cm<\/p>\n<\/li>\n<li data-start=\"807\" data-end=\"831\">\n<p data-start=\"809\" data-end=\"831\"><strong data-start=\"809\" data-end=\"822\">Poids :<\/strong> 36,8 g<\/p>\n<\/li>\n<li data-start=\"832\" data-end=\"876\">\n<p data-start=\"834\" data-end=\"876\"><strong data-start=\"834\" data-end=\"854\">Mat\u00e9riau de la lame :<\/strong> acier inoxydable 420HC<\/p>\n<\/li>\n<li data-start=\"877\" data-end=\"927\">\n<p data-start=\"879\" data-end=\"927\"><strong data-start=\"879\" data-end=\"900\">Finition de la surface :<\/strong> Onyx noir (oxyde noir)<\/p>\n<\/li>\n<li data-start=\"928\" data-end=\"988\">\n<p data-start=\"930\" data-end=\"988\"><strong data-start=\"930\" data-end=\"952\">Mat\u00e9riau de la poign\u00e9e :<\/strong> acier inoxydable avec \u00e9l\u00e9ments en aluminium<\/p>\n<\/li>\n<li data-start=\"989\" data-end=\"1024\">\n<p data-start=\"991\" data-end=\"1024\"><strong data-start=\"991\" data-end=\"1011\">Verrouillage de la lame :<\/strong> liner-lock<\/p>\n<\/li>\n<li data-start=\"1025\" data-end=\"1087\">\n<p data-start=\"1027\" data-end=\"1087\"><strong data-start=\"1027\" data-end=\"1044\">Nombre de fonctions :<\/strong> 2 (lame, d\u00e9capsuleur\/pince)<\/p>\n<\/li>\n<\/ul>\n<hr data-start=\"1089\" data-end=\"1092\">\n<p data-start=\"1094\" data-end=\"1115\">\u2705 <strong data-start=\"1096\" data-end=\"1113\">Principaux avantages<\/strong><\/p>\n<ul data-start=\"1117\" data-end=\"1478\">\n<li data-start=\"1117\" data-end=\"1168\">\n<p data-start=\"1119\" data-end=\"1168\">Extr\u00eamement l\u00e9ger &#8211; seulement 37 g, id\u00e9al pour l&rsquo;EDC.<\/p>\n<\/li>\n<li data-start=\"1169\" data-end=\"1233\">\n<p data-start=\"1171\" data-end=\"1233\">\u00c9l\u00e9gante finition en Onyx noir avec une finition durable.<\/p>\n<\/li>\n<li data-start=\"1234\" data-end=\"1308\">\n<p data-start=\"1236\" data-end=\"1308\">Lame en 420HC &#8211; facile \u00e0 aiguiser et bonne tenue de la lame pour une utilisation normale.<\/p>\n<\/li>\n<li data-start=\"1309\" data-end=\"1351\">\n<p data-start=\"1311\" data-end=\"1351\">Verrouillez la lame (liner-lock).<\/p>\n<\/li>\n<li data-start=\"1352\" data-end=\"1418\">\n<p data-start=\"1354\" data-end=\"1418\">Clip de poche pratique qui sert \u00e9galement de d\u00e9capsuleur.<\/p>\n<\/li>\n<li data-start=\"1419\" data-end=\"1478\">\n<p data-start=\"1421\" data-end=\"1478\">Taille compacte &#8211; ne prend pratiquement pas de place dans votre poche.<\/p>\n<\/li>\n<\/ul>\n<hr data-start=\"1480\" data-end=\"1483\">\n<p data-start=\"1485\" data-end=\"1507\">\u26a0\ufe0f <strong data-start=\"1488\" data-end=\"1505\">Restrictions possibles<\/strong><\/p>\n<ul data-start=\"1509\" data-end=\"1733\">\n<li data-start=\"1509\" data-end=\"1576\">\n<p data-start=\"1511\" data-end=\"1576\">Avec seulement deux fonctions &#8211; couteau et ouvre-bo\u00eete -, il ne remplacera pas un multitool \u00e0 part enti\u00e8re.<\/p>\n<\/li>\n<li data-start=\"1577\" data-end=\"1656\">\n<p data-start=\"1579\" data-end=\"1656\">L&rsquo;acier 420HC n&rsquo;est pas de premi\u00e8re qualit\u00e9 &#8211; il n\u00e9cessite un meulage plus fr\u00e9quent que les mat\u00e9riaux plus co\u00fbteux.<\/p>\n<\/li>\n<li data-start=\"1657\" data-end=\"1733\">\n<p data-start=\"1659\" data-end=\"1733\">Lame plus petite &#8211; convient pour les petits travaux, pas pour les travaux ext\u00e9rieurs exigeants.<\/p>\n<\/li>\n<\/ul>\n<hr data-start=\"1735\" data-end=\"1738\">\n<p data-start=\"1740\" data-end=\"1763\">\ud83d\udee0\ufe0f <strong data-start=\"1744\" data-end=\"1761\">Entretien et soins<\/strong><\/p>\n<ul data-start=\"1765\" data-end=\"2146\">\n<li data-start=\"1765\" data-end=\"1807\">\n<p data-start=\"1767\" data-end=\"1807\">Essuyez le couteau apr\u00e8s utilisation et rangez-le dans un endroit sec.<\/p>\n<\/li>\n<li data-start=\"1808\" data-end=\"1862\">\n<p data-start=\"1810\" data-end=\"1862\">Lubrifiez occasionnellement l&rsquo;articulation et les pi\u00e8ces mobiles avec une goutte d&rsquo;huile.<\/p>\n<\/li>\n<li data-start=\"1863\" data-end=\"1917\">\n<p data-start=\"1865\" data-end=\"1917\">Prot\u00e8ge la finition Onyx de l&rsquo;abrasion grossi\u00e8re.<\/p>\n<\/li>\n<li data-start=\"1918\" data-end=\"2146\">\n<p data-start=\"1920\" data-end=\"2146\"><strong data-start=\"1920\" data-end=\"2144\">Pour conserver le tranchant, nous recommandons <a class=\"decorated-link cursor-pointer\" target=\"_new\" rel=\"noopener\" data-start=\"1953\" data-end=\"2042\">le syst\u00e8me d&rsquo;aff\u00fbtage complet Spyderco Tri-Angle Sharpmaker 204MF<\/a><\/strong><\/p>\n<\/li>\n<li data-start=\"1918\" data-end=\"2146\">\n<p data-start=\"2153\" data-end=\"2176\">\ud83c\udfaf <strong data-start=\"2156\" data-end=\"2174\">Recommand\u00e9 pour<\/strong><\/p>\n<ul data-start=\"2178\" data-end=\"2418\">\n<li data-start=\"2178\" data-end=\"2240\">\n<p data-start=\"2180\" data-end=\"2240\">Portage quotidien (EDC) o\u00f9 vous appr\u00e9ciez la l\u00e9g\u00e8ret\u00e9 et la compacit\u00e9.<\/p>\n<\/li>\n<li data-start=\"2241\" data-end=\"2300\">\n<p data-start=\"2243\" data-end=\"2300\">Les minimalistes qui ne veulent qu&rsquo;une lame tranchante et rien de plus.<\/p>\n<\/li>\n<li data-start=\"2301\" data-end=\"2362\">\n<p data-start=\"2303\" data-end=\"2362\">Environnement urbain, excursions en plein air et petites t\u00e2ches m\u00e9nag\u00e8res.<\/p>\n<\/li>\n<li data-start=\"2363\" data-end=\"2418\">\n<p data-start=\"2365\" data-end=\"2418\">Les amateurs de design moderne en Onyx noir.<\/p>\n<\/li>\n<\/ul>\n<hr data-start=\"2420\" data-end=\"2423\">\n<p data-start=\"2425\" data-end=\"2452\">\u2b50 <strong data-start=\"2427\" data-end=\"2450\">Note finale<\/strong><\/p>\n<p data-start=\"2454\" data-end=\"2772\"><strong data-start=\"2454\" data-end=\"2493\">Le Leatherman Skeletool KB Onyx 833165<\/strong> est le couteau id\u00e9al pour ceux qui recherchent \u00e0 la fois la simplicit\u00e9 et le style. Il est l\u00e9ger comme une plume, compact et, gr\u00e2ce au design Onyx, \u00e9l\u00e9gant. Si vous n&rsquo;avez pas besoin d&rsquo;un multitool complet, mais d&rsquo;un couteau fiable qui ne vous encombrera pas dans votre poche et qui sera toujours \u00e0 port\u00e9e de main, le KB Onyx est le bon choix.  <\/p>\n<\/li>\n<\/ul>\n","protected":false},"excerpt":{"rendered":"<p><strong>Le Leatherman Skeletool KB Onyx 833165 est le couteau id\u00e9al pour ceux qui recherchent \u00e0 la fois la simplicit\u00e9 et le style.<\/strong><\/p>\n","protected":false},"featured_media":423193,"comment_status":"open","ping_status":"closed","template":"","meta":[],"pwb-brand":[3934],"product_brand":[],"product_cat":[3700,3696,3695],"product_tag":[],"class_list":{"0":"post-429753","1":"product","2":"type-product","3":"status-publish","4":"has-post-thumbnail","6":"pwb-brand-maroquinier","7":"product_cat-couteaux-de-fermeture","8":"product_cat-des-couteaux","9":"product_cat-outil-multi-fonction","11":"first","12":"outofstock","13":"taxable","14":"shipping-taxable","15":"purchasable","16":"product-type-simple"},"brands":[{"id":3934,"name":"Maroquinier","slug":"maroquinier"}],"_links":{"self":[{"href":"https:\/\/www.moskito.cz\/fr\/wp-json\/wp\/v2\/product\/429753","targetHints":{"allow":["GET"]}}],"collection":[{"href":"https:\/\/www.moskito.cz\/fr\/wp-json\/wp\/v2\/product"}],"about":[{"href":"https:\/\/www.moskito.cz\/fr\/wp-json\/wp\/v2\/types\/product"}],"replies":[{"embeddable":true,"href":"https:\/\/www.moskito.cz\/fr\/wp-json\/wp\/v2\/comments?post=429753"}],"wp:featuredmedia":[{"embeddable":true,"href":"https:\/\/www.moskito.cz\/fr\/wp-json\/wp\/v2\/media\/423193"}],"wp:attachment":[{"href":"https:\/\/www.moskito.cz\/fr\/wp-json\/wp\/v2\/media?parent=429753"}],"wp:term":[{"taxonomy":"pwb-brand","embeddable":true,"href":"https:\/\/www.moskito.cz\/fr\/wp-json\/wp\/v2\/pwb-brand?post=429753"},{"taxonomy":"product_brand","embeddable":true,"href":"https:\/\/www.moskito.cz\/fr\/wp-json\/wp\/v2\/product_brand?post=429753"},{"taxonomy":"product_cat","embeddable":true,"href":"https:\/\/www.moskito.cz\/fr\/wp-json\/wp\/v2\/product_cat?post=429753"},{"taxonomy":"product_tag","embeddable":true,"href":"https:\/\/www.moskito.cz\/fr\/wp-json\/wp\/v2\/product_tag?post=429753"}],"curies":[{"name":"wp","href":"https:\/\/api.w.org\/{rel}","templated":true}]}}