{"id":429797,"date":"2025-06-23T11:07:28","date_gmt":"2025-06-23T10:07:28","guid":{"rendered":"https:\/\/www.moskito.cz\/produkt\/spyderco-military-2-0-couteau-de-compression-c36gpdbl2\/"},"modified":"2025-12-22T11:33:46","modified_gmt":"2025-12-22T10:33:46","slug":"spyderco-military-2-0-couteau-de-compression-c36gpdbl2","status":"publish","type":"product","link":"https:\/\/www.moskito.cz\/fr\/produkt\/spyderco-military-2-0-couteau-de-compression-c36gpdbl2\/","title":{"rendered":"Spyderco Military 2.0 Couteau de compression C36GPDBL2"},"content":{"rendered":"<h2 data-pm-slice=\"1 1 []\"><strong>Spyderco Military 2.0 Couteau \u00e0 cran d&rsquo;arr\u00eat CPM-S110V Violet G-10 C36GPDBL2<\/strong><\/h2>\n<p><strong>Le Military 2.0 est une r\u00e9interpr\u00e9tation moderne de l&#8217;embl\u00e9matique Spyderco Military &#8211; il conserve la lame clip-point robuste de 4&Prime; avec un \u00e9mouture fine et plate, mais ajoute une ergonomie am\u00e9lior\u00e9e, une construction plus l\u00e9g\u00e8re et un acier CPM-S110V de premi\u00e8re qualit\u00e9. Le style \u00ab\u00a0militaire\u00a0\u00bb tranchant se distingue dans les sc\u00e9narios quotidiens et s&rsquo;associe bien avec le fourreau G-10 bleu fonc\u00e9 \u00ab\u00a0blurple\u00a0\u00bb. Le verrouillage par compression et le clip \u00e0 quatre positions en font un outil polyvalent pour l&rsquo;EDC, le tactique et l&rsquo;ext\u00e9rieur. <\/strong><\/p>\n<div>\n<hr>\n<\/div>\n<p>\ud83d\udcd0 <strong>Param\u00e8tres techniques<\/strong><\/p>\n<ul data-spread=\"false\">\n<li><strong>Longueur de la lame :<\/strong> 102 mm (4.00\u2033), drop-point\/clip-point, full-flat grind, satin finish<\/li>\n<li><strong>Longueur totale :<\/strong> 242 mm (9.51\u2033)<\/li>\n<li><strong>Longueur de la lame ferm\u00e9e :<\/strong> 140 mm (5.51\u2033)<\/li>\n<li><strong>\u00c9paisseur de la lame :<\/strong> 3,7 mm (0.145\u2033)<\/li>\n<li><strong>Poids :<\/strong> environ 124 g (4.37 oz)<\/li>\n<li><strong>Mat\u00e9riau de la lame :<\/strong> CPM-S110V &#8211; tr\u00e8s r\u00e9sistant \u00e0 l&rsquo;usure et aux attaques, avec une excellente r\u00e9tention de la lame et une r\u00e9sistance \u00e0 la corrosion.<\/li>\n<li><strong>Manche :<\/strong> G-10 bleu fonc\u00e9 \u00ab\u00a0Blurple\u00a0\u00bb avec texture \u00ab\u00a0peel-ply\u00a0\u00bb, rev\u00eatement moul\u00e9 en acier inoxydable<\/li>\n<li><strong>Le ch\u00e2teau :<\/strong> Compression Lock &#8211; s\u00fbr, souple, id\u00e9al pour un usage quotidien<\/li>\n<li><strong>Clip :<\/strong> quatre positions, basculement vers le haut\/bas, variante gauche\/droite<\/li>\n<li><strong>Ouverture :<\/strong> Trou rond surdimensionn\u00e9 &#8211; confortable m\u00eame avec des gants<\/li>\n<li>\u00c9tats-Unis (Golden, Colorado<strong>)<\/strong> <\/li>\n<\/ul>\n<div>\n<hr>\n<\/div>\n<p>\ud83d\udfe2 <strong>Avantages<\/strong><\/p>\n<ul data-spread=\"false\">\n<li><strong>Acier premium CPM-S110V<\/strong> &#8211; excellente r\u00e9tention et r\u00e9sistance \u00e0 la corrosion, id\u00e9al pour une utilisation \u00e0 long terme m\u00eame dans des conditions difficiles<\/li>\n<li><strong>Ergonomie am\u00e9lior\u00e9e et poids plus l\u00e9ger<\/strong> &#8211; cadre ouvert, doublures squelett\u00e9es, mais performances accrues<\/li>\n<li><strong>Verrouillage par compression<\/strong> &#8211; fermeture s\u00e9curis\u00e9e sans risque de blessure aux doigts<\/li>\n<li><strong>Adaptation ambidextre<\/strong> &#8211; le clip ajustable ajoute de la flexibilit\u00e9<\/li>\n<li>Le <strong>style classique de Spyderco<\/strong> &#8211; grand al\u00e9sage, forme robuste et identit\u00e9 claire<\/li>\n<\/ul>\n<div>\n<hr>\n<\/div>\n<p>\ud83d\udd34 <strong>Inconv\u00e9nients<\/strong><\/p>\n<ul data-spread=\"false\">\n<li><strong>Risque de micro-\u00e9clats<\/strong> &#8211; CPM-S110V est dur mais cassant ; n\u00e9cessite un meulage ad\u00e9quat<\/li>\n<li><strong>Poids relativement \u00e9lev\u00e9<\/strong> &#8211; 124 g, soit un peu plus que les couteaux EDC plus l\u00e9gers.<\/li>\n<li><strong>Prix durci (~$320<\/strong> ) &#8211; compromis pour des mat\u00e9riaux de premi\u00e8re qualit\u00e9<\/li>\n<\/ul>\n<div>\n<hr>\n<\/div>\n<p>\ud83d\udcac <strong>Ce que dit la communaut\u00e9<\/strong><\/p>\n<blockquote><p>\u00ab\u00a0Tranchant, aff\u00fbtage, centrage et action parfaits&#8230; super acier power scalpel.\u00a0\u00bb &#8211; Reviews 5\u2605<br \/>\n\u00ab\u00a0S110V est probablement l&rsquo;acier avec la meilleure r\u00e9tention du tranchant&#8230; tr\u00e8s r\u00e9sistant&#8230;\u00a0\u00bb<br \/>\n\u00ab\u00a0Le Military 2 tant attendu am\u00e9liore&#8230; avec le m\u00e9canisme Compression Lock&#8230;\u00a0\u00bb<\/p><\/blockquote>\n<div>\n<hr>\n<\/div>\n<p>\ud83d\udee0\ufe0f <strong>Entretien et soins<\/strong><\/p>\n<ul data-spread=\"false\">\n<li><strong>Meulage S110V<\/strong>: angle faible et pierres diamant\u00e9es\/CBN recommand\u00e9es pour minimiser les micro-\u00e9clats.<\/li>\n<li><strong>Clip et gaines<\/strong>: nettoyer et lubrifier pour un mouvement fluide<\/li>\n<li><strong>Canon en G-10<\/strong>: facile \u00e0 nettoyer, facile \u00e0 entretenir<\/li>\n<\/ul>\n<div>\n<hr>\n<\/div>\n<p>\u2764\ufe0f <strong>Appel \u00e9motionnel<\/strong><\/p>\n<p>Le Military 2.0 S110V est un partenaire de travail courageux &#8211; il a l&rsquo;air dur, coupe avec pr\u00e9cision et dure. Le G-10 \u00ab\u00a0Blurple\u00a0\u00bb donne de la personnalit\u00e9 tout en conservant un ton s\u00e9rieux. L&rsquo;ouverture est douce comme du jazz, la serrure solide comme du b\u00e9ton. Vous transportez \u00e0 la fois la puissance et l&rsquo;\u00e9l\u00e9gance dans votre poche.   <\/p>\n<div>\n<hr>\n<\/div>\n<p>\u2705 <strong>Conclusion<\/strong><\/p>\n<p><strong>Le Spyderco Military 2.0 CPM-S110V C36GPDBL2<\/strong> est un choix d&rsquo;\u00e9lite pour ceux qui exigent un acier de premi\u00e8re qualit\u00e9, une fiabilit\u00e9 absolue et un confort de transport. Si vous \u00eates \u00e0 la recherche d&rsquo;un couteau qui combine tradition, innovation moderne et v\u00e9ritable puissance en une seule forme, ce mod\u00e8le ne vous d\u00e9cevra pas. Int\u00e9ress\u00e9 par une comparaison avec le S30V classique ou d&rsquo;autres \u00e9ditions militaires ? Je serais heureux d&rsquo;en choisir un autre !   <\/p>\n","protected":false},"excerpt":{"rendered":"<p><strong>Le Military 2.0 S110V est un partenaire de travail courageux &#8211; il a l&rsquo;air dur, coupe avec pr\u00e9cision et dure. Le G-10 \u00ab\u00a0Blurple\u00a0\u00bb donne de la personnalit\u00e9 tout en conservant un ton s\u00e9rieux. L&rsquo;ouverture est douce comme du jazz, la serrure solide comme du b\u00e9ton. Vous transportez \u00e0 la fois la puissance et l&rsquo;\u00e9l\u00e9gance dans votre poche.   <\/strong><\/p>\n<p><strong>Livraison gratuite.<\/strong><\/p>\n","protected":false},"featured_media":409869,"comment_status":"open","ping_status":"closed","template":"","meta":[],"pwb-brand":[3778],"product_brand":[],"product_cat":[3700,3696],"product_tag":[],"class_list":{"0":"post-429797","1":"product","2":"type-product","3":"status-publish","4":"has-post-thumbnail","6":"pwb-brand-spyderco-fr","7":"product_cat-couteaux-de-fermeture","8":"product_cat-des-couteaux","10":"first","11":"instock","12":"taxable","13":"shipping-taxable","14":"purchasable","15":"product-type-simple"},"brands":[{"id":3778,"name":"Spyderco","slug":"spyderco-fr"}],"_links":{"self":[{"href":"https:\/\/www.moskito.cz\/fr\/wp-json\/wp\/v2\/product\/429797","targetHints":{"allow":["GET"]}}],"collection":[{"href":"https:\/\/www.moskito.cz\/fr\/wp-json\/wp\/v2\/product"}],"about":[{"href":"https:\/\/www.moskito.cz\/fr\/wp-json\/wp\/v2\/types\/product"}],"replies":[{"embeddable":true,"href":"https:\/\/www.moskito.cz\/fr\/wp-json\/wp\/v2\/comments?post=429797"}],"wp:featuredmedia":[{"embeddable":true,"href":"https:\/\/www.moskito.cz\/fr\/wp-json\/wp\/v2\/media\/409869"}],"wp:attachment":[{"href":"https:\/\/www.moskito.cz\/fr\/wp-json\/wp\/v2\/media?parent=429797"}],"wp:term":[{"taxonomy":"pwb-brand","embeddable":true,"href":"https:\/\/www.moskito.cz\/fr\/wp-json\/wp\/v2\/pwb-brand?post=429797"},{"taxonomy":"product_brand","embeddable":true,"href":"https:\/\/www.moskito.cz\/fr\/wp-json\/wp\/v2\/product_brand?post=429797"},{"taxonomy":"product_cat","embeddable":true,"href":"https:\/\/www.moskito.cz\/fr\/wp-json\/wp\/v2\/product_cat?post=429797"},{"taxonomy":"product_tag","embeddable":true,"href":"https:\/\/www.moskito.cz\/fr\/wp-json\/wp\/v2\/product_tag?post=429797"}],"curies":[{"name":"wp","href":"https:\/\/api.w.org\/{rel}","templated":true}]}}