{"id":429813,"date":"2021-05-27T21:00:52","date_gmt":"2021-05-27T20:00:52","guid":{"rendered":"https:\/\/www.moskito.cz\/produkt\/couteau-dejection-boker-plus-strike-coyote-spearpoint\/"},"modified":"2025-12-22T13:56:37","modified_gmt":"2025-12-22T12:56:37","slug":"couteau-dejection-boker-plus-strike-coyote-spearpoint","status":"publish","type":"product","link":"https:\/\/www.moskito.cz\/fr\/produkt\/couteau-dejection-boker-plus-strike-coyote-spearpoint\/","title":{"rendered":"Couteau d&rsquo;\u00e9jection B\u00f6ker Plus STRIKE COYOTE SPEARPOINT"},"content":{"rendered":"<p>Couteau d&rsquo;\u00e9jection <strong>B\u00f6ker<\/strong> Plus STRIKE COYOTE SPEARPOINT.<\/p>\n<p>Le B\u00f6ker Plus est id\u00e9al pour tous les travaux. La lame est en acier inoxydable AUS-8. Le manche en aluminium garantit un poids r\u00e9duit. Le couteau est muni d&rsquo;un clip permettant de l&rsquo;attacher. Livr\u00e9 dans un coffret cadeau.    <\/p>\n<p>Longueur totale : 20,1 cm<\/p>\n<p>Longueur de la lame : 8,5 cm<\/p>\n<p>\u00c9paisseur de la lame : 3,0 mm<\/p>\n<p>Poids : 137,0 g<\/p>\n<p>Mat\u00e9riau de la lame : AUS-8<\/p>\n<p>Mat\u00e9riau du manche : aluminium<\/p>\n<p>fermeture : bouton<\/p>\n<p>Ouvrez le support:bouton<\/p>\n<p>ouverture : automatique<\/p>\n<p>Le Strike de Boker Plus est un couteau automatique robuste pour un usage quotidien ou tactique qui compl\u00e8te notre large s\u00e9lection de couteaux \u00e0 cran d&rsquo;arr\u00eat. La poign\u00e9e mince et ergonomique est bas\u00e9e sur des doublures en acier massif, qui sont \u00e9quip\u00e9es d&rsquo;\u00e9cailles l\u00e9g\u00e8res en aluminium coyote qui sont frais\u00e9es pour une bonne prise en main. Ce m\u00e9tal relativement souple et r\u00e9sistant est \u00e9galement tr\u00e8s solide et durable. De profondes entailles dans l&rsquo;\u00e9l\u00e9vation bien d\u00e9finie du pouce favorisent une prise en main s\u00fbre. Une glissi\u00e8re de s\u00e9curit\u00e9 \u00e0 enclenchement net contre les d\u00e9clenchements accidentels offre une s\u00e9curit\u00e9 suppl\u00e9mentaire lorsque le couteau est ferm\u00e9. La lame \u00e0 pointe tombante est fabriqu\u00e9e \u00e0 partir d&rsquo;un acier AUS-8 d\u00e9velopp\u00e9 au Japon et est dot\u00e9e d&rsquo;une finition Stonewash fonc\u00e9e. Avec un clip r\u00e9versible (pointe vers le haut \/ pointe vers le bas) et un \u00e9tui en nylon de haute qualit\u00e9 pour le rangement.      <\/p>\n","protected":false},"excerpt":{"rendered":"<p>Au fil du temps, la fabrique de couteaux <strong>B\u00f6ker<\/strong> est devenue un leader mondial de l&rsquo;innovation et le plus grand fabricant de couteaux de sport, de couteaux tactiques et de couteaux de collection en Europe.<\/p>\n","protected":false},"featured_media":429815,"comment_status":"open","ping_status":"closed","template":"","meta":[],"pwb-brand":[3799],"product_brand":[],"product_cat":[3699,3696],"product_tag":[],"class_list":{"0":"post-429813","1":"product","2":"type-product","3":"status-publish","4":"has-post-thumbnail","6":"pwb-brand-boker-fr","7":"product_cat-couteaux-de-tir","8":"product_cat-des-couteaux","10":"first","11":"outofstock","12":"taxable","13":"shipping-taxable","14":"purchasable","15":"product-type-simple"},"brands":[{"id":3799,"name":"Boker","slug":"boker-fr"}],"_links":{"self":[{"href":"https:\/\/www.moskito.cz\/fr\/wp-json\/wp\/v2\/product\/429813","targetHints":{"allow":["GET"]}}],"collection":[{"href":"https:\/\/www.moskito.cz\/fr\/wp-json\/wp\/v2\/product"}],"about":[{"href":"https:\/\/www.moskito.cz\/fr\/wp-json\/wp\/v2\/types\/product"}],"replies":[{"embeddable":true,"href":"https:\/\/www.moskito.cz\/fr\/wp-json\/wp\/v2\/comments?post=429813"}],"wp:featuredmedia":[{"embeddable":true,"href":"https:\/\/www.moskito.cz\/fr\/wp-json\/wp\/v2\/media\/429815"}],"wp:attachment":[{"href":"https:\/\/www.moskito.cz\/fr\/wp-json\/wp\/v2\/media?parent=429813"}],"wp:term":[{"taxonomy":"pwb-brand","embeddable":true,"href":"https:\/\/www.moskito.cz\/fr\/wp-json\/wp\/v2\/pwb-brand?post=429813"},{"taxonomy":"product_brand","embeddable":true,"href":"https:\/\/www.moskito.cz\/fr\/wp-json\/wp\/v2\/product_brand?post=429813"},{"taxonomy":"product_cat","embeddable":true,"href":"https:\/\/www.moskito.cz\/fr\/wp-json\/wp\/v2\/product_cat?post=429813"},{"taxonomy":"product_tag","embeddable":true,"href":"https:\/\/www.moskito.cz\/fr\/wp-json\/wp\/v2\/product_tag?post=429813"}],"curies":[{"name":"wp","href":"https:\/\/api.w.org\/{rel}","templated":true}]}}