{"id":429837,"date":"2021-10-26T17:49:04","date_gmt":"2021-10-26T16:49:04","guid":{"rendered":"https:\/\/www.moskito.cz\/produkt\/couteau-a-ejecter-microtech-troodon-mini-satin-double-edge-238-4\/"},"modified":"2025-12-22T13:56:46","modified_gmt":"2025-12-22T12:56:46","slug":"couteau-a-ejecter-microtech-troodon-mini-satin-double-edge-238-4","status":"publish","type":"product","link":"https:\/\/www.moskito.cz\/fr\/produkt\/couteau-a-ejecter-microtech-troodon-mini-satin-double-edge-238-4\/","title":{"rendered":"Couteau \u00e0 \u00e9jecter Microtech Troodon Mini Satin Double Edge 238-4"},"content":{"rendered":"<h3 data-pm-slice=\"1 1 []\">Couteau \u00e0 \u00e9jecter Microtech Troodon Mini Satin Double Edge 238-4<\/h3>\n<p><strong>Des performances incroyables dans un bo\u00eetier compact.<\/strong>  Le Microtech Troodon Mini Satin Double Edge 238-4 est l&rsquo;un des couteaux OTF les plus petits et les plus fiables jamais cr\u00e9\u00e9s par Microtech. Que vous soyez \u00e0 la recherche d&rsquo;un couteau EDC discret, d&rsquo;un accessoire \u00e9l\u00e9gant ou d&rsquo;un outil d&rsquo;autod\u00e9fense ultime, ce mod\u00e8le offre tout ce dont vous avez besoin &#8211; et plus encore. <\/p>\n<div>\n<hr>\n<\/div>\n<h3>Sp\u00e9cifications techniques:<\/h3>\n<ul data-spread=\"false\">\n<li><strong>Longueur totale :<\/strong> 14 cm<\/li>\n<li><strong>Longueur en position ferm\u00e9e :<\/strong> 9 cm<\/li>\n<li><strong>Longueur de la lame :<\/strong> 5 cm<\/li>\n<li><strong>\u00c9paisseur de la lame :<\/strong> 0,32 cm<\/li>\n<li><strong>Mat\u00e9riau de la lame :<\/strong> acier premium M390<\/li>\n<li><strong>Forme de la lame :<\/strong> poignard \u00e0 double tranchant<\/li>\n<li><strong>Finition de la lame :<\/strong> Satin &#8211; finition \u00e9l\u00e9gante, polie \u00e0 la main<\/li>\n<li><strong>Poign\u00e9e :<\/strong> Aluminium anodis\u00e9 noir avec texture fine pour une bonne prise en main<\/li>\n<li><strong>M\u00e9canisme :<\/strong> OTF (Out-The-Front) &#8211; extension et r\u00e9traction automatiques<\/li>\n<li><strong>Fabriqu\u00e9 aux \u00c9tats-Unis \ud83c\uddfa\ud83c\uddf8<\/strong><\/li>\n<\/ul>\n<div>\n<hr>\n<\/div>\n<h3>A quoi sert la forme de la lame :<\/h3>\n<p>Le <strong>double tranchant (dague)<\/strong> est id\u00e9al pour une p\u00e9n\u00e9tration rapide et efficace des mat\u00e9riaux des deux c\u00f4t\u00e9s. Elle convient \u00e0 des fins tactiques et d&rsquo;autod\u00e9fense, ainsi qu&rsquo;\u00e0 des t\u00e2ches de coupe sp\u00e9cifiques o\u00f9 la sym\u00e9trie et la pr\u00e9cision sont importantes. C&rsquo;est une lame au caract\u00e8re percutant et \u00e0 la p\u00e9n\u00e9tration \u00e9lev\u00e9e.  <\/p>\n<div>\n<hr>\n<\/div>\n<h3>Utilisation et objectif :<\/h3>\n<ul data-spread=\"false\">\n<li>Port quotidien (EDC)<\/li>\n<li>L\u00e9gitime d\u00e9fense<\/li>\n<li>Une pi\u00e8ce de collection<\/li>\n<li>Un accessoire de luxe pour les personnes exigeantes<\/li>\n<li>Convient \u00e9galement aux professionnels qui ont besoin d&rsquo;un outil petit mais extr\u00eamement fiable.<\/li>\n<\/ul>\n<div>\n<hr>\n<\/div>\n<h3>Avantages :<\/h3>\n<p>\u2705 Extr\u00eamement compact et l\u00e9ger &#8211; id\u00e9al pour votre poche ou comme couteau de secours<br \/>\nLame r\u00e9versible &#8211; efficace des deux c\u00f4t\u00e9s<br \/>\nM\u00e9canisme rapide, fiable et pr\u00e9cis de la FTO<br \/>\nLame en acier de premi\u00e8re qualit\u00e9 et polie avec pr\u00e9cision<br \/>\n\u2705 \u00c9l\u00e9gant, \u00e9l\u00e9gant et mortellement fonctionnel<br \/>\n\u2705 Poign\u00e9e parfaitement ergonomique<br \/>\n\u2705 Fabriqu\u00e9 aux \u00c9tats-Unis \ud83c\uddfa\ud83c\uddf8<br \/>\n\u2705 Disponibilit\u00e9 limit\u00e9e &#8211; tr\u00e8s difficile \u00e0 trouver<br \/>\n\u2705 Valeur \u00e9lev\u00e9e pour les collectionneurs et les utilisateurs exigeants<\/p>\n<div>\n<hr>\n<\/div>\n<h3>Inconv\u00e9nients :<\/h3>\n<p>\u26a0 Taille compacte &#8211; ne convient pas aux travaux lourds en ext\u00e9rieur<br \/>\nLa lame \u00e0 double tranchant peut ne pas \u00eatre l\u00e9gale dans tous les pays.<\/p>\n<div>\n<hr>\n<\/div>\n<h3>Qualit\u00e9 sup\u00e9rieure :<\/h3>\n<p><strong>Tous les couteaux Microtech, y compris le Microtech Troodon Mini Satin Double Edge 238-4, sont fabriqu\u00e9s aux Etats-Unis \ud83c\uddfa\ud83c\uddf8.<\/strong>  Cette marque est connue pour sa pr\u00e9cision artisanale, l&rsquo;utilisation de mat\u00e9riaux de qualit\u00e9 sup\u00e9rieure et une fiabilit\u00e9 maximale, ce qui en fait l&rsquo;une des marques les plus respect\u00e9es dans le domaine des couteaux \u00e0 cran d&rsquo;arr\u00eat.<\/p>\n<div>\n<hr>\n<\/div>\n<h3>L&rsquo;attrait \u00e9motionnel :<\/h3>\n<p>Le Troodon Mini n&rsquo;est pas seulement un couteau &#8211; c&rsquo;est un protecteur personnel dans un manteau \u00e9l\u00e9gant. Avec ce mod\u00e8le, vous avez au bout des doigts une technologie, une puissance et un style qui ne vous laisseront jamais tomber. O\u00f9 que vous soyez, ce couteau vous donnera un sentiment de contr\u00f4le et de confiance.    <strong>C&rsquo;est \u00e0 la fois une arme et un bijou. Et il tient dans votre poche. <\/strong><\/p>\n<div>\n<hr>\n<\/div>\n<h3>Raisons d&rsquo;acheter maintenant :<\/h3>\n<p>\ud83d\ude9a <strong>Livraison gratuite<\/strong><br \/>\n\ud83c\udf81 <strong>Cadeau avec la commande<\/strong><br \/>\n\u2705 <strong>Garantie d&rsquo;originalit\u00e9 et origine v\u00e9rifi\u00e9e<\/strong><br \/>\n\u26a1 <strong>Exp\u00e9dition rapide dans les 24 heures<\/strong><br \/>\n\ud83d\udcb3      <strong>Possibilit\u00e9 de paiement \u00e0 la livraison ou en ligne par carte<\/strong><\/p>\n<div>\n<hr>\n<\/div>\n<h3>Conclusion:<\/h3>\n<p>Le Microtech Troodon Mini Satin Double Edge 238-4 est un symbole d&rsquo;excellence technique dans un format miniature. Il combine l&rsquo;\u00e9l\u00e9gance, la puissance et la praticit\u00e9 dans un seul corps. Il est con\u00e7u pour ceux qui veulent ce qu&rsquo;il y a de mieux &#8211; sans compromis.<br \/>\n\u27a1\ufe0f  <strong>Commandez maintenant &#8211; Les mod\u00e8les Troodon Mini sont extr\u00eamement populaires et difficiles \u00e0 trouver. Obtenez d\u00e8s aujourd&rsquo;hui votre part de la l\u00e9gende Microtech. <\/strong><\/p>\n<div>\n<hr>\n<\/div>\n<p>&nbsp;<\/p>\n<p><iframe title=\"Microtech Combat Troodon Torture Test\" width=\"800\" height=\"450\" src=\"https:\/\/www.youtube.com\/embed\/xE9TeOFYEjg?feature=oembed\" frameborder=\"0\" allow=\"accelerometer; autoplay; clipboard-write; encrypted-media; gyroscope; picture-in-picture; web-share\" referrerpolicy=\"strict-origin-when-cross-origin\" allowfullscreen><\/iframe><\/p>\n<p>&nbsp;<\/p>\n","protected":false},"excerpt":{"rendered":"<p><strong>Le Microtech Troodon Mini Satin Double Edge 238-4 est un symbole d&rsquo;excellence technique dans un format miniature. Il combine l&rsquo;\u00e9l\u00e9gance, la puissance et la praticit\u00e9 dans un seul corps. Il est con\u00e7u pour ceux qui veulent ce qu&rsquo;il y a de mieux &#8211; sans compromis.  <\/strong><br \/>\n<strong>\u27a1\ufe0f Commandez maintenant &#8211; Les mod\u00e8les Troodon Mini sont extr\u00eamement populaires et difficiles \u00e0 trouver. Obtenez d\u00e8s aujourd&rsquo;hui votre part de la l\u00e9gende Microtech. <\/strong><\/p>\n<div><strong>\ud83d\udce6 Commandez maintenant et obtenez la livraison gratuite \ud83d\ude9a<\/strong><\/div>\n","protected":false},"featured_media":429839,"comment_status":"open","ping_status":"closed","template":"","meta":[],"pwb-brand":[3751],"product_brand":[],"product_cat":[3699,3696],"product_tag":[3754],"class_list":{"0":"post-429837","1":"product","2":"type-product","3":"status-publish","4":"has-post-thumbnail","6":"pwb-brand-microtechnologie","7":"product_cat-couteaux-de-tir","8":"product_cat-des-couteaux","9":"product_tag-b2b-fr","11":"first","12":"instock","13":"taxable","14":"shipping-taxable","15":"purchasable","16":"product-type-simple"},"brands":[{"id":3751,"name":"Microtechnologie","slug":"microtechnologie"}],"_links":{"self":[{"href":"https:\/\/www.moskito.cz\/fr\/wp-json\/wp\/v2\/product\/429837","targetHints":{"allow":["GET"]}}],"collection":[{"href":"https:\/\/www.moskito.cz\/fr\/wp-json\/wp\/v2\/product"}],"about":[{"href":"https:\/\/www.moskito.cz\/fr\/wp-json\/wp\/v2\/types\/product"}],"replies":[{"embeddable":true,"href":"https:\/\/www.moskito.cz\/fr\/wp-json\/wp\/v2\/comments?post=429837"}],"wp:featuredmedia":[{"embeddable":true,"href":"https:\/\/www.moskito.cz\/fr\/wp-json\/wp\/v2\/media\/429839"}],"wp:attachment":[{"href":"https:\/\/www.moskito.cz\/fr\/wp-json\/wp\/v2\/media?parent=429837"}],"wp:term":[{"taxonomy":"pwb-brand","embeddable":true,"href":"https:\/\/www.moskito.cz\/fr\/wp-json\/wp\/v2\/pwb-brand?post=429837"},{"taxonomy":"product_brand","embeddable":true,"href":"https:\/\/www.moskito.cz\/fr\/wp-json\/wp\/v2\/product_brand?post=429837"},{"taxonomy":"product_cat","embeddable":true,"href":"https:\/\/www.moskito.cz\/fr\/wp-json\/wp\/v2\/product_cat?post=429837"},{"taxonomy":"product_tag","embeddable":true,"href":"https:\/\/www.moskito.cz\/fr\/wp-json\/wp\/v2\/product_tag?post=429837"}],"curies":[{"name":"wp","href":"https:\/\/api.w.org\/{rel}","templated":true}]}}