{"id":429851,"date":"2023-12-04T22:28:22","date_gmt":"2023-12-04T21:28:22","guid":{"rendered":"https:\/\/www.moskito.cz\/produkt\/couteau-pliant-spyderco-uptern-c261p\/"},"modified":"2025-12-22T13:56:48","modified_gmt":"2025-12-22T12:56:48","slug":"couteau-pliant-spyderco-uptern-c261p","status":"publish","type":"product","link":"https:\/\/www.moskito.cz\/fr\/produkt\/couteau-pliant-spyderco-uptern-c261p\/","title":{"rendered":"Couteau pliant Spyderco UpTern C261P"},"content":{"rendered":"<h3 data-pm-slice=\"1 1 []\"><strong>Spyderco UpTern C261P &#8211; El\u00e9gant lock-back r\u00e9tro de la s\u00e9rie Value<\/strong><\/h3>\n<p>Le Spyderco UpTern est un hommage moderne au classique de Sal Glesser &#8211; bas\u00e9 sur le l\u00e9gendaire Byrd-Tern non verrouill\u00e9, mais compl\u00e9t\u00e9 par le robuste <strong>Back-Lock<\/strong>. Cette version du <strong>C261P<\/strong> pr\u00e9sente une <strong>lame plate satin\u00e9e<\/strong> de <strong>72 mm<\/strong> en acier inoxydable <strong>8Cr13MoV<\/strong>, avec une coupe enti\u00e8rement plate et le traditionnel SpyderHole pour une ouverture pratique d&rsquo;une seule main. <\/p>\n<p>Manche enti\u00e8rement m\u00e9tallique en acier inoxydable avec une l\u00e9g\u00e8re courbure prononc\u00e9e pour une meilleure ergonomie et un fermoir \u00e0 quatre positions &#8211; le port tip-up\/tip-down dans la main droite\/gauche est facile et discret. Le fraisage d\u00e9taill\u00e9 de la rampe du pouce et du choil, ainsi que la surface dentel\u00e9e du repose-pouce, am\u00e9liorent le contr\u00f4le lors de la coupe. <\/p>\n<div>\n<hr>\n<\/div>\n<p>\ud83d\udcd0 <strong>Param\u00e8tres techniques<\/strong><\/p>\n<ul data-spread=\"false\">\n<li><strong>Longueur de la lame :<\/strong> 72 mm (2.82\u2033)<\/li>\n<li><strong>Longueur de coupe :<\/strong> 57 mm (2.25\u2033)<\/li>\n<li><strong>Longueur totale :<\/strong> 167 mm (6.57\u2033)<\/li>\n<li><strong>Longueur de la lame ferm\u00e9e :<\/strong> 97 mm (3.80\u2033)<\/li>\n<li><strong>\u00c9paisseur de la lame :<\/strong> 2,5 mm (0.098\u2033)<\/li>\n<li><strong>Mat\u00e9riau de la lame :<\/strong> 8Cr13MoV &#8211; acier inoxydable abordable et facile \u00e0 aiguiser<\/li>\n<li><strong>D\u00e9coupe :<\/strong> pleine et plate<\/li>\n<li><strong>Surface de la lame :<\/strong> satin\u00e9e<\/li>\n<li><strong>Lame :<\/strong> Plain Edge<\/li>\n<li><strong>Manche :<\/strong> enti\u00e8rement en acier inoxydable, l\u00e9g\u00e8rement profil\u00e9 pour plus de confort<\/li>\n<li><strong>Serrure :<\/strong> Lock-Back &#8211; solide et fiable<\/li>\n<li><strong>Ouverture :<\/strong> SpyderHole &#8211; une main, ambidextre<\/li>\n<li><strong>Boucle :<\/strong> Quatre positions &#8211; ajustement sophistiqu\u00e9<\/li>\n<li><strong>Poids :<\/strong> environ 100 g (3.6 oz)<\/li>\n<li><strong>Fabrication:<\/strong> Chine (PRC)<\/li>\n<li><strong>Con\u00e7u par<\/strong> Sal Glesser<\/li>\n<\/ul>\n<div>\n<hr>\n<\/div>\n<p>\ud83d\udfe2 <strong>Avantages<\/strong><\/p>\n<ul data-spread=\"false\">\n<li><strong>Sensation r\u00e9tro et robustesse : la<\/strong> construction tout acier avec le lock-back classique \u00e9voque les premiers jours de Spyderco.<\/li>\n<li><strong>Ergonomie exceptionnelle : la<\/strong> poign\u00e9e finement moul\u00e9e, la rampe pour le pouce et le choil assurent une prise en main confortable, m\u00eame pour les petits travaux de coupe.<\/li>\n<li><strong>Port ambidextre :<\/strong> Gr\u00e2ce \u00e0 la boucle et au trou pour le pouce, le UpTern peut \u00eatre utilis\u00e9 des deux mains.<\/li>\n<li><strong>De grandes performances \u00e0 un prix avantageux :<\/strong> acier 8Cr13MoV avec finition satin\u00e9e et coupe \u00e0 plat &#8211; un rapport qualit\u00e9\/prix parfait.<\/li>\n<li><strong>Verrouillage solide :<\/strong> le verrouillage arri\u00e8re garantit la s\u00e9curit\u00e9 d&rsquo;utilisation<\/li>\n<\/ul>\n<div>\n<hr>\n<\/div>\n<p>\ud83d\udd34 <strong>Inconv\u00e9nients<\/strong><\/p>\n<ul data-spread=\"false\">\n<li><strong>Poids plus \u00e9lev\u00e9 que les mod\u00e8les en FRN\/G-10 : la<\/strong> construction tout acier est durable, mais co\u00fbte environ 30 \u00e0 40 g de plus.<\/li>\n<li><strong>8Cr13MoV &#8211; r\u00e9tention inf\u00e9rieure :<\/strong> l&rsquo;acier tient le tranchant moins longtemps que le S30V ou le BD1N, mais peut \u00eatre aff\u00fbt\u00e9 facilement.<\/li>\n<li><strong>\u00c9ponge l\u00e9g\u00e8rement tranchante :<\/strong> Peut s&rsquo;accrocher aux poches &#8211; recommandation de porter plus souvent sans clip ou de l&rsquo;ajuster<\/li>\n<\/ul>\n<div>\n<hr>\n<\/div>\n<p>\ud83d\udee0\ufe0f <strong>Entretien et soins<\/strong><\/p>\n<ul data-spread=\"false\">\n<li>Essuyez apr\u00e8s utilisation, utilisez de temps en temps de l&rsquo;isopropyl pour les pivots et les serrures &#8211; cela permet de les rendre plus lisses.<\/li>\n<li>J&rsquo;ai vu une recommandation d&rsquo;aiguiser l\u00e9g\u00e8rement la jonction rugueuse au niveau du clip &#8211; cela am\u00e9liorera le confort lors de l&rsquo;insertion dans les poches.<\/li>\n<li>Le 8Cr13MoV est facile \u00e0 broyer &#8211; id\u00e9al pour les broyeurs courants tels que Sharpmaker ou les pierres en c\u00e9ramique.<\/li>\n<\/ul>\n<div>\n<hr>\n<\/div>\n<p>\ud83d\udcac <strong>Opinions de la communaut\u00e9<\/strong><\/p>\n<blockquote><p>\u00ab\u00a0Le UpTern est un petit couteau robuste en acier inoxydable avec un verrouillage tr\u00e8s solide et une excellente ergonomie.\u00a0\u00bb<br \/>\n\u00ab\u00a0J&rsquo;aime la finesse et le look r\u00e9tro de l&rsquo;acier inoxydable&#8230; \u00e0 l&rsquo;\u00e9preuve des bombes.\u00a0\u00bb<\/p><\/blockquote>\n<div>\n<hr>\n<\/div>\n<p>\u2764\ufe0f <strong>Appel \u00e9motionnel<\/strong><\/p>\n<p>Le UpTern est une machine \u00e0 remonter le temps &#8211; lorsque vous le prenez en main, vous ressentez l&rsquo;h\u00e9ritage des couteaux fonctionnels et simples qui ont d\u00e9fini Spyderco. Un couteau discret mais avec une \u00e2me &#8211; robuste, durable et pratique, pr\u00eat pour les situations de tous les jours sans avoir besoin d&rsquo;\u00eatre sophistiqu\u00e9. <\/p>\n<div>\n<hr>\n<\/div>\n<p>\u2705 <strong>Conclusion<\/strong><\/p>\n<p>Pour ceux qui recherchent un <strong>lock-back solide, simple et fonctionnel<\/strong> avec l&rsquo;\u00e2me traditionnelle de Spyderco, le <strong>UpTern C261P<\/strong> est un excellent choix. Son design classique, sa construction sans entretien et sa sensation de lourdeur dans la poche en font un outil fiable, utilisable au bureau comme en ext\u00e9rieur. <\/p>\n","protected":false},"excerpt":{"rendered":"<p><strong>Le UpTern est une machine \u00e0 remonter le temps &#8211; lorsque vous le prenez en main, vous ressentez l&rsquo;h\u00e9ritage des couteaux fonctionnels et simples qui ont d\u00e9fini Spyderco. Un couteau discret mais avec une \u00e2me &#8211; robuste, durable et pratique, pr\u00eat pour les situations de tous les jours sans avoir besoin d&rsquo;\u00eatre sophistiqu\u00e9. <\/strong><\/p>\n","protected":false},"featured_media":429859,"comment_status":"open","ping_status":"closed","template":"","meta":[],"pwb-brand":[3778],"product_brand":[],"product_cat":[3700,3696],"product_tag":[3754],"class_list":{"0":"post-429851","1":"product","2":"type-product","3":"status-publish","4":"has-post-thumbnail","6":"pwb-brand-spyderco-fr","7":"product_cat-couteaux-de-fermeture","8":"product_cat-des-couteaux","9":"product_tag-b2b-fr","11":"first","12":"outofstock","13":"taxable","14":"shipping-taxable","15":"purchasable","16":"product-type-simple"},"brands":[{"id":3778,"name":"Spyderco","slug":"spyderco-fr"}],"_links":{"self":[{"href":"https:\/\/www.moskito.cz\/fr\/wp-json\/wp\/v2\/product\/429851","targetHints":{"allow":["GET"]}}],"collection":[{"href":"https:\/\/www.moskito.cz\/fr\/wp-json\/wp\/v2\/product"}],"about":[{"href":"https:\/\/www.moskito.cz\/fr\/wp-json\/wp\/v2\/types\/product"}],"replies":[{"embeddable":true,"href":"https:\/\/www.moskito.cz\/fr\/wp-json\/wp\/v2\/comments?post=429851"}],"wp:featuredmedia":[{"embeddable":true,"href":"https:\/\/www.moskito.cz\/fr\/wp-json\/wp\/v2\/media\/429859"}],"wp:attachment":[{"href":"https:\/\/www.moskito.cz\/fr\/wp-json\/wp\/v2\/media?parent=429851"}],"wp:term":[{"taxonomy":"pwb-brand","embeddable":true,"href":"https:\/\/www.moskito.cz\/fr\/wp-json\/wp\/v2\/pwb-brand?post=429851"},{"taxonomy":"product_brand","embeddable":true,"href":"https:\/\/www.moskito.cz\/fr\/wp-json\/wp\/v2\/product_brand?post=429851"},{"taxonomy":"product_cat","embeddable":true,"href":"https:\/\/www.moskito.cz\/fr\/wp-json\/wp\/v2\/product_cat?post=429851"},{"taxonomy":"product_tag","embeddable":true,"href":"https:\/\/www.moskito.cz\/fr\/wp-json\/wp\/v2\/product_tag?post=429851"}],"curies":[{"name":"wp","href":"https:\/\/api.w.org\/{rel}","templated":true}]}}