{"id":429872,"date":"2024-11-20T15:43:51","date_gmt":"2024-11-20T14:43:51","guid":{"rendered":"https:\/\/www.moskito.cz\/produkt\/couteau-de-fermeture-extrema-ratio-caimano-nero-n-a-satin-04-1000-0166-sat-blk\/"},"modified":"2025-12-22T16:01:47","modified_gmt":"2025-12-22T15:01:47","slug":"couteau-de-fermeture-extrema-ratio-caimano-nero-n-a-satin-04-1000-0166-sat-blk","status":"publish","type":"product","link":"https:\/\/www.moskito.cz\/fr\/produkt\/couteau-de-fermeture-extrema-ratio-caimano-nero-n-a-satin-04-1000-0166-sat-blk\/","title":{"rendered":"Couteau de fermeture EXTREMA RATIO CAIMANO NERO N.A. SATIN 04.1000.0166\/SAT\/BLK"},"content":{"rendered":"<p>Couteau de fermeture <strong>EXTREMA RATIO<\/strong> CAIMANO NERO N.A. SATIN 04.1000.0166\/SAT\/BLK.<\/p>\n<p>Le Caimano Nero N.A. d&rsquo;Extrema Ratio est un couteau pliant tactique de haute qualit\u00e9 con\u00e7u pour un usage professionnel, en particulier pour les besoins des forces sp\u00e9ciales de la marine italienne G.O.I. (Gruppo Operativo Incursori). Il s&rsquo;agit d&rsquo;une variante non automatique qui combine des caract\u00e9ristiques pratiques et un design robuste avec une fonctionnalit\u00e9 tactique.<br \/>\nCaract\u00e9ristiques principales : <\/p>\n<p>Lame :<br \/>\n\u00c9paisseur de la lame : 0,4 cm, longueur de la lame : 9,3 cm.<\/p>\n<p>Forme asym\u00e9trique de la pointe, offrant une grande p\u00e9n\u00e9tration et une grande polyvalence.<br \/>\nSection dentel\u00e9e de la lame, id\u00e9ale pour couper des mat\u00e9riaux r\u00e9sistants tels que les c\u00e2bles et les tissus sans usure rapide.<\/p>\n<p>Manche :<br \/>\nCon\u00e7u pour l&rsquo;ergonomie et le retrait rapide de la poche.<br \/>\nPartie inf\u00e9rieure optimis\u00e9e pour une prise en main ferme m\u00eame dans des conditions difficiles.<br \/>\nBrise-verre en carbure int\u00e9gr\u00e9 \u00e0 l&rsquo;extr\u00e9mit\u00e9 du manche.<\/p>\n<p>Clip :<br \/>\nClip en titane recouvert de DLC (Diamond-Like Carbon) pour une grande durabilit\u00e9.<br \/>\nPermet une fixation sous trois angles diff\u00e9rents des deux c\u00f4t\u00e9s du manche.<br \/>\nCon\u00e7u pour une discr\u00e9tion maximale lors du transport (le couteau reste cach\u00e9 dans la poche).<\/p>\n<p>La longueur totale du couteau est de 23,1 cm.<\/p>\n<p>R\u00e9sum\u00e9:<\/p>\n<p>Le Caimano Nero N.A. est un outil haut de gamme id\u00e9al pour les professionnels, les soldats ou les amateurs d&rsquo;\u00e9quipement tactique. Sa construction est robuste et fiable, tout en offrant une valeur utilitaire \u00e9lev\u00e9e et des caract\u00e9ristiques innovantes. Le prix correspond \u00e0 la qualit\u00e9 des mat\u00e9riaux et \u00e0 la pr\u00e9cision de fabrication typique des produits Extrema Ratio.  <\/p>\n<p>Si vous \u00eates int\u00e9ress\u00e9 par un couteau tactique compact et fonctionnel, le Caimano Nero N.A. vaut vraiment la peine d&rsquo;\u00eatre consid\u00e9r\u00e9. Si vous avez besoin de plus d&rsquo;informations, je suis \u00e0 votre disposition ! <\/p>\n","protected":false},"excerpt":{"rendered":"<p><strong>Le Caimano Nero N.A. d&rsquo;Extrema Ratio est un couteau pliant tactique de haute qualit\u00e9 con\u00e7u pour un usage professionnel, en particulier pour les besoins des forces sp\u00e9ciales de la marine italienne G.O.I. (Gruppo Operativo Incursori). Il s&rsquo;agit d&rsquo;une variante non automatique qui combine des caract\u00e9ristiques pratiques et un design robuste avec une fonctionnalit\u00e9 tactique. <\/strong><\/p>\n<p><strong>Livraison gratuite.<\/strong><\/p>\n","protected":false},"featured_media":374934,"comment_status":"open","ping_status":"closed","template":"","meta":[],"pwb-brand":[3767],"product_brand":[],"product_cat":[3700,3696],"product_tag":[],"class_list":{"0":"post-429872","1":"product","2":"type-product","3":"status-publish","4":"has-post-thumbnail","6":"pwb-brand-rapport-extreme","7":"product_cat-couteaux-de-fermeture","8":"product_cat-des-couteaux","10":"first","11":"instock","12":"taxable","13":"shipping-taxable","14":"purchasable","15":"product-type-simple"},"brands":[{"id":3767,"name":"Rapport extr\u00eame","slug":"rapport-extreme"}],"_links":{"self":[{"href":"https:\/\/www.moskito.cz\/fr\/wp-json\/wp\/v2\/product\/429872","targetHints":{"allow":["GET"]}}],"collection":[{"href":"https:\/\/www.moskito.cz\/fr\/wp-json\/wp\/v2\/product"}],"about":[{"href":"https:\/\/www.moskito.cz\/fr\/wp-json\/wp\/v2\/types\/product"}],"replies":[{"embeddable":true,"href":"https:\/\/www.moskito.cz\/fr\/wp-json\/wp\/v2\/comments?post=429872"}],"wp:featuredmedia":[{"embeddable":true,"href":"https:\/\/www.moskito.cz\/fr\/wp-json\/wp\/v2\/media\/374934"}],"wp:attachment":[{"href":"https:\/\/www.moskito.cz\/fr\/wp-json\/wp\/v2\/media?parent=429872"}],"wp:term":[{"taxonomy":"pwb-brand","embeddable":true,"href":"https:\/\/www.moskito.cz\/fr\/wp-json\/wp\/v2\/pwb-brand?post=429872"},{"taxonomy":"product_brand","embeddable":true,"href":"https:\/\/www.moskito.cz\/fr\/wp-json\/wp\/v2\/product_brand?post=429872"},{"taxonomy":"product_cat","embeddable":true,"href":"https:\/\/www.moskito.cz\/fr\/wp-json\/wp\/v2\/product_cat?post=429872"},{"taxonomy":"product_tag","embeddable":true,"href":"https:\/\/www.moskito.cz\/fr\/wp-json\/wp\/v2\/product_tag?post=429872"}],"curies":[{"name":"wp","href":"https:\/\/api.w.org\/{rel}","templated":true}]}}