{"id":429882,"date":"2023-12-17T20:22:15","date_gmt":"2023-12-17T19:22:15","guid":{"rendered":"https:\/\/www.moskito.cz\/produkt\/spyderco-honeybee-micro-size-closing-knife-non-locking-c137p\/"},"modified":"2025-12-22T16:35:50","modified_gmt":"2025-12-22T15:35:50","slug":"spyderco-honeybee-micro-size-closing-knife-non-locking-c137p","status":"publish","type":"product","link":"https:\/\/www.moskito.cz\/fr\/produkt\/spyderco-honeybee-micro-size-closing-knife-non-locking-c137p\/","title":{"rendered":"Spyderco HoneyBee Micro-Size Closing Knife (non-locking) C137P"},"content":{"rendered":"<h3 data-pm-slice=\"1 1 []\">\ud83d\udd2a <strong>Spyderco HoneyBee C137P<\/strong> &#8211; un micro-couteau qui surprend par ses capacit\u00e9s<\/h3>\n<p>Le Spyderco HoneyBee C137P est un couteau de fermeture de la s\u00e9rie micro de Spyderco, petit mais \u00e9tonnamment performant. Il se base sur le plus petit mod\u00e8le Bug et apporte une lame l\u00e9g\u00e8rement plus grande, une meilleure prise en main et des dimensions toujours aussi compactes. Malgr\u00e9 sa taille, le HoneyBee est un outil de taille normale adapt\u00e9 aux petites t\u00e2ches quotidiennes. Sa construction \u00e9l\u00e9gante en acier inoxydable et son m\u00e9canisme de jonction pratique en font un outil id\u00e9al pour votre porte-cl\u00e9s, votre portefeuille ou comme couteau de secours pour votre EDC.   <\/p>\n<div>\n<hr>\n<\/div>\n<h3>\ud83d\udcd0 Param\u00e8tres techniques<\/h3>\n<ul data-spread=\"false\">\n<li><strong>Longueur totale :<\/strong> 93 mm<\/li>\n<li><strong>Longueur de la lame :<\/strong> 41 mm<\/li>\n<li><strong>Longueur de la lame :<\/strong> environ 36 mm<\/li>\n<li><strong>\u00c9paisseur de la lame :<\/strong> 1,6 mm<\/li>\n<li><strong>Mat\u00e9riau de la lame :<\/strong> 3Cr13 &#8211; acier inoxydable avec une bonne r\u00e9sistance \u00e0 la corrosion et un entretien facile<\/li>\n<li><strong>Forme de la lame :<\/strong> Drop Point<\/li>\n<li><strong>Coupe :<\/strong> aff\u00fbtage \u00e0 plat<\/li>\n<li><strong>Finition de la lame :<\/strong> satin\u00e9e<\/li>\n<li><strong>Lame :<\/strong> Plain Edge<\/li>\n<li><strong>Poign\u00e9e :<\/strong> Acier inoxydable poli<\/li>\n<li><strong>Serrure :<\/strong> Slipjoint &#8211; m\u00e9canisme \u00e0 ressort non bloquant<\/li>\n<li><strong>Ouverture :<\/strong> \u00e0 deux mains<\/li>\n<li><strong>Boucle :<\/strong> Aucune &#8211; con\u00e7ue pour le porte-cl\u00e9s ou le transport libre<\/li>\n<li><strong>Poids :<\/strong> environ 20 g<\/li>\n<\/ul>\n<div>\n<hr>\n<\/div>\n<h3>\ud83d\udfe2 Avantages<\/h3>\n<ul data-spread=\"false\">\n<li><strong>Compact et l\u00e9ger :<\/strong> un excellent \u00e9quilibre entre taille et fonctionnalit\u00e9 &#8211; presque imperceptible lorsqu&rsquo;il est port\u00e9.<\/li>\n<li><strong>Construction enti\u00e8rement m\u00e9tallique :<\/strong> durable, \u00e9l\u00e9gante et facile \u00e0 nettoyer.<\/li>\n<li><strong>S\u00fbr et l\u00e9gal :<\/strong> la jonction sans s\u00e9curit\u00e9 est l\u00e9gale, m\u00eame dans les zones tr\u00e8s r\u00e9glement\u00e9es.<\/li>\n<li><strong>Id\u00e9al comme couteau d&rsquo;appoint :<\/strong> id\u00e9al pour votre portefeuille, votre sac \u00e0 dos ou vos cl\u00e9s.<\/li>\n<li><strong>Meilleure prise en main que le Bug :<\/strong> gr\u00e2ce \u00e0 ses dimensions plus importantes, il est plus facile \u00e0 tenir, m\u00eame s&rsquo;il conserve ses micro-dimensions.<\/li>\n<\/ul>\n<div>\n<hr>\n<\/div>\n<h3>\ud83d\udd34 Inconv\u00e9nients<\/h3>\n<ul data-spread=\"false\">\n<li><strong>Encore tr\u00e8s petit :<\/strong> m\u00eame s&rsquo;il est plus grand que le Bug, il n&rsquo;est pas encore adapt\u00e9 aux t\u00e2ches les plus exigeantes ou les plus lourdes.<\/li>\n<li><strong>Le fermoir est manquant :<\/strong> Ne peut pas \u00eatre attach\u00e9 \u00e0 une poche &#8211; con\u00e7u plut\u00f4t pour un porte-cl\u00e9s ou pour \u00eatre port\u00e9 sur soi.<\/li>\n<li><strong>Ouverture \u00e0 deux mains :<\/strong> ne permet pas une utilisation rapide d&rsquo;une seule main.<\/li>\n<\/ul>\n<div>\n<hr>\n<\/div>\n<h3>\ud83d\udee0\ufe0f Entretien et broyage<\/h3>\n<ul data-spread=\"false\">\n<li><strong>Nettoyage :<\/strong> gr\u00e2ce aux mat\u00e9riaux en acier inoxydable, il peut \u00eatre facilement lav\u00e9 et essuy\u00e9.<\/li>\n<li><strong>Lubrification :<\/strong> de temps en temps, lubrifiez l&rsquo;articulation de la lame avec une fine couche d&rsquo;huile min\u00e9rale ou de silicone.<\/li>\n<li><strong>Aff\u00fbtage :<\/strong> L&rsquo;acier 3Cr13 est plus tendre et donc facile \u00e0 aff\u00fbter, id\u00e9alement sur une meule en c\u00e9ramique ou une meule de poche.<\/li>\n<\/ul>\n<div>\n<hr>\n<\/div>\n<h3>\u2764\ufe0f Appel \u00e9motionnel<\/h3>\n<p>Le Spyderco HoneyBee est un petit bijou &#8211; \u00e9l\u00e9gant, pratique et discret. C&rsquo;est le partenaire id\u00e9al pour ceux qui appr\u00e9cient le design raffin\u00e9, la qualit\u00e9 de fabrication et qui aiment avoir l&rsquo;assurance d&rsquo;avoir un outil aiguis\u00e9 \u00e0 port\u00e9e de main, m\u00eame dans des situations o\u00f9 les autres ne s&rsquo;y attendent pas. Vous ne vous rendrez m\u00eame pas compte que vous l&rsquo;avez dans votre poche &#8211; jusqu&rsquo;\u00e0 ce que vous en ayez besoin.  <\/p>\n<div>\n<hr>\n<\/div>\n<h3>\u2705 Conclusion<\/h3>\n<p>Le Spyderco HoneyBee C137P est le micro-couteau parfait pour le transport quotidien dans un style minimaliste. Sa taille, sa simplicit\u00e9 et sa fabrication fiable en font un excellent choix pour ceux qui veulent garder un outil pratique \u00e0 port\u00e9e de main \u00e0 tout moment &#8211; discret, l\u00e9ger et \u00e9l\u00e9gant. Id\u00e9al comme outil de secours EDC ou m\u00eame comme cadeau pour les amateurs de couteaux de qualit\u00e9.  <\/p>\n","protected":false},"excerpt":{"rendered":"<p><strong>Le Spyderco HoneyBee est un petit bijou &#8211; \u00e9l\u00e9gant, pratique et discret. C&rsquo;est le partenaire id\u00e9al pour ceux qui appr\u00e9cient le design raffin\u00e9, la qualit\u00e9 de fabrication et qui aiment avoir l&rsquo;assurance d&rsquo;avoir un outil aiguis\u00e9 \u00e0 port\u00e9e de main, m\u00eame dans des situations o\u00f9 les autres ne s&rsquo;y attendent pas. Vous ne vous rendrez m\u00eame pas compte que vous l&rsquo;avez dans votre poche &#8211; jusqu&rsquo;\u00e0 ce que vous en ayez besoin.  <\/strong><\/p>\n","protected":false},"featured_media":429883,"comment_status":"open","ping_status":"closed","template":"","meta":[],"pwb-brand":[3778],"product_brand":[],"product_cat":[3700,3696],"product_tag":[3754],"class_list":{"0":"post-429882","1":"product","2":"type-product","3":"status-publish","4":"has-post-thumbnail","6":"pwb-brand-spyderco-fr","7":"product_cat-couteaux-de-fermeture","8":"product_cat-des-couteaux","9":"product_tag-b2b-fr","11":"first","12":"outofstock","13":"taxable","14":"shipping-taxable","15":"purchasable","16":"product-type-simple"},"brands":[{"id":3778,"name":"Spyderco","slug":"spyderco-fr"}],"_links":{"self":[{"href":"https:\/\/www.moskito.cz\/fr\/wp-json\/wp\/v2\/product\/429882","targetHints":{"allow":["GET"]}}],"collection":[{"href":"https:\/\/www.moskito.cz\/fr\/wp-json\/wp\/v2\/product"}],"about":[{"href":"https:\/\/www.moskito.cz\/fr\/wp-json\/wp\/v2\/types\/product"}],"replies":[{"embeddable":true,"href":"https:\/\/www.moskito.cz\/fr\/wp-json\/wp\/v2\/comments?post=429882"}],"wp:featuredmedia":[{"embeddable":true,"href":"https:\/\/www.moskito.cz\/fr\/wp-json\/wp\/v2\/media\/429883"}],"wp:attachment":[{"href":"https:\/\/www.moskito.cz\/fr\/wp-json\/wp\/v2\/media?parent=429882"}],"wp:term":[{"taxonomy":"pwb-brand","embeddable":true,"href":"https:\/\/www.moskito.cz\/fr\/wp-json\/wp\/v2\/pwb-brand?post=429882"},{"taxonomy":"product_brand","embeddable":true,"href":"https:\/\/www.moskito.cz\/fr\/wp-json\/wp\/v2\/product_brand?post=429882"},{"taxonomy":"product_cat","embeddable":true,"href":"https:\/\/www.moskito.cz\/fr\/wp-json\/wp\/v2\/product_cat?post=429882"},{"taxonomy":"product_tag","embeddable":true,"href":"https:\/\/www.moskito.cz\/fr\/wp-json\/wp\/v2\/product_tag?post=429882"}],"curies":[{"name":"wp","href":"https:\/\/api.w.org\/{rel}","templated":true}]}}