{"id":430106,"date":"2025-12-31T19:33:58","date_gmt":"2025-12-31T18:33:58","guid":{"rendered":"https:\/\/www.moskito.cz\/?post_type=product&#038;p=430106"},"modified":"2026-01-01T12:53:54","modified_gmt":"2026-01-01T11:53:54","slug":"zaviraci-nuz-spyderco-nand-c270tip","status":"publish","type":"product","link":"https:\/\/www.moskito.cz\/fr\/produkt\/zaviraci-nuz-spyderco-nand-c270tip\/","title":{"rendered":"Zav\u00edrac\u00ed N\u016f\u017e Spyderco NAND C270TIP"},"content":{"rendered":"<h2 data-start=\"175\" data-end=\"220\">\ud83d\udde1\ufe0f Zav\u00edrac\u00ed n\u016f\u017e <strong data-start=\"195\" data-end=\"220\">Spyderco NAND C270TIP<\/strong><\/h2>\n<h3 data-start=\"222\" data-end=\"278\">Minimalismus s charakterem. P\u0159ipraven\u00fd v\u017edy a v\u0161ude.<\/h3>\n<p data-start=\"280\" data-end=\"637\">Spyderco NAND je n\u016f\u017e, kter\u00fd se \u0159ad\u00ed k t\u011bm <strong data-start=\"322\" data-end=\"373\">nejkompaktn\u011bj\u0161\u00edm a nejprakti\u010dt\u011bj\u0161\u00edm EDC model\u016fm<\/strong> \u2013 lehk\u00fd, nen\u00e1padn\u00fd, ale p\u0159ipraven\u00fd plnit \u00fakoly kdykoli jej pot\u0159ebuje\u0161.<br data-start=\"444\" data-end=\"447\" \/>Kdy\u017e otev\u0159e\u0161 \u010depel charakteristick\u00fdm kruhov\u00fdm otvorem Spyderco a zajist\u00ed\u0161 ji spolehliv\u00fdm <strong data-start=\"536\" data-end=\"551\">Back Lockem<\/strong>, pozn\u00e1\u0161 okam\u017eit\u011b, \u017ee dr\u017e\u00ed\u0161 n\u00e1stroj, kter\u00fd je <strong data-start=\"597\" data-end=\"636\">precizn\u00ed, rychl\u00fd a p\u0159irozen\u00fd v ruce<\/strong>.<\/p>\n<p data-start=\"639\" data-end=\"783\">NAND je ide\u00e1ln\u00ed pro ka\u017edodenn\u00ed no\u0161en\u00ed, situace kdy pot\u0159ebuje\u0161 univers\u00e1ln\u00ed n\u00e1stroj nebo jednodu\u0161e <strong data-start=\"736\" data-end=\"782\">n\u016f\u017e, kter\u00fd t\u011b nezklame, kdy\u017e na n\u011bm z\u00e1le\u017e\u00ed<\/strong>.<\/p>\n<hr data-start=\"785\" data-end=\"788\" \/>\n<h3 data-start=\"790\" data-end=\"815\">Charakter a filozofie<\/h3>\n<p data-start=\"817\" data-end=\"1110\">NAND se vyzna\u010duje <strong data-start=\"835\" data-end=\"871\">\u010dist\u00fdm, minimalistick\u00fdm designem<\/strong>, kter\u00fd neru\u0161\u00ed zbyte\u010dn\u00e9 elementy, ale soust\u0159ed\u00ed se na v\u00fdkon a komfort.<br data-start=\"941\" data-end=\"944\" \/>Kompaktn\u00ed rozm\u011bry a ergonomie rukojeti zaji\u0161\u0165uj\u00ed jist\u00fd \u00fachop i p\u0159i del\u0161\u00edm pou\u017e\u00edv\u00e1n\u00ed, zat\u00edmco precizn\u011b brou\u0161en\u00e1 \u010depel se ocel\u00ed <strong data-start=\"1070\" data-end=\"1079\">VG-10<\/strong> poskytuje hladk\u00fd a p\u0159esn\u00fd \u0159ez.<\/p>\n<p data-start=\"1112\" data-end=\"1193\">Tento model je pro ty, kte\u0159\u00ed cht\u011bj\u00ed <strong data-start=\"1148\" data-end=\"1192\">jednoduchost a efektivitu bez kompromis\u016f<\/strong>.<\/p>\n<hr data-start=\"1195\" data-end=\"1198\" \/>\n<h2 data-start=\"1200\" data-end=\"1215\">\ud83c\udfed O v\u00fdrobci<\/h2>\n<p data-start=\"1217\" data-end=\"1539\">Spyderco je zna\u010dka, kter\u00e1 stoj\u00ed v pop\u0159ed\u00ed modern\u00edho no\u017e\u00ed\u0159stv\u00ed.<br data-start=\"1279\" data-end=\"1282\" \/>Je zn\u00e1m\u00e1 kombinac\u00ed <strong data-start=\"1301\" data-end=\"1333\">ergonomie, inovac\u00ed a kvality<\/strong>, d\u00edky \u010demu\u017e jsou jejich no\u017ee obl\u00edben\u00e9 u profesion\u00e1l\u016f, outdoorov\u00fdch nad\u0161enc\u016f i sb\u011bratel\u016f.<br data-start=\"1422\" data-end=\"1425\" \/>NAND je klasick\u00fdm p\u0159\u00edkladem Spyderco p\u0159\u00edstupu: <strong data-start=\"1472\" data-end=\"1538\">praktick\u00fd, spolehliv\u00fd a funk\u010dn\u00ed n\u00e1stroj pro ka\u017edodenn\u00ed pou\u017eit\u00ed<\/strong>.<\/p>\n<hr data-start=\"1541\" data-end=\"1544\" \/>\n<h2 data-start=\"1546\" data-end=\"1573\">\u2699\ufe0f Technick\u00e9 specifikace<\/h2>\n<div class=\"TyagGW_tableContainer\">\n<div class=\"group TyagGW_tableWrapper flex w-fit flex-col-reverse\" tabindex=\"-1\">\n<table class=\"w-fit min-w-(--thread-content-width)\" data-start=\"1575\" data-end=\"2016\">\n<thead data-start=\"1575\" data-end=\"1597\">\n<tr data-start=\"1575\" data-end=\"1597\">\n<th data-start=\"1575\" data-end=\"1586\" data-col-size=\"sm\">Parametr<\/th>\n<th data-start=\"1586\" data-end=\"1597\" data-col-size=\"sm\">Hodnota<\/th>\n<\/tr>\n<\/thead>\n<tbody data-start=\"1621\" data-end=\"2016\">\n<tr data-start=\"1621\" data-end=\"1652\">\n<td data-start=\"1621\" data-end=\"1637\" data-col-size=\"sm\">Celkov\u00e1 d\u00e9lka<\/td>\n<td data-start=\"1637\" data-end=\"1652\" data-col-size=\"sm\">cca 17,5 cm<\/td>\n<\/tr>\n<tr data-start=\"1653\" data-end=\"1682\">\n<td data-start=\"1653\" data-end=\"1668\" data-col-size=\"sm\">D\u00e9lka \u010depele<\/td>\n<td data-start=\"1668\" data-end=\"1682\" data-col-size=\"sm\">cca 7,0 cm<\/td>\n<\/tr>\n<tr data-start=\"1683\" data-end=\"1715\">\n<td data-start=\"1683\" data-end=\"1701\" data-col-size=\"sm\">Tlou\u0161\u0165ka \u010depele<\/td>\n<td data-start=\"1701\" data-end=\"1715\" data-col-size=\"sm\">cca 2,7 mm<\/td>\n<\/tr>\n<tr data-start=\"1716\" data-end=\"1768\">\n<td data-start=\"1716\" data-end=\"1734\" data-col-size=\"sm\">Materi\u00e1l \u010depele<\/td>\n<td data-start=\"1734\" data-end=\"1768\" data-col-size=\"sm\">VG-10 \u2013 pr\u00e9miov\u00e1 nerezov\u00e1 ocel<\/td>\n<\/tr>\n<tr data-start=\"1769\" data-end=\"1802\">\n<td data-start=\"1769\" data-end=\"1785\" data-col-size=\"sm\">Tvrdost oceli<\/td>\n<td data-start=\"1785\" data-end=\"1802\" data-col-size=\"sm\">cca 58\u201360 HRC<\/td>\n<\/tr>\n<tr data-start=\"1803\" data-end=\"1831\">\n<td data-start=\"1803\" data-end=\"1817\" data-col-size=\"sm\">Tvar \u010depele<\/td>\n<td data-start=\"1817\" data-end=\"1831\" data-col-size=\"sm\">Leaf-shape<\/td>\n<\/tr>\n<tr data-start=\"1832\" data-end=\"1857\">\n<td data-start=\"1832\" data-end=\"1848\" data-col-size=\"sm\">Povrch \u010depele<\/td>\n<td data-start=\"1848\" data-end=\"1857\" data-col-size=\"sm\">Satin<\/td>\n<\/tr>\n<tr data-start=\"1858\" data-end=\"1896\">\n<td data-start=\"1858\" data-end=\"1868\" data-col-size=\"sm\">Rukoje\u0165<\/td>\n<td data-start=\"1868\" data-end=\"1896\" data-col-size=\"sm\">Titan s karbonovou inlay<\/td>\n<\/tr>\n<tr data-start=\"1897\" data-end=\"1918\">\n<td data-start=\"1897\" data-end=\"1905\" data-col-size=\"sm\">Z\u00e1mek<\/td>\n<td data-start=\"1905\" data-end=\"1918\" data-col-size=\"sm\">Back Lock<\/td>\n<\/tr>\n<tr data-start=\"1919\" data-end=\"1948\">\n<td data-start=\"1919\" data-end=\"1931\" data-col-size=\"sm\">Otev\u00edr\u00e1n\u00ed<\/td>\n<td data-start=\"1931\" data-end=\"1948\" data-col-size=\"sm\">Kruhov\u00fd otvor<\/td>\n<\/tr>\n<tr data-start=\"1949\" data-end=\"1975\">\n<td data-start=\"1949\" data-end=\"1956\" data-col-size=\"sm\">Klip<\/td>\n<td data-start=\"1956\" data-end=\"1975\" data-col-size=\"sm\">Dr\u00e1t\u011bn\u00fd, tip-up<\/td>\n<\/tr>\n<tr data-start=\"1976\" data-end=\"1999\">\n<td data-start=\"1976\" data-end=\"1987\" data-col-size=\"sm\">Hmotnost<\/td>\n<td data-start=\"1987\" data-end=\"1999\" data-col-size=\"sm\">cca 69 g<\/td>\n<\/tr>\n<tr data-start=\"2000\" data-end=\"2016\">\n<td data-start=\"2000\" data-end=\"2009\" data-col-size=\"sm\">V\u00fdroba<\/td>\n<td data-start=\"2009\" data-end=\"2016\" data-col-size=\"sm\">USA<\/td>\n<\/tr>\n<\/tbody>\n<\/table>\n<\/div>\n<\/div>\n<hr data-start=\"2018\" data-end=\"2021\" \/>\n<h2 data-start=\"2023\" data-end=\"2041\">\u2705 Hlavn\u00ed v\u00fdhody<\/h2>\n<ul data-start=\"2043\" data-end=\"2344\">\n<li data-start=\"2043\" data-end=\"2087\">\n<p data-start=\"2045\" data-end=\"2087\">Kompaktn\u00ed a lehk\u00fd design ide\u00e1ln\u00ed pro EDC<\/p>\n<\/li>\n<li data-start=\"2088\" data-end=\"2144\">\n<p data-start=\"2090\" data-end=\"2144\">Pr\u00e9miov\u00e1 ocel <strong data-start=\"2104\" data-end=\"2113\">VG-10<\/strong> \u2013 v\u00fdborn\u00e1 ostrost a odolnost<\/p>\n<\/li>\n<li data-start=\"2145\" data-end=\"2213\">\n<p data-start=\"2147\" data-end=\"2213\">Ergonomick\u00e1 titanov\u00e1 rukoje\u0165 s karbonovou inlay \u2013 pevnost a styl<\/p>\n<\/li>\n<li data-start=\"2214\" data-end=\"2260\">\n<p data-start=\"2216\" data-end=\"2260\">Back Lock \u2013 spolehliv\u00e9 a bezpe\u010dn\u00e9 uzam\u010den\u00ed<\/p>\n<\/li>\n<li data-start=\"2261\" data-end=\"2300\">\n<p data-start=\"2263\" data-end=\"2300\">Nen\u00e1padn\u00fd, ale funk\u010dn\u00ed dr\u00e1t\u011bn\u00fd klip<\/p>\n<\/li>\n<li data-start=\"2301\" data-end=\"2344\">\n<p data-start=\"2303\" data-end=\"2344\">Precizn\u00ed zpracov\u00e1n\u00ed v charakteru Spyderco<\/p>\n<\/li>\n<\/ul>\n<hr data-start=\"2346\" data-end=\"2349\" \/>\n<h2 data-start=\"2351\" data-end=\"2370\">\u26a0\ufe0f Mo\u017en\u00e1 omezen\u00ed<\/h2>\n<ul data-start=\"2372\" data-end=\"2559\">\n<li data-start=\"2372\" data-end=\"2429\">\n<p data-start=\"2374\" data-end=\"2429\">Men\u0161\u00ed rozm\u011bry nejsou ide\u00e1ln\u00ed pro t\u011b\u017ek\u00e9 pracovn\u00ed \u00fakony<\/p>\n<\/li>\n<li data-start=\"2430\" data-end=\"2505\">\n<p data-start=\"2432\" data-end=\"2505\">Titanov\u00e1 rukoje\u0165 je elegantn\u00ed, ale ne tak robustn\u00ed jako t\u011b\u017ek\u00e9 materi\u00e1ly<\/p>\n<\/li>\n<li data-start=\"2506\" data-end=\"2559\">\n<p data-start=\"2508\" data-end=\"2559\">VG-10 vy\u017eaduje precizn\u00ed \u00fadr\u017ebu pro dlouhodob\u00fd v\u00fdkon<\/p>\n<\/li>\n<\/ul>\n<hr data-start=\"2561\" data-end=\"2564\" \/>\n<h2 data-start=\"2566\" data-end=\"2586\">\ud83d\udee0\ufe0f \u00dadr\u017eba a p\u00e9\u010de<\/h2>\n<ul data-start=\"2588\" data-end=\"2785\">\n<li data-start=\"2588\" data-end=\"2623\">\n<p data-start=\"2590\" data-end=\"2623\">Po pou\u017eit\u00ed \u010depel o\u010disti a osu\u0161\u00ed<\/p>\n<\/li>\n<li data-start=\"2624\" data-end=\"2671\">\n<p data-start=\"2626\" data-end=\"2671\">Pravideln\u011b kontroluj \u010distotu z\u00e1mku a pivotu<\/p>\n<\/li>\n<li data-start=\"2672\" data-end=\"2712\">\n<p data-start=\"2674\" data-end=\"2712\">Titan a karbon \u010dist\u011b jemn\u00fdm had\u0159\u00edkem<\/p>\n<\/li>\n<li data-start=\"2713\" data-end=\"2756\">\n<p data-start=\"2715\" data-end=\"2756\">Pivot pravideln\u011b proma\u017e vhodn\u00fdm mazivem<\/p>\n<\/li>\n<li data-start=\"2757\" data-end=\"2785\">\n<p data-start=\"2759\" data-end=\"2785\">Skladuj v such\u00e9m prost\u0159ed\u00ed<\/p>\n<\/li>\n<\/ul>\n<hr data-start=\"2787\" data-end=\"2790\" \/>\n<h2 data-start=\"2792\" data-end=\"2828\">\ud83d\udd2a Pro udr\u017een\u00ed ost\u0159\u00ed doporu\u010dujeme<\/h2>\n<p data-start=\"2830\" data-end=\"2942\">Pro zachov\u00e1n\u00ed maxim\u00e1ln\u00ed ostrosti \u010depele <strong data-start=\"2870\" data-end=\"2879\">VG-10<\/strong> doporu\u010dujeme kvalitn\u00ed syst\u00e9m brou\u0161en\u00ed ur\u010den\u00fd pro hladk\u00e1 ost\u0159\u00ed.<\/p>\n<p data-start=\"2944\" data-end=\"3045\">Ide\u00e1ln\u00ed volbou je <strong data-start=\"2962\" data-end=\"3028\">Spyderco Tri-Angle Sharpmaker Complete Sharpening System 204MF<\/strong>, kter\u00fd nab\u00edz\u00ed:<\/p>\n<ul data-start=\"3046\" data-end=\"3178\">\n<li data-start=\"3046\" data-end=\"3080\">\n<p data-start=\"3048\" data-end=\"3080\">p\u0159esn\u00e9 a konzistentn\u00ed brou\u0161en\u00ed<\/p>\n<\/li>\n<li data-start=\"3081\" data-end=\"3130\">\n<p data-start=\"3083\" data-end=\"3130\">\u0161etrnou \u00fadr\u017ebu bez nadm\u011brn\u00e9ho \u00fab\u011bru materi\u00e1lu<\/p>\n<\/li>\n<li data-start=\"3131\" data-end=\"3178\">\n<p data-start=\"3133\" data-end=\"3178\">bezpe\u010dn\u00e9 pou\u017eit\u00ed i bez p\u0159edchoz\u00edch zku\u0161enost\u00ed<\/p>\n<\/li>\n<\/ul>\n<p data-start=\"3180\" data-end=\"3225\">\ud83d\uded2 <strong data-start=\"3183\" data-end=\"3225\">Zakoup\u00edte na na\u0161ich str\u00e1nk\u00e1ch Moskito.<\/strong><\/p>\n<hr data-start=\"3227\" data-end=\"3230\" \/>\n<h2 data-start=\"3232\" data-end=\"3252\">\ud83c\udfaf Doporu\u010deno pro<\/h2>\n<ul data-start=\"3254\" data-end=\"3464\">\n<li data-start=\"3254\" data-end=\"3315\">\n<p data-start=\"3256\" data-end=\"3315\">U\u017eivatel\u00e9 hledaj\u00edc\u00ed <strong data-start=\"3276\" data-end=\"3313\">kompaktn\u00ed, lehk\u00fd a spolehliv\u00fd EDC<\/strong><\/p>\n<\/li>\n<li data-start=\"3316\" data-end=\"3361\">\n<p data-start=\"3318\" data-end=\"3361\">Outdoorov\u00e9 nad\u0161ence i prakti\u010dt\u00ed u\u017eivatel\u00e9<\/p>\n<\/li>\n<li data-start=\"3362\" data-end=\"3419\">\n<p data-start=\"3364\" data-end=\"3419\">Ty, kte\u0159\u00ed ocen\u00ed minimalistick\u00fd design a funk\u010dn\u00ed v\u00fdkon<\/p>\n<\/li>\n<li data-start=\"3420\" data-end=\"3464\">\n<p data-start=\"3422\" data-end=\"3464\">Fanou\u0161ky Spyderco klasiky v men\u0161\u00edm form\u00e1tu<\/p>\n<\/li>\n<\/ul>\n<hr data-start=\"3466\" data-end=\"3469\" \/>\n<h2 data-start=\"3471\" data-end=\"3495\">\u2b50 Z\u00e1v\u011bre\u010dn\u00e9 hodnocen\u00ed<\/h2>\n<p data-start=\"3497\" data-end=\"3694\">Spyderco NAND C270TIP je <strong data-start=\"3522\" data-end=\"3562\">nen\u00e1padn\u00fd, ale velmi schopn\u00fd EDC n\u016f\u017e<\/strong>, kter\u00fd zvl\u00e1dne ka\u017edodenn\u00ed \u00fakoly spolehliv\u011b a precizn\u011b.<br data-start=\"3617\" data-end=\"3620\" \/>Lehk\u00fd, elegantn\u00ed a p\u0159irozen\u011b ergonomick\u00fd \u2013 ide\u00e1ln\u00ed pro ka\u017edodenn\u00ed pou\u017eit\u00ed.<\/p>\n<p data-start=\"3696\" data-end=\"3739\"><strong data-start=\"3696\" data-end=\"3739\">NAND \u2013 mal\u00fd n\u016f\u017e s velkou spolehlivost\u00ed.<\/strong><\/p>\n","protected":false},"excerpt":{"rendered":"<p data-start=\"3497\" data-end=\"3694\"><strong>Spyderco NAND C270TIP je nen\u00e1padn\u00fd, ale velmi schopn\u00fd EDC n\u016f\u017e, kter\u00fd zvl\u00e1dne ka\u017edodenn\u00ed \u00fakoly spolehliv\u011b a precizn\u011b.<\/strong><br data-start=\"3617\" data-end=\"3620\" \/><strong>Lehk\u00fd, elegantn\u00ed a p\u0159irozen\u011b ergonomick\u00fd \u2013 ide\u00e1ln\u00ed pro ka\u017edodenn\u00ed pou\u017eit\u00ed.<\/strong><\/p>\n<p data-start=\"3696\" data-end=\"3739\"><strong data-start=\"3696\" data-end=\"3739\">NAND \u2013 mal\u00fd n\u016f\u017e s velkou spolehlivost\u00ed.<\/strong><\/p>\n<p data-start=\"3696\" data-end=\"3739\"><strong>Doprava zdarma.<\/strong><\/p>\n","protected":false},"featured_media":430107,"comment_status":"open","ping_status":"closed","template":"","meta":[],"pwb-brand":[567],"product_brand":[],"product_cat":[22,17],"product_tag":[],"class_list":{"0":"post-430106","1":"product","2":"type-product","3":"status-publish","4":"has-post-thumbnail","6":"pwb-brand-spyderco","7":"product_cat-zaviraci-noze","8":"product_cat-noze","10":"first","11":"instock","12":"taxable","13":"shipping-taxable","14":"purchasable","15":"product-type-simple"},"brands":[{"id":567,"name":"Spyderco","slug":"spyderco"}],"_links":{"self":[{"href":"https:\/\/www.moskito.cz\/fr\/wp-json\/wp\/v2\/product\/430106","targetHints":{"allow":["GET"]}}],"collection":[{"href":"https:\/\/www.moskito.cz\/fr\/wp-json\/wp\/v2\/product"}],"about":[{"href":"https:\/\/www.moskito.cz\/fr\/wp-json\/wp\/v2\/types\/product"}],"replies":[{"embeddable":true,"href":"https:\/\/www.moskito.cz\/fr\/wp-json\/wp\/v2\/comments?post=430106"}],"wp:featuredmedia":[{"embeddable":true,"href":"https:\/\/www.moskito.cz\/fr\/wp-json\/wp\/v2\/media\/430107"}],"wp:attachment":[{"href":"https:\/\/www.moskito.cz\/fr\/wp-json\/wp\/v2\/media?parent=430106"}],"wp:term":[{"taxonomy":"pwb-brand","embeddable":true,"href":"https:\/\/www.moskito.cz\/fr\/wp-json\/wp\/v2\/pwb-brand?post=430106"},{"taxonomy":"product_brand","embeddable":true,"href":"https:\/\/www.moskito.cz\/fr\/wp-json\/wp\/v2\/product_brand?post=430106"},{"taxonomy":"product_cat","embeddable":true,"href":"https:\/\/www.moskito.cz\/fr\/wp-json\/wp\/v2\/product_cat?post=430106"},{"taxonomy":"product_tag","embeddable":true,"href":"https:\/\/www.moskito.cz\/fr\/wp-json\/wp\/v2\/product_tag?post=430106"}],"curies":[{"name":"wp","href":"https:\/\/api.w.org\/{rel}","templated":true}]}}