{"id":430850,"date":"2026-01-06T14:01:07","date_gmt":"2026-01-06T13:01:07","guid":{"rendered":"https:\/\/www.moskito.cz\/?post_type=product&#038;p=430850"},"modified":"2026-01-06T14:01:07","modified_gmt":"2026-01-06T13:01:07","slug":"pevny-nuz-extrema-ratio-venatus-f-drevo-satin-04-1000-0089-sat-wd","status":"publish","type":"product","link":"https:\/\/www.moskito.cz\/fr\/produkt\/pevny-nuz-extrema-ratio-venatus-f-drevo-satin-04-1000-0089-sat-wd\/","title":{"rendered":"Pevn\u00fd N\u016f\u017e Extrema Ratio VENATUS F D\u0158EVO SATIN 04.1000.0089\/SAT\/WD"},"content":{"rendered":"<p data-start=\"0\" data-end=\"62\"><strong data-start=\"0\" data-end=\"60\">Elegance, kontrola a spolehliv\u00fd v\u00fdkon v p\u0159\u00edrodn\u00edm stylu.<\/strong><\/p>\n<p data-start=\"64\" data-end=\"494\">Extrema Ratio <strong data-start=\"78\" data-end=\"103\">VENATUS F D\u0159evo Satin<\/strong> je pevn\u00fd n\u016f\u017e navr\u017een\u00fd pro lovce a outdoorov\u00e9 nad\u0161ence, kte\u0159\u00ed hledaj\u00ed <strong data-start=\"173\" data-end=\"244\">kombinaci klasick\u00e9ho vzhledu, ergonomie a precizn\u00edho \u0159ezn\u00e9ho v\u00fdkonu<\/strong>.<br data-start=\"245\" data-end=\"248\" \/>\u010cepel s satinovanou \u00fapravou je p\u0159esn\u00e1 a hladk\u00e1, zat\u00edmco rukoje\u0165 z kvalitn\u00edho d\u0159eva poskytuje jist\u00fd \u00fachop a p\u0159\u00edjemn\u00fd pocit p\u0159i manipulaci i b\u011bhem del\u0161\u00ed pr\u00e1ce v ter\u00e9nu. VENATUS F je n\u00e1stroj, kter\u00fd <strong data-start=\"443\" data-end=\"493\">p\u0159in\u00e1\u0161\u00ed kontrolu a spolehlivost bez kompromis\u016f<\/strong>.<\/p>\n<hr data-start=\"496\" data-end=\"499\" \/>\n<h2 data-start=\"501\" data-end=\"525\">Charakter a filozofie<\/h2>\n<p data-start=\"527\" data-end=\"845\">VENATUS F je n\u00e1stroj pro ty, kte\u0159\u00ed <strong data-start=\"562\" data-end=\"598\">ocen\u00ed tradi\u010dn\u00ed loveck\u00fd charakter<\/strong>, ale z\u00e1rove\u0148 cht\u011bj\u00ed modern\u00ed v\u00fdkon.<br data-start=\"633\" data-end=\"636\" \/>D\u00edky pevn\u00e9 full tang konstrukci a ergonomick\u00e9 rukojeti je pr\u00e1ce s no\u017eem pohodln\u00e1, p\u0159esn\u00e1 a bezpe\u010dn\u00e1.<br data-start=\"736\" data-end=\"739\" \/>Je to <strong data-start=\"745\" data-end=\"793\">n\u016f\u017e, kter\u00fd ti poskytne jistotu v ka\u017ed\u00e9m \u0159ezu<\/strong>, od drobn\u00e9 p\u0159\u00edpravy a\u017e po n\u00e1ro\u010dn\u011bj\u0161\u00ed ter\u00e9nn\u00ed \u00fakoly.<\/p>\n<hr data-start=\"847\" data-end=\"850\" \/>\n<h2 data-start=\"852\" data-end=\"867\">\ud83c\udfed O v\u00fdrobci<\/h2>\n<p data-start=\"869\" data-end=\"1124\"><strong data-start=\"869\" data-end=\"886\">Extrema Ratio<\/strong> je italsk\u00e1 zna\u010dka, kter\u00e1 je synonymem pro <strong data-start=\"929\" data-end=\"957\">profesion\u00e1ln\u00ed pevn\u00e9 no\u017ee<\/strong>.<br data-start=\"958\" data-end=\"961\" \/>Zam\u011b\u0159uje se na maxim\u00e1ln\u00ed kvalitu, spolehlivost a dlouhou \u017eivotnost. Model VENATUS F dokazuje filozofii zna\u010dky: <strong data-start=\"1072\" data-end=\"1123\">kombinace precizn\u00ed techniky a funk\u010dn\u00edho designu<\/strong>.<\/p>\n<hr data-start=\"1126\" data-end=\"1129\" \/>\n<h2 data-start=\"1131\" data-end=\"1158\">\u2699\ufe0f Technick\u00e9 specifikace<\/h2>\n<div class=\"TyagGW_tableContainer\">\n<div class=\"group TyagGW_tableWrapper flex w-fit flex-col-reverse\" tabindex=\"-1\">\n<table class=\"w-fit min-w-(--thread-content-width)\" data-start=\"1160\" data-end=\"1536\">\n<thead data-start=\"1160\" data-end=\"1182\">\n<tr data-start=\"1160\" data-end=\"1182\">\n<th data-start=\"1160\" data-end=\"1171\" data-col-size=\"sm\">Parametr<\/th>\n<th data-start=\"1171\" data-end=\"1182\" data-col-size=\"sm\">Hodnota<\/th>\n<\/tr>\n<\/thead>\n<tbody data-start=\"1206\" data-end=\"1536\">\n<tr data-start=\"1206\" data-end=\"1237\">\n<td data-start=\"1206\" data-end=\"1222\" data-col-size=\"sm\">Celkov\u00e1 d\u00e9lka<\/td>\n<td data-start=\"1222\" data-end=\"1237\" data-col-size=\"sm\">cca 23,0 cm<\/td>\n<\/tr>\n<tr data-start=\"1238\" data-end=\"1268\">\n<td data-start=\"1238\" data-end=\"1253\" data-col-size=\"sm\">D\u00e9lka \u010depele<\/td>\n<td data-start=\"1253\" data-end=\"1268\" data-col-size=\"sm\">cca 10,0 cm<\/td>\n<\/tr>\n<tr data-start=\"1269\" data-end=\"1301\">\n<td data-start=\"1269\" data-end=\"1287\" data-col-size=\"sm\">Tlou\u0161\u0165ka \u010depele<\/td>\n<td data-start=\"1287\" data-end=\"1301\" data-col-size=\"sm\">cca 4,0 mm<\/td>\n<\/tr>\n<tr data-start=\"1302\" data-end=\"1351\">\n<td data-start=\"1302\" data-end=\"1320\" data-col-size=\"sm\">Materi\u00e1l \u010depele<\/td>\n<td data-start=\"1320\" data-end=\"1351\" data-col-size=\"sm\">B\u00f6hler N690 \u2013 nerezov\u00e1 ocel<\/td>\n<\/tr>\n<tr data-start=\"1352\" data-end=\"1382\">\n<td data-start=\"1352\" data-end=\"1368\" data-col-size=\"sm\">Tvrdost oceli<\/td>\n<td data-start=\"1368\" data-end=\"1382\" data-col-size=\"sm\">cca 58 HRC<\/td>\n<\/tr>\n<tr data-start=\"1383\" data-end=\"1411\">\n<td data-start=\"1383\" data-end=\"1397\" data-col-size=\"sm\">Tvar \u010depele<\/td>\n<td data-start=\"1397\" data-end=\"1411\" data-col-size=\"sm\">Drop Point<\/td>\n<\/tr>\n<tr data-start=\"1412\" data-end=\"1437\">\n<td data-start=\"1412\" data-end=\"1428\" data-col-size=\"sm\">Povrch \u010depele<\/td>\n<td data-start=\"1428\" data-end=\"1437\" data-col-size=\"sm\">Satin<\/td>\n<\/tr>\n<tr data-start=\"1438\" data-end=\"1464\">\n<td data-start=\"1438\" data-end=\"1451\" data-col-size=\"sm\">Konstrukce<\/td>\n<td data-start=\"1451\" data-end=\"1464\" data-col-size=\"sm\">Full Tang<\/td>\n<\/tr>\n<tr data-start=\"1465\" data-end=\"1495\">\n<td data-start=\"1465\" data-end=\"1475\" data-col-size=\"sm\">Rukoje\u0165<\/td>\n<td data-start=\"1475\" data-end=\"1495\" data-col-size=\"sm\">D\u0159evo (p\u0159\u00edrodn\u00ed)<\/td>\n<\/tr>\n<tr data-start=\"1496\" data-end=\"1516\">\n<td data-start=\"1496\" data-end=\"1506\" data-col-size=\"sm\">Pouzdro<\/td>\n<td data-start=\"1506\" data-end=\"1516\" data-col-size=\"sm\">Ko\u017een\u00e9<\/td>\n<\/tr>\n<tr data-start=\"1517\" data-end=\"1536\">\n<td data-start=\"1517\" data-end=\"1526\" data-col-size=\"sm\">V\u00fdroba<\/td>\n<td data-start=\"1526\" data-end=\"1536\" data-col-size=\"sm\">It\u00e1lie<\/td>\n<\/tr>\n<\/tbody>\n<\/table>\n<\/div>\n<\/div>\n<hr data-start=\"1538\" data-end=\"1541\" \/>\n<h2 data-start=\"1543\" data-end=\"1561\">\u2705 Hlavn\u00ed v\u00fdhody<\/h2>\n<ul data-start=\"1563\" data-end=\"1902\">\n<li data-start=\"1563\" data-end=\"1623\">\n<p data-start=\"1565\" data-end=\"1623\"><strong data-start=\"1565\" data-end=\"1589\">Full Tang konstrukce<\/strong> \u2013 vysok\u00e1 spolehlivost a pevnost<\/p>\n<\/li>\n<li data-start=\"1624\" data-end=\"1687\">\n<p data-start=\"1626\" data-end=\"1687\">\u010cepel z <strong data-start=\"1634\" data-end=\"1649\">B\u00f6hler N690<\/strong> \u2013 dlouh\u00e1 \u017eivotnost ost\u0159\u00ed a odolnost<\/p>\n<\/li>\n<li data-start=\"1688\" data-end=\"1741\">\n<p data-start=\"1690\" data-end=\"1741\">Satinovan\u00fd povrch \u2013 elegantn\u00ed vzhled a hladk\u00fd \u0159ez<\/p>\n<\/li>\n<li data-start=\"1742\" data-end=\"1810\">\n<p data-start=\"1744\" data-end=\"1810\">Rukoje\u0165 z p\u0159\u00edrodn\u00edho <strong data-start=\"1765\" data-end=\"1774\">d\u0159eva<\/strong> \u2013 jist\u00fd \u00fachop a tradi\u010dn\u00ed estetika<\/p>\n<\/li>\n<li data-start=\"1811\" data-end=\"1855\">\n<p data-start=\"1813\" data-end=\"1855\">Vyv\u00e1\u017een\u00fd design \u2013 precizn\u00ed kontrola \u0159ezu<\/p>\n<\/li>\n<li data-start=\"1856\" data-end=\"1902\">\n<p data-start=\"1858\" data-end=\"1902\">Ko\u017een\u00e9 pouzdro \u2013 stylov\u00e9 a bezpe\u010dn\u00e9 no\u0161en\u00ed<\/p>\n<\/li>\n<\/ul>\n<hr data-start=\"1904\" data-end=\"1907\" \/>\n<h2 data-start=\"1909\" data-end=\"1928\">\u26a0\ufe0f Mo\u017en\u00e1 omezen\u00ed<\/h2>\n<ul data-start=\"1930\" data-end=\"2129\">\n<li data-start=\"1930\" data-end=\"1999\">\n<p data-start=\"1932\" data-end=\"1999\">P\u0159\u00edrodn\u00ed d\u0159evo vy\u017eaduje p\u00e9\u010di, aby si zachovalo vzhled a funk\u010dnost<\/p>\n<\/li>\n<li data-start=\"2000\" data-end=\"2057\">\n<p data-start=\"2002\" data-end=\"2057\">Nen\u00ed vhodn\u00fd pro extr\u00e9mn\u00ed p\u00e1\u010den\u00ed nebo tvrd\u00e9 manipulace<\/p>\n<\/li>\n<li data-start=\"2058\" data-end=\"2129\">\n<p data-start=\"2060\" data-end=\"2129\">Ko\u017een\u00e9 pouzdro m\u016f\u017ee p\u0159i dlouhodob\u00e9m vystaven\u00ed vlhkosti ztr\u00e1cet tvar<\/p>\n<\/li>\n<\/ul>\n<hr data-start=\"2131\" data-end=\"2134\" \/>\n<h2 data-start=\"2136\" data-end=\"2156\">\ud83d\udee0\ufe0f \u00dadr\u017eba a p\u00e9\u010de<\/h2>\n<ul data-start=\"2158\" data-end=\"2332\">\n<li data-start=\"2158\" data-end=\"2193\">\n<p data-start=\"2160\" data-end=\"2193\">\u010cepel po pou\u017eit\u00ed o\u010disti a osu\u0161\u00ed<\/p>\n<\/li>\n<li data-start=\"2194\" data-end=\"2249\">\n<p data-start=\"2196\" data-end=\"2249\">Rukoje\u0165 z d\u0159eva o\u0161et\u0159uj vhodn\u00fdm p\u0159\u00edpravkem na d\u0159evo<\/p>\n<\/li>\n<li data-start=\"2250\" data-end=\"2284\">\n<p data-start=\"2252\" data-end=\"2284\">Ko\u017een\u00e9 pouzdro skladuj v suchu<\/p>\n<\/li>\n<li data-start=\"2285\" data-end=\"2332\">\n<p data-start=\"2287\" data-end=\"2332\">Skladuj n\u016f\u017e mimo vlhkost a extr\u00e9mn\u00ed teploty<\/p>\n<\/li>\n<\/ul>\n<hr data-start=\"2334\" data-end=\"2337\" \/>\n<h2 data-start=\"2339\" data-end=\"2375\">\ud83d\udd2a Pro udr\u017een\u00ed ost\u0159\u00ed doporu\u010dujeme<\/h2>\n<p data-start=\"2377\" data-end=\"2432\">Pro zachov\u00e1n\u00ed maxim\u00e1ln\u00ed ostrosti \u010depele doporu\u010dujeme:<\/p>\n<p data-start=\"2434\" data-end=\"2535\"><strong data-start=\"2434\" data-end=\"2500\">Spyderco Tri-Angle Sharpmaker Complete Sharpening System 204MF<\/strong> \u2013<br data-start=\"2502\" data-end=\"2505\" \/>ide\u00e1ln\u00ed pro ocel N690, nab\u00edz\u00ed:<\/p>\n<ul data-start=\"2537\" data-end=\"2676\">\n<li data-start=\"2537\" data-end=\"2576\">\n<p data-start=\"2539\" data-end=\"2576\">p\u0159esn\u00e9 a konzistentn\u00ed \u00fahly brou\u0161en\u00ed<\/p>\n<\/li>\n<li data-start=\"2577\" data-end=\"2626\">\n<p data-start=\"2579\" data-end=\"2626\">\u0161etrnou \u00fadr\u017ebu bez nadm\u011brn\u00e9ho \u00fab\u011bru materi\u00e1lu<\/p>\n<\/li>\n<li data-start=\"2627\" data-end=\"2676\">\n<p data-start=\"2629\" data-end=\"2676\">bezpe\u010dn\u00e9 pou\u017eit\u00ed i pro m\u00e9n\u011b zku\u0161en\u00e9 u\u017eivatele<\/p>\n<\/li>\n<\/ul>\n<p data-start=\"2678\" data-end=\"2721\">\ud83d\uded2 Koup\u00edte na na\u0161ich str\u00e1nk\u00e1ch <strong data-start=\"2709\" data-end=\"2720\">Moskito<\/strong>.<\/p>\n<hr data-start=\"2723\" data-end=\"2726\" \/>\n<h2 data-start=\"2728\" data-end=\"2748\">\ud83c\udfaf Doporu\u010deno pro<\/h2>\n<ul data-start=\"2750\" data-end=\"2958\">\n<li data-start=\"2750\" data-end=\"2781\">\n<p data-start=\"2752\" data-end=\"2781\">Lovce a outdoorov\u00e9 nad\u0161ence<\/p>\n<\/li>\n<li data-start=\"2782\" data-end=\"2843\">\n<p data-start=\"2784\" data-end=\"2843\">U\u017eivatel\u00e9, kte\u0159\u00ed ocen\u00ed tradi\u010dn\u00ed design a d\u0159ev\u011bnou rukoje\u0165<\/p>\n<\/li>\n<li data-start=\"2844\" data-end=\"2897\">\n<p data-start=\"2846\" data-end=\"2897\">Ti, kte\u0159\u00ed cht\u011bj\u00ed pevn\u00fd a spolehliv\u00fd n\u016f\u017e do ter\u00e9nu<\/p>\n<\/li>\n<li data-start=\"2898\" data-end=\"2958\">\n<p data-start=\"2900\" data-end=\"2958\">Fanou\u0161ky n\u00e1stroj\u016f, kde se historie a funk\u010dnost setk\u00e1vaj\u00ed<\/p>\n<\/li>\n<\/ul>\n<hr data-start=\"2960\" data-end=\"2963\" \/>\n<h2 data-start=\"2965\" data-end=\"2989\">\u2b50 Z\u00e1v\u011bre\u010dn\u00e9 hodnocen\u00ed<\/h2>\n<p data-start=\"2991\" data-end=\"3245\"><strong data-start=\"2991\" data-end=\"3030\">Extrema Ratio VENATUS F D\u0159evo Satin<\/strong> je pevn\u00fd n\u016f\u017e, kter\u00fd spojuje <strong data-start=\"3059\" data-end=\"3112\">tradi\u010dn\u00ed estetiku s modern\u00ed v\u00fdkonovou preciznost\u00ed<\/strong>.<br data-start=\"3113\" data-end=\"3116\" \/>Nab\u00edz\u00ed <strong data-start=\"3123\" data-end=\"3175\">kontrolu, spolehlivost a komfort p\u0159i ka\u017ed\u00e9m \u0159ezu<\/strong>, a\u0165 u\u017e jsi v ter\u00e9nu, v lese, nebo p\u0159i b\u011b\u017en\u00fdch outdoorov\u00fdch \u00fakolech.<\/p>\n<p data-start=\"3247\" data-end=\"3311\" data-is-last-node=\"\" data-is-only-node=\"\">VENATUS F \u2013 <strong data-start=\"3259\" data-end=\"3310\">n\u00e1stroj, na kter\u00fd se m\u016f\u017ee\u0161 spolehnout ka\u017ed\u00fd den<\/strong>.<\/p>\n","protected":false},"excerpt":{"rendered":"<p data-start=\"2991\" data-end=\"3245\"><strong>Extrema Ratio VENATUS F D\u0159evo Satin je pevn\u00fd n\u016f\u017e, kter\u00fd spojuje tradi\u010dn\u00ed estetiku s modern\u00ed v\u00fdkonovou preciznost\u00ed.<\/strong><br data-start=\"3113\" data-end=\"3116\" \/><strong>Nab\u00edz\u00ed kontrolu, spolehlivost a komfort p\u0159i ka\u017ed\u00e9m \u0159ezu, a\u0165 u\u017e jsi v ter\u00e9nu, v lese, nebo p\u0159i b\u011b\u017en\u00fdch outdoorov\u00fdch \u00fakolech.<\/strong><\/p>\n<p data-start=\"3247\" data-end=\"3311\" data-is-last-node=\"\" data-is-only-node=\"\"><strong>VENATUS F \u2013 n\u00e1stroj, na kter\u00fd se m\u016f\u017ee\u0161 spolehnout ka\u017ed\u00fd den.<\/strong><\/p>\n<p data-start=\"3247\" data-end=\"3311\" data-is-last-node=\"\" data-is-only-node=\"\"><strong>Doprava zdarma.<\/strong><\/p>\n","protected":false},"featured_media":430851,"comment_status":"open","ping_status":"closed","template":"","meta":[],"pwb-brand":[267],"product_brand":[],"product_cat":[23,17],"product_tag":[],"class_list":{"0":"post-430850","1":"product","2":"type-product","3":"status-publish","4":"has-post-thumbnail","6":"pwb-brand-extrema-ratio","7":"product_cat-pevne-noze","8":"product_cat-noze","10":"first","11":"instock","12":"taxable","13":"shipping-taxable","14":"purchasable","15":"product-type-simple"},"brands":[{"id":267,"name":"Extrema Ratio","slug":"extrema-ratio"}],"_links":{"self":[{"href":"https:\/\/www.moskito.cz\/fr\/wp-json\/wp\/v2\/product\/430850","targetHints":{"allow":["GET"]}}],"collection":[{"href":"https:\/\/www.moskito.cz\/fr\/wp-json\/wp\/v2\/product"}],"about":[{"href":"https:\/\/www.moskito.cz\/fr\/wp-json\/wp\/v2\/types\/product"}],"replies":[{"embeddable":true,"href":"https:\/\/www.moskito.cz\/fr\/wp-json\/wp\/v2\/comments?post=430850"}],"wp:featuredmedia":[{"embeddable":true,"href":"https:\/\/www.moskito.cz\/fr\/wp-json\/wp\/v2\/media\/430851"}],"wp:attachment":[{"href":"https:\/\/www.moskito.cz\/fr\/wp-json\/wp\/v2\/media?parent=430850"}],"wp:term":[{"taxonomy":"pwb-brand","embeddable":true,"href":"https:\/\/www.moskito.cz\/fr\/wp-json\/wp\/v2\/pwb-brand?post=430850"},{"taxonomy":"product_brand","embeddable":true,"href":"https:\/\/www.moskito.cz\/fr\/wp-json\/wp\/v2\/product_brand?post=430850"},{"taxonomy":"product_cat","embeddable":true,"href":"https:\/\/www.moskito.cz\/fr\/wp-json\/wp\/v2\/product_cat?post=430850"},{"taxonomy":"product_tag","embeddable":true,"href":"https:\/\/www.moskito.cz\/fr\/wp-json\/wp\/v2\/product_tag?post=430850"}],"curies":[{"name":"wp","href":"https:\/\/api.w.org\/{rel}","templated":true}]}}