{"id":430918,"date":"2026-01-06T14:54:16","date_gmt":"2026-01-06T13:54:16","guid":{"rendered":"https:\/\/www.moskito.cz\/?post_type=product&#038;p=430918"},"modified":"2026-01-06T14:54:17","modified_gmt":"2026-01-06T13:54:17","slug":"zaviraci-nuz-extrema-ratio-mh-stealth-04-1000-0483-blk-tm","status":"publish","type":"product","link":"https:\/\/www.moskito.cz\/fr\/produkt\/zaviraci-nuz-extrema-ratio-mh-stealth-04-1000-0483-blk-tm\/","title":{"rendered":"Zav\u00edrac\u00ed N\u016f\u017e Extrema Ratio MH-STEALTH 04.1000.0483\/BLK\/TM"},"content":{"rendered":"<p data-start=\"0\" data-end=\"61\"><strong data-start=\"0\" data-end=\"59\">Diskr\u00e9tn\u00ed s\u00edla a precizn\u00ed v\u00fdkon v kompaktn\u00edm proveden\u00ed.<\/strong><\/p>\n<p data-start=\"63\" data-end=\"460\">Extrema Ratio <strong data-start=\"77\" data-end=\"91\">MH\u2011STEALTH<\/strong> je <strong data-start=\"95\" data-end=\"111\">zav\u00edrac\u00ed n\u016f\u017e<\/strong>, kter\u00fd kombinuje taktick\u00e9 vlastnosti s ergonomi\u00ed a spolehlivost\u00ed, kterou zna\u010dka Extrema Ratio nab\u00edz\u00ed profesion\u00e1l\u016fm i n\u00e1ro\u010dn\u00fdm outdoorov\u00fdm u\u017eivatel\u016fm.<br data-start=\"261\" data-end=\"264\" \/>D\u00edky <strong data-start=\"269\" data-end=\"305\">\u010depeli z kvalitn\u00ed nerezov\u00e9 oceli<\/strong> a robustn\u00ed konstrukci s intuitivn\u00edm otev\u00edr\u00e1n\u00edm je MH\u2011STEALTH p\u0159ipraven k rychl\u00e9 akci a ka\u017edodenn\u00edmu pou\u017eit\u00ed, ani\u017e by ztratil diskr\u00e9tn\u00ed a nen\u00e1padn\u00fd vzhled.<\/p>\n<hr data-start=\"462\" data-end=\"465\" \/>\n<h2 data-start=\"467\" data-end=\"491\">Charakter a filozofie<\/h2>\n<p data-start=\"493\" data-end=\"762\">MH\u2011STEALTH je navr\u017een pro ty, kte\u0159\u00ed pot\u0159ebuj\u00ed <strong data-start=\"539\" data-end=\"597\">kompaktn\u00ed, spolehliv\u00fd a rychle pou\u017eiteln\u00fd zav\u00edrac\u00ed n\u016f\u017e<\/strong>.<br data-start=\"598\" data-end=\"601\" \/>Ergonomick\u00e1 rukoje\u0165 s taktickou povrchovou \u00fapravou poskytuje <strong data-start=\"662\" data-end=\"702\">jist\u00fd \u00fachop i v n\u00e1ro\u010dn\u00fdch podm\u00ednk\u00e1ch<\/strong>, zat\u00edmco design zaji\u0161\u0165uje <strong data-start=\"729\" data-end=\"759\">rychl\u00e9 a bezpe\u010dn\u00e9 ovl\u00e1d\u00e1n\u00ed<\/strong>.<\/p>\n<p data-start=\"764\" data-end=\"902\">Tento model je ide\u00e1ln\u00ed volbou pro taktick\u00e9 nasazen\u00ed, outdoorov\u00e9 aktivity i ka\u017edodenn\u00ed pou\u017eit\u00ed, kde je <strong data-start=\"866\" data-end=\"901\">spolehlivost a kontrola kl\u00ed\u010dov\u00e1<\/strong>.<\/p>\n<hr data-start=\"904\" data-end=\"907\" \/>\n<h2 data-start=\"909\" data-end=\"924\">\ud83c\udfed O v\u00fdrobci<\/h2>\n<p data-start=\"926\" data-end=\"1204\"><strong data-start=\"926\" data-end=\"943\">Extrema Ratio<\/strong> je italsk\u00e1 zna\u010dka zn\u00e1m\u00e1 v\u00fdrobou <strong data-start=\"976\" data-end=\"1000\">profesion\u00e1ln\u00edch no\u017e\u016f<\/strong>, oce\u0148ovan\u00fdch pro jejich spolehlivost a vysokou kvalitu zpracov\u00e1n\u00ed.<br data-start=\"1067\" data-end=\"1070\" \/>Zna\u010dka vyv\u00edj\u00ed produkty pro profesion\u00e1ly, taktick\u00e9 operace i outdoorov\u00e9 nad\u0161ence, kte\u0159\u00ed hledaj\u00ed <strong data-start=\"1165\" data-end=\"1203\">bezkompromisn\u00ed v\u00fdkon a trvanlivost<\/strong>.<\/p>\n<hr data-start=\"1206\" data-end=\"1209\" \/>\n<h2 data-start=\"1211\" data-end=\"1238\">\u2699\ufe0f Technick\u00e9 specifikace<\/h2>\n<div class=\"TyagGW_tableContainer\">\n<div class=\"group TyagGW_tableWrapper flex w-fit flex-col-reverse\" tabindex=\"-1\">\n<table class=\"w-fit min-w-(--thread-content-width)\" data-start=\"1240\" data-end=\"1679\">\n<thead data-start=\"1240\" data-end=\"1262\">\n<tr data-start=\"1240\" data-end=\"1262\">\n<th data-start=\"1240\" data-end=\"1251\" data-col-size=\"sm\">Parametr<\/th>\n<th data-start=\"1251\" data-end=\"1262\" data-col-size=\"md\">Hodnota<\/th>\n<\/tr>\n<\/thead>\n<tbody data-start=\"1286\" data-end=\"1679\">\n<tr data-start=\"1286\" data-end=\"1317\">\n<td data-start=\"1286\" data-end=\"1302\" data-col-size=\"sm\">Celkov\u00e1 d\u00e9lka<\/td>\n<td data-start=\"1302\" data-end=\"1317\" data-col-size=\"md\">cca 21,0 cm<\/td>\n<\/tr>\n<tr data-start=\"1318\" data-end=\"1347\">\n<td data-start=\"1318\" data-end=\"1333\" data-col-size=\"sm\">D\u00e9lka \u010depele<\/td>\n<td data-start=\"1333\" data-end=\"1347\" data-col-size=\"md\">cca 9,0 cm<\/td>\n<\/tr>\n<tr data-start=\"1348\" data-end=\"1380\">\n<td data-start=\"1348\" data-end=\"1366\" data-col-size=\"sm\">Tlou\u0161\u0165ka \u010depele<\/td>\n<td data-start=\"1366\" data-end=\"1380\" data-col-size=\"md\">cca 3,5 mm<\/td>\n<\/tr>\n<tr data-start=\"1381\" data-end=\"1438\">\n<td data-start=\"1381\" data-end=\"1399\" data-col-size=\"sm\">Materi\u00e1l \u010depele<\/td>\n<td data-start=\"1399\" data-end=\"1438\" data-col-size=\"md\">B\u00f6hler N690 \u2013 nerezov\u00e1 ocel, 58 HRC<\/td>\n<\/tr>\n<tr data-start=\"1439\" data-end=\"1470\">\n<td data-start=\"1439\" data-end=\"1455\" data-col-size=\"sm\">Povrch \u010depele<\/td>\n<td data-start=\"1455\" data-end=\"1470\" data-col-size=\"md\">Black Satin<\/td>\n<\/tr>\n<tr data-start=\"1471\" data-end=\"1499\">\n<td data-start=\"1471\" data-end=\"1485\" data-col-size=\"sm\">Tvar \u010depele<\/td>\n<td data-start=\"1485\" data-end=\"1499\" data-col-size=\"md\">Drop Point<\/td>\n<\/tr>\n<tr data-start=\"1500\" data-end=\"1558\">\n<td data-start=\"1500\" data-end=\"1508\" data-col-size=\"sm\">Z\u00e1mek<\/td>\n<td data-start=\"1508\" data-end=\"1558\" data-col-size=\"md\">Liner Lock \u2013 bezpe\u010dn\u00fd a spolehliv\u00fd mechanismus<\/td>\n<\/tr>\n<tr data-start=\"1559\" data-end=\"1608\">\n<td data-start=\"1559\" data-end=\"1569\" data-col-size=\"sm\">Rukoje\u0165<\/td>\n<td data-start=\"1569\" data-end=\"1608\" data-col-size=\"md\">\u010cern\u00fd G10 \u2013 odoln\u00fd a lehk\u00fd materi\u00e1l<\/td>\n<\/tr>\n<tr data-start=\"1609\" data-end=\"1634\">\n<td data-start=\"1609\" data-end=\"1616\" data-col-size=\"sm\">Klip<\/td>\n<td data-start=\"1616\" data-end=\"1634\" data-col-size=\"md\">Tip\u2011up, kovov\u00fd<\/td>\n<\/tr>\n<tr data-start=\"1635\" data-end=\"1659\">\n<td data-start=\"1635\" data-end=\"1646\" data-col-size=\"sm\">Hmotnost<\/td>\n<td data-start=\"1646\" data-end=\"1659\" data-col-size=\"md\">cca 190 g<\/td>\n<\/tr>\n<tr data-start=\"1660\" data-end=\"1679\">\n<td data-start=\"1660\" data-end=\"1669\" data-col-size=\"sm\">V\u00fdroba<\/td>\n<td data-start=\"1669\" data-end=\"1679\" data-col-size=\"md\">It\u00e1lie<\/td>\n<\/tr>\n<\/tbody>\n<\/table>\n<\/div>\n<\/div>\n<hr data-start=\"1681\" data-end=\"1684\" \/>\n<h2 data-start=\"1686\" data-end=\"1704\">\u2705 Hlavn\u00ed v\u00fdhody<\/h2>\n<ul data-start=\"1706\" data-end=\"2057\">\n<li data-start=\"1706\" data-end=\"1776\">\n<p data-start=\"1708\" data-end=\"1776\">Kompaktn\u00ed a <strong data-start=\"1720\" data-end=\"1740\">diskr\u00e9tn\u00ed design<\/strong> vhodn\u00fd pro EDC a taktick\u00e9 pou\u017eit\u00ed<\/p>\n<\/li>\n<li data-start=\"1777\" data-end=\"1845\">\n<p data-start=\"1779\" data-end=\"1845\">\u010cepel z <strong data-start=\"1787\" data-end=\"1802\">B\u00f6hler N690<\/strong> \u2013 odoln\u00e1, dr\u017e\u00ed ost\u0159\u00ed a snadno se udr\u017euje<\/p>\n<\/li>\n<li data-start=\"1846\" data-end=\"1897\">\n<p data-start=\"1848\" data-end=\"1897\"><strong data-start=\"1848\" data-end=\"1862\">Liner Lock<\/strong> \u2013 bezpe\u010dn\u00e9 a intuitivn\u00ed uzam\u010den\u00ed<\/p>\n<\/li>\n<li data-start=\"1898\" data-end=\"1943\">\n<p data-start=\"1900\" data-end=\"1943\">Rukoje\u0165 z <strong data-start=\"1910\" data-end=\"1917\">G10<\/strong> \u2013 pevn\u00e1, lehk\u00e1 a odoln\u00e1<\/p>\n<\/li>\n<li data-start=\"1944\" data-end=\"1995\">\n<p data-start=\"1946\" data-end=\"1995\"><strong data-start=\"1946\" data-end=\"1961\">Tip\u2011up klip<\/strong> \u2013 variabiln\u00ed a praktick\u00e9 no\u0161en\u00ed<\/p>\n<\/li>\n<li data-start=\"1996\" data-end=\"2057\">\n<p data-start=\"1998\" data-end=\"2057\">Nen\u00e1padn\u00fd vzhled \u2013 ide\u00e1ln\u00ed pro taktick\u00e9 a civiln\u00ed pou\u017eit\u00ed<\/p>\n<\/li>\n<\/ul>\n<hr data-start=\"2059\" data-end=\"2062\" \/>\n<h2 data-start=\"2064\" data-end=\"2083\">\u26a0\ufe0f Mo\u017en\u00e1 omezen\u00ed<\/h2>\n<ul data-start=\"2085\" data-end=\"2307\">\n<li data-start=\"2085\" data-end=\"2158\">\n<p data-start=\"2087\" data-end=\"2158\">Men\u0161\u00ed velikost a v\u00e1ha znamen\u00e1, \u017ee n\u016f\u017e nen\u00ed vhodn\u00fd pro extr\u00e9mn\u00ed p\u00e1\u010den\u00ed<\/p>\n<\/li>\n<li data-start=\"2159\" data-end=\"2217\">\n<p data-start=\"2161\" data-end=\"2217\">G10 rukoje\u0165 je \u010dist\u011b funk\u010dn\u00ed \u2013 bez dekorativn\u00edch prvk\u016f<\/p>\n<\/li>\n<li data-start=\"2218\" data-end=\"2307\">\n<p data-start=\"2220\" data-end=\"2307\">Black Satin povrch \u010depele m\u016f\u017ee vy\u017eadovat pravidelnou \u00fadr\u017ebu p\u0159i intenzivn\u00edm pou\u017e\u00edv\u00e1n\u00ed<\/p>\n<\/li>\n<\/ul>\n<hr data-start=\"2309\" data-end=\"2312\" \/>\n<h2 data-start=\"2314\" data-end=\"2334\">\ud83d\udee0\ufe0f \u00dadr\u017eba a p\u00e9\u010de<\/h2>\n<ul data-start=\"2336\" data-end=\"2522\">\n<li data-start=\"2336\" data-end=\"2371\">\n<p data-start=\"2338\" data-end=\"2371\">Po pou\u017eit\u00ed \u010depel o\u010disti a osu\u0161\u00ed<\/p>\n<\/li>\n<li data-start=\"2372\" data-end=\"2417\">\n<p data-start=\"2374\" data-end=\"2417\">Rukoje\u0165 G10 udr\u017euj \u010distou jemn\u00fdm had\u0159\u00edkem<\/p>\n<\/li>\n<li data-start=\"2418\" data-end=\"2474\">\n<p data-start=\"2420\" data-end=\"2474\">Pivot a liner lock pravideln\u011b proma\u017e vhodn\u00fdm mazivem<\/p>\n<\/li>\n<li data-start=\"2475\" data-end=\"2522\">\n<p data-start=\"2477\" data-end=\"2522\">Skladuj n\u016f\u017e v such\u00e9m prost\u0159ed\u00ed mimo vlhkost<\/p>\n<\/li>\n<\/ul>\n<hr data-start=\"2524\" data-end=\"2527\" \/>\n<h2 data-start=\"2529\" data-end=\"2565\">\ud83d\udd2a Pro udr\u017een\u00ed ost\u0159\u00ed doporu\u010dujeme<\/h2>\n<p data-start=\"2567\" data-end=\"2622\">Pro zachov\u00e1n\u00ed maxim\u00e1ln\u00ed ostrosti \u010depele doporu\u010dujeme:<\/p>\n<p data-start=\"2624\" data-end=\"2725\"><strong data-start=\"2624\" data-end=\"2690\">Spyderco Tri\u2011Angle Sharpmaker Complete Sharpening System 204MF<\/strong> \u2013<br data-start=\"2692\" data-end=\"2695\" \/>ide\u00e1ln\u00ed pro ocel N690, nab\u00edz\u00ed:<\/p>\n<ul data-start=\"2727\" data-end=\"2866\">\n<li data-start=\"2727\" data-end=\"2766\">\n<p data-start=\"2729\" data-end=\"2766\">p\u0159esn\u00e9 a konzistentn\u00ed \u00fahly brou\u0161en\u00ed<\/p>\n<\/li>\n<li data-start=\"2767\" data-end=\"2816\">\n<p data-start=\"2769\" data-end=\"2816\">\u0161etrnou \u00fadr\u017ebu bez nadm\u011brn\u00e9ho \u00fab\u011bru materi\u00e1lu<\/p>\n<\/li>\n<li data-start=\"2817\" data-end=\"2866\">\n<p data-start=\"2819\" data-end=\"2866\">bezpe\u010dn\u00e9 pou\u017eit\u00ed i pro m\u00e9n\u011b zku\u0161en\u00e9 u\u017eivatele<\/p>\n<\/li>\n<\/ul>\n<p data-start=\"2868\" data-end=\"2911\">\ud83d\uded2 Koup\u00edte na na\u0161ich str\u00e1nk\u00e1ch <strong data-start=\"2899\" data-end=\"2910\">Moskito<\/strong>.<\/p>\n<hr data-start=\"2913\" data-end=\"2916\" \/>\n<h2 data-start=\"2918\" data-end=\"2938\">\ud83c\udfaf Doporu\u010deno pro<\/h2>\n<ul data-start=\"2940\" data-end=\"3110\">\n<li data-start=\"2940\" data-end=\"2967\">\n<p data-start=\"2942\" data-end=\"2967\">Ka\u017edodenn\u00ed no\u0161en\u00ed (EDC)<\/p>\n<\/li>\n<li data-start=\"2968\" data-end=\"3001\">\n<p data-start=\"2970\" data-end=\"3001\">Taktick\u00e9 a outdoorov\u00e9 pou\u017eit\u00ed<\/p>\n<\/li>\n<li data-start=\"3002\" data-end=\"3065\">\n<p data-start=\"3004\" data-end=\"3065\">U\u017eivatel\u00e9, kte\u0159\u00ed cht\u011bj\u00ed kompaktn\u00ed a spolehliv\u00fd zav\u00edrac\u00ed n\u016f\u017e<\/p>\n<\/li>\n<li data-start=\"3066\" data-end=\"3110\">\n<p data-start=\"3068\" data-end=\"3110\">Fanou\u0161ky kvalitn\u00edch profesion\u00e1ln\u00edch no\u017e\u016f<\/p>\n<\/li>\n<\/ul>\n<hr data-start=\"3112\" data-end=\"3115\" \/>\n<h2 data-start=\"3117\" data-end=\"3141\">\u2b50 Z\u00e1v\u011bre\u010dn\u00e9 hodnocen\u00ed<\/h2>\n<p data-start=\"3143\" data-end=\"3427\"><strong data-start=\"3143\" data-end=\"3191\">Extrema Ratio MH\u2011STEALTH 04.1000.0483\/BLK\/TM<\/strong> je <strong data-start=\"3195\" data-end=\"3244\">kompaktn\u00ed, spolehliv\u00fd a precizn\u00ed zav\u00edrac\u00ed n\u016f\u017e<\/strong>, kter\u00fd nab\u00edz\u00ed v\u00fdkon a kontrolu v nen\u00e1padn\u00e9m balen\u00ed.<br data-start=\"3296\" data-end=\"3299\" \/>D\u00edky kombinaci kvalitn\u00ed oceli, odoln\u00e9 rukojeti a bezpe\u010dn\u00e9ho liner locku je ide\u00e1ln\u00ed pro ka\u017edodenn\u00ed pou\u017eit\u00ed i taktick\u00e9 nasazen\u00ed.<\/p>\n<p data-start=\"3429\" data-end=\"3492\" data-is-last-node=\"\" data-is-only-node=\"\">MH\u2011STEALTH \u2013 <strong data-start=\"3442\" data-end=\"3492\" data-is-last-node=\"\">diskr\u00e9tn\u00ed s\u00edla, na kterou se m\u016f\u017ee\u0161 spolehnout.<\/strong><\/p>\n","protected":false},"excerpt":{"rendered":"<p data-start=\"3143\" data-end=\"3427\"><strong>Extrema Ratio MH\u2011STEALTH 04.1000.0483\/BLK\/TM je kompaktn\u00ed, spolehliv\u00fd a precizn\u00ed zav\u00edrac\u00ed n\u016f\u017e, kter\u00fd nab\u00edz\u00ed v\u00fdkon a kontrolu v nen\u00e1padn\u00e9m balen\u00ed.<\/strong><br data-start=\"3296\" data-end=\"3299\" \/><strong>D\u00edky kombinaci kvalitn\u00ed oceli, odoln\u00e9 rukojeti a bezpe\u010dn\u00e9ho liner locku je ide\u00e1ln\u00ed pro ka\u017edodenn\u00ed pou\u017eit\u00ed i taktick\u00e9 nasazen\u00ed.<\/strong><\/p>\n<p data-start=\"3429\" data-end=\"3492\" data-is-last-node=\"\" data-is-only-node=\"\"><strong>MH\u2011STEALTH \u2013 diskr\u00e9tn\u00ed s\u00edla, na kterou se m\u016f\u017ee\u0161 spolehnout.<\/strong><\/p>\n<p data-start=\"3429\" data-end=\"3492\" data-is-last-node=\"\" data-is-only-node=\"\"><strong>Doprava zdarma.<\/strong><\/p>\n","protected":false},"featured_media":430919,"comment_status":"open","ping_status":"closed","template":"","meta":[],"pwb-brand":[267],"product_brand":[],"product_cat":[22,17],"product_tag":[],"class_list":{"0":"post-430918","1":"product","2":"type-product","3":"status-publish","4":"has-post-thumbnail","6":"pwb-brand-extrema-ratio","7":"product_cat-zaviraci-noze","8":"product_cat-noze","10":"first","11":"instock","12":"taxable","13":"shipping-taxable","14":"purchasable","15":"product-type-simple"},"brands":[{"id":267,"name":"Extrema Ratio","slug":"extrema-ratio"}],"_links":{"self":[{"href":"https:\/\/www.moskito.cz\/fr\/wp-json\/wp\/v2\/product\/430918","targetHints":{"allow":["GET"]}}],"collection":[{"href":"https:\/\/www.moskito.cz\/fr\/wp-json\/wp\/v2\/product"}],"about":[{"href":"https:\/\/www.moskito.cz\/fr\/wp-json\/wp\/v2\/types\/product"}],"replies":[{"embeddable":true,"href":"https:\/\/www.moskito.cz\/fr\/wp-json\/wp\/v2\/comments?post=430918"}],"wp:featuredmedia":[{"embeddable":true,"href":"https:\/\/www.moskito.cz\/fr\/wp-json\/wp\/v2\/media\/430919"}],"wp:attachment":[{"href":"https:\/\/www.moskito.cz\/fr\/wp-json\/wp\/v2\/media?parent=430918"}],"wp:term":[{"taxonomy":"pwb-brand","embeddable":true,"href":"https:\/\/www.moskito.cz\/fr\/wp-json\/wp\/v2\/pwb-brand?post=430918"},{"taxonomy":"product_brand","embeddable":true,"href":"https:\/\/www.moskito.cz\/fr\/wp-json\/wp\/v2\/product_brand?post=430918"},{"taxonomy":"product_cat","embeddable":true,"href":"https:\/\/www.moskito.cz\/fr\/wp-json\/wp\/v2\/product_cat?post=430918"},{"taxonomy":"product_tag","embeddable":true,"href":"https:\/\/www.moskito.cz\/fr\/wp-json\/wp\/v2\/product_tag?post=430918"}],"curies":[{"name":"wp","href":"https:\/\/api.w.org\/{rel}","templated":true}]}}