{"id":431480,"date":"2026-01-07T19:19:33","date_gmt":"2026-01-07T18:19:33","guid":{"rendered":"https:\/\/www.moskito.cz\/?post_type=product&#038;p=431480"},"modified":"2026-01-07T19:19:33","modified_gmt":"2026-01-07T18:19:33","slug":"pevny-nuz-spyderco-street-bowie-lightweight-fb04pbb","status":"publish","type":"product","link":"https:\/\/www.moskito.cz\/fr\/produkt\/pevny-nuz-spyderco-street-bowie-lightweight-fb04pbb\/","title":{"rendered":"Pevn\u00fd N\u016f\u017e Spyderco Street Bowie Lightweight FB04PBB"},"content":{"rendered":"<h2 data-start=\"223\" data-end=\"316\">\ud83d\udde1\ufe0f Pevn\u00fd n\u016f\u017e <strong data-start=\"240\" data-end=\"316\">Spyderco Street Bowie Lightweight \u010cern\u00fd \/ Kraton \u2013 \u010cern\u00e1 \u010depel (FB04PBB)<\/strong><\/h2>\n<h3 data-start=\"318\" data-end=\"367\">Lehk\u00e1, ale siln\u00e1 klasika s modern\u00edm n\u00e1dechem.<\/h3>\n<p data-start=\"369\" data-end=\"754\">Spyderco <em data-start=\"378\" data-end=\"404\">Street Bowie Lightweight<\/em> je modern\u00ed interpretac\u00ed tradi\u010dn\u00edho bowie no\u017ee \u2014 navr\u017een\u00fd tak, aby <strong data-start=\"471\" data-end=\"534\">spojil klasick\u00fd v\u00fdkon, robustn\u00ed konstrukci a ni\u017e\u0161\u00ed hmotnost<\/strong>.<br data-start=\"535\" data-end=\"538\" \/>S v\u00fdraznou <strong data-start=\"549\" data-end=\"566\">\u010dernou \u010depel\u00ed<\/strong>, ergonomickou rukojet\u00ed z <strong data-start=\"592\" data-end=\"603\">Kratonu<\/strong> a pevn\u00fdm designem je p\u0159ipraven \u010delit n\u00e1ro\u010dn\u00fdm \u00fakol\u016fm, outdoorov\u00fdm dobrodru\u017estv\u00edm i b\u011b\u017en\u00e9mu vyu\u017eit\u00ed tam, kde chce\u0161 <strong data-start=\"718\" data-end=\"753\">n\u00e1stroj na kter\u00fd m\u016f\u017ee\u0161 spol\u00e9hat<\/strong>.<\/p>\n<hr data-start=\"756\" data-end=\"759\" \/>\n<h3 data-start=\"761\" data-end=\"786\">Charakter a filozofie<\/h3>\n<p data-start=\"788\" data-end=\"1162\">Street Bowie Lightweight je n\u016f\u017e pro ty, kdo cht\u011bj\u00ed <strong data-start=\"839\" data-end=\"867\">s\u00edlu, kontrolu a jistotu<\/strong> ka\u017ed\u00fd den.<br data-start=\"878\" data-end=\"881\" \/>Klasick\u00fd tvar bowie \u010depele dod\u00e1v\u00e1 jistotu p\u0159i hlub\u0161\u00edch \u0159ezech a \u0159ezn\u00fdch \u00fakolech, zat\u00edmco konstrukce bez z\u00e1v\u011bsn\u00e9ho mechanismu zaji\u0161\u0165uje <strong data-start=\"1016\" data-end=\"1048\">extr\u00e9mn\u00ed pevnost a stabilitu<\/strong>.<br data-start=\"1049\" data-end=\"1052\" \/>Lehk\u00fd profil a ergonomick\u00e1 rukoje\u0165 z Kratonu p\u0159in\u00e1\u0161\u00ed <strong data-start=\"1105\" data-end=\"1161\">komfort i p\u0159i del\u0161\u00edm dr\u017een\u00ed nebo intenzivn\u00edm pou\u017eit\u00ed<\/strong>.<\/p>\n<p data-start=\"1164\" data-end=\"1254\">Je to <strong data-start=\"1170\" data-end=\"1253\">n\u00e1stroj navr\u017een\u00fd tak, aby fungoval tam, kde je v\u00fdkon d\u016fle\u017eit\u011bj\u0161\u00ed ne\u017e kompromisy<\/strong>.<\/p>\n<hr data-start=\"1256\" data-end=\"1259\" \/>\n<h2 data-start=\"1261\" data-end=\"1276\">\ud83c\udfed O v\u00fdrobci<\/h2>\n<p data-start=\"1278\" data-end=\"1621\">Spyderco je zna\u010dka, kter\u00e1 dlouhodob\u011b pat\u0159\u00ed mezi l\u00eddry modern\u00edho no\u017e\u00ed\u0159stv\u00ed.<br data-start=\"1352\" data-end=\"1355\" \/>D\u00edky d\u016frazu na <strong data-start=\"1370\" data-end=\"1412\">ergonomii, inovace a re\u00e1lnou funk\u010dnost<\/strong> jsou jejich no\u017ee vyhled\u00e1v\u00e1ny profesion\u00e1ly, outdoorov\u00fdmi nad\u0161enci i sb\u011brateli.<br data-start=\"1490\" data-end=\"1493\" \/>Street Bowie Lightweight je dal\u0161\u00edm p\u0159\u00edkladem toho, jak Spyderco kombinuje <strong data-start=\"1567\" data-end=\"1620\">tradi\u010dn\u00ed formy s modern\u00edmi materi\u00e1ly a konstrukc\u00ed<\/strong>.<\/p>\n<hr data-start=\"1623\" data-end=\"1626\" \/>\n<h2 data-start=\"1628\" data-end=\"1655\">\u2699\ufe0f Technick\u00e9 specifikace<\/h2>\n<div class=\"TyagGW_tableContainer\">\n<div class=\"group TyagGW_tableWrapper flex w-fit flex-col-reverse\" tabindex=\"-1\">\n<table class=\"w-fit min-w-(--thread-content-width)\" data-start=\"1657\" data-end=\"2180\">\n<thead data-start=\"1657\" data-end=\"1679\">\n<tr data-start=\"1657\" data-end=\"1679\">\n<th data-start=\"1657\" data-end=\"1668\" data-col-size=\"sm\">Parametr<\/th>\n<th data-start=\"1668\" data-end=\"1679\" data-col-size=\"md\">Hodnota<\/th>\n<\/tr>\n<\/thead>\n<tbody data-start=\"1703\" data-end=\"2180\">\n<tr data-start=\"1703\" data-end=\"1738\">\n<td data-start=\"1703\" data-end=\"1719\" data-col-size=\"sm\">Celkov\u00e1 d\u00e9lka<\/td>\n<td data-start=\"1719\" data-end=\"1738\" data-col-size=\"md\">cca <strong data-start=\"1725\" data-end=\"1736\">28,0 cm<\/strong><\/td>\n<\/tr>\n<tr data-start=\"1739\" data-end=\"1773\">\n<td data-start=\"1739\" data-end=\"1754\" data-col-size=\"sm\">D\u00e9lka \u010depele<\/td>\n<td data-start=\"1754\" data-end=\"1773\" data-col-size=\"md\">cca <strong data-start=\"1760\" data-end=\"1771\">16,0 cm<\/strong><\/td>\n<\/tr>\n<tr data-start=\"1774\" data-end=\"1814\">\n<td data-start=\"1774\" data-end=\"1792\" data-col-size=\"sm\">Tlou\u0161\u0165ka \u010depele<\/td>\n<td data-start=\"1792\" data-end=\"1814\" data-col-size=\"md\">cca <strong data-start=\"1798\" data-end=\"1812\">4,0\u20135,0 mm<\/strong><\/td>\n<\/tr>\n<tr data-start=\"1815\" data-end=\"1863\">\n<td data-start=\"1815\" data-end=\"1833\" data-col-size=\"sm\">Materi\u00e1l \u010depele<\/td>\n<td data-start=\"1833\" data-end=\"1863\" data-col-size=\"md\"><strong data-start=\"1835\" data-end=\"1861\">Pr\u00e9miov\u00e1 nerezov\u00e1 ocel<\/strong><\/td>\n<\/tr>\n<tr data-start=\"1864\" data-end=\"1929\">\n<td data-start=\"1864\" data-end=\"1880\" data-col-size=\"sm\">Povrch \u010depele<\/td>\n<td data-col-size=\"md\" data-start=\"1880\" data-end=\"1929\"><strong data-start=\"1882\" data-end=\"1899\">\u010cern\u00fd (Black)<\/strong> \u2013 nen\u00e1padn\u00fd a odoln\u00fd povrch<\/td>\n<\/tr>\n<tr data-start=\"1930\" data-end=\"1991\">\n<td data-start=\"1930\" data-end=\"1940\" data-col-size=\"sm\">Rukoje\u0165<\/td>\n<td data-start=\"1940\" data-end=\"1991\" data-col-size=\"md\"><strong data-start=\"1942\" data-end=\"1960\">Kraton (\u010dern\u00fd)<\/strong> \u2013 pevn\u00fd a komfortn\u00ed materi\u00e1l<\/td>\n<\/tr>\n<tr data-start=\"1992\" data-end=\"2030\">\n<td data-start=\"1992\" data-end=\"2003\" data-col-size=\"sm\">Typ no\u017ee<\/td>\n<td data-start=\"2003\" data-end=\"2030\" data-col-size=\"md\"><strong data-start=\"2005\" data-end=\"2028\">Pevn\u00fd \/ Fixed blade<\/strong><\/td>\n<\/tr>\n<tr data-start=\"2031\" data-end=\"2073\">\n<td data-start=\"2031\" data-end=\"2041\" data-col-size=\"sm\">Pouzdro<\/td>\n<td data-start=\"2041\" data-end=\"2073\" data-col-size=\"md\">V\u010detn\u011b \u2013 pro bezpe\u010dn\u00e9 no\u0161en\u00ed<\/td>\n<\/tr>\n<tr data-start=\"2074\" data-end=\"2139\">\n<td data-start=\"2074\" data-end=\"2085\" data-col-size=\"sm\">Hmotnost<\/td>\n<td data-start=\"2085\" data-end=\"2139\" data-col-size=\"md\">ni\u017e\u0161\u00ed ne\u017e klasick\u00fd bowie d\u00edky odleh\u010den\u00e9 konstrukci<\/td>\n<\/tr>\n<tr data-start=\"2140\" data-end=\"2180\">\n<td data-start=\"2140\" data-end=\"2149\" data-col-size=\"sm\">V\u00fdroba<\/td>\n<td data-start=\"2149\" data-end=\"2180\" data-col-size=\"md\">Spyderco standardn\u00ed kvalita<\/td>\n<\/tr>\n<\/tbody>\n<\/table>\n<\/div>\n<\/div>\n<hr data-start=\"2182\" data-end=\"2185\" \/>\n<h2 data-start=\"2187\" data-end=\"2205\">\u2705 Hlavn\u00ed v\u00fdhody<\/h2>\n<ul data-start=\"2207\" data-end=\"2646\">\n<li data-start=\"2207\" data-end=\"2292\">\n<p data-start=\"2209\" data-end=\"2292\"><strong data-start=\"2209\" data-end=\"2233\">Robustn\u00ed pevn\u00e1 \u010depel<\/strong> \u2013 stabiln\u00ed a siln\u00e1 p\u0159i ka\u017edodenn\u00edm i outdoorov\u00e9m pou\u017eit\u00ed<\/p>\n<\/li>\n<li data-start=\"2293\" data-end=\"2374\">\n<p data-start=\"2295\" data-end=\"2374\"><strong data-start=\"2295\" data-end=\"2329\">Leh\u010d\u00ed konstrukce (Lightweight)<\/strong> \u2013 komfortn\u00ed no\u0161en\u00ed bez zbyte\u010dn\u00e9ho zat\u00ed\u017een\u00ed<\/p>\n<\/li>\n<li data-start=\"2375\" data-end=\"2437\">\n<p data-start=\"2377\" data-end=\"2437\"><strong data-start=\"2377\" data-end=\"2400\">\u010cern\u00fd povrch \u010depele<\/strong> \u2013 nen\u00e1padn\u00fd a profesion\u00e1ln\u00ed vzhled<\/p>\n<\/li>\n<li data-start=\"2438\" data-end=\"2523\">\n<p data-start=\"2440\" data-end=\"2523\"><strong data-start=\"2440\" data-end=\"2470\">Ergonomick\u00e1 Kraton rukoje\u0165<\/strong> \u2013 jist\u00fd \u00fachop i p\u0159i mokr\u00fdch \u010di kluzk\u00fdch podm\u00ednk\u00e1ch<\/p>\n<\/li>\n<li data-start=\"2524\" data-end=\"2583\">\n<p data-start=\"2526\" data-end=\"2583\">Klasick\u00fd bowie tvar \u2013 vynikaj\u00edc\u00ed pro hlub\u0161\u00ed \u0159ezn\u00e9 \u00fakoly<\/p>\n<\/li>\n<li data-start=\"2584\" data-end=\"2646\">\n<p data-start=\"2586\" data-end=\"2646\">Kvalitn\u00ed zpracov\u00e1n\u00ed \u2013 standard, na kter\u00fd se m\u016f\u017ee\u0161 spolehnout<\/p>\n<\/li>\n<\/ul>\n<hr data-start=\"2648\" data-end=\"2651\" \/>\n<h2 data-start=\"2653\" data-end=\"2672\">\u26a0\ufe0f Mo\u017en\u00e1 omezen\u00ed<\/h2>\n<ul data-start=\"2674\" data-end=\"2891\">\n<li data-start=\"2674\" data-end=\"2748\">\n<p data-start=\"2676\" data-end=\"2748\">Pevn\u00e1 konstrukce znamen\u00e1 v\u011bt\u0161\u00ed celkovou velikost ne\u017e u skl\u00e1dac\u00edch no\u017e\u016f<\/p>\n<\/li>\n<li data-start=\"2749\" data-end=\"2841\">\n<p data-start=\"2751\" data-end=\"2841\">N\u00edzk\u00e1 hmotnost neznamen\u00e1 kompromis na pevnosti \u2014 ale pro n\u011bkter\u00e9 m\u016f\u017ee b\u00fdt v\u011bt\u0161\u00ed velikost<\/p>\n<\/li>\n<li data-start=\"2842\" data-end=\"2891\">\n<p data-start=\"2844\" data-end=\"2891\">Design klade d\u016fraz na funkci sp\u00ed\u0161e ne\u017e na dekor<\/p>\n<\/li>\n<\/ul>\n<hr data-start=\"2893\" data-end=\"2896\" \/>\n<h2 data-start=\"2898\" data-end=\"2918\">\ud83d\udee0\ufe0f \u00dadr\u017eba a p\u00e9\u010de<\/h2>\n<ul data-start=\"2920\" data-end=\"3133\">\n<li data-start=\"2920\" data-end=\"2962\">\n<p data-start=\"2922\" data-end=\"2962\">Po ka\u017ed\u00e9m pou\u017eit\u00ed \u010depel o\u010disti a osu\u0161\u00ed<\/p>\n<\/li>\n<li data-start=\"2963\" data-end=\"3011\">\n<p data-start=\"2965\" data-end=\"3011\">Vyh\u00fdbej se agresivn\u00edm abrazivn\u00edm prost\u0159edk\u016fm<\/p>\n<\/li>\n<li data-start=\"3012\" data-end=\"3052\">\n<p data-start=\"3014\" data-end=\"3052\">Rukoje\u0165 Kraton \u010dist\u011b jemn\u00fdm had\u0159\u00edkem<\/p>\n<\/li>\n<li data-start=\"3053\" data-end=\"3091\">\n<p data-start=\"3055\" data-end=\"3091\">Udr\u017euj \u010depel suchou a bez usazenin<\/p>\n<\/li>\n<li data-start=\"3092\" data-end=\"3133\">\n<p data-start=\"3094\" data-end=\"3133\">Skladuj v such\u00e9m prost\u0159ed\u00ed mimo vlhkost<\/p>\n<\/li>\n<\/ul>\n<hr data-start=\"3135\" data-end=\"3138\" \/>\n<h2 data-start=\"3140\" data-end=\"3176\">\ud83d\udd2a Pro udr\u017een\u00ed ost\u0159\u00ed doporu\u010dujeme<\/h2>\n<p data-start=\"3178\" data-end=\"3279\">Pro zachov\u00e1n\u00ed maxim\u00e1ln\u00ed ostrosti \u010depele doporu\u010dujeme kvalitn\u00ed syst\u00e9m brou\u0161en\u00ed ur\u010den\u00fd pro pevn\u00e9 ost\u0159\u00ed.<\/p>\n<p data-start=\"3281\" data-end=\"3384\">Ide\u00e1ln\u00ed volbou je <strong data-start=\"3299\" data-end=\"3365\">Spyderco Tri-Angle Sharpmaker Complete Sharpening System 204MF<\/strong>, kter\u00fd umo\u017e\u0148uje:<\/p>\n<ul data-start=\"3385\" data-end=\"3534\">\n<li data-start=\"3385\" data-end=\"3428\">\n<p data-start=\"3387\" data-end=\"3428\"><strong data-start=\"3387\" data-end=\"3426\">p\u0159esn\u00e9 a konzistentn\u00ed \u00fahly brou\u0161en\u00ed<\/strong><\/p>\n<\/li>\n<li data-start=\"3429\" data-end=\"3482\">\n<p data-start=\"3431\" data-end=\"3482\"><strong data-start=\"3431\" data-end=\"3480\">\u0161etrnou \u00fadr\u017ebu bez zbyte\u010dn\u00e9ho \u00fab\u011bru materi\u00e1lu<\/strong><\/p>\n<\/li>\n<li data-start=\"3483\" data-end=\"3534\">\n<p data-start=\"3485\" data-end=\"3534\"><strong data-start=\"3485\" data-end=\"3534\">bezpe\u010dn\u00e9 pou\u017eit\u00ed i bez p\u0159edchoz\u00edch zku\u0161enost\u00ed<\/strong><\/p>\n<\/li>\n<\/ul>\n<p data-start=\"3536\" data-end=\"3581\">\ud83d\uded2 <strong data-start=\"3539\" data-end=\"3581\">Zakoup\u00edte na na\u0161ich str\u00e1nk\u00e1ch Moskito.<\/strong><\/p>\n<hr data-start=\"3583\" data-end=\"3586\" \/>\n<h2 data-start=\"3588\" data-end=\"3608\">\ud83c\udfaf Doporu\u010deno pro<\/h2>\n<ul data-start=\"3610\" data-end=\"3787\">\n<li data-start=\"3610\" data-end=\"3651\">\n<p data-start=\"3612\" data-end=\"3651\">Outdoorov\u00e9 nad\u0161ence a pobyt v p\u0159\u00edrod\u011b<\/p>\n<\/li>\n<li data-start=\"3652\" data-end=\"3681\">\n<p data-start=\"3654\" data-end=\"3681\">Lov, t\u00e1bo\u0159en\u00ed a bushcraft<\/p>\n<\/li>\n<li data-start=\"3682\" data-end=\"3727\">\n<p data-start=\"3684\" data-end=\"3727\">Praktick\u00e9 \u0159ezn\u00e9 \u00fakoly ve m\u011bst\u011b i v ter\u00e9nu<\/p>\n<\/li>\n<li data-start=\"3728\" data-end=\"3787\">\n<p data-start=\"3730\" data-end=\"3787\">U\u017eivatel\u00e9, kte\u0159\u00ed cht\u011bj\u00ed <strong data-start=\"3754\" data-end=\"3787\">pevn\u00fd, odoln\u00fd a komfortn\u00ed n\u016f\u017e<\/strong><\/p>\n<\/li>\n<\/ul>\n<hr data-start=\"3789\" data-end=\"3792\" \/>\n<h2 data-start=\"3794\" data-end=\"3818\">\u2b50 Z\u00e1v\u011bre\u010dn\u00e9 hodnocen\u00ed<\/h2>\n<p data-start=\"3820\" data-end=\"4104\">Spyderco <strong data-start=\"3829\" data-end=\"3896\">Street Bowie Lightweight \u010cern\u00fd \/ Kraton \u2013 \u010cern\u00e1 \u010depel (FB04PBB)<\/strong> je <strong data-start=\"3900\" data-end=\"3940\">vysoce funk\u010dn\u00ed a praktick\u00fd pevn\u00fd n\u016f\u017e<\/strong>, kter\u00fd kombinuje <strong data-start=\"3958\" data-end=\"3999\">pevnost, lehkost a komfortn\u00ed ovl\u00e1d\u00e1n\u00ed<\/strong>.<br data-start=\"4000\" data-end=\"4003\" \/>Je to n\u00e1stroj, kter\u00fd <strong data-start=\"4024\" data-end=\"4052\">funguje \u2014 bez kompromis\u016f<\/strong>, p\u0159ipraven\u00fd na \u00fakoly ka\u017ed\u00e9ho dne i n\u00e1ro\u010dn\u00fd outdoor.<\/p>\n<p data-start=\"4106\" data-end=\"4166\"><strong data-start=\"4106\" data-end=\"4166\">Street Bowie Lightweight \u2013 s\u00edla a jistota v ka\u017ed\u00e9m tahu.<\/strong><\/p>\n","protected":false},"excerpt":{"rendered":"<p data-start=\"3820\" data-end=\"4104\"><strong>Spyderco Street Bowie Lightweight \u010cern\u00fd \/ Kraton \u2013 \u010cern\u00e1 \u010depel (FB04PBB) je vysoce funk\u010dn\u00ed a praktick\u00fd pevn\u00fd n\u016f\u017e, kter\u00fd kombinuje pevnost, lehkost a komfortn\u00ed ovl\u00e1d\u00e1n\u00ed.<\/strong><br data-start=\"4000\" data-end=\"4003\" \/><strong>Je to n\u00e1stroj, kter\u00fd funguje \u2014 bez kompromis\u016f, p\u0159ipraven\u00fd na \u00fakoly ka\u017ed\u00e9ho dne i n\u00e1ro\u010dn\u00fd outdoor.<\/strong><\/p>\n<p data-start=\"4106\" data-end=\"4166\"><strong data-start=\"4106\" data-end=\"4166\">Street Bowie Lightweight \u2013 s\u00edla a jistota v ka\u017ed\u00e9m tahu.<\/strong><\/p>\n<p data-start=\"4106\" data-end=\"4166\"><strong>Doprava zdarma.<\/strong><\/p>\n","protected":false},"featured_media":431481,"comment_status":"open","ping_status":"closed","template":"","meta":[],"pwb-brand":[567],"product_brand":[],"product_cat":[23,17],"product_tag":[],"class_list":{"0":"post-431480","1":"product","2":"type-product","3":"status-publish","4":"has-post-thumbnail","6":"pwb-brand-spyderco","7":"product_cat-pevne-noze","8":"product_cat-noze","10":"first","11":"instock","12":"taxable","13":"shipping-taxable","14":"purchasable","15":"product-type-simple"},"brands":[{"id":567,"name":"Spyderco","slug":"spyderco"}],"_links":{"self":[{"href":"https:\/\/www.moskito.cz\/fr\/wp-json\/wp\/v2\/product\/431480","targetHints":{"allow":["GET"]}}],"collection":[{"href":"https:\/\/www.moskito.cz\/fr\/wp-json\/wp\/v2\/product"}],"about":[{"href":"https:\/\/www.moskito.cz\/fr\/wp-json\/wp\/v2\/types\/product"}],"replies":[{"embeddable":true,"href":"https:\/\/www.moskito.cz\/fr\/wp-json\/wp\/v2\/comments?post=431480"}],"wp:featuredmedia":[{"embeddable":true,"href":"https:\/\/www.moskito.cz\/fr\/wp-json\/wp\/v2\/media\/431481"}],"wp:attachment":[{"href":"https:\/\/www.moskito.cz\/fr\/wp-json\/wp\/v2\/media?parent=431480"}],"wp:term":[{"taxonomy":"pwb-brand","embeddable":true,"href":"https:\/\/www.moskito.cz\/fr\/wp-json\/wp\/v2\/pwb-brand?post=431480"},{"taxonomy":"product_brand","embeddable":true,"href":"https:\/\/www.moskito.cz\/fr\/wp-json\/wp\/v2\/product_brand?post=431480"},{"taxonomy":"product_cat","embeddable":true,"href":"https:\/\/www.moskito.cz\/fr\/wp-json\/wp\/v2\/product_cat?post=431480"},{"taxonomy":"product_tag","embeddable":true,"href":"https:\/\/www.moskito.cz\/fr\/wp-json\/wp\/v2\/product_tag?post=431480"}],"curies":[{"name":"wp","href":"https:\/\/api.w.org\/{rel}","templated":true}]}}