{"id":433513,"date":"2026-01-22T19:05:42","date_gmt":"2026-01-22T18:05:42","guid":{"rendered":"https:\/\/www.moskito.cz\/?post_type=product&#038;p=433513"},"modified":"2026-02-16T19:27:32","modified_gmt":"2026-02-16T18:27:32","slug":"zaviraci-nuz-spyderco-dyad-jr-c39pscbl","status":"publish","type":"product","link":"https:\/\/www.moskito.cz\/fr\/produkt\/zaviraci-nuz-spyderco-dyad-jr-c39pscbl\/","title":{"rendered":"Zav\u00edrac\u00ed N\u016f\u017e Spyderco Dyad Jr. C39P&#038;SCBL"},"content":{"rendered":"<div class=\"flex flex-col text-sm pb-25\">\n<article class=\"text-token-text-primary w-full focus:outline-none [--shadow-height:45px] has-data-writing-block:pointer-events-none has-data-writing-block:-mt-(--shadow-height) has-data-writing-block:pt-(--shadow-height) [&amp;:has([data-writing-block])&gt;*]:pointer-events-auto scroll-mt-[calc(var(--header-height)+min(200px,max(70px,20svh)))]\" dir=\"auto\" tabindex=\"-1\" data-turn-id=\"bfd77057-b628-4aef-837a-9645ba6ab2ea\" data-testid=\"conversation-turn-26\" data-scroll-anchor=\"true\" data-turn=\"assistant\">\n<div class=\"text-base my-auto mx-auto pb-10 [--thread-content-margin:--spacing(4)] @w-sm\/main:[--thread-content-margin:--spacing(6)] @w-lg\/main:[--thread-content-margin:--spacing(16)] px-(--thread-content-margin)\">\n<div class=\"[--thread-content-max-width:40rem] @w-lg\/main:[--thread-content-max-width:48rem] mx-auto max-w-(--thread-content-max-width) flex-1 group\/turn-messages focus-visible:outline-hidden relative flex w-full min-w-0 flex-col agent-turn\" tabindex=\"-1\">\n<div class=\"flex max-w-full flex-col grow\">\n<div class=\"min-h-8 text-message relative flex w-full flex-col items-end gap-2 text-start break-words whitespace-normal [.text-message+&amp;]:mt-1\" dir=\"auto\" data-message-author-role=\"assistant\" data-message-id=\"be43deb6-bc74-4b0e-8a51-2fd1ef78105a\" data-message-model-slug=\"gpt-5-2\">\n<div class=\"flex w-full flex-col gap-1 empty:hidden first:pt-[1px]\">\n<div class=\"markdown prose dark:prose-invert w-full break-words light markdown-new-styling\">\n<p data-start=\"153\" data-end=\"565\">Jakmile \u010depel otev\u0159e\u0161 typick\u00fdm <strong data-start=\"184\" data-end=\"212\">kulat\u00fdm otvorem Spyderco<\/strong> a zajist\u00ed\u0161 ji spolehliv\u00fdm <strong data-start=\"239\" data-end=\"255\">frame lockem<\/strong>, okam\u017eit\u011b poc\u00edt\u00ed\u0161, co znamen\u00e1 <strong data-start=\"286\" data-end=\"334\">\u0161pi\u010dkov\u00fd \u0159ezn\u00fd v\u00fdkon v ultralehk\u00e9m proveden\u00ed<\/strong>. <strong data-start=\"336\" data-end=\"386\">Spyderco Dyad Jr. Lightweight CPM SPY27 Sprint<\/strong> je kompaktn\u00ed zav\u00edrac\u00ed n\u016f\u017e, kter\u00fd kombinuje <strong data-start=\"430\" data-end=\"467\">v\u00fdkonnou ocel s lehkou konstrukc\u00ed<\/strong> \u2014 ide\u00e1ln\u00ed pro ka\u017edodenn\u00ed no\u0161en\u00ed i n\u00e1ro\u010dn\u00e9 \u00fakoly, kde je pot\u0159eba spolehlivost a precizn\u00ed kontrola.<\/p>\n<p data-start=\"567\" data-end=\"743\">Tento model je ur\u010den pro u\u017eivatele, kte\u0159\u00ed cht\u011bj\u00ed <strong data-start=\"616\" data-end=\"666\">v\u00fdkonn\u00fd, v\u0161estrann\u00fd a p\u0159itom lehk\u00fd EDC n\u00e1stroj<\/strong>, kter\u00fd nezat\u011b\u017euje kapsu, ale st\u00e1le zvl\u00e1dne \u0159adu \u00fakol\u016f s vysokou efektivitou.<\/p>\n<hr data-start=\"745\" data-end=\"748\" \/>\n<h2 data-start=\"750\" data-end=\"776\">Charakter a filozofie<\/h2>\n<p data-start=\"777\" data-end=\"1059\"><strong data-start=\"777\" data-end=\"810\">Spyderco Dyad Jr. Lightweight<\/strong> p\u0159edstavuje filozofii n\u00e1stroje, kter\u00fd je <strong data-start=\"852\" data-end=\"937\">v\u017edy p\u0159ipraven pracovat s maxim\u00e1ln\u00ed \u00fa\u010dinnost\u00ed, a p\u0159itom z\u016fst\u00e1v\u00e1 nen\u00e1padn\u00fd a lehk\u00fd<\/strong>. Kompaktn\u00ed rozm\u011bry a dob\u0159e navr\u017een\u00e1 ergonomie d\u00e1vaj\u00ed tomuto no\u017ei v\u00fdjime\u010dnou kontrolu \u0159ezu, a to i p\u0159i detailn\u00edch \u00faloh\u00e1ch.<\/p>\n<p data-start=\"1061\" data-end=\"1313\">\u010cepel z pr\u00e9miov\u00e9 <strong data-start=\"1078\" data-end=\"1097\">CPM SPY27 oceli<\/strong> nab\u00edz\u00ed <strong data-start=\"1105\" data-end=\"1171\">kombinaci v\u00fddr\u017ee ost\u0159\u00ed, hou\u017eevnatosti a odolnosti proti korozi<\/strong>, kter\u00e1 je u no\u017e\u016f t\u00e9to velikosti v\u00fdjime\u010dn\u00e1. Lehk\u00fd r\u00e1m a konstrukce sni\u017euj\u00ed celkovou hmotnost, ani\u017e by to ub\u00edralo na pevnosti \u010di spolehlivosti.<\/p>\n<p data-start=\"1315\" data-end=\"1532\">Ergonomicky tvarovan\u00e1 rukoje\u0165 se pohodln\u011b dr\u017e\u00ed i p\u0159i del\u0161\u00ed pr\u00e1ci, a d\u00edky sv\u00e9 struktu\u0159e poskytuje <strong data-start=\"1412\" data-end=\"1434\">pevn\u00fd, jist\u00fd \u00fachop<\/strong>. Ka\u017ed\u00fd detail tohoto no\u017ee je pod\u0159\u00edzen <strong data-start=\"1473\" data-end=\"1531\">funk\u010dnosti, efektivit\u011b \u0159ezu a dlouhodob\u00e9 spolehlivosti<\/strong>.<\/p>\n<hr data-start=\"1534\" data-end=\"1537\" \/>\n<h2 data-start=\"1539\" data-end=\"1556\">\ud83c\udfed O v\u00fdrobci<\/h2>\n<p data-start=\"1557\" data-end=\"1827\"><strong data-start=\"1557\" data-end=\"1569\">Spyderco<\/strong> pat\u0159\u00ed mezi uzn\u00e1van\u00e9 sv\u011btov\u00e9 zna\u010dky v no\u017e\u00ed\u0159sk\u00e9m pr\u016fmyslu. Je zn\u00e1m\u00e1 sv\u00fdm <strong data-start=\"1641\" data-end=\"1712\">inovativn\u00edm p\u0159\u00edstupem, ergonomick\u00fdm designem a d\u016frazem na funk\u010dnost<\/strong> v re\u00e1ln\u00e9m sv\u011bt\u011b. Modely jako Dyad Jr. dokazuj\u00ed, \u017ee i kompakt m\u016f\u017ee b\u00fdt <strong data-start=\"1783\" data-end=\"1826\">technicky vysp\u011bl\u00fd a maxim\u00e1ln\u011b efektivn\u00ed<\/strong>.<\/p>\n<hr data-start=\"1829\" data-end=\"1832\" \/>\n<h2 data-start=\"1834\" data-end=\"1861\">\u2699\ufe0f Technick\u00e9 specifikace<\/h2>\n<div class=\"TyagGW_tableContainer\">\n<div class=\"group TyagGW_tableWrapper flex flex-col-reverse w-fit\" tabindex=\"-1\">\n<table class=\"w-fit min-w-(--thread-content-width)\" data-start=\"1863\" data-end=\"2513\">\n<thead data-start=\"1863\" data-end=\"1885\">\n<tr data-start=\"1863\" data-end=\"1885\">\n<th data-start=\"1863\" data-end=\"1874\" data-col-size=\"sm\">Parametr<\/th>\n<th data-start=\"1874\" data-end=\"1885\" data-col-size=\"md\">Hodnota<\/th>\n<\/tr>\n<\/thead>\n<tbody data-start=\"1906\" data-end=\"2513\">\n<tr data-start=\"1906\" data-end=\"1974\">\n<td data-start=\"1906\" data-end=\"1914\" data-col-size=\"sm\">Model<\/td>\n<td data-start=\"1914\" data-end=\"1974\" data-col-size=\"md\">Spyderco Dyad Jr. Lightweight CPM SPY27 Sprint C39P&amp;SCBL<\/td>\n<\/tr>\n<tr data-start=\"1975\" data-end=\"2004\">\n<td data-start=\"1975\" data-end=\"1991\" data-col-size=\"sm\">Celkov\u00e1 d\u00e9lka<\/td>\n<td data-start=\"1991\" data-end=\"2004\" data-col-size=\"md\">kompaktn\u00ed<\/td>\n<\/tr>\n<tr data-start=\"2005\" data-end=\"2048\">\n<td data-start=\"2005\" data-end=\"2020\" data-col-size=\"sm\">D\u00e9lka \u010depele<\/td>\n<td data-start=\"2020\" data-end=\"2048\" data-col-size=\"md\">st\u0159edn\u00ed ve sv\u00e9 kategorii<\/td>\n<\/tr>\n<tr data-start=\"2049\" data-end=\"2107\">\n<td data-start=\"2049\" data-end=\"2067\" data-col-size=\"sm\">Tlou\u0161\u0165ka \u010depele<\/td>\n<td data-start=\"2067\" data-end=\"2107\" data-col-size=\"md\">optimalizovan\u00e1 pro lehkost i pevnost<\/td>\n<\/tr>\n<tr data-start=\"2108\" data-end=\"2153\">\n<td data-start=\"2108\" data-end=\"2126\" data-col-size=\"sm\">Materi\u00e1l \u010depele<\/td>\n<td data-col-size=\"md\" data-start=\"2126\" data-end=\"2153\">CPM SPY27 nerezov\u00e1 ocel<\/td>\n<\/tr>\n<tr data-start=\"2154\" data-end=\"2200\">\n<td data-start=\"2154\" data-end=\"2170\" data-col-size=\"sm\">Tvrdost oceli<\/td>\n<td data-start=\"2170\" data-end=\"2200\" data-col-size=\"md\">v\u00fdborn\u00e9 vlastnosti pro EDC<\/td>\n<\/tr>\n<tr data-start=\"2201\" data-end=\"2238\">\n<td data-start=\"2201\" data-end=\"2215\" data-col-size=\"sm\">Tvar \u010depele<\/td>\n<td data-start=\"2215\" data-end=\"2238\" data-col-size=\"md\">vyv\u00e1\u017een\u00fd EDC profil<\/td>\n<\/tr>\n<tr data-start=\"2239\" data-end=\"2276\">\n<td data-start=\"2239\" data-end=\"2248\" data-col-size=\"sm\">V\u00fdbrus<\/td>\n<td data-start=\"2248\" data-end=\"2276\" data-col-size=\"md\">ploch\u00fd (Full Flat Grind)<\/td>\n<\/tr>\n<tr data-start=\"2277\" data-end=\"2316\">\n<td data-start=\"2277\" data-end=\"2293\" data-col-size=\"sm\">Povrch \u010depele<\/td>\n<td data-start=\"2293\" data-end=\"2316\" data-col-size=\"md\">\u010dern\u00e1 \u00faprava Sprint<\/td>\n<\/tr>\n<tr data-start=\"2317\" data-end=\"2359\">\n<td data-start=\"2317\" data-end=\"2327\" data-col-size=\"sm\">Rukoje\u0165<\/td>\n<td data-start=\"2327\" data-end=\"2359\" data-col-size=\"md\">lehk\u00e1 ergonomick\u00e1 konstrukce<\/td>\n<\/tr>\n<tr data-start=\"2360\" data-end=\"2382\">\n<td data-start=\"2360\" data-end=\"2368\" data-col-size=\"sm\">Z\u00e1mek<\/td>\n<td data-start=\"2368\" data-end=\"2382\" data-col-size=\"md\">Frame Lock<\/td>\n<\/tr>\n<tr data-start=\"2383\" data-end=\"2420\">\n<td data-start=\"2383\" data-end=\"2395\" data-col-size=\"sm\">Otev\u00edr\u00e1n\u00ed<\/td>\n<td data-start=\"2395\" data-end=\"2420\" data-col-size=\"md\">kulat\u00fd otvor Spyderco<\/td>\n<\/tr>\n<tr data-start=\"2421\" data-end=\"2453\">\n<td data-start=\"2421\" data-end=\"2428\" data-col-size=\"sm\">Klip<\/td>\n<td data-start=\"2428\" data-end=\"2453\" data-col-size=\"md\">reverzibiln\u00ed \u2013 tip-up<\/td>\n<\/tr>\n<tr data-start=\"2454\" data-end=\"2480\">\n<td data-start=\"2454\" data-end=\"2465\" data-col-size=\"sm\">Hmotnost<\/td>\n<td data-col-size=\"md\" data-start=\"2465\" data-end=\"2480\">velmi n\u00edzk\u00e1<\/td>\n<\/tr>\n<tr data-start=\"2481\" data-end=\"2513\">\n<td data-start=\"2481\" data-end=\"2490\" data-col-size=\"sm\">V\u00fdroba<\/td>\n<td data-start=\"2490\" data-end=\"2513\" data-col-size=\"md\">kvalitn\u00ed zpracov\u00e1n\u00ed<\/td>\n<\/tr>\n<\/tbody>\n<\/table>\n<\/div>\n<\/div>\n<hr data-start=\"2515\" data-end=\"2518\" \/>\n<h2 data-start=\"2520\" data-end=\"2538\">\u2705 Hlavn\u00ed v\u00fdhody<\/h2>\n<ul data-start=\"2539\" data-end=\"2859\">\n<li data-start=\"2539\" data-end=\"2623\">\n<p data-start=\"2541\" data-end=\"2623\"><strong data-start=\"2541\" data-end=\"2559\">CPM SPY27 ocel<\/strong> \u2013 v\u00fdjime\u010dn\u00e1 kombinace v\u00fddr\u017ee ost\u0159\u00ed, hou\u017eevnatosti a odolnosti<\/p>\n<\/li>\n<li data-start=\"2624\" data-end=\"2680\">\n<p data-start=\"2626\" data-end=\"2680\"><strong data-start=\"2626\" data-end=\"2646\">Lehk\u00e1 konstrukce<\/strong> \u2013 ide\u00e1ln\u00ed pro ka\u017edodenn\u00ed no\u0161en\u00ed<\/p>\n<\/li>\n<li data-start=\"2681\" data-end=\"2736\">\n<p data-start=\"2683\" data-end=\"2736\"><strong data-start=\"2683\" data-end=\"2697\">Frame Lock<\/strong> \u2013 pevn\u00fd, bezpe\u010dn\u00fd a spolehliv\u00fd z\u00e1mek<\/p>\n<\/li>\n<li data-start=\"2737\" data-end=\"2796\">\n<p data-start=\"2739\" data-end=\"2796\"><strong data-start=\"2739\" data-end=\"2762\">Ergonomick\u00e1 rukoje\u0165<\/strong> \u2013 jist\u00fd \u00fachop i p\u0159i del\u0161\u00ed pr\u00e1ci<\/p>\n<\/li>\n<li data-start=\"2797\" data-end=\"2859\">\n<p data-start=\"2799\" data-end=\"2859\"><strong data-start=\"2799\" data-end=\"2815\">Sprint edice<\/strong> \u2013 jedine\u010dn\u00fd vzhled a limitovan\u00e9 proveden\u00ed<\/p>\n<\/li>\n<\/ul>\n<hr data-start=\"2861\" data-end=\"2864\" \/>\n<h2 data-start=\"2866\" data-end=\"2885\">\u26a0\ufe0f Mo\u017en\u00e1 omezen\u00ed<\/h2>\n<ul data-start=\"2886\" data-end=\"3082\">\n<li data-start=\"2886\" data-end=\"2941\">\n<p data-start=\"2888\" data-end=\"2941\"><strong data-start=\"2888\" data-end=\"2909\">Kompaktn\u00ed rozm\u011bry<\/strong> nejsou ur\u010deny pro t\u011b\u017ek\u00e9 pr\u00e1ce<\/p>\n<\/li>\n<li data-start=\"2942\" data-end=\"3012\">\n<p data-start=\"2944\" data-end=\"3012\">Men\u0161\u00ed velikost m\u016f\u017ee b\u00fdt m\u00e9n\u011b komfortn\u00ed pro u\u017eivatele s v\u011bt\u0161\u00ed dlan\u00ed<\/p>\n<\/li>\n<li data-start=\"3013\" data-end=\"3082\">\n<p data-start=\"3015\" data-end=\"3082\">\u010cern\u00e1 \u00faprava m\u016f\u017ee ukazovat zn\u00e1mky pou\u017e\u00edv\u00e1n\u00ed p\u0159i intenzivn\u00edm pou\u017eit\u00ed<\/p>\n<\/li>\n<\/ul>\n<hr data-start=\"3084\" data-end=\"3087\" \/>\n<h2 data-start=\"3089\" data-end=\"3109\">\ud83d\udee0\ufe0f \u00dadr\u017eba a p\u00e9\u010de<\/h2>\n<ul data-start=\"3110\" data-end=\"3335\">\n<li data-start=\"3110\" data-end=\"3193\">\n<p data-start=\"3112\" data-end=\"3193\">Po pou\u017eit\u00ed \u010depel <strong data-start=\"3129\" data-end=\"3145\">osu\u0161\u00ed a ot\u0159i<\/strong>, zejm\u00e9na pokud p\u0159i\u0161la do kontaktu s vlhkost\u00ed.<\/p>\n<\/li>\n<li data-start=\"3194\" data-end=\"3252\">\n<p data-start=\"3196\" data-end=\"3252\">Ob\u010das zkontroluj hladk\u00fd chod z\u00e1mku a lehce jej proma\u017e.<\/p>\n<\/li>\n<li data-start=\"3253\" data-end=\"3335\">\n<p data-start=\"3255\" data-end=\"3335\">Ost\u0159\u00ed udr\u017euj pravideln\u00fdm brou\u0161en\u00edm, aby byla zachov\u00e1na jeho ostrost a funk\u010dnost.<\/p>\n<\/li>\n<\/ul>\n<hr data-start=\"3337\" data-end=\"3340\" \/>\n<h2 data-start=\"3342\" data-end=\"3380\">\ud83d\udd2a Pro udr\u017een\u00ed ost\u0159\u00ed doporu\u010dujeme<\/h2>\n<p data-start=\"3381\" data-end=\"3532\">Pou\u017e\u00edvat kvalitn\u00ed brusn\u00e9 syst\u00e9my s p\u0159esn\u00fdm nastaven\u00edm \u00fahlu, aby byla zachov\u00e1na geometrie ost\u0159\u00ed a co nejdel\u0161\u00ed \u017eivotnost bez zbyte\u010dn\u00e9ho \u00fabytku materi\u00e1lu.<\/p>\n<hr data-start=\"3534\" data-end=\"3537\" \/>\n<h2 data-start=\"3539\" data-end=\"3588\">\ud83d\uded2 Zakoup\u00ed\u0161 na na\u0161ich str\u00e1nk\u00e1ch <strong data-start=\"3574\" data-end=\"3588\">Moskito.cz<\/strong><\/h2>\n<hr data-start=\"3590\" data-end=\"3593\" \/>\n<h2 data-start=\"3595\" data-end=\"3615\">\ud83c\udfaf Doporu\u010deno pro<\/h2>\n<ul data-start=\"3616\" data-end=\"3810\">\n<li data-start=\"3616\" data-end=\"3641\">\n<p data-start=\"3618\" data-end=\"3641\">ka\u017edodenn\u00ed EDC no\u0161en\u00ed<\/p>\n<\/li>\n<li data-start=\"3642\" data-end=\"3692\">\n<p data-start=\"3644\" data-end=\"3692\">u\u017eivatele hledaj\u00edc\u00ed <strong data-start=\"3664\" data-end=\"3686\">lehk\u00fd, ale v\u00fdkonn\u00fd<\/strong> n\u016f\u017e<\/p>\n<\/li>\n<li data-start=\"3693\" data-end=\"3734\">\n<p data-start=\"3695\" data-end=\"3734\">minimalistickou v\u00fdbavu bez kompromis\u016f<\/p>\n<\/li>\n<li data-start=\"3735\" data-end=\"3810\">\n<p data-start=\"3737\" data-end=\"3810\">u\u017eivatele, kte\u0159\u00ed cht\u011bj\u00ed <strong data-start=\"3761\" data-end=\"3808\">vysoce kvalitn\u00ed materi\u00e1ly ve mal\u00e9 velikosti<\/strong><\/p>\n<\/li>\n<\/ul>\n<hr data-start=\"3812\" data-end=\"3815\" \/>\n<h2 data-start=\"3817\" data-end=\"3843\">\u2b50 Z\u00e1v\u011bre\u010dn\u00e9 hodnocen\u00ed<\/h2>\n<p data-start=\"3844\" data-end=\"4096\"><strong data-start=\"3844\" data-end=\"3894\">Spyderco Dyad Jr. Lightweight CPM SPY27 Sprint<\/strong> je <strong data-start=\"3898\" data-end=\"3938\">lehk\u00e9, v\u00fdborn\u011b vyv\u00e1\u017een\u00e9 a v\u0161estrann\u00e9<\/strong> zav\u00edrac\u00ed \u0159e\u0161en\u00ed pro ka\u017edodenn\u00ed \u00fakoly. D\u00edky \u0161pi\u010dkov\u00e9 oceli, ergonomii a \u010dist\u00e9mu designu je ide\u00e1ln\u00ed pro u\u017eivatele, kte\u0159\u00ed <strong data-start=\"4058\" data-end=\"4095\">ocen\u00ed v\u00fdkon, preciznost i komfort<\/strong>.<\/p>\n<p data-start=\"4098\" data-end=\"4160\"><strong data-start=\"4098\" data-end=\"4160\">Dyad Jr. Lightweight \u2013 lehkost, v\u00fdkon a kontrola v jednom.<\/strong><\/p>\n<\/div>\n<\/div>\n<\/div>\n<\/div>\n<div class=\"z-0 flex min-h-[46px] justify-start\"><\/div>\n<\/div>\n<\/div>\n<\/article>\n<\/div>\n","protected":false},"excerpt":{"rendered":"<p data-start=\"3844\" data-end=\"4096\"><strong>Spyderco Dyad Jr. Lightweight CPM SPY27 Sprint je lehk\u00e9, v\u00fdborn\u011b vyv\u00e1\u017een\u00e9 a v\u0161estrann\u00e9 zav\u00edrac\u00ed \u0159e\u0161en\u00ed pro ka\u017edodenn\u00ed \u00fakoly. D\u00edky \u0161pi\u010dkov\u00e9 oceli, ergonomii a \u010dist\u00e9mu designu je ide\u00e1ln\u00ed pro u\u017eivatele, kte\u0159\u00ed ocen\u00ed v\u00fdkon, preciznost i komfort.<\/strong><\/p>\n<p data-start=\"4098\" data-end=\"4160\"><strong>Dyad Jr. Lightweight \u2013 lehkost, v\u00fdkon a kontrola v jednom.<\/strong><\/p>\n","protected":false},"featured_media":433514,"comment_status":"open","ping_status":"closed","template":"","meta":[],"pwb-brand":[567],"product_brand":[],"product_cat":[22,17],"product_tag":[],"class_list":{"0":"post-433513","1":"product","2":"type-product","3":"status-publish","4":"has-post-thumbnail","6":"pwb-brand-spyderco","7":"product_cat-zaviraci-noze","8":"product_cat-noze","10":"first","11":"instock","12":"taxable","13":"shipping-taxable","14":"purchasable","15":"product-type-simple"},"brands":[{"id":567,"name":"Spyderco","slug":"spyderco"}],"_links":{"self":[{"href":"https:\/\/www.moskito.cz\/fr\/wp-json\/wp\/v2\/product\/433513","targetHints":{"allow":["GET"]}}],"collection":[{"href":"https:\/\/www.moskito.cz\/fr\/wp-json\/wp\/v2\/product"}],"about":[{"href":"https:\/\/www.moskito.cz\/fr\/wp-json\/wp\/v2\/types\/product"}],"replies":[{"embeddable":true,"href":"https:\/\/www.moskito.cz\/fr\/wp-json\/wp\/v2\/comments?post=433513"}],"wp:featuredmedia":[{"embeddable":true,"href":"https:\/\/www.moskito.cz\/fr\/wp-json\/wp\/v2\/media\/433514"}],"wp:attachment":[{"href":"https:\/\/www.moskito.cz\/fr\/wp-json\/wp\/v2\/media?parent=433513"}],"wp:term":[{"taxonomy":"pwb-brand","embeddable":true,"href":"https:\/\/www.moskito.cz\/fr\/wp-json\/wp\/v2\/pwb-brand?post=433513"},{"taxonomy":"product_brand","embeddable":true,"href":"https:\/\/www.moskito.cz\/fr\/wp-json\/wp\/v2\/product_brand?post=433513"},{"taxonomy":"product_cat","embeddable":true,"href":"https:\/\/www.moskito.cz\/fr\/wp-json\/wp\/v2\/product_cat?post=433513"},{"taxonomy":"product_tag","embeddable":true,"href":"https:\/\/www.moskito.cz\/fr\/wp-json\/wp\/v2\/product_tag?post=433513"}],"curies":[{"name":"wp","href":"https:\/\/api.w.org\/{rel}","templated":true}]}}