{"id":433686,"date":"2026-01-23T20:32:10","date_gmt":"2026-01-23T19:32:10","guid":{"rendered":"https:\/\/www.moskito.cz\/?post_type=product&#038;p=433686"},"modified":"2026-01-24T10:06:35","modified_gmt":"2026-01-24T09:06:35","slug":"zaviraci-nuz-spyderco-bodacious-c263gsbk","status":"publish","type":"product","link":"https:\/\/www.moskito.cz\/fr\/produkt\/zaviraci-nuz-spyderco-bodacious-c263gsbk\/","title":{"rendered":"Zav\u00edrac\u00ed N\u016f\u017e Spyderco Bodacious C263GSBK"},"content":{"rendered":"<p data-start=\"211\" data-end=\"642\">Jakmile \u010depel otev\u0159e\u0161 typick\u00fdm <strong data-start=\"242\" data-end=\"270\">kulat\u00fdm otvorem Spyderco<\/strong> a zajist\u00ed\u0161 ji spolehliv\u00fdm <strong data-start=\"297\" data-end=\"319\">Compression Lockem<\/strong>, okam\u017eit\u011b poc\u00edt\u00ed\u0161 <strong data-start=\"338\" data-end=\"376\">pevnost, jistotu a hladk\u00fd tah \u0159ezu<\/strong>, kter\u00fd nab\u00edz\u00ed <strong data-start=\"391\" data-end=\"452\">Spyderco Bodacious s \u010dernou \u010depel\u00ed a \u010dernou rukojet\u00ed G\u201110<\/strong>. Tento zav\u00edrac\u00ed n\u016f\u017e kombinuje robustn\u00ed, ale dob\u0159e vyv\u00e1\u017een\u00fd design s pr\u00e9miov\u00fdmi materi\u00e1ly, tak\u017ee je p\u0159ipraven na n\u00e1ro\u010dn\u00e9 ka\u017edodenn\u00ed pou\u017eit\u00ed i situace, kde je kladen d\u016fraz na v\u00fdkon a komfort.<\/p>\n<p data-start=\"644\" data-end=\"834\">Tento model je ur\u010den pro u\u017eivatele, kte\u0159\u00ed cht\u011bj\u00ed <strong data-start=\"693\" data-end=\"725\">v\u00fdkonn\u00fd a spolehliv\u00fd EDC n\u016f\u017e<\/strong>, kter\u00fd um\u00ed <strong data-start=\"737\" data-end=\"769\">tvrd\u0161\u00ed \u0159ezy i precizn\u00ed pr\u00e1ci<\/strong>, a p\u0159itom z\u016fst\u00e1v\u00e1 dob\u0159e ovladateln\u00fd a pohodln\u00fd pro b\u011b\u017en\u00e9 no\u0161en\u00ed.<\/p>\n<hr data-start=\"836\" data-end=\"839\" \/>\n<h2 data-start=\"841\" data-end=\"867\">Charakter a filozofie<\/h2>\n<p data-start=\"868\" data-end=\"1086\"><strong data-start=\"868\" data-end=\"890\">Spyderco Bodacious<\/strong> p\u0159edstavuje filozofii n\u00e1stroje, kter\u00fd se neboj\u00ed pr\u00e1ce. Jeho design d\u00e1v\u00e1 d\u016fraz na <strong data-start=\"972\" data-end=\"1006\">s\u00edlu \u0159ezu, kontrolu a odolnost<\/strong> i v n\u00e1ro\u010dn\u011bj\u0161\u00edch situac\u00edch, kde je pot\u0159eba n\u016f\u017e, kter\u00fd <em data-start=\"1061\" data-end=\"1085\">funguje bez kompromis\u016f<\/em>.<\/p>\n<p data-start=\"1088\" data-end=\"1313\">\u010cepel s \u010dernou povrchovou \u00fapravou je pevn\u00e1, efektivn\u00ed a dob\u0159e chr\u00e1n\u011bn\u00e1 proti opot\u0159eben\u00ed. Robustn\u00ed tvar a ploch\u00fd v\u00fdbrus poskytuj\u00ed <strong data-start=\"1217\" data-end=\"1248\">v\u00fdborn\u00fd tahov\u00fd i p\u0159\u00ed\u010dn\u00fd \u0159ez<\/strong>, ide\u00e1ln\u00ed pro \u0159ez\u00e1n\u00ed provaz\u016f, bal\u00edk\u016f, tkanin i dal\u0161\u00edch materi\u00e1l\u016f.<\/p>\n<p data-start=\"1315\" data-end=\"1596\">Rukoje\u0165 z <strong data-start=\"1325\" data-end=\"1339\">\u010dern\u00e9 G\u201110<\/strong> je pevn\u00e1, odoln\u00e1 v\u016f\u010di vlhkosti a mechanick\u00e9mu opot\u0159eben\u00ed a z\u00e1rove\u0148 dob\u0159e padne do dlan\u011b \u2014 poskytuje <strong data-start=\"1440\" data-end=\"1473\">jist\u00fd \u00fachop i p\u0159i del\u0161\u00ed pr\u00e1ci<\/strong>. Compression Lock zaji\u0161\u0165uje <strong data-start=\"1502\" data-end=\"1545\">rychl\u00e9 a bezpe\u010dn\u00e9 ovl\u00e1d\u00e1n\u00ed jednou rukou<\/strong> a poskytuje vysokou \u00farove\u0148 bezpe\u010dnosti p\u0159i \u0159ez\u00e1n\u00ed.<\/p>\n<hr data-start=\"1598\" data-end=\"1601\" \/>\n<h2 data-start=\"1603\" data-end=\"1620\">\ud83c\udfed O v\u00fdrobci<\/h2>\n<p data-start=\"1621\" data-end=\"1850\"><strong data-start=\"1621\" data-end=\"1633\">Spyderco<\/strong> je zna\u010dka, kter\u00e1 pat\u0159\u00ed mezi sv\u011btovou \u0161pi\u010dku ve v\u00fdrob\u011b zav\u00edrac\u00edch no\u017e\u016f. Je zn\u00e1m\u00e1 sv\u00fdm inovativn\u00edm designem, d\u016frazem na ergonomii a re\u00e1ln\u00e9 pou\u017eit\u00ed v praxi \u2014 modely jako Bodacious kombinuj\u00ed s\u00edlu, pohodl\u00ed a spolehlivost.<\/p>\n<hr data-start=\"1852\" data-end=\"1855\" \/>\n<h2 data-start=\"1857\" data-end=\"1884\">\u2699\ufe0f Technick\u00e9 specifikace<\/h2>\n<div class=\"TyagGW_tableContainer\">\n<div class=\"group TyagGW_tableWrapper flex flex-col-reverse w-fit\" tabindex=\"-1\">\n<table class=\"w-fit min-w-(--thread-content-width)\" data-start=\"1886\" data-end=\"2499\">\n<thead data-start=\"1886\" data-end=\"1908\">\n<tr data-start=\"1886\" data-end=\"1908\">\n<th data-start=\"1886\" data-end=\"1897\" data-col-size=\"sm\">Parametr<\/th>\n<th data-start=\"1897\" data-end=\"1908\" data-col-size=\"sm\">Hodnota<\/th>\n<\/tr>\n<\/thead>\n<tbody data-start=\"1929\" data-end=\"2499\">\n<tr data-start=\"1929\" data-end=\"1968\">\n<td data-start=\"1929\" data-end=\"1937\" data-col-size=\"sm\">Model<\/td>\n<td data-start=\"1937\" data-end=\"1968\" data-col-size=\"sm\">Spyderco Bodacious C263GSBK<\/td>\n<\/tr>\n<tr data-start=\"1969\" data-end=\"1991\">\n<td data-start=\"1969\" data-end=\"1975\" data-col-size=\"sm\">Typ<\/td>\n<td data-start=\"1975\" data-end=\"1991\" data-col-size=\"sm\">Zav\u00edrac\u00ed n\u016f\u017e<\/td>\n<\/tr>\n<tr data-start=\"1992\" data-end=\"2024\">\n<td data-start=\"1992\" data-end=\"2008\" data-col-size=\"sm\">Celkov\u00e1 d\u00e9lka<\/td>\n<td data-start=\"2008\" data-end=\"2024\" data-col-size=\"sm\">cca 21\u201322 cm<\/td>\n<\/tr>\n<tr data-start=\"2025\" data-end=\"2056\">\n<td data-start=\"2025\" data-end=\"2040\" data-col-size=\"sm\">D\u00e9lka \u010depele<\/td>\n<td data-start=\"2040\" data-end=\"2056\" data-col-size=\"sm\">cca 9\u20139,5 cm<\/td>\n<\/tr>\n<tr data-start=\"2057\" data-end=\"2095\">\n<td data-start=\"2057\" data-end=\"2075\" data-col-size=\"sm\">Tlou\u0161\u0165ka \u010depele<\/td>\n<td data-start=\"2075\" data-end=\"2095\" data-col-size=\"sm\">robustn\u00ed a siln\u00e1<\/td>\n<\/tr>\n<tr data-start=\"2096\" data-end=\"2140\">\n<td data-start=\"2096\" data-end=\"2114\" data-col-size=\"sm\">Materi\u00e1l \u010depele<\/td>\n<td data-start=\"2114\" data-end=\"2140\" data-col-size=\"sm\">kvalitn\u00ed nerezov\u00e1 ocel<\/td>\n<\/tr>\n<tr data-start=\"2141\" data-end=\"2199\">\n<td data-start=\"2141\" data-end=\"2157\" data-col-size=\"sm\">Tvrdost oceli<\/td>\n<td data-start=\"2157\" data-end=\"2199\" data-col-size=\"sm\">vyv\u00e1\u017een\u00e1 mezi ostrost\u00ed a hou\u017eevnatost\u00ed<\/td>\n<\/tr>\n<tr data-start=\"2200\" data-end=\"2237\">\n<td data-start=\"2200\" data-end=\"2214\" data-col-size=\"sm\">Tvar \u010depele<\/td>\n<td data-start=\"2214\" data-end=\"2237\" data-col-size=\"sm\">klasick\u00fd Drop Point<\/td>\n<\/tr>\n<tr data-start=\"2238\" data-end=\"2266\">\n<td data-start=\"2238\" data-end=\"2247\" data-col-size=\"sm\">V\u00fdbrus<\/td>\n<td data-start=\"2247\" data-end=\"2266\" data-col-size=\"sm\">Full Flat Grind<\/td>\n<\/tr>\n<tr data-start=\"2267\" data-end=\"2308\">\n<td data-start=\"2267\" data-end=\"2283\" data-col-size=\"sm\">Povrch \u010depele<\/td>\n<td data-start=\"2283\" data-end=\"2308\" data-col-size=\"sm\">\u010dern\u00e1 ochrann\u00e1 \u00faprava<\/td>\n<\/tr>\n<tr data-start=\"2309\" data-end=\"2335\">\n<td data-start=\"2309\" data-end=\"2319\" data-col-size=\"sm\">Rukoje\u0165<\/td>\n<td data-start=\"2319\" data-end=\"2335\" data-col-size=\"sm\">G\u201110 \u2013 \u010dern\u00e1<\/td>\n<\/tr>\n<tr data-start=\"2336\" data-end=\"2364\">\n<td data-start=\"2336\" data-end=\"2344\" data-col-size=\"sm\">Z\u00e1mek<\/td>\n<td data-start=\"2344\" data-end=\"2364\" data-col-size=\"sm\">Compression Lock<\/td>\n<\/tr>\n<tr data-start=\"2365\" data-end=\"2402\">\n<td data-start=\"2365\" data-end=\"2377\" data-col-size=\"sm\">Otev\u00edr\u00e1n\u00ed<\/td>\n<td data-start=\"2377\" data-end=\"2402\" data-col-size=\"sm\">kulat\u00fd otvor Spyderco<\/td>\n<\/tr>\n<tr data-start=\"2403\" data-end=\"2435\">\n<td data-start=\"2403\" data-end=\"2410\" data-col-size=\"sm\">Klip<\/td>\n<td data-start=\"2410\" data-end=\"2435\" data-col-size=\"sm\">reverzibiln\u00ed \u2013 tip\u2011up<\/td>\n<\/tr>\n<tr data-start=\"2436\" data-end=\"2466\">\n<td data-start=\"2436\" data-end=\"2447\" data-col-size=\"sm\">Hmotnost<\/td>\n<td data-start=\"2447\" data-end=\"2466\" data-col-size=\"sm\">st\u0159edn\u00ed \/ vy\u0161\u0161\u00ed<\/td>\n<\/tr>\n<tr data-start=\"2467\" data-end=\"2499\">\n<td data-start=\"2467\" data-end=\"2476\" data-col-size=\"sm\">V\u00fdroba<\/td>\n<td data-start=\"2476\" data-end=\"2499\" data-col-size=\"sm\">precizn\u00ed zpracov\u00e1n\u00ed<\/td>\n<\/tr>\n<\/tbody>\n<\/table>\n<\/div>\n<\/div>\n<hr data-start=\"2501\" data-end=\"2504\" \/>\n<h2 data-start=\"2506\" data-end=\"2524\">\u2705 Hlavn\u00ed v\u00fdhody<\/h2>\n<ul data-start=\"2525\" data-end=\"2820\">\n<li data-start=\"2525\" data-end=\"2574\">\n<p data-start=\"2527\" data-end=\"2574\"><strong data-start=\"2527\" data-end=\"2545\">Robustn\u00ed \u010depel<\/strong> \u2013 v\u00fdborn\u00fd tah i p\u0159\u00ed\u010dn\u00fd \u0159ez<\/p>\n<\/li>\n<li data-start=\"2575\" data-end=\"2632\">\n<p data-start=\"2577\" data-end=\"2632\"><strong data-start=\"2577\" data-end=\"2597\">Compression Lock<\/strong> \u2013 siln\u00fd, bezpe\u010dn\u00fd a hladk\u00fd z\u00e1mek<\/p>\n<\/li>\n<li data-start=\"2633\" data-end=\"2698\">\n<p data-start=\"2635\" data-end=\"2698\"><strong data-start=\"2635\" data-end=\"2657\">\u010cern\u00e1 G\u201110 rukoje\u0165<\/strong> \u2013 jist\u00fd \u00fachop i v n\u00e1ro\u010dn\u00fdch podm\u00ednk\u00e1ch<\/p>\n<\/li>\n<li data-start=\"2699\" data-end=\"2754\">\n<p data-start=\"2701\" data-end=\"2754\"><strong data-start=\"2701\" data-end=\"2720\">Vyv\u00e1\u017een\u00fd design<\/strong> \u2013 v\u00fdkon bez zbyte\u010dn\u00e9ho zat\u00ed\u017een\u00ed<\/p>\n<\/li>\n<li data-start=\"2755\" data-end=\"2820\">\n<p data-start=\"2757\" data-end=\"2820\"><strong data-start=\"2757\" data-end=\"2780\">\u010cern\u00e1 \u00faprava \u010depele<\/strong> \u2013 decentn\u00ed, nen\u00e1padn\u00fd a odoln\u00fd povrch<\/p>\n<\/li>\n<\/ul>\n<hr data-start=\"2822\" data-end=\"2825\" \/>\n<h2 data-start=\"2827\" data-end=\"2846\">\u26a0\ufe0f Mo\u017en\u00e1 omezen\u00ed<\/h2>\n<ul data-start=\"2847\" data-end=\"3052\">\n<li data-start=\"2847\" data-end=\"2912\">\n<p data-start=\"2849\" data-end=\"2912\"><strong data-start=\"2849\" data-end=\"2866\">V\u011bt\u0161\u00ed rozm\u011bry<\/strong> \u2013 nemus\u00ed b\u00fdt ide\u00e1ln\u00ed pro minimalistick\u00e9 EDC<\/p>\n<\/li>\n<li data-start=\"2913\" data-end=\"2973\">\n<p data-start=\"2915\" data-end=\"2973\">Robustn\u00ed \u010depele jsou m\u00e9n\u011b vhodn\u00e9 na jemn\u00e9 detailn\u00ed \u00fakoly<\/p>\n<\/li>\n<li data-start=\"2974\" data-end=\"3052\">\n<p data-start=\"2976\" data-end=\"3052\">\u010cern\u00e1 povrchov\u00e1 \u00faprava se m\u016f\u017ee \u010dasem opot\u0159ebovat p\u0159i intenzivn\u00edm pou\u017e\u00edv\u00e1n\u00ed<\/p>\n<\/li>\n<\/ul>\n<hr data-start=\"3054\" data-end=\"3057\" \/>\n<h2 data-start=\"3059\" data-end=\"3079\">\ud83d\udee0\ufe0f \u00dadr\u017eba a p\u00e9\u010de<\/h2>\n<p data-start=\"3080\" data-end=\"3300\">Po pou\u017eit\u00ed \u010depel osu\u0161\u00ed a o\u010disti \u2014 zvl\u00e1\u0161t\u011b pokud p\u0159i\u0161la do kontaktu s vlhkost\u00ed nebo ne\u010distotami.<br data-start=\"3175\" data-end=\"3178\" \/>Pravideln\u011b kontroluj chod z\u00e1mku a mechaniku otev\u00edr\u00e1n\u00ed.<br data-start=\"3232\" data-end=\"3235\" \/>Ost\u0159\u00ed udr\u017euj jemn\u00fdm brou\u0161en\u00edm, aby bylo st\u00e1le ostr\u00e9 a spolehliv\u00e9.<\/p>\n<hr data-start=\"3302\" data-end=\"3305\" \/>\n<h2 data-start=\"3307\" data-end=\"3345\">\ud83d\udd2a Pro udr\u017een\u00ed ost\u0159\u00ed doporu\u010dujeme<\/h2>\n<p data-start=\"3346\" data-end=\"3672\">Pou\u017e\u00edvat kvalitn\u00ed brusn\u00e9 syst\u00e9my s p\u0159esn\u00fdm veden\u00edm \u00fahlu, <strong data-start=\"3403\" data-end=\"3500\">kter\u00e9 zajist\u00ed spr\u00e1vnou geometrii ost\u0159\u00ed a dlouhodobou ostrost bez zbyte\u010dn\u00e9ho ub\u00edr\u00e1n\u00ed materi\u00e1lu<\/strong>. Pro tento \u00fa\u010del <strong data-start=\"3517\" data-end=\"3604\">doporu\u010dujeme brousek Spyderco Tri\u2011Angle Sharpmaker Complete Sharpening System 204MF<\/strong>, kter\u00fd umo\u017e\u0148uje bezpe\u010dn\u00e9 a velmi p\u0159esn\u00e9 brou\u0161en\u00ed i modern\u00edch ocel\u00ed.<\/p>\n<p data-start=\"3674\" data-end=\"3708\"><strong data-start=\"3674\" data-end=\"3708\">Zakoup\u00edte na na\u0161ich str\u00e1nk\u00e1ch.<\/strong><\/p>\n<hr data-start=\"3710\" data-end=\"3713\" \/>\n<h2 data-start=\"3715\" data-end=\"3735\">\ud83c\udfaf Doporu\u010deno pro<\/h2>\n<ul data-start=\"3736\" data-end=\"3906\">\n<li data-start=\"3736\" data-end=\"3761\">\n<p data-start=\"3738\" data-end=\"3761\">ka\u017edodenn\u00ed EDC no\u0161en\u00ed<\/p>\n<\/li>\n<li data-start=\"3762\" data-end=\"3806\">\n<p data-start=\"3764\" data-end=\"3806\">outdoor a lehk\u00e9 i st\u0159edn\u00ed pracovn\u00ed \u00fakoly<\/p>\n<\/li>\n<li data-start=\"3807\" data-end=\"3859\">\n<p data-start=\"3809\" data-end=\"3859\">u\u017eivatele vy\u017eaduj\u00edc\u00ed <strong data-start=\"3830\" data-end=\"3857\">pevnost a kontrolu \u0159ezu<\/strong><\/p>\n<\/li>\n<li data-start=\"3860\" data-end=\"3906\">\n<p data-start=\"3862\" data-end=\"3906\">fanou\u0161ky robustn\u011bj\u0161\u00edch a v\u0161estrann\u00fdch no\u017e\u016f<\/p>\n<\/li>\n<\/ul>\n<hr data-start=\"3908\" data-end=\"3911\" \/>\n<h2 data-start=\"3913\" data-end=\"3939\">\u2b50 Z\u00e1v\u011bre\u010dn\u00e9 hodnocen\u00ed<\/h2>\n<p data-start=\"3940\" data-end=\"4231\"><strong data-start=\"3940\" data-end=\"3995\">Spyderco Bodacious \u010cern\u00e1 G\u201110 \u010cern\u00e1 \u010depel Reveal 14<\/strong> je <strong data-start=\"3999\" data-end=\"4044\">v\u00fdkonn\u00fd, odoln\u00fd a v\u0161estrann\u00fd zav\u00edrac\u00ed n\u016f\u017e<\/strong>, kter\u00fd exceluje p\u0159i ka\u017edodenn\u00edm pou\u017e\u00edv\u00e1n\u00ed i v n\u00e1ro\u010dn\u011bj\u0161\u00edch situac\u00edch. D\u00edky ergonomii, spolehliv\u00e9mu z\u00e1mku a robustn\u00ed konstrukci poskytuje <strong data-start=\"4182\" data-end=\"4211\">v\u00fdbornou kontrolu a v\u00fdkon<\/strong>, kter\u00fd t\u011b nezklame.<\/p>\n<p data-start=\"4233\" data-end=\"4292\"><strong data-start=\"4233\" data-end=\"4292\">Bodacious \u2013 s\u00edla, spolehlivost a jistota v ka\u017ed\u00e9m tahu.<\/strong><\/p>\n","protected":false},"excerpt":{"rendered":"<p data-start=\"3940\" data-end=\"4231\"><strong>Spyderco Bodacious \u010cern\u00e1 G\u201110 \u010cern\u00e1 \u010depel Reveal 14 je v\u00fdkonn\u00fd, odoln\u00fd a v\u0161estrann\u00fd zav\u00edrac\u00ed n\u016f\u017e, kter\u00fd exceluje p\u0159i ka\u017edodenn\u00edm pou\u017e\u00edv\u00e1n\u00ed i v n\u00e1ro\u010dn\u011bj\u0161\u00edch situac\u00edch. D\u00edky ergonomii, spolehliv\u00e9mu z\u00e1mku a robustn\u00ed konstrukci poskytuje v\u00fdbornou kontrolu a v\u00fdkon, kter\u00fd t\u011b nezklame.<\/strong><\/p>\n<p data-start=\"4233\" data-end=\"4292\"><strong>Bodacious \u2013 s\u00edla, spolehlivost a jistota v ka\u017ed\u00e9m tahu.<\/strong><\/p>\n<p data-start=\"4233\" data-end=\"4292\"><strong>Doprava zdarma.<\/strong><\/p>\n","protected":false},"featured_media":433687,"comment_status":"open","ping_status":"closed","template":"","meta":[],"pwb-brand":[567],"product_brand":[],"product_cat":[22,17],"product_tag":[],"class_list":{"0":"post-433686","1":"product","2":"type-product","3":"status-publish","4":"has-post-thumbnail","6":"pwb-brand-spyderco","7":"product_cat-zaviraci-noze","8":"product_cat-noze","10":"first","11":"instock","12":"taxable","13":"shipping-taxable","14":"purchasable","15":"product-type-simple"},"brands":[{"id":567,"name":"Spyderco","slug":"spyderco"}],"_links":{"self":[{"href":"https:\/\/www.moskito.cz\/fr\/wp-json\/wp\/v2\/product\/433686","targetHints":{"allow":["GET"]}}],"collection":[{"href":"https:\/\/www.moskito.cz\/fr\/wp-json\/wp\/v2\/product"}],"about":[{"href":"https:\/\/www.moskito.cz\/fr\/wp-json\/wp\/v2\/types\/product"}],"replies":[{"embeddable":true,"href":"https:\/\/www.moskito.cz\/fr\/wp-json\/wp\/v2\/comments?post=433686"}],"wp:featuredmedia":[{"embeddable":true,"href":"https:\/\/www.moskito.cz\/fr\/wp-json\/wp\/v2\/media\/433687"}],"wp:attachment":[{"href":"https:\/\/www.moskito.cz\/fr\/wp-json\/wp\/v2\/media?parent=433686"}],"wp:term":[{"taxonomy":"pwb-brand","embeddable":true,"href":"https:\/\/www.moskito.cz\/fr\/wp-json\/wp\/v2\/pwb-brand?post=433686"},{"taxonomy":"product_brand","embeddable":true,"href":"https:\/\/www.moskito.cz\/fr\/wp-json\/wp\/v2\/product_brand?post=433686"},{"taxonomy":"product_cat","embeddable":true,"href":"https:\/\/www.moskito.cz\/fr\/wp-json\/wp\/v2\/product_cat?post=433686"},{"taxonomy":"product_tag","embeddable":true,"href":"https:\/\/www.moskito.cz\/fr\/wp-json\/wp\/v2\/product_tag?post=433686"}],"curies":[{"name":"wp","href":"https:\/\/api.w.org\/{rel}","templated":true}]}}