{"id":436876,"date":"2026-02-12T13:36:18","date_gmt":"2026-02-12T12:36:18","guid":{"rendered":"https:\/\/www.moskito.cz\/produkt\/couteau-dejection-microtech-combat-troodon-gen-iii-interceptor-1217-1tas\/"},"modified":"2026-02-12T14:07:57","modified_gmt":"2026-02-12T13:07:57","slug":"couteau-dejection-microtech-combat-troodon-gen-iii-interceptor-1217-1tas","status":"publish","type":"product","link":"https:\/\/www.moskito.cz\/fr\/produkt\/couteau-dejection-microtech-combat-troodon-gen-iii-interceptor-1217-1tas\/","title":{"rendered":"Couteau d&rsquo;\u00e9jection Microtech Combat Troodon Gen III Interceptor 1217-1TAS"},"content":{"rendered":"<div class=\"min-h-8 text-message relative flex w-full flex-col items-end gap-2 text-start break-words whitespace-normal [.text-message+&amp;]:mt-1\" dir=\"auto\" data-message-author-role=\"assistant\" data-message-id=\"ab8f92cc-1aaf-4121-b934-5bf6ee69c9bf\" data-message-model-slug=\"gpt-5-2\">\n<div class=\"flex w-full flex-col gap-1 empty:hidden first:pt-[1px]\">\n<div class=\"markdown prose dark:prose-invert w-full wrap-break-word light markdown-new-styling\">\n<p data-start=\"0\" data-end=\"415\">Lorsque vous prenez un <strong data-start=\"23\" data-end=\"101\">Microtech Combat Troodon\u00ae Gen III Interceptor\u00ae Signature Series 1217-10TAS<\/strong>, vous tenez le summum de l&rsquo;ing\u00e9nierie de pr\u00e9cision dans la cat\u00e9gorie des couteaux automatiques OTF (Out The Front). Ce mod\u00e8le repr\u00e9sente la plus grande variante de la famille des couteaux automatiques de Microtech et combine une construction solide, un m\u00e9canisme extr\u00eamement rapide et la lame Interceptor de nouvelle g\u00e9n\u00e9ration en un outil tactique exceptionnel. <\/p>\n<p data-start=\"417\" data-end=\"685\">Le Combat Troodon Gen III est environ 25% plus grand que le mod\u00e8le phare Troodon, ce qui lui donne encore plus de stabilit\u00e9 et de confiance en fonctionnement. Chaque pi\u00e8ce est fabriqu\u00e9e et assembl\u00e9e \u00e0 100 % aux \u00c9tats-Unis sous la direction d&rsquo;Anthony \u00ab\u00a0Tony\u00a0\u00bb Marfione, fondateur et propri\u00e9taire de Microtech Knives. <\/p>\n<hr data-start=\"687\" data-end=\"690\">\n<p data-start=\"692\" data-end=\"720\">\ud83d\udd25 <strong data-start=\"695\" data-end=\"720\">Caract\u00e8re et philosophie<\/strong><\/p>\n<p data-start=\"722\" data-end=\"996\">Depuis plus de trois d\u00e9cennies, les couteaux Microtech constituent une r\u00e9f\u00e9rence en mati\u00e8re de pr\u00e9cision, d&rsquo;innovation et de fiabilit\u00e9. La marque fond\u00e9e par Anthony Marfion a profond\u00e9ment influenc\u00e9 le monde des couteaux automatiques et OTF et est devenue le choix des professionnels, des forces arm\u00e9es, des \u00e9quipes de secours et des collectionneurs exigeants. <\/p>\n<p data-start=\"998\" data-end=\"1212\">Le nom <em data-start=\"1004\" data-end=\"1013\">Troodon<\/em> vient du grec et signifie \u00ab\u00a0dent blessante\u00a0\u00bb. Il d\u00e9signait \u00e0 l&rsquo;origine un dinosaure pr\u00e9dateur &#8211; et il d\u00e9crit \u00e9galement le caract\u00e8re de ce couteau OTF robuste con\u00e7u pour une polyvalence et des performances maximales. <\/p>\n<p data-start=\"1214\" data-end=\"1519\">La Gen III est dot\u00e9e d&rsquo;un m\u00e9canisme \u00e0 double action (D\/A) am\u00e9lior\u00e9 qui permet une extension et une r\u00e9traction extr\u00eamement rapides de la lame. Pour des raisons de s\u00e9curit\u00e9, le curseur n\u00e9cessite une certaine force pour surmonter la r\u00e9sistance du ressort, ce qui contribue \u00e0 une manipulation plus s\u00fbre. Le design est enti\u00e8rement ambidextre et confortable pour les droitiers comme pour les gauchers.  <\/p>\n<hr data-start=\"1521\" data-end=\"1524\">\n<p data-start=\"1526\" data-end=\"1542\"><strong data-start=\"1529\" data-end=\"1542\">\ud83c\udfed A propos du producteur<\/strong><\/p>\n<p data-start=\"1544\" data-end=\"1714\">Microtech Knives est une marque am\u00e9ricaine connue pour sa fabrication CNC de pr\u00e9cision, ses innovations dans les m\u00e9canismes OTF et l&rsquo;utilisation de mat\u00e9riaux de qualit\u00e9 sup\u00e9rieure. Chaque couteau est fabriqu\u00e9 et assembl\u00e9 aux Etats-Unis. <\/p>\n<p data-start=\"1716\" data-end=\"2028\">Ce mod\u00e8le appartient \u00e0 la <strong data-start=\"1731\" data-end=\"1751\">s\u00e9rie Signature<\/strong> &#8211; une ligne de produits d&rsquo;\u00e9lite con\u00e7ue pour les clients \u00e0 la recherche d&rsquo;un design plus exclusif que la s\u00e9rie Core standard. Les caract\u00e9ristiques typiques sont le logo dagger sur le manche et la signature d&rsquo;Anthony Marfione sur l&rsquo;agrafe. La s\u00e9rie Signature utilise souvent les mat\u00e9riaux les plus nobles et les finitions sp\u00e9ciales disponibles.  <\/p>\n<hr data-start=\"2030\" data-end=\"2033\">\n<p data-start=\"2035\" data-end=\"2062\">\ud83d\udde1\ufe0f <strong data-start=\"2039\" data-end=\"2062\">Lame &#8211; Intercepteur<\/strong><\/p>\n<p data-start=\"2064\" data-end=\"2228\">La lame de l&rsquo;Interceptor est \u00e0 simple tranchant avec une g\u00e9om\u00e9trie distinctive, des dentelures dorsales caract\u00e9ristiques et un faux tranchant pour une meilleure p\u00e9n\u00e9tration et un aspect agressif.<\/p>\n<p data-start=\"2230\" data-end=\"2458\">La finition Black (Two-Tone) associe des fraises et un fuller rev\u00eatus de noir \u00e0 un repose-lame satin\u00e9. La coupe haute et plate offre d&rsquo;excellentes performances de coupe, tandis que le grain large et la construction solide assurent une grande durabilit\u00e9. <\/p>\n<p data-start=\"2460\" data-end=\"2562\">L&rsquo;acier utilis\u00e9 est le <strong data-start=\"2473\" data-end=\"2490\">B\u00f6hler M390MK<\/strong>, une version exclusive d\u00e9velopp\u00e9e en collaboration entre Microtech et les ing\u00e9nieurs de B\u00f6hler :<\/p>\n<ul data-start=\"2564\" data-end=\"2822\">\n<li data-start=\"2564\" data-end=\"2616\">\n<p data-start=\"2566\" data-end=\"2616\">Augmentation de la teneur en carbone et contr\u00f4le plus strict de la production<\/p>\n<\/li>\n<li data-start=\"2617\" data-end=\"2659\">\n<p data-start=\"2619\" data-end=\"2659\">19 % de chrome, 1,95 % de carbone, 4 % de vanadium<\/p>\n<\/li>\n<li data-start=\"2660\" data-end=\"2685\">\n<p data-start=\"2662\" data-end=\"2685\">Duret\u00e9 environ 59-61 HRC<\/p>\n<\/li>\n<li data-start=\"2686\" data-end=\"2731\">\n<p data-start=\"2688\" data-end=\"2731\">Haute r\u00e9sistance \u00e0 l&rsquo;usure et \u00e0 la corrosion<\/p>\n<\/li>\n<li data-start=\"2732\" data-end=\"2774\">\n<p data-start=\"2734\" data-end=\"2774\">Excellente r\u00e9tention de la lame et polissage facile<\/p>\n<\/li>\n<li data-start=\"2775\" data-end=\"2822\">\n<p data-start=\"2777\" data-end=\"2822\">R\u00e9sistance \u00e0 la formation de bavures lors du meulage<\/p>\n<\/li>\n<\/ul>\n<p data-start=\"2824\" data-end=\"2897\">Cet acier martensitique en poudre est comparable au CPM 20CV ou au CTS-204P.<\/p>\n<hr data-start=\"2899\" data-end=\"2902\">\n<p data-start=\"2904\" data-end=\"2931\">\ud83e\udde9 <strong data-start=\"2907\" data-end=\"2931\">Poign\u00e9e et construction<\/strong><\/p>\n<p data-start=\"2933\" data-end=\"3065\">La poign\u00e9e est usin\u00e9e CNC avec pr\u00e9cision en aluminium <strong data-start=\"2988\" data-end=\"2999\">6061-T6<\/strong>. L&rsquo;anodisation tan donne un aspect tactique et une grande durabilit\u00e9 de surface. <\/p>\n<ul data-start=\"3067\" data-end=\"3415\">\n<li data-start=\"3067\" data-end=\"3107\">\n<p data-start=\"3069\" data-end=\"3107\">Texture frais\u00e9e en 3D pour une prise en main s\u00fbre<\/p>\n<\/li>\n<li data-start=\"3108\" data-end=\"3140\">\n<p data-start=\"3110\" data-end=\"3140\">Joncs profonds contre le glissement<\/p>\n<\/li>\n<li data-start=\"3141\" data-end=\"3178\">\n<p data-start=\"3143\" data-end=\"3178\">Profil mince pour un ajustement confortable<\/p>\n<\/li>\n<li data-start=\"3179\" data-end=\"3228\">\n<p data-start=\"3181\" data-end=\"3228\">Clip de transport profond (c\u00f4t\u00e9 droit\/gauche, pointe vers le bas)<\/p>\n<\/li>\n<li data-start=\"3229\" data-end=\"3311\">\n<p data-start=\"3231\" data-end=\"3311\">Roller lisse int\u00e9gr\u00e9 pour une insertion facile dans la poche sans endommager le tissu<\/p>\n<\/li>\n<li data-start=\"3312\" data-end=\"3367\">\n<p data-start=\"3314\" data-end=\"3367\">Signature d&rsquo;Anthony Marfione et date de production sur le clip<\/p>\n<\/li>\n<li data-start=\"3368\" data-end=\"3415\">\n<p data-start=\"3370\" data-end=\"3415\">Casse-verre avec bille en carbure de tungst\u00e8ne<\/p>\n<\/li>\n<\/ul>\n<hr data-start=\"3417\" data-end=\"3420\">\n<p data-start=\"3422\" data-end=\"3450\">\u2699\ufe0f <strong data-start=\"3425\" data-end=\"3450\">Sp\u00e9cifications techniques<\/strong><\/p>\n<div class=\"TyagGW_tableContainer\">\n<div class=\"group TyagGW_tableWrapper flex flex-col-reverse w-fit\" tabindex=\"-1\">\n<table class=\"w-fit min-w-(--thread-content-width)\" data-start=\"3452\" data-end=\"4152\">\n<thead data-start=\"3452\" data-end=\"3474\">\n<tr data-start=\"3452\" data-end=\"3474\">\n<th class=\"\" data-start=\"3452\" data-end=\"3463\" data-col-size=\"sm\">Param\u00e8tre<\/th>\n<th class=\"\" data-start=\"3463\" data-end=\"3474\" data-col-size=\"md\">Valeur<\/th>\n<\/tr>\n<\/thead>\n<tbody data-start=\"3499\" data-end=\"4152\">\n<tr data-start=\"3499\" data-end=\"3557\">\n<td data-start=\"3499\" data-end=\"3507\" data-col-size=\"sm\">Mod\u00e8le<\/td>\n<td data-start=\"3507\" data-end=\"3557\" data-col-size=\"md\">Combat Troodon\u00ae Gen III Interceptor\u00ae Signature<\/td>\n<\/tr>\n<tr data-start=\"3558\" data-end=\"3591\">\n<td data-start=\"3558\" data-end=\"3577\" data-col-size=\"sm\">Num\u00e9ro de produit<\/td>\n<td data-start=\"3577\" data-end=\"3591\" data-col-size=\"md\">1217-10TAS<\/td>\n<\/tr>\n<tr data-start=\"3592\" data-end=\"3618\">\n<td data-start=\"3592\" data-end=\"3608\" data-col-size=\"sm\">Longueur totale<\/td>\n<td data-start=\"3608\" data-end=\"3618\" data-col-size=\"md\">238 mm<\/td>\n<\/tr>\n<tr data-start=\"3619\" data-end=\"3644\">\n<td data-start=\"3619\" data-end=\"3634\" data-col-size=\"sm\">Longueur de la lame<\/td>\n<td data-start=\"3634\" data-end=\"3644\" data-col-size=\"md\">102 mm<\/td>\n<\/tr>\n<tr data-start=\"3645\" data-end=\"3673\">\n<td data-start=\"3645\" data-end=\"3663\" data-col-size=\"sm\">\u00c9paisseur de la lame<\/td>\n<td data-start=\"3663\" data-end=\"3673\" data-col-size=\"md\">3,3 mm<\/td>\n<\/tr>\n<tr data-start=\"3674\" data-end=\"3701\">\n<td data-start=\"3674\" data-end=\"3691\" data-col-size=\"sm\">Longueur de la poign\u00e9e<\/td>\n<td data-start=\"3691\" data-end=\"3701\" data-col-size=\"md\">140 mm<\/td>\n<\/tr>\n<tr data-start=\"3702\" data-end=\"3733\">\n<td data-start=\"3702\" data-end=\"3722\" data-col-size=\"sm\">\u00c9paisseur de la poign\u00e9e<\/td>\n<td data-start=\"3722\" data-end=\"3733\" data-col-size=\"md\">14,2 mm<\/td>\n<\/tr>\n<tr data-start=\"3734\" data-end=\"3754\">\n<td data-start=\"3734\" data-end=\"3745\" data-col-size=\"sm\">Poids<\/td>\n<td data-start=\"3745\" data-end=\"3754\" data-col-size=\"md\">142 g<\/td>\n<\/tr>\n<tr data-start=\"3755\" data-end=\"3790\">\n<td data-start=\"3755\" data-end=\"3773\" data-col-size=\"sm\">Mat\u00e9riau de la lame<\/td>\n<td data-start=\"3773\" data-end=\"3790\" data-col-size=\"md\">B\u00f6hler M390MK<\/td>\n<\/tr>\n<tr data-start=\"3791\" data-end=\"3818\">\n<td data-start=\"3791\" data-end=\"3801\" data-col-size=\"sm\">Duret\u00e9<\/td>\n<td data-start=\"3801\" data-end=\"3818\" data-col-size=\"md\">environ 59-61 HRC<\/td>\n<\/tr>\n<tr data-start=\"3819\" data-end=\"3836\">\n<td data-start=\"3819\" data-end=\"3828\" data-col-size=\"sm\">D\u00e9coupage<\/td>\n<td data-start=\"3828\" data-end=\"3836\" data-col-size=\"md\">A plat<\/td>\n<\/tr>\n<tr data-start=\"3837\" data-end=\"3873\">\n<td data-start=\"3837\" data-end=\"3853\" data-col-size=\"sm\">Surface de la lame<\/td>\n<td data-start=\"3853\" data-end=\"3873\" data-col-size=\"md\">Noir (bicolore)<\/td>\n<\/tr>\n<tr data-start=\"3874\" data-end=\"3912\">\n<td data-start=\"3874\" data-end=\"3894\" data-col-size=\"sm\">Mat\u00e9riau du manche<\/td>\n<td data-start=\"3894\" data-end=\"3912\" data-col-size=\"md\">Aluminium 6061-T6<\/td>\n<\/tr>\n<tr data-start=\"3913\" data-end=\"3937\">\n<td data-start=\"3913\" data-end=\"3930\" data-col-size=\"sm\">Couleur du manche<\/td>\n<td data-start=\"3930\" data-end=\"3937\" data-col-size=\"md\">Tan<\/td>\n<\/tr>\n<tr data-start=\"3938\" data-end=\"3982\">\n<td data-start=\"3938\" data-end=\"3952\" data-col-size=\"sm\">M\u00e9canisme<\/td>\n<td data-start=\"3952\" data-end=\"3982\" data-col-size=\"md\">Double action OTF (verrouillage de la glissi\u00e8re)<\/td>\n<\/tr>\n<tr data-start=\"3983\" data-end=\"4028\">\n<td data-start=\"3983\" data-end=\"3995\" data-col-size=\"sm\">Ouverture<\/td>\n<td data-start=\"3995\" data-end=\"4028\" data-col-size=\"md\">Automatique &#8211; curseur de pouce<\/td>\n<\/tr>\n<tr data-start=\"4029\" data-end=\"4060\">\n<td data-start=\"4029\" data-end=\"4036\" data-col-size=\"sm\">Clip<\/td>\n<td data-start=\"4036\" data-end=\"4060\" data-col-size=\"md\">Droite\/gauche, Basculer vers le bas<\/td>\n<\/tr>\n<tr data-start=\"4061\" data-end=\"4091\">\n<td data-start=\"4061\" data-end=\"4071\" data-col-size=\"sm\">Producteur<\/td>\n<td data-start=\"4071\" data-end=\"4091\" data-col-size=\"md\">Couteaux Microtech<\/td>\n<\/tr>\n<tr data-start=\"4092\" data-end=\"4113\">\n<td data-start=\"4092\" data-end=\"4106\" data-col-size=\"sm\">Pays d&rsquo;origine<\/td>\n<td data-start=\"4106\" data-end=\"4113\" data-col-size=\"md\">\u00c9TATS-UNIS D&rsquo;AM\u00c9RIQUE<\/td>\n<\/tr>\n<tr data-start=\"4114\" data-end=\"4152\">\n<td data-start=\"4114\" data-end=\"4125\" data-col-size=\"sm\">Concepteur<\/td>\n<td data-start=\"4125\" data-end=\"4152\" data-col-size=\"md\">Anthony (Tony) Marfione<\/td>\n<\/tr>\n<\/tbody>\n<\/table>\n<\/div>\n<\/div>\n<hr data-start=\"4154\" data-end=\"4157\">\n<p data-start=\"4159\" data-end=\"4178\">\u2705 <strong data-start=\"4161\" data-end=\"4178\">Principaux avantages<\/strong><\/p>\n<ul data-start=\"4180\" data-end=\"4467\">\n<li data-start=\"4180\" data-end=\"4244\">\n<p data-start=\"4182\" data-end=\"4244\">M\u00e9canisme OTF Gen III le plus r\u00e9cent avec un fonctionnement extr\u00eamement rapide<\/p>\n<\/li>\n<li data-start=\"4245\" data-end=\"4294\">\n<p data-start=\"4247\" data-end=\"4294\">Acier M390MK exclusif pour une longue dur\u00e9e de vie de la lame<\/p>\n<\/li>\n<li data-start=\"4295\" data-end=\"4339\">\n<p data-start=\"4297\" data-end=\"4339\">Lame d&rsquo;interception avec une excellente p\u00e9n\u00e9tration<\/p>\n<\/li>\n<li data-start=\"4340\" data-end=\"4385\">\n<p data-start=\"4342\" data-end=\"4385\">Construction CNC robuste en aluminium 6061-T6<\/p>\n<\/li>\n<li data-start=\"4386\" data-end=\"4439\">\n<p data-start=\"4388\" data-end=\"4439\">Conception de la s\u00e9rie Signature avec la signature du fondateur<\/p>\n<\/li>\n<li data-start=\"4440\" data-end=\"4467\">\n<p data-start=\"4442\" data-end=\"4467\">Port enti\u00e8rement r\u00e9versible<\/p>\n<\/li>\n<\/ul>\n<hr data-start=\"4469\" data-end=\"4472\">\n<p data-start=\"4474\" data-end=\"4494\">\u26a0\ufe0f <strong data-start=\"4477\" data-end=\"4494\">Restrictions possibles<\/strong><\/p>\n<ul data-start=\"4496\" data-end=\"4721\">\n<li data-start=\"4496\" data-end=\"4554\">\n<p data-start=\"4498\" data-end=\"4554\">Taille et poids plus importants que les couteaux EDC conventionnels<\/p>\n<\/li>\n<li data-start=\"4555\" data-end=\"4609\">\n<p data-start=\"4557\" data-end=\"4609\">Cat\u00e9gorie de prix sup\u00e9rieure correspondant \u00e0 la classe premium<\/p>\n<\/li>\n<li data-start=\"4610\" data-end=\"4665\">\n<p data-start=\"4612\" data-end=\"4665\">Le m\u00e9canisme automatique n\u00e9cessite un entretien r\u00e9gulier<\/p>\n<\/li>\n<li data-start=\"4666\" data-end=\"4721\">\n<p data-start=\"4668\" data-end=\"4721\">Une r\u00e9sistance plus \u00e9lev\u00e9e du curseur peut n\u00e9cessiter une pression plus forte<\/p>\n<\/li>\n<\/ul>\n<hr data-start=\"4723\" data-end=\"4726\">\n<p data-start=\"4728\" data-end=\"4749\">\ud83d\udee0\ufe0f <strong data-start=\"4732\" data-end=\"4749\">Entretien et soins<\/strong><\/p>\n<ul data-start=\"4751\" data-end=\"5186\">\n<li data-start=\"4751\" data-end=\"4821\">\n<p data-start=\"4753\" data-end=\"4821\">Nettoyez et s\u00e9chez la lame apr\u00e8s utilisation pour pr\u00e9server sa long\u00e9vit\u00e9.<\/p>\n<\/li>\n<li data-start=\"4822\" data-end=\"4888\">\n<p data-start=\"4824\" data-end=\"4888\">Gardez la poign\u00e9e s\u00e8che et propre, surtout apr\u00e8s un contact avec l&rsquo;humidit\u00e9.<\/p>\n<\/li>\n<li data-start=\"4889\" data-end=\"4949\">\n<p data-start=\"4891\" data-end=\"4949\">Pour un stockage plus long, lubrifiez l\u00e9g\u00e8rement la lame avec de l&rsquo;huile de protection.<\/p>\n<\/li>\n<li data-start=\"4950\" data-end=\"5013\">\n<p data-start=\"4952\" data-end=\"5013\">Nettoyez r\u00e9guli\u00e8rement le m\u00e9canisme de la salet\u00e9 et graissez-le l\u00e9g\u00e8rement de temps en temps.<\/p>\n<\/li>\n<li data-start=\"5014\" data-end=\"5186\">\n<p data-start=\"5016\" data-end=\"5186\">Pour l&rsquo;aff\u00fbtage des lames, nous vous recommandons le <strong data-start=\"5047\" data-end=\"5113\">syst\u00e8me d&rsquo;aff\u00fbtage complet Tri-Angle Sharpmaker 204MF de Spyderco<\/strong> &#8211; \u00e9galement id\u00e9al pour les lames lisses. \ud83d\uded2 Acheter sur notre site Moskito.cz <\/p>\n<\/li>\n<\/ul>\n<p data-start=\"5188\" data-end=\"5272\">Un entretien r\u00e9gulier garantit la fiabilit\u00e9 \u00e0 long terme du m\u00e9canisme et une dur\u00e9e de vie maximale de la lame.<\/p>\n<hr data-start=\"5274\" data-end=\"5277\">\n<p data-start=\"5279\" data-end=\"5300\">\ud83c\udfaf <strong data-start=\"5282\" data-end=\"5300\">Recommand\u00e9 pour<\/strong><\/p>\n<ul data-start=\"5302\" data-end=\"5493\">\n<li data-start=\"5302\" data-end=\"5336\">\n<p data-start=\"5304\" data-end=\"5336\">Utilisation tactique professionnelle<\/p>\n<\/li>\n<li data-start=\"5337\" data-end=\"5372\">\n<p data-start=\"5339\" data-end=\"5372\">Forces arm\u00e9es et de s\u00e9curit\u00e9<\/p>\n<\/li>\n<li data-start=\"5373\" data-end=\"5402\">\n<p data-start=\"5375\" data-end=\"5402\">Utilisateurs ext\u00e9rieurs exigeants<\/p>\n<\/li>\n<li data-start=\"5403\" data-end=\"5440\">\n<p data-start=\"5405\" data-end=\"5440\">Mod\u00e8les de la s\u00e9rie Signature des collectionneurs<\/p>\n<\/li>\n<li data-start=\"5441\" data-end=\"5493\">\n<p data-start=\"5443\" data-end=\"5493\">Utilisateurs recherchant une performance et une robustesse maximales<\/p>\n<\/li>\n<\/ul>\n<hr data-start=\"5495\" data-end=\"5498\">\n<p data-start=\"5500\" data-end=\"5525\">\u2b50 <strong data-start=\"5502\" data-end=\"5525\">Note finale<\/strong><\/p>\n<p data-start=\"5527\" data-end=\"5769\">Le Microtech Combat Troodon\u00ae Gen III Interceptor\u00ae Signature 1217-10TAS est le summum des couteaux OTF modernes. Il combine la fabrication am\u00e9ricaine, l&rsquo;acier exclusif M390MK, la construction CNC de pr\u00e9cision et le design agressif caract\u00e9ristique de l&rsquo;Interceptor. <\/p>\n<p data-start=\"5771\" data-end=\"5894\" data-is-last-node=\"\" data-is-only-node=\"\">C&rsquo;est un mod\u00e8le technologiquement avanc\u00e9, robuste et prestigieux, con\u00e7u pour ceux qui exigent une qualit\u00e9 absolue sans compromis \ud83d\udd2a\ud83d\udd25\ud83d\udd25.<\/p>\n<\/div>\n<\/div>\n<\/div>\n","protected":false},"excerpt":{"rendered":"<p data-start=\"5527\" data-end=\"5769\"><strong>Le Microtech Combat Troodon\u00ae Gen III Interceptor\u00ae Signature 1217-10TAS est le summum des couteaux OTF modernes. Il combine la fabrication am\u00e9ricaine, l&rsquo;acier exclusif M390MK, la construction CNC de pr\u00e9cision et le design agressif caract\u00e9ristique de l&rsquo;Interceptor. <\/strong><\/p>\n<p data-start=\"5771\" data-end=\"5894\" data-is-last-node=\"\" data-is-only-node=\"\"><strong>C&rsquo;est un mod\u00e8le technologiquement avanc\u00e9, robuste et prestigieux, con\u00e7u pour ceux qui exigent une qualit\u00e9 absolue sans compromis \ud83d\udd2a\ud83d\udd25\ud83d\udd25.<\/strong><\/p>\n<p data-start=\"5771\" data-end=\"5894\" data-is-last-node=\"\" data-is-only-node=\"\"><strong>Livraison gratuite.<\/strong><\/p>\n","protected":false},"featured_media":436776,"comment_status":"open","ping_status":"closed","template":"","meta":[],"pwb-brand":[3751],"product_brand":[],"product_cat":[3699,3696],"product_tag":[],"class_list":{"0":"post-436876","1":"product","2":"type-product","3":"status-publish","4":"has-post-thumbnail","6":"pwb-brand-microtechnologie","7":"product_cat-couteaux-de-tir","8":"product_cat-des-couteaux","10":"first","11":"instock","12":"taxable","13":"shipping-taxable","14":"purchasable","15":"product-type-simple"},"brands":[{"id":3751,"name":"Microtechnologie","slug":"microtechnologie"}],"_links":{"self":[{"href":"https:\/\/www.moskito.cz\/fr\/wp-json\/wp\/v2\/product\/436876","targetHints":{"allow":["GET"]}}],"collection":[{"href":"https:\/\/www.moskito.cz\/fr\/wp-json\/wp\/v2\/product"}],"about":[{"href":"https:\/\/www.moskito.cz\/fr\/wp-json\/wp\/v2\/types\/product"}],"replies":[{"embeddable":true,"href":"https:\/\/www.moskito.cz\/fr\/wp-json\/wp\/v2\/comments?post=436876"}],"wp:featuredmedia":[{"embeddable":true,"href":"https:\/\/www.moskito.cz\/fr\/wp-json\/wp\/v2\/media\/436776"}],"wp:attachment":[{"href":"https:\/\/www.moskito.cz\/fr\/wp-json\/wp\/v2\/media?parent=436876"}],"wp:term":[{"taxonomy":"pwb-brand","embeddable":true,"href":"https:\/\/www.moskito.cz\/fr\/wp-json\/wp\/v2\/pwb-brand?post=436876"},{"taxonomy":"product_brand","embeddable":true,"href":"https:\/\/www.moskito.cz\/fr\/wp-json\/wp\/v2\/product_brand?post=436876"},{"taxonomy":"product_cat","embeddable":true,"href":"https:\/\/www.moskito.cz\/fr\/wp-json\/wp\/v2\/product_cat?post=436876"},{"taxonomy":"product_tag","embeddable":true,"href":"https:\/\/www.moskito.cz\/fr\/wp-json\/wp\/v2\/product_tag?post=436876"}],"curies":[{"name":"wp","href":"https:\/\/api.w.org\/{rel}","templated":true}]}}