{"id":436915,"date":"2020-07-28T15:26:33","date_gmt":"2020-07-28T14:26:33","guid":{"rendered":"https:\/\/www.moskito.cz\/produkt\/couteau-dejection-microtech-dirac-delta-227-1-ta\/"},"modified":"2026-02-12T14:22:58","modified_gmt":"2026-02-12T13:22:58","slug":"couteau-dejection-microtech-dirac-delta-227-1-ta","status":"publish","type":"product","link":"https:\/\/www.moskito.cz\/fr\/produkt\/couteau-dejection-microtech-dirac-delta-227-1-ta\/","title":{"rendered":"Couteau d&rsquo;\u00e9jection Microtech Dirac Delta 227-1 TA"},"content":{"rendered":"<p data-start=\"0\" data-end=\"371\">D\u00e8s que vous prendrez en main le <strong data-start=\"23\" data-end=\"84\">Microtech Dirac Delta\u00ae D\/E 227-1 TA (Aluminium Tan, Noir)<\/strong>, vous saurez imm\u00e9diatement que vous tenez une version plus grande et plus puissante de l&#8217;embl\u00e9matique s\u00e9rie Dirac. Ce couteau automatique OTF fonctionne en mode D\/A (Double Action) et dispose d&rsquo;un m\u00e9canisme d&rsquo;extension de lame extr\u00eamement rapide. Le curseur est situ\u00e9 sur le c\u00f4t\u00e9 du manche, ce qui permet un contr\u00f4le plus naturel et ergonomique.  <\/p>\n<p data-start=\"373\" data-end=\"487\">Le mod\u00e8le est 100% fabriqu\u00e9 et assembl\u00e9 aux USA et con\u00e7u par Anthony Marfion &#8211; coutelier et propri\u00e9taire de Microtech Knives.<\/p>\n<hr data-start=\"489\" data-end=\"492\">\n<p data-start=\"494\" data-end=\"522\">\ud83d\udd25 <strong data-start=\"497\" data-end=\"522\">Caract\u00e8re et philosophie<\/strong><\/p>\n<p data-start=\"524\" data-end=\"736\">Le Dirac Delta\u00ae est une version \u00e9largie du premier mod\u00e8le D\/A OTF de Microtech, avec un curseur lat\u00e9ral encastr\u00e9. Il est dot\u00e9 d&rsquo;une poign\u00e9e ergonomique moderne aux lignes l\u00e9g\u00e8rement incurv\u00e9es, inspir\u00e9e de la l\u00e9gendaire s\u00e9rie HALO\u00ae. <\/p>\n<p data-start=\"738\" data-end=\"978\">La longueur totale de 9.25&Prime; (235 mm) en fait un compromis id\u00e9al entre un outil tactique de grande taille et un couteau EDC confortable. La construction robuste, l&rsquo;action douce et la lame sym\u00e9trique D\/E distinctive conf\u00e8rent au Dirac Delta un caract\u00e8re fort et confiant. <\/p>\n<hr data-start=\"980\" data-end=\"983\">\n<p data-start=\"985\" data-end=\"1001\"><strong data-start=\"988\" data-end=\"1001\">\ud83c\udfed A propos du producteur<\/strong><\/p>\n<p data-start=\"1003\" data-end=\"1124\">Microtech est une marque am\u00e9ricaine avec plus de 30 ans d&rsquo;innovation dans le domaine des couteaux automatiques. Les caract\u00e9ristiques typiques sont les suivantes : <\/p>\n<ul data-start=\"1126\" data-end=\"1268\">\n<li data-start=\"1126\" data-end=\"1179\">\n<p data-start=\"1128\" data-end=\"1179\">ses propres vis brevet\u00e9es (mat\u00e9riel exclusif)<\/p>\n<\/li>\n<li data-start=\"1180\" data-end=\"1214\">\n<p data-start=\"1182\" data-end=\"1214\">m\u00e9canisme interne innovant<\/p>\n<\/li>\n<li data-start=\"1215\" data-end=\"1244\">\n<p data-start=\"1217\" data-end=\"1244\">brise-vitre int\u00e9gr\u00e9<\/p>\n<\/li>\n<li data-start=\"1245\" data-end=\"1268\">\n<p data-start=\"1247\" data-end=\"1268\">production CNC de pr\u00e9cision<\/p>\n<\/li>\n<\/ul>\n<p data-start=\"1270\" data-end=\"1363\">Chaque couteau est enti\u00e8rement fabriqu\u00e9 aux \u00c9tats-Unis avec une attention particuli\u00e8re \u00e0 la qualit\u00e9, aux d\u00e9tails et \u00e0 la fiabilit\u00e9 \u00e0 long terme.<\/p>\n<hr data-start=\"1365\" data-end=\"1368\">\n<p data-start=\"1370\" data-end=\"1396\">\ud83d\udde1\ufe0f <strong data-start=\"1374\" data-end=\"1396\">Lame &#8211; D\/E Dagger<\/strong><\/p>\n<p data-start=\"1398\" data-end=\"1647\">La lame de <strong data-start=\"1409\" data-end=\"1437\">la dague D\/E (Double Edge)<\/strong> est aff\u00fbt\u00e9e des deux c\u00f4t\u00e9s et poss\u00e8de une nervure centrale prononc\u00e9e pour plus de solidit\u00e9. De longues rainures de relief et de drainage sur les deux c\u00f4t\u00e9s contribuent \u00e0 la solidit\u00e9 de la lame et \u00e0 son aspect distinctif. <\/p>\n<p data-start=\"1649\" data-end=\"1725\"><strong data-start=\"1666\" data-end=\"1714\">Finition noire (couche nanocomposite mate)<\/strong> assure :<\/p>\n<ul data-start=\"1727\" data-end=\"1837\">\n<li data-start=\"1727\" data-end=\"1754\">\n<p data-start=\"1729\" data-end=\"1754\">duret\u00e9 de surface \u00e9lev\u00e9e<\/p>\n<\/li>\n<li data-start=\"1755\" data-end=\"1770\">\n<p data-start=\"1757\" data-end=\"1770\">faible frottement<\/p>\n<\/li>\n<li data-start=\"1771\" data-end=\"1805\">\n<p data-start=\"1773\" data-end=\"1805\">excellente r\u00e9sistance \u00e0 la corrosion<\/p>\n<\/li>\n<li data-start=\"1806\" data-end=\"1837\">\n<p data-start=\"1808\" data-end=\"1837\">non r\u00e9fl\u00e9chissant, aspect tactique<\/p>\n<\/li>\n<\/ul>\n<p data-start=\"1839\" data-end=\"1945\">La coupe \u00e0 plat \u00e9lev\u00e9e offre d&rsquo;excellentes propri\u00e9t\u00e9s de coupe tout en maintenant une p\u00e9n\u00e9tration et une r\u00e9sistance \u00e9lev\u00e9es.<\/p>\n<p data-start=\"1947\" data-end=\"2124\">Le puissant m\u00e9canisme d&rsquo;extension et de r\u00e9traction de la lame n\u00e9cessite une certaine force pour surmonter la r\u00e9sistance du ressort &#8211; pour des raisons de s\u00e9curit\u00e9. La conception permet une utilisation confortable pour les droitiers comme pour les gauchers. <\/p>\n<hr data-start=\"2126\" data-end=\"2129\">\n<p data-start=\"2131\" data-end=\"2168\"><strong data-start=\"2134\" data-end=\"2168\">\ud83d\udd2c Acier &#8211; B\u00f6hler M390 Microclean\u00ae &#8211; B\u00f6hler M390 Microclean\u00ae &#8211; B\u00f6hler M390 Microclean<\/strong><\/p>\n<p data-start=\"2170\" data-end=\"2262\">L&rsquo;acier <strong data-start=\"2183\" data-end=\"2203\">M390 Microclean\u00ae<\/strong> utilis\u00e9 est un acier martensitique \u00e0 haute performance \u00e0 base de poudre de chrome :<\/p>\n<ul data-start=\"2264\" data-end=\"2354\">\n<li data-start=\"2264\" data-end=\"2286\">\n<p data-start=\"2266\" data-end=\"2286\">20,0 % de chrome (Cr)<\/p>\n<\/li>\n<li data-start=\"2287\" data-end=\"2307\">\n<p data-start=\"2289\" data-end=\"2307\">1,9 % de carbone (C)<\/p>\n<\/li>\n<li data-start=\"2308\" data-end=\"2328\">\n<p data-start=\"2310\" data-end=\"2328\">4,0 % vanadium (V)<\/p>\n<\/li>\n<li data-start=\"2329\" data-end=\"2354\">\n<p data-start=\"2331\" data-end=\"2354\">duret\u00e9 d&rsquo;environ 59-61 HRC<\/p>\n<\/li>\n<\/ul>\n<p data-start=\"2356\" data-end=\"2369\">Elle se caract\u00e9rise par :<\/p>\n<ul data-start=\"2371\" data-end=\"2553\">\n<li data-start=\"2371\" data-end=\"2418\">\n<p data-start=\"2373\" data-end=\"2418\">r\u00e9sistance \u00e0 l&rsquo;usure extr\u00eamement \u00e9lev\u00e9e<\/p>\n<\/li>\n<li data-start=\"2419\" data-end=\"2448\">\n<p data-start=\"2421\" data-end=\"2448\">haute r\u00e9sistance \u00e0 la corrosion<\/p>\n<\/li>\n<li data-start=\"2449\" data-end=\"2474\">\n<p data-start=\"2451\" data-end=\"2474\">long maintien de la lame<\/p>\n<\/li>\n<li data-start=\"2475\" data-end=\"2504\">\n<p data-start=\"2477\" data-end=\"2504\">entretien minimal<\/p>\n<\/li>\n<li data-start=\"2505\" data-end=\"2553\">\n<p data-start=\"2507\" data-end=\"2553\">r\u00e9sistance \u00e0 la formation de bavures lors du broyage<\/p>\n<\/li>\n<\/ul>\n<p data-start=\"2555\" data-end=\"2641\">Il est comparable au CPM 20CV ou au CTS-204P et est fabriqu\u00e9 par B\u00f6hler Edelstahl en Autriche.<\/p>\n<hr data-start=\"2643\" data-end=\"2646\">\n<p data-start=\"2648\" data-end=\"2675\">\ud83e\udde9 <strong data-start=\"2651\" data-end=\"2675\">Poign\u00e9e et construction<\/strong><\/p>\n<p data-start=\"2677\" data-end=\"2772\">La poign\u00e9e est usin\u00e9e avec pr\u00e9cision par commande num\u00e9rique en aluminium anodis\u00e9 <strong data-start=\"2746\" data-end=\"2757\">6061-T6<\/strong> de couleur bronze.<\/p>\n<ul data-start=\"2774\" data-end=\"3120\">\n<li data-start=\"2774\" data-end=\"2811\">\n<p data-start=\"2776\" data-end=\"2811\">Texture antid\u00e9rapante frais\u00e9e en 3D<\/p>\n<\/li>\n<li data-start=\"2812\" data-end=\"2856\">\n<p data-start=\"2814\" data-end=\"2856\">Jimping sur le haut et le bas de la poign\u00e9e<\/p>\n<\/li>\n<li data-start=\"2857\" data-end=\"2908\">\n<p data-start=\"2859\" data-end=\"2908\">Glissi\u00e8re lat\u00e9rale encastr\u00e9e pour une prise en main plus naturelle<\/p>\n<\/li>\n<li data-start=\"2909\" data-end=\"2948\">\n<p data-start=\"2911\" data-end=\"2948\">Profil mince pour un port confortable en EDC<\/p>\n<\/li>\n<li data-start=\"2949\" data-end=\"2998\">\n<p data-start=\"2951\" data-end=\"2998\">Clip de transport profond (c\u00f4t\u00e9 droit\/gauche, pointe vers le bas)<\/p>\n<\/li>\n<li data-start=\"2999\" data-end=\"3057\">\n<p data-start=\"3001\" data-end=\"3057\">Clip avec logo Microtech, num\u00e9ro de s\u00e9rie et date de fabrication<\/p>\n<\/li>\n<li data-start=\"3058\" data-end=\"3120\">\n<p data-start=\"3060\" data-end=\"3120\">Casse-verre &#8211; pointe en acier avec bille en carbure de tungst\u00e8ne<\/p>\n<\/li>\n<\/ul>\n<hr data-start=\"3122\" data-end=\"3125\">\n<p data-start=\"3127\" data-end=\"3155\">\u2699\ufe0f <strong data-start=\"3130\" data-end=\"3155\">Sp\u00e9cifications techniques<\/strong><\/p>\n<div class=\"TyagGW_tableContainer\">\n<div class=\"group TyagGW_tableWrapper flex flex-col-reverse w-fit\" tabindex=\"-1\">\n<table class=\"w-fit min-w-(--thread-content-width)\" data-start=\"3157\" data-end=\"3784\">\n<thead data-start=\"3157\" data-end=\"3179\">\n<tr data-start=\"3157\" data-end=\"3179\">\n<th class=\"\" data-start=\"3157\" data-end=\"3168\" data-col-size=\"sm\">Param\u00e8tre<\/th>\n<th class=\"\" data-start=\"3168\" data-end=\"3179\" data-col-size=\"sm\">Valeur<\/th>\n<\/tr>\n<\/thead>\n<tbody data-start=\"3204\" data-end=\"3784\">\n<tr data-start=\"3204\" data-end=\"3232\">\n<td data-start=\"3204\" data-end=\"3212\" data-col-size=\"sm\">Mod\u00e8le<\/td>\n<td data-start=\"3212\" data-end=\"3232\" data-col-size=\"sm\">Dirac Delta\u00ae D\/E<\/td>\n<\/tr>\n<tr data-start=\"3233\" data-end=\"3264\">\n<td data-start=\"3233\" data-end=\"3252\" data-col-size=\"sm\">Num\u00e9ro de produit<\/td>\n<td data-start=\"3252\" data-end=\"3264\" data-col-size=\"sm\">227-1 TA<\/td>\n<\/tr>\n<tr data-start=\"3265\" data-end=\"3291\">\n<td data-start=\"3265\" data-end=\"3281\" data-col-size=\"sm\">Longueur totale<\/td>\n<td data-start=\"3281\" data-end=\"3291\" data-col-size=\"sm\">235 mm<\/td>\n<\/tr>\n<tr data-start=\"3292\" data-end=\"3318\">\n<td data-start=\"3292\" data-end=\"3307\" data-col-size=\"sm\">Longueur de la lame<\/td>\n<td data-start=\"3307\" data-end=\"3318\" data-col-size=\"sm\">95,2 mm<\/td>\n<\/tr>\n<tr data-start=\"3319\" data-end=\"3347\">\n<td data-start=\"3319\" data-end=\"3337\" data-col-size=\"sm\">\u00c9paisseur de la lame<\/td>\n<td data-start=\"3337\" data-end=\"3347\" data-col-size=\"sm\">3,0 mm<\/td>\n<\/tr>\n<tr data-start=\"3348\" data-end=\"3375\">\n<td data-start=\"3348\" data-end=\"3365\" data-col-size=\"sm\">Longueur de la poign\u00e9e<\/td>\n<td data-start=\"3365\" data-end=\"3375\" data-col-size=\"sm\">140 mm<\/td>\n<\/tr>\n<tr data-start=\"3376\" data-end=\"3407\">\n<td data-start=\"3376\" data-end=\"3396\" data-col-size=\"sm\">\u00c9paisseur de la poign\u00e9e<\/td>\n<td data-start=\"3396\" data-end=\"3407\" data-col-size=\"sm\">12,7 mm<\/td>\n<\/tr>\n<tr data-start=\"3408\" data-end=\"3428\">\n<td data-start=\"3408\" data-end=\"3419\" data-col-size=\"sm\">Poids<\/td>\n<td data-start=\"3419\" data-end=\"3428\" data-col-size=\"sm\">129 g<\/td>\n<\/tr>\n<tr data-start=\"3429\" data-end=\"3474\">\n<td data-start=\"3429\" data-end=\"3447\" data-col-size=\"sm\">Mat\u00e9riau de la lame<\/td>\n<td data-start=\"3447\" data-end=\"3474\" data-col-size=\"sm\">B\u00f6hler M390 Microclean\u00ae<\/td>\n<\/tr>\n<tr data-start=\"3475\" data-end=\"3502\">\n<td data-start=\"3475\" data-end=\"3485\" data-col-size=\"sm\">Duret\u00e9<\/td>\n<td data-start=\"3485\" data-end=\"3502\" data-col-size=\"sm\">environ 59-61 HRC<\/td>\n<\/tr>\n<tr data-start=\"3503\" data-end=\"3520\">\n<td data-start=\"3503\" data-end=\"3512\" data-col-size=\"sm\">D\u00e9coupage<\/td>\n<td data-start=\"3512\" data-end=\"3520\" data-col-size=\"sm\">A plat<\/td>\n<\/tr>\n<tr data-start=\"3521\" data-end=\"3546\">\n<td data-start=\"3521\" data-end=\"3537\" data-col-size=\"sm\">Surface de la lame<\/td>\n<td data-start=\"3537\" data-end=\"3546\" data-col-size=\"sm\">Noir<\/td>\n<\/tr>\n<tr data-start=\"3547\" data-end=\"3585\">\n<td data-start=\"3547\" data-end=\"3567\" data-col-size=\"sm\">Mat\u00e9riau du manche<\/td>\n<td data-start=\"3567\" data-end=\"3585\" data-col-size=\"sm\">Aluminium 6061-T6<\/td>\n<\/tr>\n<tr data-start=\"3586\" data-end=\"3610\">\n<td data-start=\"3586\" data-end=\"3603\" data-col-size=\"sm\">Couleur du manche<\/td>\n<td data-start=\"3603\" data-end=\"3610\" data-col-size=\"sm\">Tan<\/td>\n<\/tr>\n<tr data-start=\"3611\" data-end=\"3649\">\n<td data-start=\"3611\" data-end=\"3625\" data-col-size=\"sm\">M\u00e9canisme<\/td>\n<td data-start=\"3625\" data-end=\"3649\" data-col-size=\"sm\">D\/A OTF &#8211; Verrouillage de la glissi\u00e8re<\/td>\n<\/tr>\n<tr data-start=\"3650\" data-end=\"3698\">\n<td data-start=\"3650\" data-end=\"3662\" data-col-size=\"sm\">Ouverture<\/td>\n<td data-start=\"3662\" data-end=\"3698\" data-col-size=\"sm\">Automatique &#8211; curseur push\/pull<\/td>\n<\/tr>\n<tr data-start=\"3699\" data-end=\"3730\">\n<td data-start=\"3699\" data-end=\"3706\" data-col-size=\"sm\">Clip<\/td>\n<td data-start=\"3706\" data-end=\"3730\" data-col-size=\"sm\">Droite\/gauche, bascule vers le bas<\/td>\n<\/tr>\n<tr data-start=\"3731\" data-end=\"3762\">\n<td data-start=\"3731\" data-end=\"3742\" data-col-size=\"sm\">Designer<\/td>\n<td data-start=\"3742\" data-end=\"3762\" data-col-size=\"sm\">Anthony Marfione<\/td>\n<\/tr>\n<tr data-start=\"3763\" data-end=\"3784\">\n<td data-start=\"3763\" data-end=\"3777\" data-col-size=\"sm\">Pays d&rsquo;origine<\/td>\n<td data-start=\"3777\" data-end=\"3784\" data-col-size=\"sm\">\u00c9TATS-UNIS D&rsquo;AM\u00c9RIQUE<\/td>\n<\/tr>\n<\/tbody>\n<\/table>\n<\/div>\n<\/div>\n<hr data-start=\"3786\" data-end=\"3789\">\n<p data-start=\"3791\" data-end=\"3810\">\u2705 <strong data-start=\"3793\" data-end=\"3810\">Principaux avantages<\/strong><\/p>\n<ul data-start=\"3812\" data-end=\"4035\">\n<li data-start=\"3812\" data-end=\"3851\">\n<p data-start=\"3814\" data-end=\"3851\">M\u00e9canisme D\/A OTF extr\u00eamement rapide<\/p>\n<\/li>\n<li data-start=\"3852\" data-end=\"3898\">\n<p data-start=\"3854\" data-end=\"3898\">Lame D\/E sym\u00e9trique \u00e0 forte p\u00e9n\u00e9tration<\/p>\n<\/li>\n<li data-start=\"3899\" data-end=\"3933\">\n<p data-start=\"3901\" data-end=\"3933\">Acier M390 Microclean\u00ae de premi\u00e8re qualit\u00e9<\/p>\n<\/li>\n<li data-start=\"3934\" data-end=\"3982\">\n<p data-start=\"3936\" data-end=\"3982\">Poign\u00e9e ergonomique avec curseur encastr\u00e9<\/p>\n<\/li>\n<li data-start=\"3983\" data-end=\"4010\">\n<p data-start=\"3985\" data-end=\"4010\">Port enti\u00e8rement r\u00e9versible<\/p>\n<\/li>\n<li data-start=\"4011\" data-end=\"4035\">\n<p data-start=\"4013\" data-end=\"4035\">100% fabriqu\u00e9 en Am\u00e9rique<\/p>\n<\/li>\n<\/ul>\n<hr data-start=\"4037\" data-end=\"4040\">\n<p data-start=\"4042\" data-end=\"4062\">\u26a0\ufe0f <strong data-start=\"4045\" data-end=\"4062\">Restrictions possibles<\/strong><\/p>\n<ul data-start=\"4064\" data-end=\"4236\">\n<li data-start=\"4064\" data-end=\"4125\">\n<p data-start=\"4066\" data-end=\"4125\">Le double tranchant n&rsquo;est pas id\u00e9al pour tous les types de travaux courants.<\/p>\n<\/li>\n<li data-start=\"4126\" data-end=\"4181\">\n<p data-start=\"4128\" data-end=\"4181\">Le m\u00e9canisme automatique n\u00e9cessite un entretien r\u00e9gulier<\/p>\n<\/li>\n<li data-start=\"4182\" data-end=\"4236\">\n<p data-start=\"4184\" data-end=\"4236\">Cat\u00e9gorie de prix sup\u00e9rieure correspondant \u00e0 la classe premium<\/p>\n<\/li>\n<\/ul>\n<hr data-start=\"4238\" data-end=\"4241\">\n<p data-start=\"4243\" data-end=\"4264\">\ud83d\udee0\ufe0f <strong data-start=\"4247\" data-end=\"4264\">Entretien et soins<\/strong><\/p>\n<ul data-start=\"4266\" data-end=\"4637\">\n<li data-start=\"4266\" data-end=\"4336\">\n<p data-start=\"4268\" data-end=\"4336\">Nettoyez et s\u00e9chez la lame apr\u00e8s utilisation pour pr\u00e9server sa long\u00e9vit\u00e9.<\/p>\n<\/li>\n<li data-start=\"4337\" data-end=\"4403\">\n<p data-start=\"4339\" data-end=\"4403\">Gardez la poign\u00e9e s\u00e8che et propre, surtout apr\u00e8s un contact avec l&rsquo;humidit\u00e9.<\/p>\n<\/li>\n<li data-start=\"4404\" data-end=\"4464\">\n<p data-start=\"4406\" data-end=\"4464\">Pour un stockage plus long, lubrifiez l\u00e9g\u00e8rement la lame avec de l&rsquo;huile de protection.<\/p>\n<\/li>\n<li data-start=\"4465\" data-end=\"4637\">\n<p data-start=\"4467\" data-end=\"4637\">Pour l&rsquo;aff\u00fbtage des lames, nous vous recommandons le <strong data-start=\"4498\" data-end=\"4564\">syst\u00e8me d&rsquo;aff\u00fbtage complet Tri-Angle Sharpmaker 204MF de Spyderco<\/strong> &#8211; \u00e9galement id\u00e9al pour les lames lisses. \ud83d\uded2 Acheter sur notre site Moskito.cz <\/p>\n<\/li>\n<\/ul>\n<p data-start=\"4639\" data-end=\"4717\">Un entretien r\u00e9gulier garantit un fonctionnement fiable du m\u00e9canisme et un tranchant durable.<\/p>\n<hr data-start=\"4719\" data-end=\"4722\">\n<p data-start=\"4724\" data-end=\"4745\">\ud83c\udfaf <strong data-start=\"4727\" data-end=\"4745\">Recommand\u00e9 pour<\/strong><\/p>\n<ul data-start=\"4747\" data-end=\"4891\">\n<li data-start=\"4747\" data-end=\"4772\">\n<p data-start=\"4749\" data-end=\"4772\">Des utilisateurs d&rsquo;EDC exigeants<\/p>\n<\/li>\n<li data-start=\"4773\" data-end=\"4807\">\n<p data-start=\"4775\" data-end=\"4807\">Utilisation tactique professionnelle<\/p>\n<\/li>\n<li data-start=\"4808\" data-end=\"4843\">\n<p data-start=\"4810\" data-end=\"4843\">Collectionneurs de mod\u00e8les haut de gamme de la FTO<\/p>\n<\/li>\n<li data-start=\"4844\" data-end=\"4891\">\n<p data-start=\"4846\" data-end=\"4891\">Utilisateurs qui pr\u00e9f\u00e8rent une lame D\/E sym\u00e9trique<\/p>\n<\/li>\n<\/ul>\n<hr data-start=\"4893\" data-end=\"4896\">\n<p data-start=\"4898\" data-end=\"4923\">\u2b50 <strong data-start=\"4900\" data-end=\"4923\">Note finale<\/strong><\/p>\n<p data-start=\"4925\" data-end=\"5216\" data-is-last-node=\"\" data-is-only-node=\"\">Le Microtech Dirac Delta\u00ae 227-1 TA combine une lame sym\u00e9trique agressive, une ergonomie moderne et un m\u00e9canisme OTF extr\u00eamement rapide. Avec un acier M390 premium, une fabrication am\u00e9ricaine et un travail de pr\u00e9cision, c&rsquo;est un mod\u00e8le puissant et prestigieux pour les utilisateurs qui recherchent la qualit\u00e9 sans compromis \ud83d\udd2a\ud83d\udd25. <\/p>\n","protected":false},"excerpt":{"rendered":"<p><strong>Le Microtech Dirac Delta\u00ae 227-1 TA combine une lame sym\u00e9trique agressive, une ergonomie moderne et un m\u00e9canisme OTF extr\u00eamement rapide. Avec un acier M390 premium, une fabrication am\u00e9ricaine et un travail de pr\u00e9cision, c&rsquo;est un mod\u00e8le puissant et prestigieux pour les utilisateurs qui recherchent la qualit\u00e9 sans compromis \ud83d\udd2a\ud83d\udd25. <\/strong><\/p>\n<p><strong>Livraison gratuite.<\/strong><\/p>\n","protected":false},"featured_media":436839,"comment_status":"open","ping_status":"closed","template":"","meta":[],"pwb-brand":[3751],"product_brand":[],"product_cat":[3699,3696],"product_tag":[],"class_list":{"0":"post-436915","1":"product","2":"type-product","3":"status-publish","4":"has-post-thumbnail","6":"pwb-brand-microtechnologie","7":"product_cat-couteaux-de-tir","8":"product_cat-des-couteaux","10":"first","11":"instock","12":"taxable","13":"shipping-taxable","14":"purchasable","15":"product-type-simple"},"brands":[{"id":3751,"name":"Microtechnologie","slug":"microtechnologie"}],"_links":{"self":[{"href":"https:\/\/www.moskito.cz\/fr\/wp-json\/wp\/v2\/product\/436915","targetHints":{"allow":["GET"]}}],"collection":[{"href":"https:\/\/www.moskito.cz\/fr\/wp-json\/wp\/v2\/product"}],"about":[{"href":"https:\/\/www.moskito.cz\/fr\/wp-json\/wp\/v2\/types\/product"}],"replies":[{"embeddable":true,"href":"https:\/\/www.moskito.cz\/fr\/wp-json\/wp\/v2\/comments?post=436915"}],"wp:featuredmedia":[{"embeddable":true,"href":"https:\/\/www.moskito.cz\/fr\/wp-json\/wp\/v2\/media\/436839"}],"wp:attachment":[{"href":"https:\/\/www.moskito.cz\/fr\/wp-json\/wp\/v2\/media?parent=436915"}],"wp:term":[{"taxonomy":"pwb-brand","embeddable":true,"href":"https:\/\/www.moskito.cz\/fr\/wp-json\/wp\/v2\/pwb-brand?post=436915"},{"taxonomy":"product_brand","embeddable":true,"href":"https:\/\/www.moskito.cz\/fr\/wp-json\/wp\/v2\/product_brand?post=436915"},{"taxonomy":"product_cat","embeddable":true,"href":"https:\/\/www.moskito.cz\/fr\/wp-json\/wp\/v2\/product_cat?post=436915"},{"taxonomy":"product_tag","embeddable":true,"href":"https:\/\/www.moskito.cz\/fr\/wp-json\/wp\/v2\/product_tag?post=436915"}],"curies":[{"name":"wp","href":"https:\/\/api.w.org\/{rel}","templated":true}]}}