{"id":437170,"date":"2023-11-15T16:12:09","date_gmt":"2023-11-15T15:12:09","guid":{"rendered":"https:\/\/www.moskito.cz\/produkt\/couteau-dejection-microtech-borka-stitch-apocalyptic-169-10apnc\/"},"modified":"2026-02-13T16:18:29","modified_gmt":"2026-02-13T15:18:29","slug":"couteau-dejection-microtech-borka-stitch-apocalyptic-169-10apnc","status":"publish","type":"product","link":"https:\/\/www.moskito.cz\/fr\/produkt\/couteau-dejection-microtech-borka-stitch-apocalyptic-169-10apnc\/","title":{"rendered":"Couteau d&rsquo;\u00e9jection Microtech\/Borka Stitch Apocalyptic 169-10APNC"},"content":{"rendered":"<h1 data-start=\"0\" data-end=\"91\"><strong data-start=\"2\" data-end=\"91\">Microtech\/Borka STITCH\u00ae Apocalyptic OTF 169-10APNC &#8211; Naturel Clair \/ Apocalyptique M390<\/strong><\/h1>\n<p data-start=\"93\" data-end=\"491\">D\u00e8s que vous prendrez en main le <strong data-start=\"116\" data-end=\"205\">Microtech\/Borka STITCH\u00ae Apocalyptic OTF 169-10APNC &#8211; Natural Clear \/ Apocalyptic M390<\/strong>, vous sentirez imm\u00e9diatement la combinaison de la pr\u00e9cision technique, de l&rsquo;esth\u00e9tique brute et du caract\u00e8re tactique percutant. Fruit d&rsquo;une collaboration entre <strong data-start=\"343\" data-end=\"356\">Microtech<\/strong> et <strong data-start=\"381\" data-end=\"397\">Borka Blades<\/strong>, ce mod\u00e8le offre des performances robustes, un design distinctif et une polyvalence ultime pour l&rsquo;EDC et les d\u00e9ploiements tactiques. <\/p>\n<p data-start=\"493\" data-end=\"591\">Con\u00e7u par Anthony (Tony) Marfion en collaboration avec Borka Blades et 100% fabriqu\u00e9 et assembl\u00e9 aux Etats-Unis.<\/p>\n<hr data-start=\"593\" data-end=\"596\">\n<h2 data-start=\"598\" data-end=\"625\">\ud83d\udd25 Caract\u00e8re et philosophie<\/h2>\n<p data-start=\"627\" data-end=\"935\">STITCH\u00ae Apocalyptic est une interpr\u00e9tation du couteau OTF classique qui met l&rsquo;accent sur la puissance, l&rsquo;activation rapide et le style visuel agressif. La glissi\u00e8re encastr\u00e9e sur le c\u00f4t\u00e9 offre un support naturel au pouce et un contr\u00f4le confortable sans \u00ab\u00a0glissement\u00a0\u00bb g\u00eanant. Ce mod\u00e8le combine la praticit\u00e9 d&rsquo;un couteau tactique avec un look artistique et brut.  <\/p>\n<p data-start=\"937\" data-end=\"1170\">Le mod\u00e8le fonctionne en mode D\/A (Double Action) &#8211; la lame se d\u00e9ploie et se r\u00e9tracte d&rsquo;un seul mouvement du pouce. Le m\u00e9canisme est extr\u00eamement rapide, mais il n\u00e9cessite en m\u00eame temps une pression contr\u00f4l\u00e9e pour surmonter la r\u00e9sistance du ressort, ce qui accro\u00eet la s\u00e9curit\u00e9 lors de la manipulation. <\/p>\n<p data-start=\"1172\" data-end=\"1283\">La longueur totale d&rsquo;environ 226 mm en fait un outil tactique de taille normale qui se porte bien comme EDC.<\/p>\n<hr data-start=\"1285\" data-end=\"1288\">\n<h2 data-start=\"1290\" data-end=\"1305\">\ud83c\udfed \u00c0 propos du fabricant<\/h2>\n<p data-start=\"1307\" data-end=\"1425\"><strong data-start=\"1307\" data-end=\"1348\"><span class=\"hover:entity-accent entity-underline inline cursor-pointer align-baseline\"><span class=\"whitespace-normal\">Les couteaux Microtech<\/span><\/span><\/strong> et <strong data-start=\"1351\" data-end=\"1367\">Borka Blades<\/strong> sont des l\u00e9gendes dans le domaine de l&rsquo;art et du design des couteaux.<\/p>\n<p data-start=\"1427\" data-end=\"1523\">Microtech Knives est une marque avec plus de 30 ans de tradition dans la production de couteaux automatiques, connue pour :<\/p>\n<ul data-start=\"1525\" data-end=\"1677\">\n<li data-start=\"1525\" data-end=\"1550\">\n<p data-start=\"1527\" data-end=\"1550\">Usinage CNC de pr\u00e9cision<\/p>\n<\/li>\n<li data-start=\"1551\" data-end=\"1582\">\n<p data-start=\"1553\" data-end=\"1582\">Attaches brevet\u00e9es<\/p>\n<\/li>\n<li data-start=\"1583\" data-end=\"1616\">\n<p data-start=\"1585\" data-end=\"1616\">M\u00e9canismes internes innovants<\/p>\n<\/li>\n<li data-start=\"1617\" data-end=\"1646\">\n<p data-start=\"1619\" data-end=\"1646\">Bris de glace int\u00e9gr\u00e9<\/p>\n<\/li>\n<li data-start=\"1647\" data-end=\"1677\">\n<p data-start=\"1649\" data-end=\"1677\">Un contr\u00f4le de qualit\u00e9 coh\u00e9rent<\/p>\n<\/li>\n<\/ul>\n<p data-start=\"1679\" data-end=\"1761\">Borka Blades ajoute une authenticit\u00e9 esth\u00e9tique distincte et un style unique au projet.<\/p>\n<p data-start=\"1763\" data-end=\"1837\">Chaque pi\u00e8ce est fabriqu\u00e9e et assembl\u00e9e aux \u00c9tats-Unis sous la direction d&rsquo;Anthony Marfione.<\/p>\n<hr data-start=\"1839\" data-end=\"1842\">\n<h2 data-start=\"1844\" data-end=\"1890\">\ud83d\udde1\ufe0f Blade &#8211; Lance D\/E avec finition apocalyptique<\/h2>\n<p data-start=\"1892\" data-end=\"2125\">La lame D\/E (Double Edge) Spear est sym\u00e9triquement aff\u00fbt\u00e9e des deux c\u00f4t\u00e9s avec une nervure centrale prononc\u00e9e pour une plus grande r\u00e9sistance. Le design est inspir\u00e9 des dagues tactiques classiques, combinant une g\u00e9om\u00e9trie agressive avec une polyvalence pratique. <\/p>\n<p data-start=\"2127\" data-end=\"2248\">La finition Apocalyptic donne \u00e0 la lame un aspect robuste, \u00ab\u00a0us\u00e9 par le combat\u00a0\u00bb, tout en aidant \u00e0 masquer les signes mineurs d&rsquo;utilisation.<\/p>\n<p data-start=\"2250\" data-end=\"2281\">La coupe haute et plate garantit :<\/p>\n<ul data-start=\"2283\" data-end=\"2352\">\n<li data-start=\"2283\" data-end=\"2311\">\n<p data-start=\"2285\" data-end=\"2311\">excellentes propri\u00e9t\u00e9s de coupe<\/p>\n<\/li>\n<li data-start=\"2312\" data-end=\"2334\">\n<p data-start=\"2314\" data-end=\"2334\">forte p\u00e9n\u00e9tration<\/p>\n<\/li>\n<li data-start=\"2335\" data-end=\"2352\">\n<p data-start=\"2337\" data-end=\"2352\">r\u00e9sistance de la pointe<\/p>\n<\/li>\n<\/ul>\n<hr data-start=\"2354\" data-end=\"2357\">\n<h2 data-start=\"2359\" data-end=\"2383\">\ud83d\udd2c Acier &#8211; B\u00f6hler M390<\/h2>\n<p data-start=\"2385\" data-end=\"2495\">Acier utilis\u00e9 <strong data-start=\"2398\" data-end=\"2439\"><span class=\"hover:entity-accent entity-underline inline cursor-pointer align-baseline\"><span class=\"whitespace-normal\">L&rsquo;acier B\u00f6hler M390<\/span><\/span><\/strong> est un acier inoxydable martensitique en poudre de premi\u00e8re qualit\u00e9 :<\/p>\n<ul data-start=\"2497\" data-end=\"2588\">\n<li data-start=\"2497\" data-end=\"2516\">\n<p data-start=\"2499\" data-end=\"2516\">environ 20 % de chrome<\/p>\n<\/li>\n<li data-start=\"2517\" data-end=\"2537\">\n<p data-start=\"2519\" data-end=\"2537\">environ 1,9 % de carbone<\/p>\n<\/li>\n<li data-start=\"2538\" data-end=\"2556\">\n<p data-start=\"2540\" data-end=\"2556\">environ 4 % de vanadium<\/p>\n<\/li>\n<li data-start=\"2557\" data-end=\"2588\">\n<p data-start=\"2559\" data-end=\"2588\">duret\u00e9 d&rsquo;environ 59-61 HRC<\/p>\n<\/li>\n<\/ul>\n<p data-start=\"2590\" data-end=\"2603\">Elle se caract\u00e9rise par :<\/p>\n<ul data-start=\"2605\" data-end=\"2730\">\n<li data-start=\"2605\" data-end=\"2644\">\n<p data-start=\"2607\" data-end=\"2644\">r\u00e9sistance extr\u00eame \u00e0 l&rsquo;usure<\/p>\n<\/li>\n<li data-start=\"2645\" data-end=\"2674\">\n<p data-start=\"2647\" data-end=\"2674\">haute r\u00e9sistance \u00e0 la corrosion<\/p>\n<\/li>\n<li data-start=\"2675\" data-end=\"2700\">\n<p data-start=\"2677\" data-end=\"2700\">long maintien de la lame<\/p>\n<\/li>\n<li data-start=\"2701\" data-end=\"2730\">\n<p data-start=\"2703\" data-end=\"2730\">entretien minimal<\/p>\n<\/li>\n<\/ul>\n<p data-start=\"2732\" data-end=\"2790\">C&rsquo;est l&rsquo;un des aciers les plus respect\u00e9s dans la production moderne de coutellerie.<\/p>\n<hr data-start=\"2792\" data-end=\"2795\">\n<h2 data-start=\"2797\" data-end=\"2835\">\ud83e\udde9 Poign\u00e9e &#8211; Aluminium clair naturel<\/h2>\n<p data-start=\"2837\" data-end=\"2967\">La poign\u00e9e est en aluminium 6061-T6 anodis\u00e9 en Natural Clear Aluminum pour un look \u00e9pur\u00e9, technique et \u00e9l\u00e9gant.<\/p>\n<ul data-start=\"2969\" data-end=\"3278\">\n<li data-start=\"2969\" data-end=\"3010\">\n<p data-start=\"2971\" data-end=\"3010\">Texture antid\u00e9rapante frais\u00e9e en 3D par CNC<\/p>\n<\/li>\n<li data-start=\"3011\" data-end=\"3055\">\n<p data-start=\"3013\" data-end=\"3055\">Jimping sur le haut et le bas de la poign\u00e9e<\/p>\n<\/li>\n<li data-start=\"3056\" data-end=\"3107\">\n<p data-start=\"3058\" data-end=\"3107\">Curseur lat\u00e9ral encastr\u00e9 pour un contr\u00f4le naturel<\/p>\n<\/li>\n<li data-start=\"3108\" data-end=\"3138\">\n<p data-start=\"3110\" data-end=\"3138\">Profil mince adapt\u00e9 \u00e0 l&rsquo;EDC<\/p>\n<\/li>\n<li data-start=\"3139\" data-end=\"3181\">\n<p data-start=\"3141\" data-end=\"3181\">Clip de transport profond (droite\/gauche, bascul\u00e9 vers le bas)<\/p>\n<\/li>\n<li data-start=\"3182\" data-end=\"3230\">\n<p data-start=\"3184\" data-end=\"3230\">Clip avec logo, num\u00e9ro de s\u00e9rie et date de fabrication<\/p>\n<\/li>\n<li data-start=\"3231\" data-end=\"3278\">\n<p data-start=\"3233\" data-end=\"3278\">Casse-verre avec bille en carbure de tungst\u00e8ne<\/p>\n<\/li>\n<\/ul>\n<hr data-start=\"3280\" data-end=\"3283\">\n<h2 data-start=\"3285\" data-end=\"3312\">\u2699\ufe0f Sp\u00e9cifications techniques<\/h2>\n<div class=\"TyagGW_tableContainer\">\n<div class=\"group TyagGW_tableWrapper flex flex-col-reverse w-fit\" tabindex=\"-1\">\n<table class=\"w-fit min-w-(--thread-content-width)\" data-start=\"3314\" data-end=\"3964\">\n<thead data-start=\"3314\" data-end=\"3344\">\n<tr data-start=\"3314\" data-end=\"3344\">\n<th class=\"\" data-start=\"3314\" data-end=\"3329\" data-col-size=\"sm\"><strong data-start=\"3316\" data-end=\"3328\">Param\u00e8tre<\/strong><\/th>\n<th class=\"\" data-start=\"3329\" data-end=\"3344\" data-col-size=\"sm\"><strong data-start=\"3331\" data-end=\"3342\">Valeur du param\u00e8tre<\/strong><\/th>\n<\/tr>\n<\/thead>\n<tbody data-start=\"3376\" data-end=\"3964\">\n<tr data-start=\"3376\" data-end=\"3411\">\n<td data-start=\"3376\" data-end=\"3384\" data-col-size=\"sm\">Mod\u00e8le<\/td>\n<td data-start=\"3384\" data-end=\"3411\" data-col-size=\"sm\">STITCH\u00ae Apocalyptique OTF<\/td>\n<\/tr>\n<tr data-start=\"3412\" data-end=\"3445\">\n<td data-start=\"3412\" data-end=\"3431\" data-col-size=\"sm\">Num\u00e9ro de produit<\/td>\n<td data-start=\"3431\" data-end=\"3445\" data-col-size=\"sm\">169-10APNC<\/td>\n<\/tr>\n<tr data-start=\"3446\" data-end=\"3476\">\n<td data-start=\"3446\" data-end=\"3462\" data-col-size=\"sm\">Longueur totale<\/td>\n<td data-start=\"3462\" data-end=\"3476\" data-col-size=\"sm\">environ 226 mm<\/td>\n<\/tr>\n<tr data-start=\"3477\" data-end=\"3505\">\n<td data-start=\"3477\" data-end=\"3492\" data-col-size=\"sm\">Longueur de la lame<\/td>\n<td data-start=\"3492\" data-end=\"3505\" data-col-size=\"sm\">environ 95 mm<\/td>\n<\/tr>\n<tr data-start=\"3506\" data-end=\"3538\">\n<td data-start=\"3506\" data-end=\"3524\" data-col-size=\"sm\">\u00c9paisseur de la lame<\/td>\n<td data-start=\"3524\" data-end=\"3538\" data-col-size=\"sm\">environ 3,0 mm<\/td>\n<\/tr>\n<tr data-start=\"3539\" data-end=\"3570\">\n<td data-start=\"3539\" data-end=\"3556\" data-col-size=\"sm\">Longueur du manche<\/td>\n<td data-start=\"3556\" data-end=\"3570\" data-col-size=\"sm\">environ 131 mm<\/td>\n<\/tr>\n<tr data-start=\"3571\" data-end=\"3595\">\n<td data-start=\"3571\" data-end=\"3582\" data-col-size=\"sm\">Poids<\/td>\n<td data-start=\"3582\" data-end=\"3595\" data-col-size=\"sm\">environ 135 g<\/td>\n<\/tr>\n<tr data-start=\"3596\" data-end=\"3629\">\n<td data-start=\"3596\" data-end=\"3614\" data-col-size=\"sm\">Mat\u00e9riau de la lame<\/td>\n<td data-start=\"3614\" data-end=\"3629\" data-col-size=\"sm\">B\u00f6hler M390<\/td>\n<\/tr>\n<tr data-start=\"3630\" data-end=\"3657\">\n<td data-start=\"3630\" data-end=\"3640\" data-col-size=\"sm\">Duret\u00e9<\/td>\n<td data-start=\"3640\" data-end=\"3657\" data-col-size=\"sm\">environ 59-61 HRC<\/td>\n<\/tr>\n<tr data-start=\"3658\" data-end=\"3675\">\n<td data-start=\"3658\" data-end=\"3667\" data-col-size=\"sm\">D\u00e9coupage<\/td>\n<td data-start=\"3667\" data-end=\"3675\" data-col-size=\"sm\">A plat<\/td>\n<\/tr>\n<tr data-start=\"3676\" data-end=\"3707\">\n<td data-start=\"3676\" data-end=\"3692\" data-col-size=\"sm\">Surface de la lame<\/td>\n<td data-start=\"3692\" data-end=\"3707\" data-col-size=\"sm\">Apocalyptique<\/td>\n<\/tr>\n<tr data-start=\"3708\" data-end=\"3746\">\n<td data-start=\"3708\" data-end=\"3728\" data-col-size=\"sm\">Mat\u00e9riau du manche<\/td>\n<td data-start=\"3728\" data-end=\"3746\" data-col-size=\"sm\">Aluminium 6061-T6<\/td>\n<\/tr>\n<tr data-start=\"3747\" data-end=\"3781\">\n<td data-start=\"3747\" data-end=\"3764\" data-col-size=\"sm\">Couleur du manche<\/td>\n<td data-start=\"3764\" data-end=\"3781\" data-col-size=\"sm\">Naturel Clair<\/td>\n<\/tr>\n<tr data-start=\"3782\" data-end=\"3820\">\n<td data-start=\"3782\" data-end=\"3796\" data-col-size=\"sm\">M\u00e9canisme<\/td>\n<td data-start=\"3796\" data-end=\"3820\" data-col-size=\"sm\">D\/A OTF &#8211; Verrouillage de la glissi\u00e8re<\/td>\n<\/tr>\n<tr data-start=\"3821\" data-end=\"3865\">\n<td data-start=\"3821\" data-end=\"3833\" data-col-size=\"sm\">Ouverture<\/td>\n<td data-start=\"3833\" data-end=\"3865\" data-col-size=\"sm\">Automatique &#8211; curseur lat\u00e9ral<\/td>\n<\/tr>\n<tr data-start=\"3866\" data-end=\"3897\">\n<td data-start=\"3866\" data-end=\"3873\" data-col-size=\"sm\">Clip<\/td>\n<td data-start=\"3873\" data-end=\"3897\" data-col-size=\"sm\">Droite\/gauche, bascule vers le bas<\/td>\n<\/tr>\n<tr data-start=\"3898\" data-end=\"3942\">\n<td data-start=\"3898\" data-end=\"3907\" data-col-size=\"sm\">Conception<\/td>\n<td data-start=\"3907\" data-end=\"3942\" data-col-size=\"sm\">Anthony Marfione &amp; Borka Blades<\/td>\n<\/tr>\n<tr data-start=\"3943\" data-end=\"3964\">\n<td data-start=\"3943\" data-end=\"3957\" data-col-size=\"sm\">Pays d&rsquo;origine<\/td>\n<td data-start=\"3957\" data-end=\"3964\" data-col-size=\"sm\">\u00c9TATS-UNIS D&rsquo;AM\u00c9RIQUE<\/td>\n<\/tr>\n<\/tbody>\n<\/table>\n<\/div>\n<\/div>\n<hr data-start=\"3966\" data-end=\"3969\">\n<h2 data-start=\"3971\" data-end=\"3989\">\u2705 Principaux avantages<\/h2>\n<ul data-start=\"3991\" data-end=\"4263\">\n<li data-start=\"3991\" data-end=\"4030\">\n<p data-start=\"3993\" data-end=\"4030\">M\u00e9canisme D\/A OTF extr\u00eamement rapide<\/p>\n<\/li>\n<li data-start=\"4031\" data-end=\"4077\">\n<p data-start=\"4033\" data-end=\"4077\">Lame D\/E sym\u00e9trique \u00e0 forte p\u00e9n\u00e9tration<\/p>\n<\/li>\n<li data-start=\"4078\" data-end=\"4100\">\n<p data-start=\"4080\" data-end=\"4100\">Acier premium M390<\/p>\n<\/li>\n<li data-start=\"4101\" data-end=\"4150\">\n<p data-start=\"4103\" data-end=\"4150\">Surface apocalyptique masquant les traces d&rsquo;utilisation<\/p>\n<\/li>\n<li data-start=\"4151\" data-end=\"4181\">\n<p data-start=\"4153\" data-end=\"4181\">Coulisseau lat\u00e9ral ergonomique<\/p>\n<\/li>\n<li data-start=\"4182\" data-end=\"4223\">\n<p data-start=\"4184\" data-end=\"4223\">Construction l\u00e9g\u00e8re mais solide en aluminium<\/p>\n<\/li>\n<li data-start=\"4224\" data-end=\"4263\">\n<p data-start=\"4226\" data-end=\"4263\">Collaboration avec Borka Blades<\/p>\n<\/li>\n<\/ul>\n<hr data-start=\"4265\" data-end=\"4268\">\n<h2 data-start=\"4270\" data-end=\"4289\">\u26a0\ufe0f Restrictions possibles<\/h2>\n<ul data-start=\"4291\" data-end=\"4469\">\n<li data-start=\"4291\" data-end=\"4351\">\n<p data-start=\"4293\" data-end=\"4351\">Les doubles lames peuvent ne pas \u00eatre id\u00e9ales pour toutes les t\u00e2ches courantes.<\/p>\n<\/li>\n<li data-start=\"4352\" data-end=\"4407\">\n<p data-start=\"4354\" data-end=\"4407\">Le m\u00e9canisme automatique n\u00e9cessite un entretien r\u00e9gulier<\/p>\n<\/li>\n<li data-start=\"4408\" data-end=\"4469\">\n<p data-start=\"4410\" data-end=\"4469\">Cat\u00e9gorie de prix sup\u00e9rieure correspondant \u00e0 un travail de qualit\u00e9<\/p>\n<\/li>\n<\/ul>\n<hr data-start=\"4471\" data-end=\"4474\">\n<h2 data-start=\"4476\" data-end=\"4496\">\ud83d\udee0\ufe0f Entretien et soins<\/h2>\n<ul data-start=\"4498\" data-end=\"4865\">\n<li data-start=\"4498\" data-end=\"4568\">\n<p data-start=\"4500\" data-end=\"4568\">Nettoyez et s\u00e9chez la lame apr\u00e8s utilisation pour pr\u00e9server sa long\u00e9vit\u00e9.<\/p>\n<\/li>\n<li data-start=\"4569\" data-end=\"4635\">\n<p data-start=\"4571\" data-end=\"4635\">Gardez la poign\u00e9e s\u00e8che et propre, surtout apr\u00e8s un contact avec l&rsquo;humidit\u00e9.<\/p>\n<\/li>\n<li data-start=\"4636\" data-end=\"4696\">\n<p data-start=\"4638\" data-end=\"4696\">Pour un stockage plus long, lubrifiez l\u00e9g\u00e8rement la lame avec de l&rsquo;huile de protection.<\/p>\n<\/li>\n<li data-start=\"4697\" data-end=\"4865\">\n<p data-start=\"4699\" data-end=\"4865\">Pour l&rsquo;aff\u00fbtage des lames, nous vous recommandons le syst\u00e8me d&rsquo;aff\u00fbtage complet Tri-Angle Sharpmaker 204MF de Spyderco &#8211; \u00e9galement id\u00e9al pour les lames lisses. \ud83d\uded2 Acheter sur notre site Moskito.cz <\/p>\n<\/li>\n<\/ul>\n<p data-start=\"4867\" data-end=\"4934\">Un entretien r\u00e9gulier garantit une fiabilit\u00e9 \u00e0 long terme et des performances maximales.<\/p>\n<hr data-start=\"4936\" data-end=\"4939\">\n<h2 data-start=\"4941\" data-end=\"4961\">\ud83c\udfaf Recommand\u00e9 pour<\/h2>\n<ul data-start=\"4963\" data-end=\"5114\">\n<li data-start=\"4963\" data-end=\"4988\">\n<p data-start=\"4965\" data-end=\"4988\">Des utilisateurs d&rsquo;EDC exigeants<\/p>\n<\/li>\n<li data-start=\"4989\" data-end=\"5023\">\n<p data-start=\"4991\" data-end=\"5023\">Utilisation tactique professionnelle<\/p>\n<\/li>\n<li data-start=\"5024\" data-end=\"5065\">\n<p data-start=\"5026\" data-end=\"5065\">Collectionneurs de mod\u00e8les Microtech haut de gamme<\/p>\n<\/li>\n<li data-start=\"5066\" data-end=\"5114\">\n<p data-start=\"5068\" data-end=\"5114\">Les adeptes des collaborations limit\u00e9es en mati\u00e8re de design<\/p>\n<\/li>\n<\/ul>\n<hr data-start=\"5116\" data-end=\"5119\">\n<h2 data-start=\"5121\" data-end=\"5145\">\u2b50 Note finale<\/h2>\n<p data-start=\"5147\" data-end=\"5455\" data-is-last-node=\"\" data-is-only-node=\"\"><strong data-start=\"5147\" data-end=\"5201\">Le Microtech\/Borka STITCH\u00ae Apocalyptic OTF 169-10APNC<\/strong> combine une ergonomie moderne, une lame sym\u00e9trique agressive et un acier M390 de premi\u00e8re qualit\u00e9 avec le look et le design Apocalyptic visuellement frappant de Borka Blades. Le r\u00e9sultat est un couteau OTF techniquement avanc\u00e9, rapide et distinctif pour ceux qui veulent de la performance et du style sans compromis \ud83d\udd2a\ud83d\udd25. <\/p>\n","protected":false},"excerpt":{"rendered":"<p><strong>Le Microtech\/Borka STITCH\u00ae Apocalyptic OTF 169-10APNC combine une ergonomie moderne, une lame sym\u00e9trique agressive et un acier M390 de premi\u00e8re qualit\u00e9 avec le look et le design Apocalyptic visuellement frappant de Borka Blades. Le r\u00e9sultat est un couteau OTF techniquement avanc\u00e9, rapide et distinctif pour ceux qui veulent de la performance et du style sans compromis \ud83d\udd2a\ud83d\udd25. <\/strong><\/p>\n<p><strong>Livraison gratuite.<\/strong><\/p>\n","protected":false},"featured_media":437171,"comment_status":"open","ping_status":"closed","template":"","meta":[],"pwb-brand":[3751],"product_brand":[],"product_cat":[3699,3696],"product_tag":[3754],"class_list":{"0":"post-437170","1":"product","2":"type-product","3":"status-publish","4":"has-post-thumbnail","6":"pwb-brand-microtechnologie","7":"product_cat-couteaux-de-tir","8":"product_cat-des-couteaux","9":"product_tag-b2b-fr","11":"first","12":"outofstock","13":"taxable","14":"shipping-taxable","15":"purchasable","16":"product-type-simple"},"brands":[{"id":3751,"name":"Microtechnologie","slug":"microtechnologie"}],"_links":{"self":[{"href":"https:\/\/www.moskito.cz\/fr\/wp-json\/wp\/v2\/product\/437170","targetHints":{"allow":["GET"]}}],"collection":[{"href":"https:\/\/www.moskito.cz\/fr\/wp-json\/wp\/v2\/product"}],"about":[{"href":"https:\/\/www.moskito.cz\/fr\/wp-json\/wp\/v2\/types\/product"}],"replies":[{"embeddable":true,"href":"https:\/\/www.moskito.cz\/fr\/wp-json\/wp\/v2\/comments?post=437170"}],"wp:featuredmedia":[{"embeddable":true,"href":"https:\/\/www.moskito.cz\/fr\/wp-json\/wp\/v2\/media\/437171"}],"wp:attachment":[{"href":"https:\/\/www.moskito.cz\/fr\/wp-json\/wp\/v2\/media?parent=437170"}],"wp:term":[{"taxonomy":"pwb-brand","embeddable":true,"href":"https:\/\/www.moskito.cz\/fr\/wp-json\/wp\/v2\/pwb-brand?post=437170"},{"taxonomy":"product_brand","embeddable":true,"href":"https:\/\/www.moskito.cz\/fr\/wp-json\/wp\/v2\/product_brand?post=437170"},{"taxonomy":"product_cat","embeddable":true,"href":"https:\/\/www.moskito.cz\/fr\/wp-json\/wp\/v2\/product_cat?post=437170"},{"taxonomy":"product_tag","embeddable":true,"href":"https:\/\/www.moskito.cz\/fr\/wp-json\/wp\/v2\/product_tag?post=437170"}],"curies":[{"name":"wp","href":"https:\/\/api.w.org\/{rel}","templated":true}]}}