{"id":437178,"date":"2026-02-13T15:41:15","date_gmt":"2026-02-13T14:41:15","guid":{"rendered":"https:\/\/www.moskito.cz\/produkt\/microtech-couteau-a-point-169rl-1flgtta\/"},"modified":"2026-02-13T16:18:32","modified_gmt":"2026-02-13T15:18:32","slug":"microtech-couteau-a-point-169rl-1flgtta","status":"publish","type":"product","link":"https:\/\/www.moskito.cz\/fr\/produkt\/microtech-couteau-a-point-169rl-1flgtta\/","title":{"rendered":"Microtech Couteau \u00e0 point 169RL-1FLGTTA"},"content":{"rendered":"<h1 data-start=\"0\" data-end=\"85\"><strong data-start=\"2\" data-end=\"85\">Microtech STITCH\u00ae 169RL-1FLGTTA &#8211; Noir bicolore \/ M390MK (design des lames Borka)<\/strong><\/h1>\n<p data-start=\"87\" data-end=\"427\">D\u00e8s que vous prendrez en main le <strong data-start=\"110\" data-end=\"177\"><span class=\"hover:entity-accent entity-underline inline cursor-pointer align-baseline\"><span class=\"whitespace-normal\">Microtech STITCH 169RL-1FLGTTA<\/span><\/span> &#8211; Two Tone Black \/ M390MK<\/strong>, vous sentirez imm\u00e9diatement la combinaison d&rsquo;une m\u00e9canique de pr\u00e9cision et d&rsquo;un style distinctif qui a \u00e9t\u00e9 cr\u00e9\u00e9 en collaboration avec le c\u00e9l\u00e8bre atelier de coutellerie <strong data-start=\"310\" data-end=\"326\">Borka Blades<\/strong>. Le Stitch en version fermeture apporte la puissance du mod\u00e8le l\u00e9gendaire dans un format EDC compact et fiable. <\/p>\n<p data-start=\"429\" data-end=\"527\">Con\u00e7u par Anthony (Tony) Marfion en collaboration avec Borka Blades et 100% fabriqu\u00e9 et assembl\u00e9 aux Etats-Unis.<\/p>\n<hr data-start=\"529\" data-end=\"532\">\n<h2 data-start=\"534\" data-end=\"561\">\ud83d\udd25 Caract\u00e8re et philosophie<\/h2>\n<p data-start=\"563\" data-end=\"831\">Le Microtech Stitch\u00ae dans sa version de fermeture est con\u00e7u pour un usage quotidien, mais avec un accent mis sur la robustesse, la s\u00e9curit\u00e9 de la prise en main et la rapidit\u00e9 d&rsquo;ex\u00e9cution. Le design du corps bicolore est technique et moderne, tandis que l&rsquo;ergonomie et l&rsquo;\u00e9quilibre du couteau assurent une prise en main confortable et s\u00fbre. <\/p>\n<p data-start=\"833\" data-end=\"1074\">Le mod\u00e8le fonctionne avec une serrure <strong data-start=\"911\" data-end=\"923\">liner-lock<\/strong> fiable et une ouverture souple, qui permet un d\u00e9ploiement rapide de la lame en un seul mouvement. L&rsquo;ouverture est rapide et s\u00fbre, tandis que le verrou s\u00e9curise soigneusement la lame en position de travail. <\/p>\n<p data-start=\"1076\" data-end=\"1195\">Sa longueur totale, lorsqu&rsquo;il est \u00e9teint, en fait un outil EDC confortable et pratique, facile \u00e0 transporter dans votre poche et \u00e0 votre ceinture.<\/p>\n<hr data-start=\"1197\" data-end=\"1200\">\n<h2 data-start=\"1202\" data-end=\"1217\">\ud83c\udfed \u00c0 propos du fabricant<\/h2>\n<p data-start=\"1219\" data-end=\"1399\"><strong data-start=\"1219\" data-end=\"1260\"><span class=\"hover:entity-accent entity-underline inline cursor-pointer align-baseline\"><span class=\"whitespace-normal\">Microtech Knives<\/span><\/span><\/strong> est une marque am\u00e9ricaine avec plus de 30 ans d&rsquo;histoire dans la production de couteaux haut de gamme, synonyme d&rsquo;innovation, de qualit\u00e9 et de pr\u00e9cision.<\/p>\n<p data-start=\"1401\" data-end=\"1441\">Les caract\u00e9ristiques typiques des produits Microtech sont les suivantes<\/p>\n<ul data-start=\"1443\" data-end=\"1606\">\n<li data-start=\"1443\" data-end=\"1468\">\n<p data-start=\"1445\" data-end=\"1468\">Usinage CNC de pr\u00e9cision<\/p>\n<\/li>\n<li data-start=\"1469\" data-end=\"1502\">\n<p data-start=\"1471\" data-end=\"1502\">\u00c9l\u00e9ments de conception brevet\u00e9s<\/p>\n<\/li>\n<li data-start=\"1503\" data-end=\"1536\">\n<p data-start=\"1505\" data-end=\"1536\">M\u00e9canismes internes innovants<\/p>\n<\/li>\n<li data-start=\"1537\" data-end=\"1566\">\n<p data-start=\"1539\" data-end=\"1566\">Un contr\u00f4le de qualit\u00e9 coh\u00e9rent<\/p>\n<\/li>\n<li data-start=\"1567\" data-end=\"1606\">\n<p data-start=\"1569\" data-end=\"1606\">Production et assemblage complets aux \u00c9tats-Unis<\/p>\n<\/li>\n<\/ul>\n<p data-start=\"1608\" data-end=\"1673\">Chaque pi\u00e8ce est fabriqu\u00e9e et test\u00e9e sous la direction d&rsquo;Anthony Marfione.<\/p>\n<hr data-start=\"1675\" data-end=\"1678\">\n<h2 data-start=\"1680\" data-end=\"1718\">\ud83d\udde1\ufe0f Lame &#8211; Noir bicolore avec M390MK<\/h2>\n<p data-start=\"1720\" data-end=\"2001\">La lame du couteau est fabriqu\u00e9e en acier inoxydable de premi\u00e8re qualit\u00e9 <strong data-start=\"1769\" data-end=\"1810\"><span class=\"hover:entity-accent entity-underline inline cursor-pointer align-baseline\"><span class=\"whitespace-normal\">B\u00f6hler M390MK<\/span><\/span><\/strong>qui est l&rsquo;un des meilleurs de la coutellerie moderne. La finition Two Tone donne \u00e0 la lame un aspect \u00e0 la fois \u00e9l\u00e9gant et tactique &#8211; la combinaison de surfaces mates et brillantes met en valeur la g\u00e9om\u00e9trie et les d\u00e9tails de la coupe. <\/p>\n<p data-start=\"2003\" data-end=\"2017\">Avantages de la lame :<\/p>\n<ul data-start=\"2019\" data-end=\"2135\">\n<li data-start=\"2019\" data-end=\"2043\">\n<p data-start=\"2021\" data-end=\"2043\">haute r\u00e9tention de la lame<\/p>\n<\/li>\n<li data-start=\"2044\" data-end=\"2081\">\n<p data-start=\"2046\" data-end=\"2081\">excellente r\u00e9sistance \u00e0 l&rsquo;usure<\/p>\n<\/li>\n<li data-start=\"2082\" data-end=\"2113\">\n<p data-start=\"2084\" data-end=\"2113\">excellente r\u00e9sistance \u00e0 la corrosion<\/p>\n<\/li>\n<li data-start=\"2114\" data-end=\"2135\">\n<p data-start=\"2116\" data-end=\"2135\">entretien facile<\/p>\n<\/li>\n<\/ul>\n<p data-start=\"2137\" data-end=\"2168\">La coupe haute et plate garantit :<\/p>\n<ul data-start=\"2170\" data-end=\"2238\">\n<li data-start=\"2170\" data-end=\"2198\">\n<p data-start=\"2172\" data-end=\"2198\">excellentes propri\u00e9t\u00e9s de coupe<\/p>\n<\/li>\n<li data-start=\"2199\" data-end=\"2220\">\n<p data-start=\"2201\" data-end=\"2220\">bonne r\u00e9sistance \u00e0 la perforation<\/p>\n<\/li>\n<li data-start=\"2221\" data-end=\"2238\">\n<p data-start=\"2223\" data-end=\"2238\">r\u00e9sistance de la pointe<\/p>\n<\/li>\n<\/ul>\n<hr data-start=\"2240\" data-end=\"2243\">\n<h2 data-start=\"2245\" data-end=\"2271\">\ud83d\udd2c Acier &#8211; B\u00f6hler M390MK<\/h2>\n<p data-start=\"2273\" data-end=\"2352\">L&rsquo;acier M390MK est une \u00e9volution du l\u00e9gendaire acier \u00e0 poudre M390 dont la composition a \u00e9t\u00e9 modifi\u00e9e pour.. :<\/p>\n<ul data-start=\"2354\" data-end=\"2498\">\n<li data-start=\"2354\" data-end=\"2397\">\n<p data-start=\"2356\" data-end=\"2397\">une plus grande stabilit\u00e9 pendant le traitement thermique<\/p>\n<\/li>\n<li data-start=\"2398\" data-end=\"2430\">\n<p data-start=\"2400\" data-end=\"2430\">structure plus fine du mat\u00e9riau<\/p>\n<\/li>\n<li data-start=\"2431\" data-end=\"2498\">\n<p data-start=\"2433\" data-end=\"2498\">L\u00e9g\u00e8re am\u00e9lioration de la r\u00e9tention de la lame tout en maintenant la r\u00e9sistance \u00e0 la corrosion<\/p>\n<\/li>\n<\/ul>\n<p data-start=\"2500\" data-end=\"2611\">Cet acier est tr\u00e8s appr\u00e9ci\u00e9 des couteliers et des utilisateurs exigeants pour sa combinaison de duret\u00e9, de durabilit\u00e9 et de facilit\u00e9 d&rsquo;entretien.<\/p>\n<hr data-start=\"2613\" data-end=\"2616\">\n<h2 data-start=\"2618\" data-end=\"2678\">\ud83e\udde9 Poign\u00e9e &#8211; Aluminium noir bicolore avec \u00e9l\u00e9ments de design Borka<\/h2>\n<p data-start=\"2680\" data-end=\"2823\">La poign\u00e9e est usin\u00e9e avec pr\u00e9cision par commande num\u00e9rique en aluminium anodis\u00e9 avec une finition noire bicolore qui est techniquement et esth\u00e9tiquement \u00e9quilibr\u00e9e.<\/p>\n<p data-start=\"2825\" data-end=\"2852\">Caract\u00e9ristiques principales de la poign\u00e9e :<\/p>\n<ul data-start=\"2854\" data-end=\"3097\">\n<li data-start=\"2854\" data-end=\"2891\">\n<p data-start=\"2856\" data-end=\"2891\">Texture antid\u00e9rapante frais\u00e9e en 3D<\/p>\n<\/li>\n<li data-start=\"2892\" data-end=\"2936\">\n<p data-start=\"2894\" data-end=\"2936\">Forme ergonomique pour une bonne prise en main<\/p>\n<\/li>\n<li data-start=\"2937\" data-end=\"2975\">\n<p data-start=\"2939\" data-end=\"2975\">Ouverture rapide de la lame \u00e0 l&rsquo;aide d&rsquo;une pince<\/p>\n<\/li>\n<li data-start=\"2976\" data-end=\"3021\">\n<p data-start=\"2978\" data-end=\"3021\">\u00c9l\u00e9ments de design \u00e9l\u00e9gants des <strong data-start=\"3005\" data-end=\"3021\">lames Borka<\/strong><\/p>\n<\/li>\n<li data-start=\"3022\" data-end=\"3064\">\n<p data-start=\"3024\" data-end=\"3064\">Clip de transport profond (droite\/gauche, bascul\u00e9 vers le bas)<\/p>\n<\/li>\n<li data-start=\"3065\" data-end=\"3097\">\n<p data-start=\"3067\" data-end=\"3097\">Num\u00e9ro de s\u00e9rie et marque du fabricant<\/p>\n<\/li>\n<\/ul>\n<p data-start=\"3099\" data-end=\"3219\">Le r\u00e9sultat est une poign\u00e9e robuste mais \u00e9l\u00e9gante qui s&rsquo;adapte \u00e0 la main et donne confiance m\u00eame en cas d&rsquo;utilisation exigeante.<\/p>\n<hr data-start=\"3221\" data-end=\"3224\">\n<h2 data-start=\"3226\" data-end=\"3253\">\u2699\ufe0f Sp\u00e9cifications techniques<\/h2>\n<div class=\"TyagGW_tableContainer\">\n<div class=\"group TyagGW_tableWrapper flex flex-col-reverse w-fit\" tabindex=\"-1\">\n<table class=\"w-fit min-w-(--thread-content-width)\" data-start=\"3255\" data-end=\"3871\">\n<thead data-start=\"3255\" data-end=\"3285\">\n<tr data-start=\"3255\" data-end=\"3285\">\n<th class=\"\" data-start=\"3255\" data-end=\"3270\" data-col-size=\"sm\"><strong data-start=\"3257\" data-end=\"3269\">Param\u00e8tre<\/strong><\/th>\n<th class=\"\" data-start=\"3270\" data-end=\"3285\" data-col-size=\"sm\"><strong data-start=\"3272\" data-end=\"3283\">Valeur du param\u00e8tre<\/strong><\/th>\n<\/tr>\n<\/thead>\n<tbody data-start=\"3317\" data-end=\"3871\">\n<tr data-start=\"3317\" data-end=\"3336\">\n<td data-start=\"3317\" data-end=\"3325\" data-col-size=\"sm\">Mod\u00e8le<\/td>\n<td data-start=\"3325\" data-end=\"3336\" data-col-size=\"sm\">STITCH<\/td>\n<\/tr>\n<tr data-start=\"3337\" data-end=\"3373\">\n<td data-start=\"3337\" data-end=\"3356\" data-col-size=\"sm\">Num\u00e9ro de produit<\/td>\n<td data-start=\"3356\" data-end=\"3373\" data-col-size=\"sm\">169RL-1FLGTTA<\/td>\n<\/tr>\n<tr data-start=\"3374\" data-end=\"3415\">\n<td data-start=\"3374\" data-end=\"3401\" data-col-size=\"sm\">Longueur totale (ouverte)<\/td>\n<td data-start=\"3401\" data-end=\"3415\" data-col-size=\"sm\">environ 217 mm<\/td>\n<\/tr>\n<tr data-start=\"3416\" data-end=\"3444\">\n<td data-start=\"3416\" data-end=\"3431\" data-col-size=\"sm\">Longueur de la lame<\/td>\n<td data-start=\"3431\" data-end=\"3444\" data-col-size=\"sm\">environ 93 mm<\/td>\n<\/tr>\n<tr data-start=\"3445\" data-end=\"3477\">\n<td data-start=\"3445\" data-end=\"3463\" data-col-size=\"sm\">\u00c9paisseur de la lame<\/td>\n<td data-start=\"3463\" data-end=\"3477\" data-col-size=\"sm\">environ 3,0 mm<\/td>\n<\/tr>\n<tr data-start=\"3478\" data-end=\"3509\">\n<td data-start=\"3478\" data-end=\"3495\" data-col-size=\"sm\">Longueur du manche<\/td>\n<td data-start=\"3495\" data-end=\"3509\" data-col-size=\"sm\">environ 117 mm<\/td>\n<\/tr>\n<tr data-start=\"3510\" data-end=\"3534\">\n<td data-start=\"3510\" data-end=\"3521\" data-col-size=\"sm\">Poids<\/td>\n<td data-start=\"3521\" data-end=\"3534\" data-col-size=\"sm\">environ 120 g<\/td>\n<\/tr>\n<tr data-start=\"3535\" data-end=\"3570\">\n<td data-start=\"3535\" data-end=\"3553\" data-col-size=\"sm\">Mat\u00e9riau de la lame<\/td>\n<td data-start=\"3553\" data-end=\"3570\" data-col-size=\"sm\">B\u00f6hler M390MK<\/td>\n<\/tr>\n<tr data-start=\"3571\" data-end=\"3588\">\n<td data-start=\"3571\" data-end=\"3580\" data-col-size=\"sm\">D\u00e9coupage<\/td>\n<td data-start=\"3580\" data-end=\"3588\" data-col-size=\"sm\">A plat<\/td>\n<\/tr>\n<tr data-start=\"3589\" data-end=\"3623\">\n<td data-start=\"3589\" data-end=\"3605\" data-col-size=\"sm\">Surface de la lame<\/td>\n<td data-start=\"3605\" data-end=\"3623\" data-col-size=\"sm\">Noir bicolore<\/td>\n<\/tr>\n<tr data-start=\"3624\" data-end=\"3662\">\n<td data-start=\"3624\" data-end=\"3644\" data-col-size=\"sm\">Mat\u00e9riau du manche<\/td>\n<td data-start=\"3644\" data-end=\"3662\" data-col-size=\"sm\">Aluminium 6061-T6<\/td>\n<\/tr>\n<tr data-start=\"3663\" data-end=\"3698\">\n<td data-start=\"3663\" data-end=\"3680\" data-col-size=\"sm\">Couleur de la poign\u00e9e<\/td>\n<td data-start=\"3680\" data-end=\"3698\" data-col-size=\"sm\">Noir bicolore<\/td>\n<\/tr>\n<tr data-start=\"3699\" data-end=\"3737\">\n<td data-start=\"3699\" data-end=\"3713\" data-col-size=\"sm\">M\u00e9canisme<\/td>\n<td data-start=\"3713\" data-end=\"3737\" data-col-size=\"sm\">Verrouillage de la glissi\u00e8re \/ de la doublure<\/td>\n<\/tr>\n<tr data-start=\"3738\" data-end=\"3772\">\n<td data-start=\"3738\" data-end=\"3750\" data-col-size=\"sm\">Ouverture<\/td>\n<td data-start=\"3750\" data-end=\"3772\" data-col-size=\"sm\">Manuelle &#8211; bascule<\/td>\n<\/tr>\n<tr data-start=\"3773\" data-end=\"3804\">\n<td data-start=\"3773\" data-end=\"3780\" data-col-size=\"sm\">Clip<\/td>\n<td data-start=\"3780\" data-end=\"3804\" data-col-size=\"sm\">Droite\/gauche, bascule vers le bas<\/td>\n<\/tr>\n<tr data-start=\"3805\" data-end=\"3849\">\n<td data-start=\"3805\" data-end=\"3814\" data-col-size=\"sm\">Conception<\/td>\n<td data-start=\"3814\" data-end=\"3849\" data-col-size=\"sm\">Anthony Marfione &amp; Borka Blades<\/td>\n<\/tr>\n<tr data-start=\"3850\" data-end=\"3871\">\n<td data-start=\"3850\" data-end=\"3864\" data-col-size=\"sm\">Pays d&rsquo;origine<\/td>\n<td data-start=\"3864\" data-end=\"3871\" data-col-size=\"sm\">\u00c9TATS-UNIS D&rsquo;AM\u00c9RIQUE<\/td>\n<\/tr>\n<\/tbody>\n<\/table>\n<\/div>\n<\/div>\n<hr data-start=\"3873\" data-end=\"3876\">\n<h2 data-start=\"3878\" data-end=\"3896\">\u2705 Principaux avantages<\/h2>\n<ul data-start=\"3898\" data-end=\"4141\">\n<li data-start=\"3898\" data-end=\"3949\">\n<p data-start=\"3900\" data-end=\"3949\">Acier M390MK de premi\u00e8re qualit\u00e9 avec une excellente r\u00e9tention de la lame<\/p>\n<\/li>\n<li data-start=\"3950\" data-end=\"3985\">\n<p data-start=\"3952\" data-end=\"3985\">\u00c9l\u00e9gant design bicolore noir<\/p>\n<\/li>\n<li data-start=\"3986\" data-end=\"4029\">\n<p data-start=\"3988\" data-end=\"4029\">Ouverture rapide et fiable de la bascule<\/p>\n<\/li>\n<li data-start=\"4030\" data-end=\"4061\">\n<p data-start=\"4032\" data-end=\"4061\">Poign\u00e9e ergonomique et robuste<\/p>\n<\/li>\n<li data-start=\"4062\" data-end=\"4101\">\n<p data-start=\"4064\" data-end=\"4101\">Clip de transport profond pour un port confortable<\/p>\n<\/li>\n<li data-start=\"4102\" data-end=\"4141\">\n<p data-start=\"4104\" data-end=\"4141\">Collaboration avec Borka Blades<\/p>\n<\/li>\n<\/ul>\n<hr data-start=\"4143\" data-end=\"4146\">\n<h2 data-start=\"4148\" data-end=\"4167\">\u26a0\ufe0f Restrictions possibles<\/h2>\n<ul data-start=\"4169\" data-end=\"4380\">\n<li data-start=\"4169\" data-end=\"4257\">\n<p data-start=\"4171\" data-end=\"4257\">L&rsquo;ouverture manuelle peut ne pas convenir \u00e0 tous les utilisateurs qui ont besoin d&rsquo;un d\u00e9ploiement automatique.<\/p>\n<\/li>\n<li data-start=\"4258\" data-end=\"4328\">\n<p data-start=\"4260\" data-end=\"4328\">Cat\u00e9gorie de prix sup\u00e9rieure correspondant \u00e0 des mat\u00e9riaux et un design haut de gamme<\/p>\n<\/li>\n<li data-start=\"4329\" data-end=\"4380\">\n<p data-start=\"4331\" data-end=\"4380\">Le design robuste peut \u00eatre plus visible dans la poche<\/p>\n<\/li>\n<\/ul>\n<hr data-start=\"4382\" data-end=\"4385\">\n<h2 data-start=\"4387\" data-end=\"4407\">\ud83d\udee0\ufe0f Entretien et soins<\/h2>\n<ul data-start=\"4409\" data-end=\"4840\">\n<li data-start=\"4409\" data-end=\"4479\">\n<p data-start=\"4411\" data-end=\"4479\">Nettoyez et s\u00e9chez la lame apr\u00e8s utilisation pour pr\u00e9server sa long\u00e9vit\u00e9.<\/p>\n<\/li>\n<li data-start=\"4480\" data-end=\"4546\">\n<p data-start=\"4482\" data-end=\"4546\">Gardez la poign\u00e9e s\u00e8che et propre, surtout apr\u00e8s un contact avec l&rsquo;humidit\u00e9.<\/p>\n<\/li>\n<li data-start=\"4547\" data-end=\"4607\">\n<p data-start=\"4549\" data-end=\"4607\">Pour un stockage plus long, lubrifiez l\u00e9g\u00e8rement la lame avec de l&rsquo;huile de protection.<\/p>\n<\/li>\n<li data-start=\"4608\" data-end=\"4669\">\n<p data-start=\"4610\" data-end=\"4669\">Inspectez r\u00e9guli\u00e8rement la serrure et nettoyez-la si n\u00e9cessaire.<\/p>\n<\/li>\n<li data-start=\"4670\" data-end=\"4840\">\n<p data-start=\"4672\" data-end=\"4840\">Pour l&rsquo;aff\u00fbtage de la lame, nous vous recommandons le <strong data-start=\"4703\" data-end=\"4769\">syst\u00e8me d&rsquo;aff\u00fbtage complet Tri-Angle Sharpmaker 204MF de Spyderco<\/strong> &#8211; id\u00e9al pour les lames lisses. \ud83d\uded2 Acheter sur notre site Moskito.cz <\/p>\n<\/li>\n<\/ul>\n<p data-start=\"4842\" data-end=\"4909\">Un entretien r\u00e9gulier garantit une fiabilit\u00e9 \u00e0 long terme et des performances maximales.<\/p>\n<hr data-start=\"4911\" data-end=\"4914\">\n<h2 data-start=\"4916\" data-end=\"4936\">\ud83c\udfaf Recommand\u00e9 pour<\/h2>\n<ul data-start=\"4938\" data-end=\"5082\">\n<li data-start=\"4938\" data-end=\"4963\">\n<p data-start=\"4940\" data-end=\"4963\">Des utilisateurs d&rsquo;EDC exigeants<\/p>\n<\/li>\n<li data-start=\"4964\" data-end=\"4993\">\n<p data-start=\"4966\" data-end=\"4993\">Collectionneurs de couteaux de qualit\u00e9 sup\u00e9rieure<\/p>\n<\/li>\n<li data-start=\"4994\" data-end=\"5029\">\n<p data-start=\"4996\" data-end=\"5029\">Les adeptes des collaborations en mati\u00e8re de design<\/p>\n<\/li>\n<li data-start=\"5030\" data-end=\"5082\">\n<p data-start=\"5032\" data-end=\"5082\">Utilisateurs exigeant un acier et une construction de qualit\u00e9 sup\u00e9rieure<\/p>\n<\/li>\n<\/ul>\n<hr data-start=\"5084\" data-end=\"5087\">\n<h2 data-start=\"5089\" data-end=\"5113\">\u2b50 Note finale<\/h2>\n<p data-start=\"5115\" data-end=\"5415\" data-is-last-node=\"\" data-is-only-node=\"\">Le <strong data-start=\"5115\" data-end=\"5150\">Microtech STITCH\u00ae 169RL-1FLGTTA<\/strong> repr\u00e9sente une combinaison exceptionnelle de design, de mat\u00e9riaux et de pr\u00e9cision technique. Avec un acier M390MK de premi\u00e8re qualit\u00e9, une collaboration avec Borka Blades et une ergonomie robuste, c&rsquo;est un couteau de fermeture \u00e9l\u00e9gant et tr\u00e8s fonctionnel pour ceux qui veulent la performance, l&rsquo;esth\u00e9tique et la qualit\u00e9 sans compromis \ud83d\udd2a\ud83d\udd25. <\/p>\n","protected":false},"excerpt":{"rendered":"<p><strong>Le Microtech STITCH\u00ae 169RL-1FLGTTA repr\u00e9sente une combinaison exceptionnelle de design, de mat\u00e9riaux et de pr\u00e9cision technique. Avec un acier M390MK de premi\u00e8re qualit\u00e9, une collaboration avec Borka Blades et une ergonomie robuste, c&rsquo;est un couteau de fermeture \u00e9l\u00e9gant et tr\u00e8s fonctionnel pour ceux qui veulent la performance, l&rsquo;esth\u00e9tique et la qualit\u00e9 sans compromis \ud83d\udd2a\ud83d\udd25. <\/strong><\/p>\n<p><strong>Livraison gratuite.<\/strong><\/p>\n","protected":false},"featured_media":437041,"comment_status":"open","ping_status":"closed","template":"","meta":[],"pwb-brand":[3751],"product_brand":[],"product_cat":[3700,3696],"product_tag":[],"class_list":{"0":"post-437178","1":"product","2":"type-product","3":"status-publish","4":"has-post-thumbnail","6":"pwb-brand-microtechnologie","7":"product_cat-couteaux-de-fermeture","8":"product_cat-des-couteaux","10":"first","11":"instock","12":"taxable","13":"shipping-taxable","14":"purchasable","15":"product-type-simple"},"brands":[{"id":3751,"name":"Microtechnologie","slug":"microtechnologie"}],"_links":{"self":[{"href":"https:\/\/www.moskito.cz\/fr\/wp-json\/wp\/v2\/product\/437178","targetHints":{"allow":["GET"]}}],"collection":[{"href":"https:\/\/www.moskito.cz\/fr\/wp-json\/wp\/v2\/product"}],"about":[{"href":"https:\/\/www.moskito.cz\/fr\/wp-json\/wp\/v2\/types\/product"}],"replies":[{"embeddable":true,"href":"https:\/\/www.moskito.cz\/fr\/wp-json\/wp\/v2\/comments?post=437178"}],"wp:featuredmedia":[{"embeddable":true,"href":"https:\/\/www.moskito.cz\/fr\/wp-json\/wp\/v2\/media\/437041"}],"wp:attachment":[{"href":"https:\/\/www.moskito.cz\/fr\/wp-json\/wp\/v2\/media?parent=437178"}],"wp:term":[{"taxonomy":"pwb-brand","embeddable":true,"href":"https:\/\/www.moskito.cz\/fr\/wp-json\/wp\/v2\/pwb-brand?post=437178"},{"taxonomy":"product_brand","embeddable":true,"href":"https:\/\/www.moskito.cz\/fr\/wp-json\/wp\/v2\/product_brand?post=437178"},{"taxonomy":"product_cat","embeddable":true,"href":"https:\/\/www.moskito.cz\/fr\/wp-json\/wp\/v2\/product_cat?post=437178"},{"taxonomy":"product_tag","embeddable":true,"href":"https:\/\/www.moskito.cz\/fr\/wp-json\/wp\/v2\/product_tag?post=437178"}],"curies":[{"name":"wp","href":"https:\/\/api.w.org\/{rel}","templated":true}]}}