{"id":437302,"date":"2026-02-09T19:36:39","date_gmt":"2026-02-09T18:36:39","guid":{"rendered":"https:\/\/www.moskito.cz\/produkt\/couteau-spyderco-essenza-c272albkp\/"},"modified":"2026-02-15T11:39:06","modified_gmt":"2026-02-15T10:39:06","slug":"couteau-spyderco-essenza-c272albkp","status":"publish","type":"product","link":"https:\/\/www.moskito.cz\/fr\/produkt\/couteau-spyderco-essenza-c272albkp\/","title":{"rendered":"Couteau Spyderco Essenza C272ALBKP"},"content":{"rendered":"<div class=\"flex flex-col text-sm pb-25\">\n<article class=\"text-token-text-primary w-full focus:outline-none [--shadow-height:45px] has-data-writing-block:pointer-events-none has-data-writing-block:-mt-(--shadow-height) has-data-writing-block:pt-(--shadow-height) [&amp;:has([data-writing-block])&gt;*]:pointer-events-auto scroll-mt-[calc(var(--header-height)+min(200px,max(70px,20svh)))]\" dir=\"auto\" tabindex=\"-1\" data-turn-id=\"request-WEB:a32a4206-734b-4a83-b1e2-42833545ac64-8\" data-testid=\"conversation-turn-18\" data-scroll-anchor=\"true\" data-turn=\"assistant\">\n<div class=\"text-base my-auto mx-auto pb-10 [--thread-content-margin:--spacing(4)] @w-sm\/main:[--thread-content-margin:--spacing(6)] @w-lg\/main:[--thread-content-margin:--spacing(16)] px-(--thread-content-margin)\">\n<div class=\"[--thread-content-max-width:40rem] @w-lg\/main:[--thread-content-max-width:48rem] mx-auto max-w-(--thread-content-max-width) flex-1 group\/turn-messages focus-visible:outline-hidden relative flex w-full min-w-0 flex-col agent-turn\" tabindex=\"-1\">\n<div class=\"flex max-w-full flex-col grow\">\n<div class=\"min-h-8 text-message relative flex w-full flex-col items-end gap-2 text-start break-words whitespace-normal [.text-message+&amp;]:mt-1\" dir=\"auto\" data-message-author-role=\"assistant\" data-message-id=\"90d053d4-647e-41dd-a078-066020e44e54\" data-message-model-slug=\"gpt-5-2\">\n<div class=\"flex w-full flex-col gap-1 empty:hidden first:pt-[1px]\">\n<div class=\"markdown prose dark:prose-invert w-full wrap-break-word light markdown-new-styling\">\n<p data-start=\"107\" data-end=\"444\">En tenant le <strong data-start=\"123\" data-end=\"153\">Spyderco Essenza C272ALBKP<\/strong> dans la paume de votre main, vous sentirez imm\u00e9diatement ce que vous attendez d&rsquo;un couteau EDC de premier ordre &#8211; un <strong data-start=\"222\" data-end=\"279\">\u00e9quilibre de performance, de simplicit\u00e9 et d&rsquo;excellente ergonomie<\/strong> dans un ensemble compact. L&rsquo;Essenza est l&rsquo;un des plus r\u00e9cents ajouts de Spyderco, apportant des mat\u00e9riaux modernes et des contr\u00f4les intuitifs sans compromettre la fonctionnalit\u00e9. <\/p>\n<p data-start=\"446\" data-end=\"690\">Ce couteau est con\u00e7u pour les utilisateurs qui veulent un couteau de fermeture \u00e9l\u00e9gant, pratique et tr\u00e8s fiable pour le transport quotidien. Il tient parfaitement dans la poche et dans la main, est imm\u00e9diatement pr\u00eat \u00e0 l&#8217;emploi et offre des performances sur lesquelles vous pouvez compter. <\/p>\n<hr data-start=\"692\" data-end=\"695\">\n<h2 data-start=\"697\" data-end=\"721\">Caract\u00e8re et philosophie<\/h2>\n<p data-start=\"723\" data-end=\"961\">Le Spyderco Essenza est con\u00e7u avec une vision claire &#8211; <strong data-start=\"768\" data-end=\"843\">\u00e9quilibre, simplicit\u00e9 et confort combin\u00e9s avec une haute performance de coupe<\/strong>. Il ne s&rsquo;agit pas d&rsquo;un design exag\u00e9r\u00e9 ou de \u00ab\u00a0jeux\u00a0\u00bb techniques, mais d&rsquo;un v\u00e9ritable outil qui permet de faire le travail avec un minimum d&rsquo;effort. <\/p>\n<p data-start=\"963\" data-end=\"1295\">La lame rev\u00eatue de noir est fabriqu\u00e9e en acier inoxydable <strong data-start=\"1025\" data-end=\"1038\">CPM S45VN<\/strong> de haute qualit\u00e9, un acier tr\u00e8s performant qui offre une excellente r\u00e9sistance \u00e0 l&rsquo;usure, une excellente tenue des tranchants et une grande r\u00e9sistance \u00e0 la corrosion. L&rsquo;Essenza est ainsi pr\u00eat \u00e0 effectuer un large \u00e9ventail de travaux de coupe &#8211; des t\u00e2ches quotidiennes normales aux coupes plus exigeantes d&rsquo;un point de vue technique. <\/p>\n<p data-start=\"1297\" data-end=\"1546\">La forme de la lame <strong data-start=\"1318\" data-end=\"1333\">en forme de feuille<\/strong> offre une polyvalence et un contr\u00f4le excellents &#8211; id\u00e9ale pour les coupes de tension de pr\u00e9cision et les coupes de puissance dans les mat\u00e9riaux plus denses. La coupe optimis\u00e9e assure une coupe lisse sans accrochage inutile. <\/p>\n<p data-start=\"1548\" data-end=\"1775\">Le manche ergonomique de couleur bleu-noir est con\u00e7u pour s&rsquo;adapter parfaitement \u00e0 la paume de la main, m\u00eame en cas d&rsquo;utilisation prolong\u00e9e. La finition finement textur\u00e9e du manche am\u00e9liore l&rsquo;adh\u00e9rence, garantissant une prise en main s\u00fbre, m\u00eame dans des conditions difficiles. <\/p>\n<p data-start=\"1777\" data-end=\"1977\">Les commandes du couteau sont intuitives &#8211; le traditionnel <strong data-start=\"1816\" data-end=\"1839\">Round Hole de Spyderco<\/strong> permet une ouverture rapide et en douceur d&rsquo;une seule main, tandis que le <strong data-start=\"1898\" data-end=\"1912\">Frame Lock<\/strong> garantit que la lame est fermement et solidement verrouill\u00e9e pendant les op\u00e9rations de coupe.<\/p>\n<hr data-start=\"1979\" data-end=\"1982\">\n<h2 data-start=\"1984\" data-end=\"1999\">\ud83c\udfed \u00c0 propos du fabricant<\/h2>\n<p data-start=\"2001\" data-end=\"2385\">Spyderco est une marque qui a une longue histoire d&rsquo;innovation dans le domaine des couteaux de fermeture. Depuis sa premi\u00e8re conception brevet\u00e9e d&rsquo;ouverture \u00e0 une main jusqu&rsquo;aux mod\u00e8les modernes d&rsquo;aujourd&rsquo;hui, Spyderco a \u00e9t\u00e9 \u00e0 l&rsquo;origine de nombreux designs r\u00e9volutionnaires qui ont d\u00e9fini la fa\u00e7on dont nous concevons les couteaux EDC aujourd&rsquo;hui. L&rsquo;Essenza est la prochaine \u00e9tape de cette tradition &#8211; un outil simple, efficace et fiable pour un usage quotidien.  <\/p>\n<hr data-start=\"2387\" data-end=\"2390\">\n<h2 data-start=\"2392\" data-end=\"2419\">\u2699\ufe0f Sp\u00e9cifications techniques<\/h2>\n<div class=\"TyagGW_tableContainer\">\n<div class=\"group TyagGW_tableWrapper flex flex-col-reverse w-fit\" tabindex=\"-1\">\n<table class=\"w-fit min-w-(--thread-content-width)\" data-start=\"2421\" data-end=\"3012\">\n<thead data-start=\"2421\" data-end=\"2443\">\n<tr data-start=\"2421\" data-end=\"2443\">\n<th class=\"\" data-start=\"2421\" data-end=\"2432\" data-col-size=\"sm\">Param\u00e8tre<\/th>\n<th class=\"\" data-start=\"2432\" data-end=\"2443\" data-col-size=\"md\">Valeur<\/th>\n<\/tr>\n<\/thead>\n<tbody data-start=\"2467\" data-end=\"3012\">\n<tr data-start=\"2467\" data-end=\"2541\">\n<td data-start=\"2467\" data-end=\"2475\" data-col-size=\"sm\">Mod\u00e8le<\/td>\n<td data-start=\"2475\" data-end=\"2541\" data-col-size=\"md\">Spyderco Essenza &#8211; lame noire, manche bleu-noir (C272ALBKP)<\/td>\n<\/tr>\n<tr data-start=\"2542\" data-end=\"2564\">\n<td data-start=\"2542\" data-end=\"2548\" data-col-size=\"sm\">Type de couteau<\/td>\n<td data-start=\"2548\" data-end=\"2564\" data-col-size=\"md\">Couteau de fermeture<\/td>\n<\/tr>\n<tr data-start=\"2565\" data-end=\"2596\">\n<td data-start=\"2565\" data-end=\"2581\" data-col-size=\"sm\">Longueur totale<\/td>\n<td data-start=\"2581\" data-end=\"2596\" data-col-size=\"md\">environ 18,4 cm<\/td>\n<\/tr>\n<tr data-start=\"2597\" data-end=\"2626\">\n<td data-start=\"2597\" data-end=\"2612\" data-col-size=\"sm\">Longueur de la lame<\/td>\n<td data-start=\"2612\" data-end=\"2626\" data-col-size=\"md\">environ 8,1 cm<\/td>\n<\/tr>\n<tr data-start=\"2627\" data-end=\"2659\">\n<td data-start=\"2627\" data-end=\"2645\" data-col-size=\"sm\">Epaisseur de la lame<\/td>\n<td data-start=\"2645\" data-end=\"2659\" data-col-size=\"md\">environ 3,4 mm<\/td>\n<\/tr>\n<tr data-start=\"2660\" data-end=\"2691\">\n<td data-start=\"2660\" data-end=\"2678\" data-col-size=\"sm\">Mat\u00e9riau de la lame<\/td>\n<td data-start=\"2678\" data-end=\"2691\" data-col-size=\"md\">CPM S45VN<\/td>\n<\/tr>\n<tr data-start=\"2692\" data-end=\"2721\">\n<td data-start=\"2692\" data-end=\"2706\" data-col-size=\"sm\">Forme de la lame<\/td>\n<td data-start=\"2706\" data-end=\"2721\" data-col-size=\"md\">En forme de feuille<\/td>\n<\/tr>\n<tr data-start=\"2722\" data-end=\"2750\">\n<td data-start=\"2722\" data-end=\"2731\" data-col-size=\"sm\">Clipping<\/td>\n<td data-start=\"2731\" data-end=\"2750\" data-col-size=\"md\">Broyage \u00e0 plat complet<\/td>\n<\/tr>\n<tr data-start=\"2751\" data-end=\"2780\">\n<td data-start=\"2751\" data-end=\"2767\" data-col-size=\"sm\">Surface de la lame<\/td>\n<td data-start=\"2767\" data-end=\"2780\" data-col-size=\"md\">DLC noir<\/td>\n<\/tr>\n<tr data-start=\"2781\" data-end=\"2799\">\n<td data-start=\"2781\" data-end=\"2789\" data-col-size=\"sm\">Alimentation<\/td>\n<td data-start=\"2789\" data-end=\"2799\" data-col-size=\"md\">Lisse<\/td>\n<\/tr>\n<tr data-start=\"2800\" data-end=\"2840\">\n<td data-start=\"2800\" data-end=\"2810\" data-col-size=\"sm\">Poign\u00e9e<\/td>\n<td data-start=\"2810\" data-end=\"2840\" data-col-size=\"md\">aluminium \/ finition bleu-noir<\/td>\n<\/tr>\n<tr data-start=\"2841\" data-end=\"2863\">\n<td data-start=\"2841\" data-end=\"2849\" data-col-size=\"sm\">Ch\u00e2teau<\/td>\n<td data-start=\"2849\" data-end=\"2863\" data-col-size=\"md\">Verrouillage du cadre<\/td>\n<\/tr>\n<tr data-start=\"2864\" data-end=\"2899\">\n<td data-start=\"2864\" data-end=\"2876\" data-col-size=\"sm\">Ouverture<\/td>\n<td data-start=\"2876\" data-end=\"2899\" data-col-size=\"md\">Trou rond Spyderco<\/td>\n<\/tr>\n<tr data-start=\"2900\" data-end=\"2944\">\n<td data-start=\"2900\" data-end=\"2907\" data-col-size=\"sm\">Clip<\/td>\n<td data-start=\"2907\" data-end=\"2944\" data-col-size=\"md\">4 positions (G\/D, basculer vers le haut\/bas)<\/td>\n<\/tr>\n<tr data-start=\"2945\" data-end=\"2969\">\n<td data-start=\"2945\" data-end=\"2956\" data-col-size=\"sm\">Poids<\/td>\n<td data-start=\"2956\" data-end=\"2969\" data-col-size=\"md\">environ 105 g<\/td>\n<\/tr>\n<tr data-start=\"2970\" data-end=\"3012\">\n<td data-start=\"2970\" data-end=\"2982\" data-col-size=\"sm\">Cat\u00e9gorie<\/td>\n<td data-start=\"2982\" data-end=\"3012\" data-col-size=\"md\">Couteau de fermeture EDC \u00e9l\u00e9gant<\/td>\n<\/tr>\n<\/tbody>\n<\/table>\n<\/div>\n<\/div>\n<hr data-start=\"3014\" data-end=\"3017\">\n<h2 data-start=\"3019\" data-end=\"3037\">\u2705 Principaux avantages<\/h2>\n<ul data-start=\"3039\" data-end=\"3362\">\n<li data-start=\"3039\" data-end=\"3125\">\n<p data-start=\"3041\" data-end=\"3125\"><strong data-start=\"3041\" data-end=\"3068\">Acier premium CPM S45VN<\/strong> &#8211; excellent \u00e9quilibre entre le tranchant, la durabilit\u00e9 et l&rsquo;entretien<\/p>\n<\/li>\n<li data-start=\"3126\" data-end=\"3193\">\n<p data-start=\"3128\" data-end=\"3193\"><strong data-start=\"3128\" data-end=\"3159\">Design compact et confortable<\/strong> &#8211; id\u00e9al pour une utilisation quotidienne<\/p>\n<\/li>\n<li data-start=\"3194\" data-end=\"3251\">\n<p data-start=\"3196\" data-end=\"3251\"><strong data-start=\"3196\" data-end=\"3210\">Frame Lock<\/strong> &#8211; verrouillage robuste et s\u00fbr de la lame<\/p>\n<\/li>\n<li data-start=\"3252\" data-end=\"3311\">\n<p data-start=\"3254\" data-end=\"3311\"><strong data-start=\"3254\" data-end=\"3277\">Spyderco Round Hole<\/strong> &#8211; ouverture rapide et intuitive<\/p>\n<\/li>\n<li data-start=\"3312\" data-end=\"3362\">\n<p data-start=\"3314\" data-end=\"3362\"><strong data-start=\"3314\" data-end=\"3333\">Clip \u00e0 4 positions<\/strong> &#8211; options de port flexibles<\/p>\n<\/li>\n<\/ul>\n<hr data-start=\"3364\" data-end=\"3367\">\n<h2 data-start=\"3369\" data-end=\"3388\">\u26a0\ufe0f Restrictions possibles<\/h2>\n<ul data-start=\"3390\" data-end=\"3631\">\n<li data-start=\"3390\" data-end=\"3481\">\n<p data-start=\"3392\" data-end=\"3481\"><strong data-start=\"3392\" data-end=\"3410\">Taille r\u00e9duite<\/strong> &#8211; pour certains utilisateurs, peut ne pas \u00eatre id\u00e9al pour les t\u00e2ches ext\u00e9rieures exigeantes<\/p>\n<\/li>\n<li data-start=\"3482\" data-end=\"3549\">\n<p data-start=\"3484\" data-end=\"3549\"><strong data-start=\"3484\" data-end=\"3513\">Conception ax\u00e9e sur l&rsquo;EDC<\/strong> &#8211; pas un couteau de travail robuste<\/p>\n<\/li>\n<li data-start=\"3550\" data-end=\"3631\">\n<p data-start=\"3552\" data-end=\"3631\"><strong data-start=\"3552\" data-end=\"3576\">Finition DLC<\/strong> &#8211; peut s&rsquo;user progressivement sur les bords en cas de travail intensif<\/p>\n<\/li>\n<\/ul>\n<hr data-start=\"3633\" data-end=\"3636\">\n<h2 data-start=\"3638\" data-end=\"3658\">\ud83d\udee0\ufe0f Entretien et soins<\/h2>\n<ul data-start=\"3660\" data-end=\"3868\">\n<li data-start=\"3660\" data-end=\"3719\">\n<p data-start=\"3662\" data-end=\"3719\">S\u00e9chez la lame apr\u00e8s utilisation, en particulier lorsqu&rsquo;elle est en contact avec de l&rsquo;humidit\u00e9.<\/p>\n<\/li>\n<li data-start=\"3720\" data-end=\"3785\">\n<p data-start=\"3722\" data-end=\"3785\">V\u00e9rifiez r\u00e9guli\u00e8rement le fonctionnement de la serrure du cadre et du m\u00e9canisme d&rsquo;ouverture.<\/p>\n<\/li>\n<li data-start=\"3786\" data-end=\"3868\">\n<p data-start=\"3788\" data-end=\"3868\">Entretenez la lame en l&rsquo;aiguisant r\u00e9guli\u00e8rement pour qu&rsquo;elle reste tranchante apr\u00e8s de longues p\u00e9riodes d&rsquo;utilisation.<\/p>\n<\/li>\n<\/ul>\n<hr data-start=\"3870\" data-end=\"3873\">\n<h2 data-start=\"3875\" data-end=\"3917\">\ud83d\udd2a Accessoires recommand\u00e9s pour l&rsquo;aff\u00fbtage<\/h2>\n<p data-start=\"3919\" data-end=\"4093\"><strong data-start=\"3919\" data-end=\"3985\">Spyderco Tri-Angle Sharpmaker Complete Sharening System 204MF<\/strong> &#8211; un syst\u00e8me simple et efficace pour maintenir une lame de pr\u00e9cision pour votre Essenza.<br data-start=\"4063\" data-end=\"4066\">\ud83d\uded2 Acheter sur <strong data-start=\"4079\" data-end=\"4093\">Moskito.cz<\/strong><\/p>\n<hr data-start=\"4095\" data-end=\"4098\">\n<h2 data-start=\"4100\" data-end=\"4120\">\ud83c\udfaf Recommand\u00e9 pour<\/h2>\n<ul data-start=\"4122\" data-end=\"4316\">\n<li data-start=\"4122\" data-end=\"4147\">\n<p data-start=\"4124\" data-end=\"4147\">v\u00eatements de tous les jours pour l&rsquo;EDC<\/p>\n<\/li>\n<li data-start=\"4148\" data-end=\"4202\">\n<p data-start=\"4150\" data-end=\"4202\">les utilisateurs qui souhaitent un couteau compact mais puissant<\/p>\n<\/li>\n<li data-start=\"4203\" data-end=\"4242\">\n<p data-start=\"4205\" data-end=\"4242\">ceux qui appr\u00e9cient une ergonomie confortable<\/p>\n<\/li>\n<li data-start=\"4243\" data-end=\"4271\">\n<p data-start=\"4245\" data-end=\"4271\">Les fans de Spyderco<\/p>\n<\/li>\n<li data-start=\"4272\" data-end=\"4316\">\n<p data-start=\"4274\" data-end=\"4316\">D\u00e9coupes pratiques de mat\u00e9riaux de taille journali\u00e8re<\/p>\n<\/li>\n<\/ul>\n<hr data-start=\"4318\" data-end=\"4321\">\n<h2 data-start=\"4323\" data-end=\"4347\">\u2b50 Note finale<\/h2>\n<p data-start=\"4349\" data-end=\"4639\">Le Spyderco Essenza C272ALBKP &#8211; lame noire et manche bleu-noir est un <strong data-start=\"4416\" data-end=\"4463\">couteau de fermeture \u00e9l\u00e9gant, confortable et fiable<\/strong> qui deviendra un partenaire id\u00e9al pour les t\u00e2ches quotidiennes. Dot\u00e9 d&rsquo;un acier de qualit\u00e9 sup\u00e9rieure, d&rsquo;une m\u00e9canique intuitive et d&rsquo;un design ergonomique, l&rsquo;Essenza offre de hautes performances de coupe dans un ensemble compact. <\/p>\n<p data-start=\"4641\" data-end=\"4701\">Essenza &#8211; <strong data-start=\"4651\" data-end=\"4696\">\u00e9l\u00e9gance, fonction et confiance dans chaque coupe.<\/strong> \ud83d\udd2a\ud83d\udcbc<\/p>\n<\/div>\n<\/div>\n<\/div>\n<\/div>\n<div class=\"z-0 flex min-h-[46px] justify-start\"><\/div>\n<\/div>\n<\/div>\n<\/article>\n<\/div>\n<div class=\"pointer-events-none h-px w-px absolute bottom-0\" aria-hidden=\"true\" data-edge=\"true\"><\/div>\n","protected":false},"excerpt":{"rendered":"<div class=\"flex max-w-full flex-col grow\">\n<div class=\"min-h-8 text-message relative flex w-full flex-col items-end gap-2 text-start break-words whitespace-normal [.text-message+&amp;]:mt-1\" dir=\"auto\" data-message-author-role=\"assistant\" data-message-id=\"90d053d4-647e-41dd-a078-066020e44e54\" data-message-model-slug=\"gpt-5-2\">\n<div class=\"flex w-full flex-col gap-1 empty:hidden first:pt-[1px]\">\n<div class=\"markdown prose dark:prose-invert w-full wrap-break-word light markdown-new-styling\">\n<p data-start=\"4349\" data-end=\"4639\"><strong>Le Spyderco Essenza C272ALBKP &#8211; lame noire et manche bleu-noir est un couteau de fermeture \u00e9l\u00e9gant, confortable et fiable qui deviendra un partenaire id\u00e9al pour les t\u00e2ches quotidiennes. Dot\u00e9 d&rsquo;un acier de qualit\u00e9 sup\u00e9rieure, d&rsquo;une m\u00e9canique intuitive et d&rsquo;un design ergonomique, l&rsquo;Essenza offre de hautes performances de coupe dans un ensemble compact. <\/strong><\/p>\n<p data-start=\"4641\" data-end=\"4701\"><strong>Essenza &#8211; \u00e9l\u00e9gance, fonction et confiance dans chaque coupe. \ud83d\udd2a\ud83d\udcbc <\/strong><\/p>\n<\/div>\n<\/div>\n<\/div>\n<\/div>\n<div class=\"z-0 flex min-h-[46px] justify-start\"><strong>Livraison gratuite.<\/strong><\/div>\n","protected":false},"featured_media":436723,"comment_status":"open","ping_status":"closed","template":"","meta":[],"pwb-brand":[3778],"product_brand":[],"product_cat":[3700,3696],"product_tag":[],"class_list":{"0":"post-437302","1":"product","2":"type-product","3":"status-publish","4":"has-post-thumbnail","6":"pwb-brand-spyderco-fr","7":"product_cat-couteaux-de-fermeture","8":"product_cat-des-couteaux","10":"first","11":"instock","12":"taxable","13":"shipping-taxable","14":"purchasable","15":"product-type-simple"},"brands":[{"id":3778,"name":"Spyderco","slug":"spyderco-fr"}],"_links":{"self":[{"href":"https:\/\/www.moskito.cz\/fr\/wp-json\/wp\/v2\/product\/437302","targetHints":{"allow":["GET"]}}],"collection":[{"href":"https:\/\/www.moskito.cz\/fr\/wp-json\/wp\/v2\/product"}],"about":[{"href":"https:\/\/www.moskito.cz\/fr\/wp-json\/wp\/v2\/types\/product"}],"replies":[{"embeddable":true,"href":"https:\/\/www.moskito.cz\/fr\/wp-json\/wp\/v2\/comments?post=437302"}],"wp:featuredmedia":[{"embeddable":true,"href":"https:\/\/www.moskito.cz\/fr\/wp-json\/wp\/v2\/media\/436723"}],"wp:attachment":[{"href":"https:\/\/www.moskito.cz\/fr\/wp-json\/wp\/v2\/media?parent=437302"}],"wp:term":[{"taxonomy":"pwb-brand","embeddable":true,"href":"https:\/\/www.moskito.cz\/fr\/wp-json\/wp\/v2\/pwb-brand?post=437302"},{"taxonomy":"product_brand","embeddable":true,"href":"https:\/\/www.moskito.cz\/fr\/wp-json\/wp\/v2\/product_brand?post=437302"},{"taxonomy":"product_cat","embeddable":true,"href":"https:\/\/www.moskito.cz\/fr\/wp-json\/wp\/v2\/product_cat?post=437302"},{"taxonomy":"product_tag","embeddable":true,"href":"https:\/\/www.moskito.cz\/fr\/wp-json\/wp\/v2\/product_tag?post=437302"}],"curies":[{"name":"wp","href":"https:\/\/api.w.org\/{rel}","templated":true}]}}