{"id":437354,"date":"2025-08-12T14:03:53","date_gmt":"2025-08-12T13:03:53","guid":{"rendered":"https:\/\/www.moskito.cz\/produkt\/spyderco-manix-2-couteau-a-sel-c101pyl2\/"},"modified":"2026-02-15T12:03:30","modified_gmt":"2026-02-15T11:03:30","slug":"spyderco-manix-2-couteau-a-sel-c101pyl2","status":"publish","type":"product","link":"https:\/\/www.moskito.cz\/fr\/produkt\/spyderco-manix-2-couteau-a-sel-c101pyl2\/","title":{"rendered":"Spyderco Manix 2 couteau \u00e0 sel C101PYL2"},"content":{"rendered":"<h2 data-pm-slice=\"1 1 []\">Spyderco Manix 2 Salt Lightweight Knife &#8211; CPM-MagnaCut Satin Plain Blade, Yellow FRN Handles &#8211; C101PYL2<\/h2>\n<h3>Introduction<\/h3>\n<p>Le Spyderco Manix 2 Salt Lightweight est la preuve que m\u00eame un couteau de fermeture peut \u00eatre aussi durable qu&rsquo;un \u00e9quipement de plong\u00e9e professionnel. Pour la premi\u00e8re fois, la s\u00e9rie Salt offre la construction l\u00e9gendaire du Manix 2 combin\u00e9e \u00e0 l&rsquo;acier inoxydable CPM MagnaCut ultra-durable et au syst\u00e8me unique Ball Bearing Lock. Ce mod\u00e8le est con\u00e7u pour une durabilit\u00e9 extr\u00eame dans les environnements o\u00f9 le sel et l&rsquo;humidit\u00e9 sont des adversaires courants &#8211; que vous soyez sur un bateau, en mer ou que vous travailliez dans un environnement humide.  <\/p>\n<div>\n<hr>\n<\/div>\n<h3>Histoire et d\u00e9veloppement<\/h3>\n<p>La s\u00e9rie <strong>Salt<\/strong> a \u00e9t\u00e9 introduite en 2003 et a \u00e9tabli une nouvelle norme pour les couteaux avec une r\u00e9sistance extr\u00eame \u00e0 la corrosion. Les mod\u00e8les originaux \u00e9taient bas\u00e9s sur les fermetures back lock japonaises \u00e9prouv\u00e9es, mais en 2017, le mod\u00e8le Caribbean Salt avec la Compression Lock plus moderne a \u00e9t\u00e9 ajout\u00e9 \u00e0 la famille. Le Manix 2 Salt Lightweight, cependant, est le premier \u00e0 combiner le <strong>Ball Bearing Lock<\/strong> avec la construction Salt.<br \/>\nL&rsquo;inspiration est venue du Manix 2 Lightweight original, un couteau r\u00e9volutionnaire avec un manche FRCP translucide qui a remport\u00e9 le prix du <strong>design am\u00e9ricain le plus innovant<\/strong> au Blade Show 2010. La version Salt pousse ce concept encore plus loin en utilisant de l&rsquo;acier CPM MagnaCut de premi\u00e8re qualit\u00e9 et des composants r\u00e9sistants \u00e0 la corrosion soigneusement s\u00e9lectionn\u00e9s dans tout le m\u00e9canisme.   <\/p>\n<div>\n<hr>\n<\/div>\n<h3>Sp\u00e9cifications techniques<\/h3>\n<table>\n<tbody>\n<tr>\n<th>Param\u00e8tre<\/th>\n<th>Valeur<\/th>\n<\/tr>\n<tr>\n<td>Longueur de la lame<\/td>\n<td>86 mm (3.37&Prime;)<\/td>\n<\/tr>\n<tr>\n<td>Lame<\/td>\n<td>73 mm (2,88&Prime;)<\/td>\n<\/tr>\n<tr>\n<td>Longueur du couteau ferm\u00e9<\/td>\n<td>118 mm (4.66&Prime;)<\/td>\n<\/tr>\n<tr>\n<td>Longueur totale<\/td>\n<td>204 mm (8.03&Prime;)<\/td>\n<\/tr>\n<tr>\n<td>Lames en acier<\/td>\n<td>CPM MagnaCut<\/td>\n<\/tr>\n<tr>\n<td>\u00c9paisseur de la lame<\/td>\n<td>3,2 mm<\/td>\n<\/tr>\n<tr>\n<td>Forme de la lame<\/td>\n<td>En forme de feuille<\/td>\n<\/tr>\n<tr>\n<td>Broyage<\/td>\n<td>Plan\u00e9it\u00e9 compl\u00e8te<\/td>\n<\/tr>\n<tr>\n<td>Surface de la lame<\/td>\n<td>Satin\u00e9e<\/td>\n<\/tr>\n<tr>\n<td>Mat\u00e9riau du manche<\/td>\n<td>FRN jaune<\/td>\n<\/tr>\n<tr>\n<td>M\u00e9canisme de fusible<\/td>\n<td>Verrouillage par roulement \u00e0 billes<\/td>\n<\/tr>\n<tr>\n<td>Clip<\/td>\n<td>R\u00e9versible, bascule vers le haut, c\u00f4t\u00e9 droit\/gauche<\/td>\n<\/tr>\n<tr>\n<td>Poids<\/td>\n<td>82 g<\/td>\n<\/tr>\n<tr>\n<td>Production<\/td>\n<td>Golden, Colorado, \u00c9tats-Unis<\/td>\n<\/tr>\n<\/tbody>\n<\/table>\n<div>\n<hr>\n<\/div>\n<h3>Principaux avantages<\/h3>\n<ul data-spread=\"false\">\n<li><strong>CPM MagnaCut<\/strong> &#8211; acier inoxydable de premi\u00e8re qualit\u00e9 offrant une excellente combinaison de robustesse, de r\u00e9tention de la lame et de r\u00e9sistance \u00e0 la corrosion.<\/li>\n<li><strong>Verrouillage \u00e0 roulement \u00e0 billes<\/strong> &#8211; fonctionnement souple, grande r\u00e9sistance, contr\u00f4labilit\u00e9 des deux c\u00f4t\u00e9s.<\/li>\n<li><strong>Poids ultra-l\u00e9ger<\/strong> &#8211; seulement 82 g pour une tenue confortable.<\/li>\n<li><strong>Manche en FRN<\/strong> &#8211; durable, l\u00e9ger, avec un motif antid\u00e9rapant profond.<\/li>\n<li><strong>R\u00e9sistance totale \u00e0 la corrosion<\/strong> &#8211; non seulement la lame, mais aussi toutes les pi\u00e8ces m\u00e9talliques sont soigneusement s\u00e9lectionn\u00e9es pour r\u00e9sister \u00e0 la corrosion galvanique.<\/li>\n<\/ul>\n<div>\n<hr>\n<\/div>\n<h3>Inconv\u00e9nients<\/h3>\n<ul data-spread=\"false\">\n<li>La poign\u00e9e jaune vif peut ne pas convenir \u00e0 tout le monde d&rsquo;un point de vue esth\u00e9tique.<\/li>\n<li>La serrure \u00e0 roulement \u00e0 billes n\u00e9cessite quelques comp\u00e9tences pour \u00eatre d\u00e9mont\u00e9e (si n\u00e9cessaire) \u00e0 des fins d&rsquo;entretien.<\/li>\n<\/ul>\n<div>\n<hr>\n<\/div>\n<h3>Entretien et meulage<\/h3>\n<p>Le CPM MagnaCut est l&rsquo;une des meilleures poudres d&rsquo;acier inoxydable et n\u00e9cessite un entretien standard &#8211; il suffit de nettoyer la lame de la salet\u00e9 apr\u00e8s utilisation et de la traiter occasionnellement avec de l&rsquo;huile antirouille. Gr\u00e2ce \u00e0 sa durabilit\u00e9, le couteau n&rsquo;est pas susceptible de rouiller, m\u00eame en milieu marin.<br \/>\nL&rsquo;aff\u00fbtage est possible avec les aff\u00fbteuses classiques, et la lame conservera son excellent tranchant pendant tr\u00e8s longtemps si l&rsquo;angle correct est maintenu.<br \/>\n<strong>Pour entretenir la lame, nous vous recommandons le syst\u00e8me d&rsquo;aff\u00fbtage complet Tri-Angle Sharpmaker 204MF de Spyderco &#8211; id\u00e9al pour les lames lisses. \ud83d\uded2 Achetez sur notre site Moskito.cz. <\/strong><\/p>\n<div>\n<hr>\n<\/div>\n<h3>\u00c0 qui s&rsquo;adresse ce programme ?<\/h3>\n<ul data-spread=\"false\">\n<li>Professionnels travaillant dans des environnements difficiles, humides ou marins.<\/li>\n<li>Les amateurs de plein air, les p\u00eacheurs, les marins, les plongeurs.<\/li>\n<li>Les collectionneurs \u00e0 la recherche d&rsquo;un mod\u00e8le Salt haut de gamme avec un m\u00e9canisme de verrouillage moderne.<\/li>\n<\/ul>\n<div>\n<hr>\n<\/div>\n<h3>\u00c9valuation finale<\/h3>\n<p>Le Spyderco Manix 2 Salt Lightweight n&rsquo;est pas seulement un couteau durable &#8211; c&rsquo;est la preuve que m\u00eame un couteau \u00e0 verrou peut \u00eatre enti\u00e8rement pr\u00e9par\u00e9 pour des conditions extr\u00eames sans perdre en \u00e9l\u00e9gance et en fonctionnalit\u00e9. Combin\u00e9 avec le CPM MagnaCut et le Ball Bearing Lock, vous obtenez un outil qui r\u00e9sistera \u00e0 la mer, \u00e0 la jungle et au transport quotidien. <\/p>\n","protected":false},"excerpt":{"rendered":"<p><strong>Le Spyderco Manix 2 Salt Lightweight n&rsquo;est pas seulement un couteau durable &#8211; c&rsquo;est la preuve que m\u00eame un plus petit peut \u00eatre enti\u00e8rement pr\u00e9par\u00e9 pour des conditions extr\u00eames.<\/strong><\/p>\n<p><strong>Livraison gratuite.<\/strong><\/p>\n","protected":false},"featured_media":421318,"comment_status":"open","ping_status":"closed","template":"","meta":[],"pwb-brand":[3778],"product_brand":[],"product_cat":[3700,3696],"product_tag":[],"class_list":{"0":"post-437354","1":"product","2":"type-product","3":"status-publish","4":"has-post-thumbnail","6":"pwb-brand-spyderco-fr","7":"product_cat-couteaux-de-fermeture","8":"product_cat-des-couteaux","10":"first","11":"instock","12":"taxable","13":"shipping-taxable","14":"purchasable","15":"product-type-simple"},"brands":[{"id":3778,"name":"Spyderco","slug":"spyderco-fr"}],"_links":{"self":[{"href":"https:\/\/www.moskito.cz\/fr\/wp-json\/wp\/v2\/product\/437354","targetHints":{"allow":["GET"]}}],"collection":[{"href":"https:\/\/www.moskito.cz\/fr\/wp-json\/wp\/v2\/product"}],"about":[{"href":"https:\/\/www.moskito.cz\/fr\/wp-json\/wp\/v2\/types\/product"}],"replies":[{"embeddable":true,"href":"https:\/\/www.moskito.cz\/fr\/wp-json\/wp\/v2\/comments?post=437354"}],"wp:featuredmedia":[{"embeddable":true,"href":"https:\/\/www.moskito.cz\/fr\/wp-json\/wp\/v2\/media\/421318"}],"wp:attachment":[{"href":"https:\/\/www.moskito.cz\/fr\/wp-json\/wp\/v2\/media?parent=437354"}],"wp:term":[{"taxonomy":"pwb-brand","embeddable":true,"href":"https:\/\/www.moskito.cz\/fr\/wp-json\/wp\/v2\/pwb-brand?post=437354"},{"taxonomy":"product_brand","embeddable":true,"href":"https:\/\/www.moskito.cz\/fr\/wp-json\/wp\/v2\/product_brand?post=437354"},{"taxonomy":"product_cat","embeddable":true,"href":"https:\/\/www.moskito.cz\/fr\/wp-json\/wp\/v2\/product_cat?post=437354"},{"taxonomy":"product_tag","embeddable":true,"href":"https:\/\/www.moskito.cz\/fr\/wp-json\/wp\/v2\/product_tag?post=437354"}],"curies":[{"name":"wp","href":"https:\/\/api.w.org\/{rel}","templated":true}]}}