{"id":437358,"date":"2026-02-15T11:52:54","date_gmt":"2026-02-15T10:52:54","guid":{"rendered":"https:\/\/www.moskito.cz\/produkt\/spyderco-para-3-salt-closing-knife-c223gbkylmcp\/"},"modified":"2026-02-15T12:03:35","modified_gmt":"2026-02-15T11:03:35","slug":"spyderco-para-3-salt-closing-knife-c223gbkylmcp","status":"publish","type":"product","link":"https:\/\/www.moskito.cz\/fr\/produkt\/spyderco-para-3-salt-closing-knife-c223gbkylmcp\/","title":{"rendered":"Spyderco Para 3 Salt Closing Knife C223GBKYLMCP"},"content":{"rendered":"<p data-start=\"114\" data-end=\"436\">D\u00e8s que vous prendrez en main le <strong data-start=\"137\" data-end=\"187\">Spyderco Para 3 Salt CPM MagnaCut C223GBKYLMCP<\/strong>, vous sentirez imm\u00e9diatement la taille compacte, le fonctionnement pr\u00e9cis et la confiance qu&rsquo;apporte le Compression Lock. Ce mod\u00e8le combine la plateforme l\u00e9gendaire du Para 3 avec un acier CPM MagnaCut moderne et une poign\u00e9e G10 jaune et noire distinctive qui se d\u00e9marque \u00e0 la fois fonctionnellement et visuellement. <\/p>\n<p data-start=\"438\" data-end=\"551\">Con\u00e7u par Eric Glesser et Sal Glesser et fabriqu\u00e9 aux Etats-Unis par <strong data-start=\"509\" data-end=\"550\"><span class=\"hover:entity-accent entity-underline inline cursor-pointer align-baseline\"><span class=\"whitespace-normal\">Spyderco<\/span><\/span><\/strong>.<\/p>\n<hr data-start=\"553\" data-end=\"556\">\n<p data-start=\"558\" data-end=\"586\">\ud83d\udd25 <strong data-start=\"561\" data-end=\"586\">Caract\u00e8re et philosophie<\/strong><\/p>\n<p data-start=\"588\" data-end=\"754\">Le Para 3 Salt est un couteau EDC compact con\u00e7u pour une performance maximale au quotidien. Gr\u00e2ce \u00e0 sa lame plus courte, il offre un excellent contr\u00f4le et un pouvoir de coupe suffisant. <\/p>\n<p data-start=\"756\" data-end=\"811\">Le mod\u00e8le utilise le <strong data-start=\"770\" data-end=\"790\">syst\u00e8me Compression Lock<\/strong>, qui pr\u00e9sente les caract\u00e9ristiques suivantes :<\/p>\n<p data-start=\"813\" data-end=\"906\">haute r\u00e9sistance<br data-start=\"829\" data-end=\"832\">d\u00e9verrouillage s\u00fbr sans introduire les doigts dans la trajectoire de la lame<br data-start=\"887\" data-end=\"890\">fonctionnement en douceur<\/p>\n<p data-start=\"908\" data-end=\"1013\">Sa longueur totale de 18,5 cm en fait le compromis id\u00e9al entre compacit\u00e9 et outil de travail complet.<\/p>\n<hr data-start=\"1015\" data-end=\"1018\">\n<p data-start=\"1020\" data-end=\"1036\"><strong data-start=\"1023\" data-end=\"1036\">\ud83c\udfed A propos du producteur<\/strong><\/p>\n<p data-start=\"1038\" data-end=\"1102\">Spyderco est une marque am\u00e9ricaine fond\u00e9e en 1976. Caract\u00e9ristiques typiques : <\/p>\n<p data-start=\"1104\" data-end=\"1235\">Ouverture ronde iconique de la lame<br data-start=\"1134\" data-end=\"1137\">Accent mis sur l&rsquo;ergonomie et la fonctionnalit\u00e9<br data-start=\"1167\" data-end=\"1170\">Coop\u00e9ration avec des m\u00e9tallurgistes de premier plan<br data-start=\"1201\" data-end=\"1204\">Principaux mod\u00e8les fabriqu\u00e9s aux \u00c9tats-Unis<\/p>\n<p data-start=\"1237\" data-end=\"1298\">Le Para 3 est l&rsquo;une des plateformes EDC les plus populaires de la marque.<\/p>\n<hr data-start=\"1300\" data-end=\"1303\">\n<p data-start=\"1305\" data-end=\"1352\">\ud83d\udde1\ufe0f <strong data-start=\"1309\" data-end=\"1352\">Lame &#8211; Drop Point avec coupe plate compl\u00e8te<\/strong><\/p>\n<p data-start=\"1354\" data-end=\"1440\">La lame <strong data-start=\"1365\" data-end=\"1379\">Drop Point<\/strong> offre une grande polyvalence et un contr\u00f4le pr\u00e9cis de la pointe.<\/p>\n<p data-start=\"1442\" data-end=\"1469\">La coupe \u00e0 plat compl\u00e8te fournit :<\/p>\n<p data-start=\"1471\" data-end=\"1565\">excellentes propri\u00e9t\u00e9s de coupe<br data-start=\"1495\" data-end=\"1498\">p\u00e9n\u00e9tration en douceur du mat\u00e9riau<br data-start=\"1522\" data-end=\"1525\">rapport r\u00e9sistance\/performance \u00e9quilibr\u00e9<\/p>\n<p data-start=\"1567\" data-end=\"1664\">La hauteur de la lame de 3,3 cm et son \u00e9paisseur de 4 mm conf\u00e8rent au couteau un caract\u00e8re robuste tout en conservant un bon pouvoir de coupe.<\/p>\n<hr data-start=\"1666\" data-end=\"1669\">\n<p data-start=\"1671\" data-end=\"1697\"><strong data-start=\"1674\" data-end=\"1697\">\ud83d\udd2c Acier &#8211; CPM MagnaCut<\/strong><\/p>\n<p data-start=\"1699\" data-end=\"1760\">CPM MagnaCut est un acier en poudre moderne con\u00e7u pour combiner :<\/p>\n<p data-start=\"1762\" data-end=\"1840\">haute r\u00e9sistance \u00e0 la corrosion<br data-start=\"1791\" data-end=\"1794\">longue dur\u00e9e de vie de la lame<br data-start=\"1814\" data-end=\"1817\">excellente t\u00e9nacit\u00e9<\/p>\n<p data-start=\"1842\" data-end=\"1894\">Il convient aux utilisations exigeantes de l&rsquo;EDC et aux environnements humides.<\/p>\n<hr data-start=\"1896\" data-end=\"1899\">\n<p data-start=\"1901\" data-end=\"1933\">\ud83e\udde9 <strong data-start=\"1904\" data-end=\"1933\">Manche &#8211; G10 jaune-noir<\/strong><\/p>\n<p data-start=\"1935\" data-end=\"1970\">La poign\u00e9e est en G10 durable :<\/p>\n<p data-start=\"1972\" data-end=\"2139\">mat\u00e9riau composite solide<br data-start=\"1997\" data-end=\"2000\">surface textur\u00e9e pour une bonne prise en main<br data-start=\"2034\" data-end=\"2037\">r\u00e9sistance \u00e0 l&rsquo;humidit\u00e9 et aux contraintes m\u00e9caniques<br data-start=\"2083\" data-end=\"2086\">combinaison jaune-noir distinctive pour une meilleure visibilit\u00e9<\/p>\n<p data-start=\"2141\" data-end=\"2188\">Le clip \u00e0 quatre positions permet un port \u00e0 droite ou \u00e0 gauche.<\/p>\n<hr data-start=\"2190\" data-end=\"2193\">\n<p data-start=\"2195\" data-end=\"2223\">\u2699\ufe0f <strong data-start=\"2198\" data-end=\"2223\">Sp\u00e9cifications techniques<\/strong><\/p>\n<div class=\"TyagGW_tableContainer\">\n<div class=\"group TyagGW_tableWrapper flex flex-col-reverse w-fit\" tabindex=\"-1\">\n<table class=\"w-fit min-w-(--thread-content-width)\" data-start=\"2225\" data-end=\"2681\">\n<thead data-start=\"2225\" data-end=\"2243\">\n<tr data-start=\"2225\" data-end=\"2243\">\n<th class=\"\" data-start=\"2225\" data-end=\"2234\" data-col-size=\"sm\">Param\u00e8tre<\/th>\n<th class=\"\" data-start=\"2234\" data-end=\"2243\" data-col-size=\"sm\">Valeur<\/th>\n<\/tr>\n<\/thead>\n<tbody data-start=\"2252\" data-end=\"2681\">\n<tr data-start=\"2252\" data-end=\"2269\">\n<td data-start=\"2252\" data-end=\"2259\" data-col-size=\"sm\">Marque<\/td>\n<td data-start=\"2259\" data-end=\"2269\" data-col-size=\"sm\">Spyderco<\/td>\n<\/tr>\n<tr data-start=\"2270\" data-end=\"2291\">\n<td data-start=\"2270\" data-end=\"2276\" data-col-size=\"sm\">Couleur<\/td>\n<td data-start=\"2276\" data-end=\"2291\" data-col-size=\"sm\">jaune, noir<\/td>\n<\/tr>\n<tr data-start=\"2292\" data-end=\"2328\">\n<td data-start=\"2292\" data-end=\"2300\" data-col-size=\"sm\">Concepteurs<\/td>\n<td data-start=\"2300\" data-end=\"2328\" data-col-size=\"sm\">Eric Glesser , Sal Glesser<\/td>\n<\/tr>\n<tr data-start=\"2329\" data-end=\"2349\">\n<td data-start=\"2329\" data-end=\"2344\" data-col-size=\"sm\">Peut \u00eatre grav\u00e9<\/td>\n<td data-start=\"2344\" data-end=\"2349\" data-col-size=\"sm\">Oui<\/td>\n<\/tr>\n<tr data-start=\"2350\" data-end=\"2398\">\n<td data-start=\"2350\" data-end=\"2387\" data-col-size=\"sm\">Garantie contre les d\u00e9fauts de mat\u00e9riel et de fabrication<\/td>\n<td data-col-size=\"sm\" data-start=\"2387\" data-end=\"2398\">Dur\u00e9e de vie<\/td>\n<\/tr>\n<tr data-start=\"2399\" data-end=\"2423\">\n<td data-start=\"2399\" data-end=\"2405\" data-col-size=\"sm\">S\u00e9rie<\/td>\n<td data-start=\"2405\" data-end=\"2423\" data-col-size=\"sm\">Paragraphe 3 , Sel<\/td>\n<\/tr>\n<tr data-start=\"2424\" data-end=\"2451\">\n<td data-start=\"2424\" data-end=\"2436\" data-col-size=\"sm\">Pays d&rsquo;origine<\/td>\n<td data-start=\"2436\" data-end=\"2451\" data-col-size=\"sm\">\u00c9tats-Unis d&rsquo;Am\u00e9rique<\/td>\n<\/tr>\n<tr data-start=\"2452\" data-end=\"2482\">\n<td data-start=\"2452\" data-end=\"2466\" data-col-size=\"sm\">Num\u00e9ro d&rsquo;article<\/td>\n<td data-col-size=\"sm\" data-start=\"2466\" data-end=\"2482\">SPC223GBKYLMCP<\/td>\n<\/tr>\n<tr data-start=\"2483\" data-end=\"2504\">\n<td data-start=\"2483\" data-end=\"2496\" data-col-size=\"sm\">Hauteur de la lame<\/td>\n<td data-start=\"2496\" data-end=\"2504\" data-col-size=\"sm\">3,3 cm<\/td>\n<\/tr>\n<tr data-start=\"2505\" data-end=\"2526\">\n<td data-start=\"2505\" data-end=\"2518\" data-col-size=\"sm\">Longueur de la lame<\/td>\n<td data-start=\"2518\" data-end=\"2526\" data-col-size=\"sm\">7,6 cm<\/td>\n<\/tr>\n<tr data-start=\"2527\" data-end=\"2547\">\n<td data-start=\"2527\" data-end=\"2539\" data-col-size=\"sm\">Longueur de la lame<\/td>\n<td data-start=\"2539\" data-end=\"2547\" data-col-size=\"sm\">6,7 cm<\/td>\n<\/tr>\n<tr data-start=\"2548\" data-end=\"2570\">\n<td data-start=\"2548\" data-end=\"2564\" data-col-size=\"sm\">\u00c9paisseur de la lame<\/td>\n<td data-start=\"2564\" data-end=\"2570\" data-col-size=\"sm\">4 mm<\/td>\n<\/tr>\n<tr data-start=\"2571\" data-end=\"2592\">\n<td data-start=\"2571\" data-end=\"2585\" data-col-size=\"sm\">Longueur ferm\u00e9e<\/td>\n<td data-col-size=\"sm\" data-start=\"2585\" data-end=\"2592\">11 cm<\/td>\n<\/tr>\n<tr data-start=\"2593\" data-end=\"2616\">\n<td data-start=\"2593\" data-end=\"2607\" data-col-size=\"sm\">Longueur totale<\/td>\n<td data-start=\"2607\" data-end=\"2616\" data-col-size=\"sm\">18,5 cm<\/td>\n<\/tr>\n<tr data-start=\"2617\" data-end=\"2632\">\n<td data-start=\"2617\" data-end=\"2626\" data-col-size=\"sm\">Poids<\/td>\n<td data-start=\"2626\" data-end=\"2632\" data-col-size=\"sm\">97 g<\/td>\n<\/tr>\n<tr data-start=\"2633\" data-end=\"2656\">\n<td data-start=\"2633\" data-end=\"2651\" data-col-size=\"sm\">Mat\u00e9riau du manche<\/td>\n<td data-start=\"2651\" data-end=\"2656\" data-col-size=\"sm\">G10<\/td>\n<\/tr>\n<tr data-start=\"2657\" data-end=\"2681\">\n<td data-start=\"2657\" data-end=\"2667\" data-col-size=\"sm\">Type d&rsquo;acier<\/td>\n<td data-start=\"2667\" data-end=\"2681\" data-col-size=\"sm\">CPM Magnacut<\/td>\n<\/tr>\n<\/tbody>\n<\/table>\n<\/div>\n<\/div>\n<hr data-start=\"2683\" data-end=\"2686\">\n<p data-start=\"2688\" data-end=\"2707\">\u2705 <strong data-start=\"2690\" data-end=\"2707\">Principaux avantages<\/strong><\/p>\n<p data-start=\"2709\" data-end=\"2845\">Acier CPM MagnaCut de premi\u00e8re qualit\u00e9<br data-start=\"2735\" data-end=\"2738\">Serrure \u00e0 compression fiable<br data-start=\"2765\" data-end=\"2768\">Format compact et ergonomique<br data-start=\"2798\" data-end=\"2801\">Coloris distinctif<br data-start=\"2826\" data-end=\"2829\">Fabriqu\u00e9 aux \u00c9tats-Unis<\/p>\n<hr data-start=\"2847\" data-end=\"2850\">\n<p data-start=\"2852\" data-end=\"2872\">\u26a0\ufe0f <strong data-start=\"2855\" data-end=\"2872\">Restrictions possibles<\/strong><\/p>\n<p data-start=\"2874\" data-end=\"2957\">Ouverture manuelle<br data-start=\"2892\" data-end=\"2895\">Lame robuste d&rsquo;une \u00e9paisseur de 4 mm<br data-start=\"2927\" data-end=\"2930\">Cat\u00e9gorie de prix Premium<\/p>\n<hr data-start=\"2959\" data-end=\"2962\">\n<p data-start=\"2964\" data-end=\"2985\">\ud83d\udee0\ufe0f <strong data-start=\"2968\" data-end=\"2985\">Entretien et soins<\/strong><\/p>\n<p data-start=\"2987\" data-end=\"3055\">Nettoyez et s\u00e9chez la lame apr\u00e8s utilisation pour pr\u00e9server sa long\u00e9vit\u00e9.<\/p>\n<p data-start=\"3057\" data-end=\"3121\">Gardez la poign\u00e9e s\u00e8che et propre, surtout apr\u00e8s un contact avec l&rsquo;humidit\u00e9.<\/p>\n<p data-start=\"3123\" data-end=\"3181\">Pour un stockage plus long, lubrifiez l\u00e9g\u00e8rement la lame avec de l&rsquo;huile de protection.<\/p>\n<p data-start=\"3183\" data-end=\"3349\">Pour l&rsquo;aff\u00fbtage des lames, nous vous recommandons le syst\u00e8me d&rsquo;aff\u00fbtage complet Tri-Angle Sharpmaker 204MF de Spyderco &#8211; \u00e9galement id\u00e9al pour les lames lisses. \ud83d\uded2 Acheter sur notre site Moskito.cz <\/p>\n<p data-start=\"3351\" data-end=\"3418\">Un entretien r\u00e9gulier garantit une fiabilit\u00e9 \u00e0 long terme et des performances maximales.<\/p>\n<hr data-start=\"3420\" data-end=\"3423\">\n<p data-start=\"3425\" data-end=\"3446\">\ud83c\udfaf <strong data-start=\"3428\" data-end=\"3446\">Recommand\u00e9 pour<\/strong><\/p>\n<p data-start=\"3448\" data-end=\"3550\">Utilisateurs exigeants de l&rsquo;ECD<br data-start=\"3469\" data-end=\"3472\">Activit\u00e9s de plein air et aquatiques<br data-start=\"3496\" data-end=\"3499\">Usage professionnel<br data-start=\"3520\" data-end=\"3523\">Para 3 platform fans<\/p>\n<hr data-start=\"3552\" data-end=\"3555\">\n<p data-start=\"3557\" data-end=\"3582\">\u2b50 <strong data-start=\"3559\" data-end=\"3582\">Note finale<\/strong><\/p>\n<p data-start=\"3584\" data-end=\"3822\" data-is-last-node=\"\" data-is-only-node=\"\">Le Spyderco Para 3 Salt CPM MagnaCut C223GBKYLMCP combine des dimensions compactes, un acier poudr\u00e9 moderne et une solide serrure \u00e0 compression dans un couteau EDC tr\u00e8s fonctionnel. Le r\u00e9sultat est un outil de travail techniquement avanc\u00e9, durable et distinctif sans compromis \ud83d\udd2a\ud83d\udfe1\u26ab. <\/p>\n","protected":false},"excerpt":{"rendered":"<p><strong>Le Spyderco Para 3 Salt CPM MagnaCut C223GBKYLMCP combine des dimensions compactes, un acier poudr\u00e9 moderne et une solide serrure \u00e0 compression dans un couteau EDC tr\u00e8s fonctionnel. Le r\u00e9sultat est un outil de travail techniquement avanc\u00e9, durable et distinctif sans compromis \ud83d\udd2a\ud83d\udfe1\u26ab. <\/strong><\/p>\n<p><strong>Livraison gratuite.<\/strong><\/p>\n","protected":false},"featured_media":437295,"comment_status":"open","ping_status":"closed","template":"","meta":[],"pwb-brand":[3778],"product_brand":[],"product_cat":[3700,3696],"product_tag":[],"class_list":{"0":"post-437358","1":"product","2":"type-product","3":"status-publish","4":"has-post-thumbnail","6":"pwb-brand-spyderco-fr","7":"product_cat-couteaux-de-fermeture","8":"product_cat-des-couteaux","10":"first","11":"instock","12":"taxable","13":"shipping-taxable","14":"purchasable","15":"product-type-simple"},"brands":[{"id":3778,"name":"Spyderco","slug":"spyderco-fr"}],"_links":{"self":[{"href":"https:\/\/www.moskito.cz\/fr\/wp-json\/wp\/v2\/product\/437358","targetHints":{"allow":["GET"]}}],"collection":[{"href":"https:\/\/www.moskito.cz\/fr\/wp-json\/wp\/v2\/product"}],"about":[{"href":"https:\/\/www.moskito.cz\/fr\/wp-json\/wp\/v2\/types\/product"}],"replies":[{"embeddable":true,"href":"https:\/\/www.moskito.cz\/fr\/wp-json\/wp\/v2\/comments?post=437358"}],"wp:featuredmedia":[{"embeddable":true,"href":"https:\/\/www.moskito.cz\/fr\/wp-json\/wp\/v2\/media\/437295"}],"wp:attachment":[{"href":"https:\/\/www.moskito.cz\/fr\/wp-json\/wp\/v2\/media?parent=437358"}],"wp:term":[{"taxonomy":"pwb-brand","embeddable":true,"href":"https:\/\/www.moskito.cz\/fr\/wp-json\/wp\/v2\/pwb-brand?post=437358"},{"taxonomy":"product_brand","embeddable":true,"href":"https:\/\/www.moskito.cz\/fr\/wp-json\/wp\/v2\/product_brand?post=437358"},{"taxonomy":"product_cat","embeddable":true,"href":"https:\/\/www.moskito.cz\/fr\/wp-json\/wp\/v2\/product_cat?post=437358"},{"taxonomy":"product_tag","embeddable":true,"href":"https:\/\/www.moskito.cz\/fr\/wp-json\/wp\/v2\/product_tag?post=437358"}],"curies":[{"name":"wp","href":"https:\/\/api.w.org\/{rel}","templated":true}]}}