{"id":437414,"date":"2026-02-15T15:56:25","date_gmt":"2026-02-15T14:56:25","guid":{"rendered":"https:\/\/www.moskito.cz\/produkt\/spyderco-fire-dragon-mince-2025\/"},"modified":"2026-02-15T16:07:57","modified_gmt":"2026-02-15T15:07:57","slug":"spyderco-fire-dragon-mince-2025","status":"publish","type":"product","link":"https:\/\/www.moskito.cz\/fr\/produkt\/spyderco-fire-dragon-mince-2025\/","title":{"rendered":"Spyderco FIRE DRAGON MINCE 2025"},"content":{"rendered":"<p data-start=\"96\" data-end=\"364\"><strong data-start=\"96\" data-end=\"130\">Spyderco Fire Dragon Coin 2025<\/strong> est une pi\u00e8ce comm\u00e9morative sp\u00e9cialement frapp\u00e9e pour les collectionneurs et les fans de la marque. <strong data-start=\"207\" data-end=\"248\"><span class=\"hover:entity-accent entity-underline inline cursor-pointer align-baseline\"><span class=\"whitespace-normal\">Spyderco<\/span><\/span><\/strong>. Le motif du dragon de feu symbolise la force, l&rsquo;\u00e9nergie et la pr\u00e9cision, des valeurs associ\u00e9es depuis longtemps \u00e0 la marque. <\/p>\n<hr data-start=\"366\" data-end=\"369\">\n<p data-start=\"371\" data-end=\"396\">\ud83d\udd25 <strong data-start=\"374\" data-end=\"396\">Caract\u00e8re et signification<\/strong><\/p>\n<p data-start=\"398\" data-end=\"501\">La pi\u00e8ce Dragon de feu 2025 n&rsquo;est pas un objet de commercialisation courant. Il s&rsquo;agit d&rsquo;une pi\u00e8ce de collection limit\u00e9e qui : <\/p>\n<p data-start=\"503\" data-end=\"617\">met en \u00e9vidence l&rsquo;identit\u00e9 de la marque<br data-start=\"529\" data-end=\"532\">nous rappelle l&rsquo;ann\u00e9e de sortie sp\u00e9cifique 2025<br data-start=\"567\" data-end=\"570\">sert d&rsquo;objet de collection pour la communaut\u00e9<\/p>\n<p data-start=\"619\" data-end=\"699\">Le gaufrage d\u00e9taill\u00e9 et profond souligne le caract\u00e8re haut de gamme de la pi\u00e8ce.<\/p>\n<hr data-start=\"701\" data-end=\"704\">\n<p data-start=\"706\" data-end=\"732\">\ud83c\udfa8 <strong data-start=\"709\" data-end=\"732\">Conception et traitement<\/strong><\/p>\n<p data-start=\"734\" data-end=\"844\">L&rsquo;\u00e9l\u00e9ment dominant est le motif du dragon dans un design dynamique, souvent accompagn\u00e9 du logo Spyderco et de l&rsquo;ann\u00e9e 2025.<\/p>\n<p data-start=\"846\" data-end=\"860\">\u00c9l\u00e9ments typiques :<\/p>\n<p data-start=\"862\" data-end=\"964\">gaufrage<br data-start=\"878\" data-end=\"881\">gravure d\u00e9taill\u00e9e<br data-start=\"901\" data-end=\"904\">finitions de surface contrast\u00e9es<br data-start=\"931\" data-end=\"934\">usinage des ar\u00eates de pr\u00e9cision<\/p>\n<p data-start=\"966\" data-end=\"1010\">Chaque pi\u00e8ce ressemble \u00e0 un petit objet d&rsquo;art.<\/p>\n<hr data-start=\"1012\" data-end=\"1015\">\n<p data-start=\"1017\" data-end=\"1033\"><strong data-start=\"1020\" data-end=\"1033\">\ud83c\udfed A propos du producteur<\/strong><\/p>\n<p data-start=\"1035\" data-end=\"1233\">Spyderco est une marque am\u00e9ricaine connue pour ses couteaux innovants. Cependant, en plus des mod\u00e8les de production, elle sort occasionnellement des pi\u00e8ces de collection sp\u00e9ciales qui renforcent le caract\u00e8re communautaire de la marque. <\/p>\n<hr data-start=\"1235\" data-end=\"1238\">\n<p data-start=\"1240\" data-end=\"1266\"><strong data-start=\"1243\" data-end=\"1266\">\ud83d\udccc Valeur de collection<\/strong><\/p>\n<p data-start=\"1268\" data-end=\"1294\">Pi\u00e8ces comm\u00e9moratives de ce type :<\/p>\n<p data-start=\"1296\" data-end=\"1427\">sont souvent \u00e9mises en quantit\u00e9s limit\u00e9es<br data-start=\"1335\" data-end=\"1338\">int\u00e9ressent les fans de la marque<br data-start=\"1369\" data-end=\"1372\">peuvent acqu\u00e9rir une valeur de collection plus \u00e9lev\u00e9e au fil du temps<\/p>\n<p data-start=\"1429\" data-end=\"1524\">Le Fire Dragon Coin 2025 est l&rsquo;accessoire parfait pour les collectionneurs de couteaux Spyderco ou comme cadeau \u00e9l\u00e9gant.<\/p>\n<hr data-start=\"1526\" data-end=\"1529\">\n<p data-start=\"1531\" data-end=\"1556\">\u2b50 <strong data-start=\"1533\" data-end=\"1556\">Note finale<\/strong><\/p>\n<p data-start=\"1558\" data-end=\"1791\" data-is-last-node=\"\" data-is-only-node=\"\">Spyderco Fire Dragon Coin 2025 est une pi\u00e8ce comm\u00e9morative fabriqu\u00e9e avec pr\u00e9cision, avec un motif de dragon distinctif et un symbolisme fort. Elle repr\u00e9sente une pi\u00e8ce de collection attrayante qui unit la communaut\u00e9 de la marque et offre une comm\u00e9moration originale de 2025 \ud83d\udc09\ud83d\udd25\ud83d\udd25. <\/p>\n","protected":false},"excerpt":{"rendered":"<p><strong>Spyderco Fire Dragon Coin 2025 est une pi\u00e8ce comm\u00e9morative fabriqu\u00e9e avec pr\u00e9cision, avec un motif de dragon distinctif et un symbolisme fort. Elle repr\u00e9sente une pi\u00e8ce de collection attrayante qui unit la communaut\u00e9 de la marque et offre une comm\u00e9moration originale de 2025 \ud83d\udc09\ud83d\udd25\ud83d\udd25. <\/strong><\/p>\n","protected":false},"featured_media":437399,"comment_status":"open","ping_status":"closed","template":"","meta":[],"pwb-brand":[3778],"product_brand":[],"product_cat":[3700,3696],"product_tag":[],"class_list":{"0":"post-437414","1":"product","2":"type-product","3":"status-publish","4":"has-post-thumbnail","6":"pwb-brand-spyderco-fr","7":"product_cat-couteaux-de-fermeture","8":"product_cat-des-couteaux","10":"first","11":"instock","12":"taxable","13":"shipping-taxable","14":"purchasable","15":"product-type-simple"},"brands":[{"id":3778,"name":"Spyderco","slug":"spyderco-fr"}],"_links":{"self":[{"href":"https:\/\/www.moskito.cz\/fr\/wp-json\/wp\/v2\/product\/437414","targetHints":{"allow":["GET"]}}],"collection":[{"href":"https:\/\/www.moskito.cz\/fr\/wp-json\/wp\/v2\/product"}],"about":[{"href":"https:\/\/www.moskito.cz\/fr\/wp-json\/wp\/v2\/types\/product"}],"replies":[{"embeddable":true,"href":"https:\/\/www.moskito.cz\/fr\/wp-json\/wp\/v2\/comments?post=437414"}],"wp:featuredmedia":[{"embeddable":true,"href":"https:\/\/www.moskito.cz\/fr\/wp-json\/wp\/v2\/media\/437399"}],"wp:attachment":[{"href":"https:\/\/www.moskito.cz\/fr\/wp-json\/wp\/v2\/media?parent=437414"}],"wp:term":[{"taxonomy":"pwb-brand","embeddable":true,"href":"https:\/\/www.moskito.cz\/fr\/wp-json\/wp\/v2\/pwb-brand?post=437414"},{"taxonomy":"product_brand","embeddable":true,"href":"https:\/\/www.moskito.cz\/fr\/wp-json\/wp\/v2\/product_brand?post=437414"},{"taxonomy":"product_cat","embeddable":true,"href":"https:\/\/www.moskito.cz\/fr\/wp-json\/wp\/v2\/product_cat?post=437414"},{"taxonomy":"product_tag","embeddable":true,"href":"https:\/\/www.moskito.cz\/fr\/wp-json\/wp\/v2\/product_tag?post=437414"}],"curies":[{"name":"wp","href":"https:\/\/api.w.org\/{rel}","templated":true}]}}