{"id":437425,"date":"2026-02-15T15:43:48","date_gmt":"2026-02-15T14:43:48","guid":{"rendered":"https:\/\/www.moskito.cz\/produkt\/couteau-de-fermeture-byrd-cara-cara-2-by03bkps2\/"},"modified":"2026-02-15T16:08:08","modified_gmt":"2026-02-15T15:08:08","slug":"couteau-de-fermeture-byrd-cara-cara-2-by03bkps2","status":"publish","type":"product","link":"https:\/\/www.moskito.cz\/fr\/produkt\/couteau-de-fermeture-byrd-cara-cara-2-by03bkps2\/","title":{"rendered":"Couteau de fermeture Byrd Cara Cara 2 BY03BKPS2"},"content":{"rendered":"<p data-start=\"120\" data-end=\"371\">D\u00e8s que vous prendrez en main le <strong data-start=\"143\" data-end=\"173\">Byrd Cara Cara 2 BY03BKPS2<\/strong>, vous reconna\u00eetrez imm\u00e9diatement la construction robuste et le caract\u00e8re fonctionnel de ce mod\u00e8le. Le Cara Cara 2 est un grand couteau EDC avec un manche en acier et une lame combin\u00e9e noircie, con\u00e7u pour un usage quotidien fiable. <\/p>\n<p data-start=\"373\" data-end=\"478\">Le mod\u00e8le est fabriqu\u00e9 par Byrd, une marque de la soci\u00e9t\u00e9 am\u00e9ricaine <strong data-start=\"436\" data-end=\"477\"><span class=\"hover:entity-accent entity-underline inline cursor-pointer align-baseline\"><span class=\"whitespace-normal\">Spyderco<\/span><\/span><\/strong>.<\/p>\n<hr data-start=\"480\" data-end=\"483\">\n<p data-start=\"485\" data-end=\"513\">\ud83d\udd25 <strong data-start=\"488\" data-end=\"513\">Caract\u00e8re et philosophie<\/strong><\/p>\n<p data-start=\"515\" data-end=\"684\">Le Cara Cara 2 est con\u00e7u comme un outil de travail durable. Sa taille plus importante et sa construction solide en font un choix id\u00e9al pour les utilisateurs qui souhaitent un couteau de fermeture plus robuste. <\/p>\n<p data-start=\"686\" data-end=\"890\">Le mod\u00e8le utilise la <strong data-start=\"700\" data-end=\"728\">serrure dorsale<\/strong>, connue pour sa solidit\u00e9 et sa s\u00e9curit\u00e9 d&rsquo;utilisation. L&rsquo;ouverture se fait au moyen du trou de Byrd typique en forme de com\u00e8te, ce qui permet de l&rsquo;utiliser d&rsquo;une seule main. <\/p>\n<hr data-start=\"892\" data-end=\"895\">\n<p data-start=\"897\" data-end=\"913\"><strong data-start=\"900\" data-end=\"913\">\ud83c\udfed A propos du producteur<\/strong><\/p>\n<p data-start=\"915\" data-end=\"1101\">Byrd est la ligne de produits la plus abordable de Spyderco. Elle conserve les principes ergonomiques et le design fonctionnel typiques de la marque m\u00e8re, mais apporte une solution mat\u00e9rielle plus abordable. <\/p>\n<p data-start=\"1103\" data-end=\"1126\">Producteur : Spyderco, USA.<\/p>\n<hr data-start=\"1128\" data-end=\"1131\">\n<p data-start=\"1133\" data-end=\"1190\">\ud83d\udde1\ufe0f <strong data-start=\"1137\" data-end=\"1190\">Lame &#8211; Lame combin\u00e9e avec coupe enti\u00e8rement plate<\/strong><\/p>\n<p data-start=\"1192\" data-end=\"1282\">La lame poss\u00e8de un <strong data-start=\"1201\" data-end=\"1241\">tranchant combin\u00e9<\/strong> &#8211; en partie lisse, en partie dentel\u00e9.<\/p>\n<p data-start=\"1284\" data-end=\"1291\">Avantages :<\/p>\n<p data-start=\"1293\" data-end=\"1438\">Partie lisse pour des coupes pr\u00e9cises<br data-start=\"1320\" data-end=\"1323\">Partie dentel\u00e9e pour les cordes, les sangles et les mat\u00e9riaux fibreux<br data-start=\"1377\" data-end=\"1380\">Meule plate compl\u00e8te pour une coupe efficace<\/p>\n<p data-start=\"1440\" data-end=\"1519\">La finition noire de la lame ajoute un aspect tactique et aide \u00e0 r\u00e9duire les reflets.<\/p>\n<hr data-start=\"1521\" data-end=\"1524\">\n<p data-start=\"1526\" data-end=\"1548\"><strong data-start=\"1529\" data-end=\"1548\">\ud83d\udd2c Acier &#8211; 8Cr13MoV<\/strong><\/p>\n<p data-start=\"1550\" data-end=\"1633\">L&rsquo;acier utilis\u00e9 <strong data-start=\"1563\" data-end=\"1575\">est le 8Cr13MoV<\/strong>, un acier inoxydable \u00e9prouv\u00e9 qui convient \u00e0 un usage quotidien.<\/p>\n<p data-start=\"1635\" data-end=\"1651\">Caract\u00e9ristiques :<\/p>\n<p data-start=\"1653\" data-end=\"1752\">bonne r\u00e9sistance \u00e0 la corrosion<br data-start=\"1680\" data-end=\"1683\">aff\u00fbtage facile<br data-start=\"1698\" data-end=\"1701\">rapport \u00e9quilibr\u00e9 entre la t\u00e9nacit\u00e9 et la conservation du tranchant<\/p>\n<p data-start=\"1754\" data-end=\"1826\">Il est id\u00e9al pour les utilisateurs qui souhaitent un couteau pratique, n\u00e9cessitant peu d&rsquo;entretien.<\/p>\n<hr data-start=\"1828\" data-end=\"1831\">\n<p data-start=\"1833\" data-end=\"1879\">\ud83e\udde9 <strong data-start=\"1836\" data-end=\"1879\">Poign\u00e9e &#8211; Acier inoxydable avec oxyde noir<\/strong><\/p>\n<p data-start=\"1881\" data-end=\"1945\">Le manche est en acier inoxydable avec un rev\u00eatement en oxyde noir.<\/p>\n<p data-start=\"1947\" data-end=\"2035\">Construction solide et robuste<br data-start=\"1974\" data-end=\"1977\">R\u00e9sistance \u00e0 l&rsquo;usure<br data-start=\"2001\" data-end=\"2004\">Sensation d&rsquo;acier classique dans la main<\/p>\n<p data-start=\"2037\" data-end=\"2120\">L&rsquo;agrafe r\u00e9versible \u00e0 4 positions permet un port de la pointe vers le haut ou vers le bas, pour les droitiers comme pour les gauchers.<\/p>\n<hr data-start=\"2122\" data-end=\"2125\">\n<p data-start=\"2127\" data-end=\"2155\">\u2699\ufe0f <strong data-start=\"2130\" data-end=\"2155\">Sp\u00e9cifications techniques<\/strong><\/p>\n<p data-start=\"2157\" data-end=\"2691\">Num\u00e9ro d&rsquo;article : BY03BKPS2<br data-start=\"2182\" data-end=\"2185\">Nom : Byrd Cara Cara2 Stainless Black Blade, CombinationEdge<br data-start=\"2246\" data-end=\"2249\">Type d&rsquo;acier : 8Cr13MoV<br data-start=\"2268\" data-end=\"2271\">Longueur de la lame : 95.0 mm \/ 3.75&Prime;<br data-start=\"2300\" data-end=\"2303\">\u00c9paisseur de la lame : 3.0 mm \/ 0.118&Prime;<br data-start=\"2335\" data-end=\"2338\">Longueur totale : 217.0 mm \/ 8.53&Prime;<br data-start=\"2369\" data-end=\"2372\">Longueur pli\u00e9e : 121.0 mm \/ 4.78&Prime;<br data-start=\"2413\" data-end=\"2416\">Poids : 153.0 g \/ 5.4 oz<br data-start=\"2442\" data-end=\"2445\">Type de lame : Combin\u00e9e (partiellement dentel\u00e9e)<br data-start=\"2489\" data-end=\"2492\">Type d&rsquo;aiguisage : Meulage enti\u00e8rement plat<br data-start=\"2526\" data-end=\"2529\">Type de verrouillage : Verrouillage invers\u00e9<br data-start=\"2552\" data-end=\"2555\">Type de manche : Acier inoxydable avec rev\u00eatement en oxyde noir<br data-start=\"2609\" data-end=\"2612\">Clip : Ambidextre \u00e0 4 positions (pliage haut\/bas)<br data-start=\"2664\" data-end=\"2667\">Fabricant : Spyderco, USA<\/p>\n<hr data-start=\"2693\" data-end=\"2696\">\n<p data-start=\"2698\" data-end=\"2717\">\u2705 <strong data-start=\"2700\" data-end=\"2717\">Principaux avantages<\/strong><\/p>\n<p data-start=\"2719\" data-end=\"2867\">Construction robuste en acier<br data-start=\"2746\" data-end=\"2749\">Lame combin\u00e9e pour une utilisation universelle<br data-start=\"2790\" data-end=\"2793\">Verrouillage arri\u00e8re fiable<br data-start=\"2813\" data-end=\"2816\">Acier 8Cr13MoV facile \u00e0 aiguiser<br data-start=\"2848\" data-end=\"2851\">Clip \u00e0 4 positions<\/p>\n<hr data-start=\"2869\" data-end=\"2872\">\n<p data-start=\"2874\" data-end=\"2894\">\u26a0\ufe0f <strong data-start=\"2877\" data-end=\"2894\">Restrictions possibles<\/strong><\/p>\n<p data-start=\"2896\" data-end=\"3088\">Poids plus \u00e9lev\u00e9 que les mod\u00e8les l\u00e9gers en FRN ou G10<br data-start=\"2945\" data-end=\"2948\">La lame combin\u00e9e peut ne pas convenir aux amateurs de lames lisses<br data-start=\"3012\" data-end=\"3015\">L&rsquo;acier de qualit\u00e9 moyenne n\u00e9cessite un aff\u00fbtage plus fr\u00e9quent en cas d&rsquo;utilisation intensive.<\/p>\n<hr data-start=\"3090\" data-end=\"3093\">\n<p data-start=\"3095\" data-end=\"3116\">\ud83d\udee0\ufe0f <strong data-start=\"3099\" data-end=\"3116\">Entretien et soins<\/strong><\/p>\n<p data-start=\"3118\" data-end=\"3186\">Nettoyez et s\u00e9chez la lame apr\u00e8s utilisation pour pr\u00e9server sa long\u00e9vit\u00e9.<\/p>\n<p data-start=\"3188\" data-end=\"3252\">Gardez la poign\u00e9e s\u00e8che et propre, surtout apr\u00e8s un contact avec l&rsquo;humidit\u00e9.<\/p>\n<p data-start=\"3254\" data-end=\"3312\">Pour un stockage plus long, lubrifiez l\u00e9g\u00e8rement la lame avec de l&rsquo;huile de protection.<\/p>\n<p data-start=\"3314\" data-end=\"3489\">Pour l&rsquo;aff\u00fbtage de la lame, nous vous recommandons le syst\u00e8me d&rsquo;aff\u00fbtage complet Tri-Angle Sharpmaker 204MF de Spyderco &#8211; id\u00e9al pour les sections lisses et dentel\u00e9es. \ud83d\uded2 Acheter sur notre site Moskito.cz <\/p>\n<p data-start=\"3491\" data-end=\"3558\">Un entretien r\u00e9gulier garantit une fiabilit\u00e9 \u00e0 long terme et des performances maximales.<\/p>\n<hr data-start=\"3560\" data-end=\"3563\">\n<p data-start=\"3565\" data-end=\"3586\">\ud83c\udfaf <strong data-start=\"3568\" data-end=\"3586\">Recommand\u00e9 pour<\/strong><\/p>\n<p data-start=\"3588\" data-end=\"3727\">Utilisation quotidienne<br data-start=\"3615\" data-end=\"3618\">Utilisateurs pr\u00e9f\u00e9rant une construction robuste en acier<br data-start=\"3668\" data-end=\"3671\">Ext\u00e9rieur et atelier<br data-start=\"3686\" data-end=\"3689\">Travail avec des cordes et des mat\u00e9riaux fibreux<\/p>\n<hr data-start=\"3729\" data-end=\"3732\">\n<p data-start=\"3734\" data-end=\"3759\">\u2b50 <strong data-start=\"3736\" data-end=\"3759\">Note finale<\/strong><\/p>\n<p data-start=\"3761\" data-end=\"3974\" data-is-last-node=\"\" data-is-only-node=\"\">Le Byrd Cara Cara 2 BY03BKPS2 est un couteau de travail robuste, pratique et abordable avec une lame combin\u00e9e et une construction en acier solide. Il offre fiabilit\u00e9, polyvalence et design fonctionnel pour un usage quotidien \ud83d\udd2a\ud83d\udda4\ud83d\udda4. <\/p>\n","protected":false},"excerpt":{"rendered":"<p><strong>Le Byrd Cara Cara 2 BY03BKPS2 est un couteau de travail robuste, pratique et abordable avec une lame combin\u00e9e et une construction en acier solide. Il offre fiabilit\u00e9, polyvalence et design fonctionnel pour un usage quotidien \ud83d\udd2a\ud83d\udda4\ud83d\udda4. <\/strong><\/p>\n","protected":false},"featured_media":437374,"comment_status":"open","ping_status":"closed","template":"","meta":[],"pwb-brand":[4037],"product_brand":[],"product_cat":[3700,3696],"product_tag":[],"class_list":{"0":"post-437425","1":"product","2":"type-product","3":"status-publish","4":"has-post-thumbnail","6":"pwb-brand-byrd-fr","7":"product_cat-couteaux-de-fermeture","8":"product_cat-des-couteaux","10":"first","11":"instock","12":"taxable","13":"shipping-taxable","14":"purchasable","15":"product-type-simple"},"brands":[{"id":4037,"name":"Byrd","slug":"byrd-fr"}],"_links":{"self":[{"href":"https:\/\/www.moskito.cz\/fr\/wp-json\/wp\/v2\/product\/437425","targetHints":{"allow":["GET"]}}],"collection":[{"href":"https:\/\/www.moskito.cz\/fr\/wp-json\/wp\/v2\/product"}],"about":[{"href":"https:\/\/www.moskito.cz\/fr\/wp-json\/wp\/v2\/types\/product"}],"replies":[{"embeddable":true,"href":"https:\/\/www.moskito.cz\/fr\/wp-json\/wp\/v2\/comments?post=437425"}],"wp:featuredmedia":[{"embeddable":true,"href":"https:\/\/www.moskito.cz\/fr\/wp-json\/wp\/v2\/media\/437374"}],"wp:attachment":[{"href":"https:\/\/www.moskito.cz\/fr\/wp-json\/wp\/v2\/media?parent=437425"}],"wp:term":[{"taxonomy":"pwb-brand","embeddable":true,"href":"https:\/\/www.moskito.cz\/fr\/wp-json\/wp\/v2\/pwb-brand?post=437425"},{"taxonomy":"product_brand","embeddable":true,"href":"https:\/\/www.moskito.cz\/fr\/wp-json\/wp\/v2\/product_brand?post=437425"},{"taxonomy":"product_cat","embeddable":true,"href":"https:\/\/www.moskito.cz\/fr\/wp-json\/wp\/v2\/product_cat?post=437425"},{"taxonomy":"product_tag","embeddable":true,"href":"https:\/\/www.moskito.cz\/fr\/wp-json\/wp\/v2\/product_tag?post=437425"}],"curies":[{"name":"wp","href":"https:\/\/api.w.org\/{rel}","templated":true}]}}