{"id":437459,"date":"2026-02-09T17:15:49","date_gmt":"2026-02-09T16:15:49","guid":{"rendered":"https:\/\/www.moskito.cz\/produkt\/couteau-dejection-microtech-combat-troodon-gen-iii-interceptor-1217-1rds\/"},"modified":"2026-02-16T14:38:21","modified_gmt":"2026-02-16T13:38:21","slug":"couteau-dejection-microtech-combat-troodon-gen-iii-interceptor-1217-1rds","status":"publish","type":"product","link":"https:\/\/www.moskito.cz\/fr\/produkt\/couteau-dejection-microtech-combat-troodon-gen-iii-interceptor-1217-1rds\/","title":{"rendered":"Couteau d&rsquo;\u00e9jection Microtech Combat Troodon Gen III Interceptor 1217-1RDS"},"content":{"rendered":"<p data-start=\"395\" data-end=\"818\">D\u00e8s que vous prenez en main le <strong data-start=\"418\" data-end=\"521\">Microtech Combat Troodon\u00ae Gen III Interceptor &#8211; manche rouge \/ lame noire 1217-1RDS<\/strong>, vous savez imm\u00e9diatement que vous tenez <strong data-start=\"549\" data-end=\"604\">un robuste automatique tactique professionnel<\/strong> qui combine une construction innovante, un m\u00e9canisme con\u00e7u avec pr\u00e9cision et un design distinctif. Faisant partie de la <strong data-start=\"710\" data-end=\"730\">s\u00e9rie Signature<\/strong>, ce mod\u00e8le combine une lame noire avec la puissance d&rsquo;une poign\u00e9e rouge pour un impact visuel et fonctionnel fort. <\/p>\n<hr data-start=\"820\" data-end=\"823\">\n<p data-start=\"825\" data-end=\"853\">\ud83d\udd25 <strong data-start=\"828\" data-end=\"853\">Caract\u00e8re et philosophie<\/strong><\/p>\n<p data-start=\"855\" data-end=\"1189\">Le Combat Troodon\u00ae Gen III Interceptor repr\u00e9sente l&rsquo;avant-garde des couteaux OTF de Microtech. Il est con\u00e7u pour les utilisateurs qui exigent une <strong data-start=\"974\" data-end=\"1044\">disponibilit\u00e9 imm\u00e9diate, un m\u00e9canisme de pr\u00e9cision et des performances polyvalentes<\/strong>. Le profil de la lame de l&rsquo;Interceptor offre une combinaison de p\u00e9n\u00e9tration sup\u00e9rieure et d&rsquo;excellente capacit\u00e9 de coupe &#8211; id\u00e9al pour les t\u00e2ches tactiques, de plein air et quotidiennes.  <\/p>\n<p data-start=\"1191\" data-end=\"1476\">Le m\u00e9canisme OTF \u00e0 double effet permet d&rsquo;allonger et de r\u00e9tracter rapidement la lame d&rsquo;un seul mouvement du pouce, et la conception optimis\u00e9e garantit un fonctionnement en douceur avec une r\u00e9sistance minimale. Le manche en aluminium anodis\u00e9 rouge offre une <strong data-start=\"1412\" data-end=\"1475\">prise en main ferme et s\u00fbre, m\u00eame avec des gants ou dans des environnements humides<\/strong>. <\/p>\n<hr data-start=\"1478\" data-end=\"1481\">\n<p data-start=\"1483\" data-end=\"1499\"><strong data-start=\"1486\" data-end=\"1499\">\ud83c\udfed A propos du producteur<\/strong><\/p>\n<p data-start=\"1501\" data-end=\"1769\">Microtech Knives est une marque am\u00e9ricaine r\u00e9put\u00e9e pour la <strong data-start=\"1551\" data-end=\"1640\">pr\u00e9cision de son travail, ses m\u00e9canismes automatiques innovants et l&rsquo;utilisation de mat\u00e9riaux de qualit\u00e9 sup\u00e9rieure<\/strong>. La s\u00e9rie Combat Troodon\u00ae est l&rsquo;un des mod\u00e8les OTF les plus respect\u00e9s, appr\u00e9ci\u00e9 \u00e0 la fois par les professionnels du terrain et les collectionneurs de couteaux de qualit\u00e9. <\/p>\n<hr data-start=\"1771\" data-end=\"1774\">\n<p data-start=\"1776\" data-end=\"1804\">\u2699\ufe0f <strong data-start=\"1779\" data-end=\"1804\">Sp\u00e9cifications techniques<\/strong><\/p>\n<div class=\"TyagGW_tableContainer\">\n<div class=\"group TyagGW_tableWrapper flex flex-col-reverse w-fit\" tabindex=\"-1\">\n<table class=\"w-fit min-w-(--thread-content-width)\" data-start=\"1806\" data-end=\"2923\">\n<thead data-start=\"1806\" data-end=\"1878\">\n<tr data-start=\"1806\" data-end=\"1878\">\n<th class=\"\" data-start=\"1806\" data-end=\"1831\" data-col-size=\"sm\">Param\u00e8tre<\/th>\n<th class=\"\" data-start=\"1831\" data-end=\"1878\" data-col-size=\"md\">Valeur<\/th>\n<\/tr>\n<\/thead>\n<tbody data-start=\"1952\" data-end=\"2923\">\n<tr data-start=\"1952\" data-end=\"2036\">\n<td data-start=\"1952\" data-end=\"1977\" data-col-size=\"sm\"><strong data-start=\"1954\" data-end=\"1963\">Mod\u00e8le<\/strong><\/td>\n<td data-start=\"1977\" data-end=\"2036\" data-col-size=\"md\">Microtech Combat Troodon\u00ae Gen III Interceptor 1217-1RDS<\/td>\n<\/tr>\n<tr data-start=\"2037\" data-end=\"2109\">\n<td data-start=\"2037\" data-end=\"2062\" data-col-size=\"sm\"><strong data-start=\"2039\" data-end=\"2046\">Type de couteau<\/strong><\/td>\n<td data-start=\"2062\" data-end=\"2109\" data-col-size=\"md\">Couteau d&rsquo;\u00e9jection \/ OTF \/ Tactique<\/td>\n<\/tr>\n<tr data-start=\"2110\" data-end=\"2183\">\n<td data-start=\"2110\" data-end=\"2135\" data-col-size=\"sm\"><strong data-start=\"2112\" data-end=\"2129\">Longueur totale<\/strong><\/td>\n<td data-start=\"2135\" data-end=\"2183\" data-col-size=\"md\">environ 241 mm (9.5\u2033)<\/td>\n<\/tr>\n<tr data-start=\"2184\" data-end=\"2257\">\n<td data-start=\"2184\" data-end=\"2209\" data-col-size=\"sm\"><strong data-start=\"2186\" data-end=\"2202\">Longueur de la lame<\/strong><\/td>\n<td data-start=\"2209\" data-end=\"2257\" data-col-size=\"md\">environ 102 mm (4.02\u2033)<\/td>\n<\/tr>\n<tr data-start=\"2258\" data-end=\"2331\">\n<td data-start=\"2258\" data-end=\"2283\" data-col-size=\"sm\"><strong data-start=\"2260\" data-end=\"2279\">Mat\u00e9riau de la lame<\/strong><\/td>\n<td data-start=\"2283\" data-end=\"2331\" data-col-size=\"md\">Acier Bohler M390MK de premi\u00e8re qualit\u00e9<\/td>\n<\/tr>\n<tr data-start=\"2332\" data-end=\"2405\">\n<td data-start=\"2332\" data-end=\"2357\" data-col-size=\"sm\"><strong data-start=\"2334\" data-end=\"2349\">Forme de la lame<\/strong><\/td>\n<td data-start=\"2357\" data-end=\"2405\" data-col-size=\"md\">Intercepteur<\/td>\n<\/tr>\n<tr data-start=\"2406\" data-end=\"2479\">\n<td data-start=\"2406\" data-end=\"2431\" data-col-size=\"sm\"><strong data-start=\"2408\" data-end=\"2425\">Surface de la lame<\/strong><\/td>\n<td data-start=\"2431\" data-end=\"2479\" data-col-size=\"md\">Noir (Black Tactical)<\/td>\n<\/tr>\n<tr data-start=\"2480\" data-end=\"2553\">\n<td data-start=\"2480\" data-end=\"2505\" data-col-size=\"sm\"><strong data-start=\"2482\" data-end=\"2491\">Alimentation<\/strong><\/td>\n<td data-start=\"2505\" data-end=\"2553\" data-col-size=\"md\">Lisse<\/td>\n<\/tr>\n<tr data-start=\"2554\" data-end=\"2627\">\n<td data-start=\"2554\" data-end=\"2579\" data-col-size=\"sm\"><strong data-start=\"2556\" data-end=\"2571\">M\u00e9canisme<\/strong><\/td>\n<td data-start=\"2579\" data-end=\"2627\" data-col-size=\"md\">Double effet OTF<\/td>\n<\/tr>\n<tr data-start=\"2628\" data-end=\"2701\">\n<td data-start=\"2628\" data-end=\"2653\" data-col-size=\"sm\"><strong data-start=\"2630\" data-end=\"2651\">Mat\u00e9riau de la poign\u00e9e<\/strong><\/td>\n<td data-start=\"2653\" data-end=\"2701\" data-col-size=\"md\">Aluminium anodis\u00e9 (rouge)<\/td>\n<\/tr>\n<tr data-start=\"2702\" data-end=\"2775\">\n<td data-start=\"2702\" data-end=\"2727\" data-col-size=\"sm\"><strong data-start=\"2704\" data-end=\"2720\">Clip de poche<\/strong><\/td>\n<td data-start=\"2727\" data-end=\"2775\" data-col-size=\"md\">Bascule r\u00e9versible<\/td>\n<\/tr>\n<tr data-start=\"2776\" data-end=\"2849\">\n<td data-start=\"2776\" data-end=\"2801\" data-col-size=\"sm\"><strong data-start=\"2778\" data-end=\"2787\">Couleur<\/strong><\/td>\n<td data-start=\"2801\" data-end=\"2849\" data-col-size=\"md\">Noir \/ Rouge<\/td>\n<\/tr>\n<tr data-start=\"2850\" data-end=\"2923\">\n<td data-start=\"2850\" data-end=\"2875\" data-col-size=\"sm\"><strong data-start=\"2852\" data-end=\"2865\">Cat\u00e9gorie<\/strong><\/td>\n<td data-start=\"2875\" data-end=\"2923\" data-col-size=\"md\">Professionnel \/ Tactique<\/td>\n<\/tr>\n<\/tbody>\n<\/table>\n<\/div>\n<\/div>\n<hr data-start=\"2925\" data-end=\"2928\">\n<p data-start=\"2930\" data-end=\"2949\">\u2705 <strong data-start=\"2932\" data-end=\"2949\">Principaux avantages<\/strong><\/p>\n<ul data-start=\"2951\" data-end=\"3304\">\n<li data-start=\"2951\" data-end=\"3034\">\n<p data-start=\"2953\" data-end=\"3034\"><strong data-start=\"2953\" data-end=\"3008\">Combinaison \u00e9l\u00e9gante d&rsquo;un manche rouge et d&rsquo;une lame noire<\/strong> &#8211; style visuel distinctif<\/p>\n<\/li>\n<li data-start=\"3035\" data-end=\"3103\">\n<p data-start=\"3037\" data-end=\"3103\"><strong data-start=\"3037\" data-end=\"3073\">M\u00e9canisme OTF Gen III robuste<\/strong> &#8211; fonctionnement fiable et souple<\/p>\n<\/li>\n<li data-start=\"3104\" data-end=\"3180\">\n<p data-start=\"3106\" data-end=\"3180\"><strong data-start=\"3106\" data-end=\"3127\">Lame Interceptor<\/strong> &#8211; performance polyvalente pour les t\u00e2ches tactiques et pratiques<\/p>\n<\/li>\n<li data-start=\"3181\" data-end=\"3248\">\n<p data-start=\"3183\" data-end=\"3248\">Poign\u00e9e ergonomique permettant une <strong data-start=\"3183\" data-end=\"3198\">bonne prise en main<\/strong>, m\u00eame en milieu humide<\/p>\n<\/li>\n<li data-start=\"3249\" data-end=\"3304\">\n<p data-start=\"3251\" data-end=\"3304\"><strong data-start=\"3251\" data-end=\"3280\">Clip de poche r\u00e9versible<\/strong> pour un transport flexible<\/p>\n<\/li>\n<\/ul>\n<p data-start=\"3306\" data-end=\"3326\">\u26a0\ufe0f <strong data-start=\"3309\" data-end=\"3326\">Restrictions possibles<\/strong><\/p>\n<ul data-start=\"3328\" data-end=\"3487\">\n<li data-start=\"3328\" data-end=\"3366\">\n<p data-start=\"3330\" data-end=\"3366\">Prix plus \u00e9lev\u00e9 que les couteaux EDC conventionnels<\/p>\n<\/li>\n<li data-start=\"3367\" data-end=\"3422\">\n<p data-start=\"3369\" data-end=\"3422\">Le m\u00e9canisme automatique n\u00e9cessite un entretien r\u00e9gulier<\/p>\n<\/li>\n<li data-start=\"3423\" data-end=\"3487\">\n<p data-start=\"3425\" data-end=\"3487\">La grande taille n&rsquo;est pas id\u00e9ale pour un usage quotidien minimaliste<\/p>\n<\/li>\n<\/ul>\n<hr data-start=\"3489\" data-end=\"3492\">\n<p data-start=\"3494\" data-end=\"3515\">\ud83d\udee0\ufe0f <strong data-start=\"3498\" data-end=\"3515\">Entretien et soins<\/strong><\/p>\n<ul data-start=\"3517\" data-end=\"3902\">\n<li data-start=\"3517\" data-end=\"3591\">\n<p data-start=\"3519\" data-end=\"3591\"><strong data-start=\"3530\" data-end=\"3554\">Nettoyez et s\u00e9chez la lame<\/strong> apr\u00e8s utilisation pour pr\u00e9server sa long\u00e9vit\u00e9.<\/p>\n<\/li>\n<li data-start=\"3592\" data-end=\"3662\">\n<p data-start=\"3594\" data-end=\"3662\"><strong data-start=\"3594\" data-end=\"3628\">Gardez la poign\u00e9e s\u00e8che et propre<\/strong>, surtout apr\u00e8s un contact avec l&rsquo;humidit\u00e9.<\/p>\n<\/li>\n<li data-start=\"3663\" data-end=\"3727\">\n<p data-start=\"3665\" data-end=\"3727\"><strong data-start=\"3665\" data-end=\"3690\">Pour un stockage plus long,<\/strong> lubrifiez l\u00e9g\u00e8rement la lame avec de l&rsquo;huile de protection.<\/p>\n<\/li>\n<li data-start=\"3728\" data-end=\"3902\">\n<p data-start=\"3730\" data-end=\"3902\">Pour l&rsquo;aff\u00fbtage des lames, nous vous recommandons le <strong data-start=\"3761\" data-end=\"3827\">syst\u00e8me d&rsquo;aff\u00fbtage complet Tri-Angle Sharpmaker 204MF de Spyderco<\/strong> &#8211; \u00e9galement id\u00e9al pour les lames lisses. \ud83d\uded2 Acheter sur notre site <strong data-start=\"3888\" data-end=\"3902\">Moskito.cz<\/strong> <\/p>\n<\/li>\n<\/ul>\n<hr data-start=\"3904\" data-end=\"3907\">\n<p data-start=\"3909\" data-end=\"3930\">\ud83c\udfaf <strong data-start=\"3912\" data-end=\"3930\">Recommand\u00e9 pour<\/strong><\/p>\n<ul data-start=\"3932\" data-end=\"4079\">\n<li data-start=\"3932\" data-end=\"3966\">\n<p data-start=\"3934\" data-end=\"3966\">Utilisation tactique professionnelle<\/p>\n<\/li>\n<li data-start=\"3967\" data-end=\"3997\">\n<p data-start=\"3969\" data-end=\"3997\">Situations de plein air et de survie<\/p>\n<\/li>\n<li data-start=\"3998\" data-end=\"4035\">\n<p data-start=\"4000\" data-end=\"4035\">Un EDC stimulant pour les utilisateurs exp\u00e9riment\u00e9s<\/p>\n<\/li>\n<li data-start=\"4036\" data-end=\"4079\">\n<p data-start=\"4038\" data-end=\"4079\">Collectionneurs de couteaux automatiques haut de gamme<\/p>\n<\/li>\n<\/ul>\n<hr data-start=\"4081\" data-end=\"4084\">\n<p data-start=\"4086\" data-end=\"4111\">\u2b50 <strong data-start=\"4088\" data-end=\"4111\">Note finale<\/strong><\/p>\n<p data-start=\"4113\" data-end=\"4439\">Le Microtech Combat Troodon\u00ae Gen III Interceptor &#8211; Manche rouge \/ Lame noire 1217-1RDS est un <strong data-start=\"4199\" data-end=\"4249\">couteau tactique OTF puissant et fabriqu\u00e9 avec pr\u00e9cision<\/strong> qui allie style, fiabilit\u00e9 et performances sup\u00e9rieures au quotidien et dans le cadre d&rsquo;une utilisation professionnelle. Ses mat\u00e9riaux sup\u00e9rieurs et son ergonomie en font le choix id\u00e9al pour l&rsquo;utilisateur et le professionnel avertis \ud83d\udd2a\ud83d\udd25. <\/p>\n","protected":false},"excerpt":{"rendered":"<p><strong>Le Microtech Combat Troodon\u00ae Gen III Interceptor &#8211; Manche rouge \/ Lame noire 1217-1RDS est un couteau tactique OTF puissant et fabriqu\u00e9 avec pr\u00e9cision qui allie style, fiabilit\u00e9 et performances sup\u00e9rieures au quotidien et dans le cadre d&rsquo;une utilisation professionnelle. Ses mat\u00e9riaux sup\u00e9rieurs et son ergonomie en font le choix id\u00e9al pour l&rsquo;utilisateur et le professionnel avertis \ud83d\udd2a\ud83d\udd25. <\/strong><\/p>\n<p><strong>Livraison gratuite.<\/strong><\/p>\n","protected":false},"featured_media":436632,"comment_status":"open","ping_status":"closed","template":"","meta":[],"pwb-brand":[3751],"product_brand":[],"product_cat":[3699,3696],"product_tag":[],"class_list":{"0":"post-437459","1":"product","2":"type-product","3":"status-publish","4":"has-post-thumbnail","6":"pwb-brand-microtechnologie","7":"product_cat-couteaux-de-tir","8":"product_cat-des-couteaux","10":"first","11":"instock","12":"taxable","13":"shipping-taxable","14":"purchasable","15":"product-type-simple"},"brands":[{"id":3751,"name":"Microtechnologie","slug":"microtechnologie"}],"_links":{"self":[{"href":"https:\/\/www.moskito.cz\/fr\/wp-json\/wp\/v2\/product\/437459","targetHints":{"allow":["GET"]}}],"collection":[{"href":"https:\/\/www.moskito.cz\/fr\/wp-json\/wp\/v2\/product"}],"about":[{"href":"https:\/\/www.moskito.cz\/fr\/wp-json\/wp\/v2\/types\/product"}],"replies":[{"embeddable":true,"href":"https:\/\/www.moskito.cz\/fr\/wp-json\/wp\/v2\/comments?post=437459"}],"wp:featuredmedia":[{"embeddable":true,"href":"https:\/\/www.moskito.cz\/fr\/wp-json\/wp\/v2\/media\/436632"}],"wp:attachment":[{"href":"https:\/\/www.moskito.cz\/fr\/wp-json\/wp\/v2\/media?parent=437459"}],"wp:term":[{"taxonomy":"pwb-brand","embeddable":true,"href":"https:\/\/www.moskito.cz\/fr\/wp-json\/wp\/v2\/pwb-brand?post=437459"},{"taxonomy":"product_brand","embeddable":true,"href":"https:\/\/www.moskito.cz\/fr\/wp-json\/wp\/v2\/product_brand?post=437459"},{"taxonomy":"product_cat","embeddable":true,"href":"https:\/\/www.moskito.cz\/fr\/wp-json\/wp\/v2\/product_cat?post=437459"},{"taxonomy":"product_tag","embeddable":true,"href":"https:\/\/www.moskito.cz\/fr\/wp-json\/wp\/v2\/product_tag?post=437459"}],"curies":[{"name":"wp","href":"https:\/\/api.w.org\/{rel}","templated":true}]}}