{"id":437672,"date":"2026-02-16T15:58:14","date_gmt":"2026-02-16T14:58:14","guid":{"rendered":"https:\/\/www.moskito.cz\/produkt\/couteau-dejection-microtech-socom-elite-stonewash-160a-11od\/"},"modified":"2026-02-16T18:30:59","modified_gmt":"2026-02-16T17:30:59","slug":"couteau-dejection-microtech-socom-elite-stonewash-160a-11od","status":"publish","type":"product","link":"https:\/\/www.moskito.cz\/fr\/produkt\/couteau-dejection-microtech-socom-elite-stonewash-160a-11od\/","title":{"rendered":"Couteau d&rsquo;\u00e9jection Microtech SOCOM ELITE STONEWASH 160A-11OD"},"content":{"rendered":"<p data-start=\"0\" data-end=\"84\"><strong data-start=\"0\" data-end=\"84\">icrotech SOCOM ELITE S\/E AUTO 160A-11OD &#8211; OD Green \/ Stonewash partiellement dentel\u00e9<\/strong><\/p>\n<p data-start=\"86\" data-end=\"436\">D\u00e8s que vous prendrez en main le <strong data-start=\"109\" data-end=\"153\">Microtech SOCOM ELITE S\/E AUTO 160A-11OD<\/strong>, vous sentirez imm\u00e9diatement la construction robuste, le m\u00e9canisme de pr\u00e9cision et le caract\u00e8re tactique qui sont typiques de ce mod\u00e8le. Cette variante combine une surface de poign\u00e9e durable vert OD avec une lame partiellement dentel\u00e9e et lav\u00e9e \u00e0 la pierre &#8211; id\u00e9ale pour une utilisation tactique polyvalente et sur le terrain. <\/p>\n<p data-start=\"438\" data-end=\"517\">Con\u00e7u par Anthony (Tony) Marfion et enti\u00e8rement fabriqu\u00e9 et assembl\u00e9 \u00e0 \ud83c\uddfa\ud83c\uddf8 USA.<\/p>\n<p data-start=\"519\" data-end=\"547\">\ud83d\udd25 <strong data-start=\"522\" data-end=\"547\">Caract\u00e8re et philosophie<\/strong><\/p>\n<p data-start=\"549\" data-end=\"818\">Le Microtech SOCOM ELITE est con\u00e7u pour \u00eatre l&rsquo;ultime couteau automatique fiable, robuste et puissant pour les d\u00e9ploiements tactiques professionnels et les EDC exigeants. Le mod\u00e8le S\/E (Single Edge) avec une lame partiellement dentel\u00e9e offre la combinaison id\u00e9ale d&rsquo;un bord lisse et dentel\u00e9 pour une coupe polyvalente. <\/p>\n<p data-start=\"820\" data-end=\"983\">Le m\u00e9canisme automatique avec curseur lat\u00e9ral assure une ouverture et une r\u00e9traction de la lame en douceur et de mani\u00e8re intuitive, que ce soit dans des situations de stress ou dans le cadre d&rsquo;une utilisation quotidienne.<\/p>\n<p data-start=\"985\" data-end=\"1001\"><strong data-start=\"988\" data-end=\"1001\">\ud83c\udfed A propos du producteur<\/strong><\/p>\n<p data-start=\"1003\" data-end=\"1161\"><span class=\"hover:entity-accent entity-underline inline cursor-pointer align-baseline\"><span class=\"whitespace-normal\">Microtech Knives<\/span><\/span> est une marque am\u00e9ricaine avec plus de 30 ans de tradition dans la production de couteaux automatiques et OTF haut de gamme. Les caract\u00e9ristiques typiques sont les suivantes : <\/p>\n<ul data-start=\"1163\" data-end=\"1317\">\n<li data-start=\"1163\" data-end=\"1188\">\n<p data-start=\"1165\" data-end=\"1188\">Usinage CNC de pr\u00e9cision<\/p>\n<\/li>\n<li data-start=\"1189\" data-end=\"1223\">\n<p data-start=\"1191\" data-end=\"1223\">M\u00e9canismes internes brevet\u00e9s<\/p>\n<\/li>\n<li data-start=\"1224\" data-end=\"1253\">\n<p data-start=\"1226\" data-end=\"1253\">Un contr\u00f4le de qualit\u00e9 coh\u00e9rent<\/p>\n<\/li>\n<li data-start=\"1254\" data-end=\"1287\">\n<p data-start=\"1256\" data-end=\"1287\">Des solutions innovantes en mati\u00e8re de conception<\/p>\n<\/li>\n<li data-start=\"1288\" data-end=\"1317\">\n<p data-start=\"1290\" data-end=\"1317\">Esth\u00e9tique tactique distinctive<\/p>\n<\/li>\n<\/ul>\n<p data-start=\"1319\" data-end=\"1416\">Chaque pi\u00e8ce est fabriqu\u00e9e et assembl\u00e9e \u00e0 la main aux \u00c9tats-Unis sous la direction de <span class=\"hover:entity-accent entity-underline inline cursor-pointer align-baseline\"><span class=\"whitespace-normal\">Anthony Marfione<\/span><\/span>.<\/p>\n<p data-start=\"1418\" data-end=\"1464\">\ud83d\udde1\ufe0f <strong data-start=\"1422\" data-end=\"1464\">Lame &#8211; Stonewash Partial Serrated S\/E<\/strong><\/p>\n<p data-start=\"1466\" data-end=\"1500\">Cette configuration de lames combine :<\/p>\n<ul data-start=\"1502\" data-end=\"1695\">\n<li data-start=\"1502\" data-end=\"1551\">\n<p data-start=\"1504\" data-end=\"1551\"><strong data-start=\"1504\" data-end=\"1526\">lame lisse (S\/E<\/strong> ) pour des coupes nettes et pr\u00e9cises<\/p>\n<\/li>\n<li data-start=\"1552\" data-end=\"1695\">\n<p data-start=\"1554\" data-end=\"1695\"><strong data-start=\"1554\" data-end=\"1590\">section dentel\u00e9e (partiellement dentel\u00e9e<\/strong> ) pour des travaux efficaces sur des mat\u00e9riaux fibreux ou plus rigides &#8211; par exemple des cordes, des sangles ou des fibres textiles<\/p>\n<\/li>\n<\/ul>\n<p data-start=\"1697\" data-end=\"1724\">Finition Stonewash :<\/p>\n<ul data-start=\"1726\" data-end=\"1825\">\n<li data-start=\"1726\" data-end=\"1745\">\n<p data-start=\"1728\" data-end=\"1745\">r\u00e9duit l&rsquo;\u00e9blouissement<\/p>\n<\/li>\n<li data-start=\"1746\" data-end=\"1777\">\n<p data-start=\"1748\" data-end=\"1777\">masques usure visuelle<\/p>\n<\/li>\n<li data-start=\"1778\" data-end=\"1825\">\n<p data-start=\"1780\" data-end=\"1825\">donne au couteau un aspect tactique mat discret<\/p>\n<\/li>\n<\/ul>\n<p data-start=\"1827\" data-end=\"1933\">Ce profil est id\u00e9al pour les utilisateurs qui recherchent une lame polyvalente avec des capacit\u00e9s de coupe combin\u00e9es.<\/p>\n<p data-start=\"1935\" data-end=\"1971\"><strong data-start=\"1938\" data-end=\"1971\">\ud83d\udd2c Acier &#8211; Acier inoxydable de qualit\u00e9 sup\u00e9rieure<\/strong><\/p>\n<p data-start=\"1973\" data-end=\"2045\">L&rsquo;acier usag\u00e9 appartient au segment sup\u00e9rieur des mat\u00e9riaux de coutellerie :<\/p>\n<ul data-start=\"2047\" data-end=\"2142\">\n<li data-start=\"2047\" data-end=\"2072\">\n<p data-start=\"2049\" data-end=\"2072\">haute r\u00e9tention de la lame<\/p>\n<\/li>\n<li data-start=\"2073\" data-end=\"2104\">\n<p data-start=\"2075\" data-end=\"2104\">bonne r\u00e9sistance \u00e0 la corrosion<\/p>\n<\/li>\n<li data-start=\"2105\" data-end=\"2142\">\n<p data-start=\"2107\" data-end=\"2142\">haute r\u00e9sistance \u00e0 l&rsquo;usure<\/p>\n<\/li>\n<\/ul>\n<p data-start=\"2144\" data-end=\"2262\">Cette combinaison garantit une performance fiable m\u00eame dans les t\u00e2ches exigeantes et une longue dur\u00e9e de vie de la lame dans l&rsquo;utilisation quotidienne.<\/p>\n<p data-start=\"2264\" data-end=\"2298\">\ud83e\udde9 <strong data-start=\"2267\" data-end=\"2298\">Poign\u00e9e &#8211; Aluminium vert OD<\/strong><\/p>\n<p data-start=\"2300\" data-end=\"2500\">La poign\u00e9e est en aluminium 6061-T6 anodis\u00e9 en <strong data-start=\"2362\" data-end=\"2374\">vert OD<\/strong>, ce qui conf\u00e8re \u00e0 ce mod\u00e8le un caract\u00e8re tactique distinctif et une combinaison de couleurs pratique pour les d\u00e9ploiements en ext\u00e9rieur et tactiques.<\/p>\n<ul data-start=\"2502\" data-end=\"2714\">\n<li data-start=\"2502\" data-end=\"2543\">\n<p data-start=\"2504\" data-end=\"2543\">Texture antid\u00e9rapante frais\u00e9e en 3D par CNC<\/p>\n<\/li>\n<li data-start=\"2544\" data-end=\"2572\">\n<p data-start=\"2546\" data-end=\"2572\">Coulisseau lat\u00e9ral encastr\u00e9<\/p>\n<\/li>\n<li data-start=\"2573\" data-end=\"2600\">\n<p data-start=\"2575\" data-end=\"2600\">Jimping pour une prise en main ferme<\/p>\n<\/li>\n<li data-start=\"2601\" data-end=\"2657\">\n<p data-start=\"2603\" data-end=\"2657\">Clip de transport ambidextre (droite\/gauche, pointe vers le bas)<\/p>\n<\/li>\n<li data-start=\"2658\" data-end=\"2714\">\n<p data-start=\"2660\" data-end=\"2714\">D\u00e9tails secondaires tels que le num\u00e9ro de s\u00e9rie et la date de fabrication<\/p>\n<\/li>\n<\/ul>\n<p data-start=\"2716\" data-end=\"2811\">La couleur vert olive est \u00e0 la fois pratique et \u00e9l\u00e9gante et permet de masquer les petites \u00e9raflures dues \u00e0 l&rsquo;usure normale.<\/p>\n<p data-start=\"2813\" data-end=\"2854\">\u2699\ufe0f <strong data-start=\"2816\" data-end=\"2854\">Sp\u00e9cifications techniques (indicatives)<\/strong><\/p>\n<p data-start=\"2856\" data-end=\"2905\"><em data-start=\"2856\" data-end=\"2905\">Les param\u00e8tres peuvent varier en fonction de la s\u00e9rie sp\u00e9cifique.<\/em><\/p>\n<div class=\"TyagGW_tableContainer\">\n<div class=\"group TyagGW_tableWrapper flex flex-col-reverse w-fit\" tabindex=\"-1\">\n<table class=\"w-fit min-w-(--thread-content-width)\" data-start=\"2907\" data-end=\"3469\">\n<thead data-start=\"2907\" data-end=\"2927\">\n<tr data-start=\"2907\" data-end=\"2927\">\n<th class=\"\" data-start=\"2907\" data-end=\"2916\" data-col-size=\"sm\">Param\u00e8tre<\/th>\n<th class=\"\" data-start=\"2916\" data-end=\"2927\" data-col-size=\"sm\">Valeur<\/th>\n<\/tr>\n<\/thead>\n<tbody data-start=\"2940\" data-end=\"3469\">\n<tr data-start=\"2940\" data-end=\"2970\">\n<td data-start=\"2940\" data-end=\"2946\" data-col-size=\"sm\">Mod\u00e8le<\/td>\n<td data-start=\"2946\" data-end=\"2970\" data-col-size=\"sm\">SOCOM ELITE S\/E AUTO<\/td>\n<\/tr>\n<tr data-start=\"2971\" data-end=\"3001\">\n<td data-start=\"2971\" data-end=\"2988\" data-col-size=\"sm\">Num\u00e9ro de produit<\/td>\n<td data-start=\"2988\" data-end=\"3001\" data-col-size=\"sm\">160A-11OD<\/td>\n<\/tr>\n<tr data-start=\"3002\" data-end=\"3034\">\n<td data-start=\"3002\" data-end=\"3016\" data-col-size=\"sm\">Longueur totale<\/td>\n<td data-start=\"3016\" data-end=\"3034\" data-col-size=\"sm\">environ 225-235 mm<\/td>\n<\/tr>\n<tr data-start=\"3035\" data-end=\"3065\">\n<td data-start=\"3035\" data-end=\"3048\" data-col-size=\"sm\">Longueur de la lame<\/td>\n<td data-start=\"3048\" data-end=\"3065\" data-col-size=\"sm\">environ 95-100 mm<\/td>\n<\/tr>\n<tr data-start=\"3066\" data-end=\"3100\">\n<td data-start=\"3066\" data-end=\"3082\" data-col-size=\"sm\">\u00c9paisseur de la lame<\/td>\n<td data-start=\"3082\" data-end=\"3100\" data-col-size=\"sm\">environ 3,3-3,8 mm<\/td>\n<\/tr>\n<tr data-start=\"3101\" data-end=\"3134\">\n<td data-start=\"3101\" data-end=\"3116\" data-col-size=\"sm\">Longueur du manche<\/td>\n<td data-start=\"3116\" data-end=\"3134\" data-col-size=\"sm\">environ 125-135 mm<\/td>\n<\/tr>\n<tr data-start=\"3135\" data-end=\"3161\">\n<td data-start=\"3135\" data-end=\"3144\" data-col-size=\"sm\">Poids<\/td>\n<td data-start=\"3144\" data-end=\"3161\" data-col-size=\"sm\">environ 140-150 g<\/td>\n<\/tr>\n<tr data-start=\"3162\" data-end=\"3207\">\n<td data-start=\"3162\" data-end=\"3172\" data-col-size=\"sm\">Type de lame<\/td>\n<td data-start=\"3172\" data-end=\"3207\" data-col-size=\"sm\">Stonewash Partielle dentel\u00e9e, S\/E<\/td>\n<\/tr>\n<tr data-start=\"3208\" data-end=\"3237\">\n<td data-start=\"3208\" data-end=\"3222\" data-col-size=\"sm\">Surface de la lame<\/td>\n<td data-start=\"3222\" data-end=\"3237\" data-col-size=\"sm\">Lav\u00e9e \u00e0 la pierre<\/td>\n<\/tr>\n<tr data-start=\"3238\" data-end=\"3274\">\n<td data-start=\"3238\" data-end=\"3256\" data-col-size=\"sm\">Mat\u00e9riau du manche<\/td>\n<td data-start=\"3256\" data-end=\"3274\" data-col-size=\"sm\">Aluminium 6061-T6<\/td>\n<\/tr>\n<tr data-start=\"3275\" data-end=\"3302\">\n<td data-start=\"3275\" data-end=\"3290\" data-col-size=\"sm\">Couleur de la poign\u00e9e<\/td>\n<td data-start=\"3290\" data-end=\"3302\" data-col-size=\"sm\">Vert OD<\/td>\n<\/tr>\n<tr data-start=\"3303\" data-end=\"3347\">\n<td data-start=\"3303\" data-end=\"3315\" data-col-size=\"sm\">M\u00e9canisme<\/td>\n<td data-start=\"3315\" data-end=\"3347\" data-col-size=\"sm\">Automatique &#8211; coulisseau lat\u00e9ral<\/td>\n<\/tr>\n<tr data-start=\"3348\" data-end=\"3384\">\n<td data-start=\"3348\" data-end=\"3358\" data-col-size=\"sm\">Ouverture<\/td>\n<td data-start=\"3358\" data-end=\"3384\" data-col-size=\"sm\">Automatique &#8211; Verrouillage de la glissi\u00e8re<\/td>\n<\/tr>\n<tr data-start=\"3385\" data-end=\"3419\">\n<td data-start=\"3385\" data-end=\"3390\" data-col-size=\"sm\">Clip<\/td>\n<td data-start=\"3390\" data-end=\"3419\" data-col-size=\"sm\">Ambidextre, portage profond<\/td>\n<\/tr>\n<tr data-start=\"3420\" data-end=\"3449\">\n<td data-start=\"3420\" data-end=\"3429\" data-col-size=\"sm\">Designer<\/td>\n<td data-start=\"3429\" data-end=\"3449\" data-col-size=\"sm\">Anthony Marfione<\/td>\n<\/tr>\n<tr data-start=\"3450\" data-end=\"3469\">\n<td data-start=\"3450\" data-end=\"3462\" data-col-size=\"sm\">Pays d&rsquo;origine<\/td>\n<td data-start=\"3462\" data-end=\"3469\" data-col-size=\"sm\">\u00c9TATS-UNIS D&rsquo;AM\u00c9RIQUE<\/td>\n<\/tr>\n<\/tbody>\n<\/table>\n<\/div>\n<\/div>\n<p data-start=\"3471\" data-end=\"3490\">\u2705 <strong data-start=\"3473\" data-end=\"3490\">Principaux avantages<\/strong><\/p>\n<ul data-start=\"3492\" data-end=\"3759\">\n<li data-start=\"3492\" data-end=\"3539\">\n<p data-start=\"3494\" data-end=\"3539\">M\u00e9canisme automatique rapide et fiable<\/p>\n<\/li>\n<li data-start=\"3540\" data-end=\"3583\">\n<p data-start=\"3542\" data-end=\"3583\">Lame universelle \u00e0 bord combin\u00e9<\/p>\n<\/li>\n<li data-start=\"3584\" data-end=\"3634\">\n<p data-start=\"3586\" data-end=\"3634\">La surface Stonewash masque les reflets et les rayures.<\/p>\n<\/li>\n<li data-start=\"3635\" data-end=\"3677\">\n<p data-start=\"3637\" data-end=\"3677\">Acier de premi\u00e8re qualit\u00e9 avec une excellente r\u00e9tention de la lame<\/p>\n<\/li>\n<li data-start=\"3678\" data-end=\"3719\">\n<p data-start=\"3680\" data-end=\"3719\">Poign\u00e9e vert OD avec look tactique<\/p>\n<\/li>\n<li data-start=\"3720\" data-end=\"3759\">\n<p data-start=\"3722\" data-end=\"3759\">Texture ergonomique pour une bonne prise en main<\/p>\n<\/li>\n<\/ul>\n<p data-start=\"3761\" data-end=\"3781\">\u26a0\ufe0f <strong data-start=\"3764\" data-end=\"3781\">Restrictions possibles<\/strong><\/p>\n<ul data-start=\"3783\" data-end=\"3949\">\n<li data-start=\"3783\" data-end=\"3841\">\n<p data-start=\"3785\" data-end=\"3841\">La lame partiellement dentel\u00e9e n\u00e9cessite un aff\u00fbtage sp\u00e9cialis\u00e9<\/p>\n<\/li>\n<li data-start=\"3842\" data-end=\"3895\">\n<p data-start=\"3844\" data-end=\"3895\">Niveau de prix plus \u00e9lev\u00e9 correspondant \u00e0 une production de qualit\u00e9 sup\u00e9rieure<\/p>\n<\/li>\n<li data-start=\"3896\" data-end=\"3949\">\n<p data-start=\"3898\" data-end=\"3949\">Le m\u00e9canisme automatique n\u00e9cessite un entretien r\u00e9gulier<\/p>\n<\/li>\n<\/ul>\n<p data-start=\"3951\" data-end=\"3972\">\ud83d\udee0\ufe0f <strong data-start=\"3955\" data-end=\"3972\">Entretien et soins<\/strong><\/p>\n<ul data-start=\"3974\" data-end=\"4153\">\n<li data-start=\"3974\" data-end=\"4009\">\n<p data-start=\"3976\" data-end=\"4009\">Nettoyez et s\u00e9chez la lame apr\u00e8s utilisation<\/p>\n<\/li>\n<li data-start=\"4010\" data-end=\"4044\">\n<p data-start=\"4012\" data-end=\"4044\">Gardez la poign\u00e9e s\u00e8che et propre<\/p>\n<\/li>\n<li data-start=\"4045\" data-end=\"4097\">\n<p data-start=\"4047\" data-end=\"4097\">V\u00e9rifiez r\u00e9guli\u00e8rement le m\u00e9canisme et \u00e9liminez toute salet\u00e9<\/p>\n<\/li>\n<li data-start=\"4098\" data-end=\"4153\">\n<p data-start=\"4100\" data-end=\"4153\">Utilisez des outils appropri\u00e9s pour rectifier les pi\u00e8ces dentel\u00e9es<\/p>\n<\/li>\n<\/ul>\n<p data-start=\"4155\" data-end=\"4221\">Un entretien ad\u00e9quat garantit la fiabilit\u00e9 \u00e0 long terme et les performances \u00e9lev\u00e9es du couteau.<\/p>\n<p data-start=\"4223\" data-end=\"4244\">\ud83c\udfaf <strong data-start=\"4226\" data-end=\"4244\">Recommand\u00e9 pour<\/strong><\/p>\n<ul data-start=\"4246\" data-end=\"4403\">\n<li data-start=\"4246\" data-end=\"4280\">\n<p data-start=\"4248\" data-end=\"4280\">Utilisation professionnelle tactique<\/p>\n<\/li>\n<li data-start=\"4281\" data-end=\"4306\">\n<p data-start=\"4283\" data-end=\"4306\">Des utilisateurs d&rsquo;EDC exigeants<\/p>\n<\/li>\n<li data-start=\"4307\" data-end=\"4359\">\n<p data-start=\"4309\" data-end=\"4359\">Activit\u00e9s ext\u00e9rieures n\u00e9cessitant une lame universelle<\/p>\n<\/li>\n<li data-start=\"4360\" data-end=\"4403\">\n<p data-start=\"4362\" data-end=\"4403\">Collectionneurs de couteaux automatiques de qualit\u00e9<\/p>\n<\/li>\n<\/ul>\n<p data-start=\"4405\" data-end=\"4430\">\u2b50 <strong data-start=\"4407\" data-end=\"4430\">Note finale<\/strong><\/p>\n<p data-start=\"4432\" data-end=\"4761\"><strong data-start=\"4432\" data-end=\"4476\">Le Microtech SOCOM ELITE S\/E AUTO 160A-11OD<\/strong> en OD Green avec une lame partiellement dentel\u00e9e stonewash est un couteau automatique polyvalent et fabriqu\u00e9 avec pr\u00e9cision qui combine performance tactique, construction robuste et capacit\u00e9s de coupe polyvalentes. C&rsquo;est un excellent choix pour ceux qui recherchent la performance et la fiabilit\u00e9 sans compromis \ud83d\udd2a\ud83d\udd25\ud83d\udd25. <\/p>\n","protected":false},"excerpt":{"rendered":"<p><strong>Le Microtech SOCOM ELITE S\/E AUTO 160A-11OD en OD Green avec une lame partiellement dentel\u00e9e stonewash est un couteau automatique polyvalent et fabriqu\u00e9 avec pr\u00e9cision qui combine performance tactique, construction robuste et capacit\u00e9s de coupe polyvalentes. C&rsquo;est un excellent choix pour ceux qui recherchent la performance et la fiabilit\u00e9 sans compromis \ud83d\udd2a\ud83d\udd25\ud83d\udd25. <\/strong><\/p>\n<p><strong>Livraison gratuite.<\/strong><\/p>\n","protected":false},"featured_media":437545,"comment_status":"open","ping_status":"closed","template":"","meta":[],"pwb-brand":[3751],"product_brand":[],"product_cat":[3699,3696],"product_tag":[],"class_list":{"0":"post-437672","1":"product","2":"type-product","3":"status-publish","4":"has-post-thumbnail","6":"pwb-brand-microtechnologie","7":"product_cat-couteaux-de-tir","8":"product_cat-des-couteaux","10":"first","11":"instock","12":"taxable","13":"shipping-taxable","14":"purchasable","15":"product-type-simple"},"brands":[{"id":3751,"name":"Microtechnologie","slug":"microtechnologie"}],"_links":{"self":[{"href":"https:\/\/www.moskito.cz\/fr\/wp-json\/wp\/v2\/product\/437672","targetHints":{"allow":["GET"]}}],"collection":[{"href":"https:\/\/www.moskito.cz\/fr\/wp-json\/wp\/v2\/product"}],"about":[{"href":"https:\/\/www.moskito.cz\/fr\/wp-json\/wp\/v2\/types\/product"}],"replies":[{"embeddable":true,"href":"https:\/\/www.moskito.cz\/fr\/wp-json\/wp\/v2\/comments?post=437672"}],"wp:featuredmedia":[{"embeddable":true,"href":"https:\/\/www.moskito.cz\/fr\/wp-json\/wp\/v2\/media\/437545"}],"wp:attachment":[{"href":"https:\/\/www.moskito.cz\/fr\/wp-json\/wp\/v2\/media?parent=437672"}],"wp:term":[{"taxonomy":"pwb-brand","embeddable":true,"href":"https:\/\/www.moskito.cz\/fr\/wp-json\/wp\/v2\/pwb-brand?post=437672"},{"taxonomy":"product_brand","embeddable":true,"href":"https:\/\/www.moskito.cz\/fr\/wp-json\/wp\/v2\/product_brand?post=437672"},{"taxonomy":"product_cat","embeddable":true,"href":"https:\/\/www.moskito.cz\/fr\/wp-json\/wp\/v2\/product_cat?post=437672"},{"taxonomy":"product_tag","embeddable":true,"href":"https:\/\/www.moskito.cz\/fr\/wp-json\/wp\/v2\/product_tag?post=437672"}],"curies":[{"name":"wp","href":"https:\/\/api.w.org\/{rel}","templated":true}]}}