{"id":437682,"date":"2026-02-16T15:29:24","date_gmt":"2026-02-16T14:29:24","guid":{"rendered":"https:\/\/www.moskito.cz\/produkt\/couteau-dejection-microtech-combat-troodon-iii-1142-3ta\/"},"modified":"2026-02-16T18:31:12","modified_gmt":"2026-02-16T17:31:12","slug":"couteau-dejection-microtech-combat-troodon-iii-1142-3ta","status":"publish","type":"product","link":"https:\/\/www.moskito.cz\/fr\/produkt\/couteau-dejection-microtech-combat-troodon-iii-1142-3ta\/","title":{"rendered":"Couteau d&rsquo;\u00e9jection Microtech Combat Troodon III 1142-3TA"},"content":{"rendered":"<p data-start=\"0\" data-end=\"83\"><strong data-start=\"0\" data-end=\"83\">Microtech Combat Troodon D\/E Gen III 1142-3TA &#8211; Black Full Serrate \/ Tan Handle<\/strong><\/p>\n<p data-start=\"85\" data-end=\"435\">D\u00e8s que vous prendrez en main le <strong data-start=\"108\" data-end=\"157\">Microtech Combat Troodon D\/E Gen III 1142-3TA<\/strong>, vous sentirez imm\u00e9diatement la m\u00e9canique pr\u00e9cise et le caract\u00e8re tactique agressif qui caract\u00e9risent ce mod\u00e8le. Cette version combine une lame noire enti\u00e8rement dentel\u00e9e avec une poign\u00e9e anodis\u00e9e tan, cr\u00e9ant un fort contraste visuel ainsi qu&rsquo;un outil fonctionnel pr\u00eat pour un large \u00e9ventail de t\u00e2ches. <\/p>\n<p data-start=\"437\" data-end=\"516\">Con\u00e7u par Anthony (Tony) Marfion et enti\u00e8rement fabriqu\u00e9 et assembl\u00e9 \u00e0 \ud83c\uddfa\ud83c\uddf8 USA.<\/p>\n<p data-start=\"518\" data-end=\"546\">\ud83d\udd25 <strong data-start=\"521\" data-end=\"546\">Caract\u00e8re et philosophie<\/strong><\/p>\n<p data-start=\"548\" data-end=\"931\">Le Combat Troodon est l&rsquo;un des mod\u00e8les OTF les plus puissants de Microtech et sa variante Gen III apporte une am\u00e9lioration du design et des performances. La lame enti\u00e8rement dentel\u00e9e D\/E (Double Edge) offre une p\u00e9n\u00e9tration maximale et excelle dans la coupe de mat\u00e9riaux pour lesquels un bord dentel\u00e9 est avantageux, tels que les cordes, les sangles ou les tissus rigides. Ce mod\u00e8le est con\u00e7u pour les situations tactiques exigeantes et les d\u00e9ploiements robustes de l&rsquo;EDC.  <\/p>\n<p data-start=\"933\" data-end=\"1082\">Le curseur lat\u00e9ral encastr\u00e9 offre un contr\u00f4le naturel et intuitif qui permet une extension rapide et une r\u00e9traction s\u00fbre de la lame en un seul mouvement fluide.<\/p>\n<p data-start=\"1084\" data-end=\"1100\"><strong data-start=\"1087\" data-end=\"1100\">\ud83c\udfed A propos du producteur<\/strong><\/p>\n<p data-start=\"1102\" data-end=\"1256\"><span class=\"hover:entity-accent entity-underline inline cursor-pointer align-baseline\"><span class=\"whitespace-normal\">Microtech Knives<\/span><\/span> est une marque am\u00e9ricaine avec plus de 30 ans de tradition dans la fabrication de couteaux OTF et automatiques de haute qualit\u00e9. Les caract\u00e9ristiques typiques sont les suivantes : <\/p>\n<ul data-start=\"1258\" data-end=\"1397\">\n<li data-start=\"1258\" data-end=\"1283\">\n<p data-start=\"1260\" data-end=\"1283\">Usinage CNC de pr\u00e9cision<\/p>\n<\/li>\n<li data-start=\"1284\" data-end=\"1318\">\n<p data-start=\"1286\" data-end=\"1318\">M\u00e9canismes internes brevet\u00e9s<\/p>\n<\/li>\n<li data-start=\"1319\" data-end=\"1340\">\n<p data-start=\"1321\" data-end=\"1340\">Conception innovante<\/p>\n<\/li>\n<li data-start=\"1341\" data-end=\"1367\">\n<p data-start=\"1343\" data-end=\"1367\">Un contr\u00f4le de qualit\u00e9 rigoureux<\/p>\n<\/li>\n<li data-start=\"1368\" data-end=\"1397\">\n<p data-start=\"1370\" data-end=\"1397\">Esth\u00e9tique tactique distinctive<\/p>\n<\/li>\n<\/ul>\n<p data-start=\"1399\" data-end=\"1490\">Chaque pi\u00e8ce est fabriqu\u00e9e et assembl\u00e9e aux \u00c9tats-Unis sous la direction de <span class=\"hover:entity-accent entity-underline inline cursor-pointer align-baseline\"><span class=\"whitespace-normal\">Anthony Marfione<\/span><\/span>.<\/p>\n<p data-start=\"1492\" data-end=\"1536\">\ud83d\udde1\ufe0f <strong data-start=\"1496\" data-end=\"1536\">Lame &#8211; D\/E Full Serrate Black Blade<\/strong><\/p>\n<p data-start=\"1538\" data-end=\"1619\">La lame avec lame des deux c\u00f4t\u00e9s et profil enti\u00e8rement dentel\u00e9 permet :<\/p>\n<ul data-start=\"1621\" data-end=\"1738\">\n<li data-start=\"1621\" data-end=\"1644\">\n<p data-start=\"1623\" data-end=\"1644\">r\u00e9sistance extr\u00eame \u00e0 la perforation<\/p>\n<\/li>\n<li data-start=\"1645\" data-end=\"1692\">\n<p data-start=\"1647\" data-end=\"1692\">excellente coupe des fibres et des mat\u00e9riaux rigides<\/p>\n<\/li>\n<li data-start=\"1693\" data-end=\"1738\">\n<p data-start=\"1695\" data-end=\"1738\">performance constante quel que soit le type de coupe<\/p>\n<\/li>\n<\/ul>\n<p data-start=\"1740\" data-end=\"1812\">La finition noire r\u00e9duit les reflets et ajoute un caract\u00e8re tactique au couteau.<\/p>\n<p data-start=\"1814\" data-end=\"1951\">Une lame dentel\u00e9e est efficace l\u00e0 o\u00f9 une lame lisse perd en performance &#8211; par exemple, lors de la coupe de cordes, de cordes lest\u00e9es ou d&rsquo;autres mat\u00e9riaux abrasifs.<\/p>\n<p data-start=\"1953\" data-end=\"1989\"><strong data-start=\"1956\" data-end=\"1989\">\ud83d\udd2c Acier &#8211; Acier inoxydable de qualit\u00e9 sup\u00e9rieure<\/strong><\/p>\n<p data-start=\"1991\" data-end=\"2069\">L&rsquo;acier utilis\u00e9 appartient au segment haut de gamme des mat\u00e9riaux de coutellerie &#8211; il se caract\u00e9rise par<\/p>\n<ul data-start=\"2071\" data-end=\"2164\">\n<li data-start=\"2071\" data-end=\"2109\">\n<p data-start=\"2073\" data-end=\"2109\">haute r\u00e9sistance \u00e0 l&rsquo;usure<\/p>\n<\/li>\n<li data-start=\"2110\" data-end=\"2138\">\n<p data-start=\"2112\" data-end=\"2138\">bonne r\u00e9sistance \u00e0 la corrosion<\/p>\n<\/li>\n<li data-start=\"2139\" data-end=\"2164\">\n<p data-start=\"2141\" data-end=\"2164\">long maintien de la lame<\/p>\n<\/li>\n<\/ul>\n<p data-start=\"2166\" data-end=\"2232\">Cette combinaison garantit des performances fiables, m\u00eame pour les t\u00e2ches les plus exigeantes.<\/p>\n<p data-start=\"2234\" data-end=\"2272\">\ud83e\udde9 <strong data-start=\"2237\" data-end=\"2272\">Poign\u00e9e &#8211; Aluminium anodis\u00e9 Tan<\/strong><\/p>\n<p data-start=\"2274\" data-end=\"2385\">La poign\u00e9e est fabriqu\u00e9e en aluminium 6061-T6 anodis\u00e9 de couleur bronze, ce qui lui conf\u00e8re un aspect \u00e0 la fois robuste et pratique.<\/p>\n<ul data-start=\"2387\" data-end=\"2602\">\n<li data-start=\"2387\" data-end=\"2428\">\n<p data-start=\"2389\" data-end=\"2428\">Texture antid\u00e9rapante frais\u00e9e en 3D par CNC<\/p>\n<\/li>\n<li data-start=\"2429\" data-end=\"2459\">\n<p data-start=\"2431\" data-end=\"2459\">Jimping pour un meilleur contr\u00f4le<\/p>\n<\/li>\n<li data-start=\"2460\" data-end=\"2488\">\n<p data-start=\"2462\" data-end=\"2488\">Coulisseau lat\u00e9ral encastr\u00e9<\/p>\n<\/li>\n<li data-start=\"2489\" data-end=\"2545\">\n<p data-start=\"2491\" data-end=\"2545\">Clip de transport ambidextre (droite\/gauche, pointe vers le bas)<\/p>\n<\/li>\n<li data-start=\"2546\" data-end=\"2602\">\n<p data-start=\"2548\" data-end=\"2602\">D\u00e9tails secondaires tels que le num\u00e9ro de s\u00e9rie et la date de fabrication<\/p>\n<\/li>\n<\/ul>\n<p data-start=\"2604\" data-end=\"2699\">La couleur beige est pratique, se marie bien avec l&rsquo;\u00e9quipement tactique et masque bien les petites \u00e9raflures.<\/p>\n<p data-start=\"2701\" data-end=\"2742\">\u2699\ufe0f <strong data-start=\"2704\" data-end=\"2742\">Sp\u00e9cifications techniques (indicatives)<\/strong><\/p>\n<p data-start=\"2744\" data-end=\"2793\"><em data-start=\"2744\" data-end=\"2793\">Les param\u00e8tres peuvent varier en fonction de la s\u00e9rie sp\u00e9cifique.<\/em><\/p>\n<div class=\"TyagGW_tableContainer\">\n<div class=\"group TyagGW_tableWrapper flex flex-col-reverse w-fit\" tabindex=\"-1\">\n<table class=\"w-fit min-w-(--thread-content-width)\" data-start=\"2795\" data-end=\"3331\">\n<thead data-start=\"2795\" data-end=\"2813\">\n<tr data-start=\"2795\" data-end=\"2813\">\n<th class=\"\" data-start=\"2795\" data-end=\"2804\" data-col-size=\"sm\">Param\u00e8tre<\/th>\n<th class=\"\" data-start=\"2804\" data-end=\"2813\" data-col-size=\"sm\">Valeur<\/th>\n<\/tr>\n<\/thead>\n<tbody data-start=\"2824\" data-end=\"3331\">\n<tr data-start=\"2824\" data-end=\"2860\">\n<td data-start=\"2824\" data-end=\"2830\" data-col-size=\"sm\">Mod\u00e8le<\/td>\n<td data-start=\"2830\" data-end=\"2860\" data-col-size=\"sm\">Combat Troodon D\/E Gen III<\/td>\n<\/tr>\n<tr data-start=\"2861\" data-end=\"2890\">\n<td data-start=\"2861\" data-end=\"2878\" data-col-size=\"sm\">Num\u00e9ro de produit<\/td>\n<td data-start=\"2878\" data-end=\"2890\" data-col-size=\"sm\">1142-3TA<\/td>\n<\/tr>\n<tr data-start=\"2891\" data-end=\"2923\">\n<td data-start=\"2891\" data-end=\"2905\" data-col-size=\"sm\">Longueur totale<\/td>\n<td data-start=\"2905\" data-end=\"2923\" data-col-size=\"sm\">environ 230-240 mm<\/td>\n<\/tr>\n<tr data-start=\"2924\" data-end=\"2954\">\n<td data-start=\"2924\" data-end=\"2937\" data-col-size=\"sm\">Longueur de la lame<\/td>\n<td data-start=\"2937\" data-end=\"2954\" data-col-size=\"sm\">environ 95-100 mm<\/td>\n<\/tr>\n<tr data-start=\"2955\" data-end=\"2989\">\n<td data-start=\"2955\" data-end=\"2971\" data-col-size=\"sm\">\u00c9paisseur de la lame<\/td>\n<td data-start=\"2971\" data-end=\"2989\" data-col-size=\"sm\">environ 3,0-3,5 mm<\/td>\n<\/tr>\n<tr data-start=\"2990\" data-end=\"3023\">\n<td data-start=\"2990\" data-end=\"3005\" data-col-size=\"sm\">Longueur du manche<\/td>\n<td data-start=\"3005\" data-end=\"3023\" data-col-size=\"sm\">environ 135-140 mm<\/td>\n<\/tr>\n<tr data-start=\"3024\" data-end=\"3050\">\n<td data-start=\"3024\" data-end=\"3033\" data-col-size=\"sm\">Poids<\/td>\n<td data-start=\"3033\" data-end=\"3050\" data-col-size=\"sm\">environ 150-160 g<\/td>\n<\/tr>\n<tr data-start=\"3051\" data-end=\"3082\">\n<td data-start=\"3051\" data-end=\"3061\" data-col-size=\"sm\">Type de lame<\/td>\n<td data-start=\"3061\" data-end=\"3082\" data-col-size=\"sm\">D\/E pleine dentel\u00e9e<\/td>\n<\/tr>\n<tr data-start=\"3083\" data-end=\"3106\">\n<td data-start=\"3083\" data-end=\"3097\" data-col-size=\"sm\">Surface de la lame<\/td>\n<td data-start=\"3097\" data-end=\"3106\" data-col-size=\"sm\">Noir<\/td>\n<\/tr>\n<tr data-start=\"3107\" data-end=\"3143\">\n<td data-start=\"3107\" data-end=\"3125\" data-col-size=\"sm\">Mat\u00e9riau du manche<\/td>\n<td data-start=\"3125\" data-end=\"3143\" data-col-size=\"sm\">Aluminium 6061-T6<\/td>\n<\/tr>\n<tr data-start=\"3144\" data-end=\"3166\">\n<td data-start=\"3144\" data-end=\"3159\" data-col-size=\"sm\">Couleur du manche<\/td>\n<td data-start=\"3159\" data-end=\"3166\" data-col-size=\"sm\">Tan<\/td>\n<\/tr>\n<tr data-start=\"3167\" data-end=\"3203\">\n<td data-start=\"3167\" data-end=\"3179\" data-col-size=\"sm\">M\u00e9canisme<\/td>\n<td data-start=\"3179\" data-end=\"3203\" data-col-size=\"sm\">D\/A OTF &#8211; Verrouillage de la glissi\u00e8re<\/td>\n<\/tr>\n<tr data-start=\"3204\" data-end=\"3246\">\n<td data-start=\"3204\" data-end=\"3214\" data-col-size=\"sm\">Ouverture<\/td>\n<td data-start=\"3214\" data-end=\"3246\" data-col-size=\"sm\">Automatique &#8211; curseur lat\u00e9ral<\/td>\n<\/tr>\n<tr data-start=\"3247\" data-end=\"3281\">\n<td data-start=\"3247\" data-end=\"3252\" data-col-size=\"sm\">Clip<\/td>\n<td data-start=\"3252\" data-end=\"3281\" data-col-size=\"sm\">Ambidextre, portage profond<\/td>\n<\/tr>\n<tr data-start=\"3282\" data-end=\"3311\">\n<td data-start=\"3282\" data-end=\"3291\" data-col-size=\"sm\">Designer<\/td>\n<td data-start=\"3291\" data-end=\"3311\" data-col-size=\"sm\">Anthony Marfione<\/td>\n<\/tr>\n<tr data-start=\"3312\" data-end=\"3331\">\n<td data-start=\"3312\" data-end=\"3324\" data-col-size=\"sm\">Pays d&rsquo;origine<\/td>\n<td data-start=\"3324\" data-end=\"3331\" data-col-size=\"sm\">\u00c9TATS-UNIS D&rsquo;AM\u00c9RIQUE<\/td>\n<\/tr>\n<\/tbody>\n<\/table>\n<\/div>\n<\/div>\n<p data-start=\"3333\" data-end=\"3352\">\u2705 <strong data-start=\"3335\" data-end=\"3352\">Principaux avantages<\/strong><\/p>\n<ul data-start=\"3354\" data-end=\"3643\">\n<li data-start=\"3354\" data-end=\"3397\">\n<p data-start=\"3356\" data-end=\"3397\">M\u00e9canisme D\/A OTF rapide et fiable<\/p>\n<\/li>\n<li data-start=\"3398\" data-end=\"3447\">\n<p data-start=\"3400\" data-end=\"3447\">Lame D\/E enti\u00e8rement dentel\u00e9e \u00e0 haute p\u00e9n\u00e9tration<\/p>\n<\/li>\n<li data-start=\"3448\" data-end=\"3482\">\n<p data-start=\"3450\" data-end=\"3482\">Surface noire pour r\u00e9duire les reflets<\/p>\n<\/li>\n<li data-start=\"3483\" data-end=\"3532\">\n<p data-start=\"3485\" data-end=\"3532\">Acier inoxydable de premi\u00e8re qualit\u00e9 avec une bonne r\u00e9tention de la lame<\/p>\n<\/li>\n<li data-start=\"3533\" data-end=\"3580\">\n<p data-start=\"3535\" data-end=\"3580\">Poign\u00e9e ergonomique avec surface textur\u00e9e<\/p>\n<\/li>\n<li data-start=\"3581\" data-end=\"3643\">\n<p data-start=\"3583\" data-end=\"3643\">Conception robuste et l\u00e9g\u00e8re adapt\u00e9e \u00e0 une utilisation quotidienne<\/p>\n<\/li>\n<\/ul>\n<p data-start=\"3645\" data-end=\"3665\">\u26a0\ufe0f <strong data-start=\"3648\" data-end=\"3665\">Restrictions possibles<\/strong><\/p>\n<ul data-start=\"3667\" data-end=\"3828\">\n<li data-start=\"3667\" data-end=\"3718\">\n<p data-start=\"3669\" data-end=\"3718\">Les lames dentel\u00e9es sont plus difficiles \u00e0 entretenir et \u00e0 aiguiser.<\/p>\n<\/li>\n<li data-start=\"3719\" data-end=\"3774\">\n<p data-start=\"3721\" data-end=\"3774\">Cat\u00e9gorie de prix sup\u00e9rieure correspondant \u00e0 une production de qualit\u00e9<\/p>\n<\/li>\n<li data-start=\"3775\" data-end=\"3828\">\n<p data-start=\"3777\" data-end=\"3828\">Le m\u00e9canisme automatique n\u00e9cessite un entretien r\u00e9gulier<\/p>\n<\/li>\n<\/ul>\n<p data-start=\"3830\" data-end=\"3851\">\ud83d\udee0\ufe0f <strong data-start=\"3834\" data-end=\"3851\">Entretien et soins<\/strong><\/p>\n<ul data-start=\"3853\" data-end=\"4044\">\n<li data-start=\"3853\" data-end=\"3888\">\n<p data-start=\"3855\" data-end=\"3888\">Nettoyez et s\u00e9chez la lame apr\u00e8s utilisation<\/p>\n<\/li>\n<li data-start=\"3889\" data-end=\"3923\">\n<p data-start=\"3891\" data-end=\"3923\">Gardez la poign\u00e9e s\u00e8che et propre<\/p>\n<\/li>\n<li data-start=\"3924\" data-end=\"3976\">\n<p data-start=\"3926\" data-end=\"3976\">V\u00e9rifiez r\u00e9guli\u00e8rement le m\u00e9canisme et \u00e9liminez toute salet\u00e9<\/p>\n<\/li>\n<li data-start=\"3977\" data-end=\"4044\">\n<p data-start=\"3979\" data-end=\"4044\">Pour l&rsquo;aff\u00fbtage des lames dentel\u00e9es, nous recommandons l&rsquo;utilisation d&rsquo;outils sp\u00e9cialis\u00e9s.<\/p>\n<\/li>\n<\/ul>\n<p data-start=\"4046\" data-end=\"4112\">Un entretien ad\u00e9quat garantit la fiabilit\u00e9 \u00e0 long terme et les performances \u00e9lev\u00e9es du couteau.<\/p>\n<p data-start=\"4114\" data-end=\"4135\">\ud83c\udfaf <strong data-start=\"4117\" data-end=\"4135\">Recommand\u00e9 pour<\/strong><\/p>\n<ul data-start=\"4137\" data-end=\"4320\">\n<li data-start=\"4137\" data-end=\"4171\">\n<p data-start=\"4139\" data-end=\"4171\">Utilisation professionnelle tactique<\/p>\n<\/li>\n<li data-start=\"4172\" data-end=\"4232\">\n<p data-start=\"4174\" data-end=\"4232\">Utilisateurs qui traitent souvent des mat\u00e9riaux rigides ou fibreux<\/p>\n<\/li>\n<li data-start=\"4233\" data-end=\"4268\">\n<p data-start=\"4235\" data-end=\"4268\">Collectionneurs de mod\u00e8les haut de gamme de la FTO<\/p>\n<\/li>\n<li data-start=\"4269\" data-end=\"4320\">\n<p data-start=\"4271\" data-end=\"4320\">Les utilisateurs qui pr\u00e9f\u00e8rent les combinaisons de couleurs audacieuses<\/p>\n<\/li>\n<\/ul>\n<p data-start=\"4322\" data-end=\"4347\">\u2b50 <strong data-start=\"4324\" data-end=\"4347\">Note finale<\/strong><\/p>\n<p data-start=\"4349\" data-end=\"4625\">Le <strong data-start=\"4349\" data-end=\"4398\">Microtech Combat Troodon D\/E Gen III 1142-3TA<\/strong> en Black Full Serrate \/ Tan est un couteau tactique OTF premium avec une lame dentel\u00e9e agressive, une construction robuste et une fabrication am\u00e9ricaine de pr\u00e9cision. C&rsquo;est le choix pour ceux qui veulent la performance, le style et la fonction sans compromis \ud83d\udd2a\ud83d\udd25\ud83d\udd25\ud83d\udd2a\ud83d\udd25. <\/p>\n","protected":false},"excerpt":{"rendered":"<p><strong>Le Microtech Combat Troodon D\/E Gen III 1142-3TA en Black Full Serrate \/ Tan est un couteau tactique OTF premium avec une lame dentel\u00e9e agressive, une construction robuste et une fabrication am\u00e9ricaine de pr\u00e9cision. C&rsquo;est le choix pour ceux qui veulent la performance, le style et la fonction sans compromis \ud83d\udd2a\ud83d\udd25\ud83d\udd25\ud83d\udd2a\ud83d\udd25. <\/strong><\/p>\n<p><strong>Livraison gratuite.<\/strong><\/p>\n","protected":false},"featured_media":437528,"comment_status":"open","ping_status":"closed","template":"","meta":[],"pwb-brand":[3751],"product_brand":[],"product_cat":[3699,3696],"product_tag":[],"class_list":{"0":"post-437682","1":"product","2":"type-product","3":"status-publish","4":"has-post-thumbnail","6":"pwb-brand-microtechnologie","7":"product_cat-couteaux-de-tir","8":"product_cat-des-couteaux","10":"first","11":"instock","12":"taxable","13":"shipping-taxable","14":"purchasable","15":"product-type-simple"},"brands":[{"id":3751,"name":"Microtechnologie","slug":"microtechnologie"}],"_links":{"self":[{"href":"https:\/\/www.moskito.cz\/fr\/wp-json\/wp\/v2\/product\/437682","targetHints":{"allow":["GET"]}}],"collection":[{"href":"https:\/\/www.moskito.cz\/fr\/wp-json\/wp\/v2\/product"}],"about":[{"href":"https:\/\/www.moskito.cz\/fr\/wp-json\/wp\/v2\/types\/product"}],"replies":[{"embeddable":true,"href":"https:\/\/www.moskito.cz\/fr\/wp-json\/wp\/v2\/comments?post=437682"}],"wp:featuredmedia":[{"embeddable":true,"href":"https:\/\/www.moskito.cz\/fr\/wp-json\/wp\/v2\/media\/437528"}],"wp:attachment":[{"href":"https:\/\/www.moskito.cz\/fr\/wp-json\/wp\/v2\/media?parent=437682"}],"wp:term":[{"taxonomy":"pwb-brand","embeddable":true,"href":"https:\/\/www.moskito.cz\/fr\/wp-json\/wp\/v2\/pwb-brand?post=437682"},{"taxonomy":"product_brand","embeddable":true,"href":"https:\/\/www.moskito.cz\/fr\/wp-json\/wp\/v2\/product_brand?post=437682"},{"taxonomy":"product_cat","embeddable":true,"href":"https:\/\/www.moskito.cz\/fr\/wp-json\/wp\/v2\/product_cat?post=437682"},{"taxonomy":"product_tag","embeddable":true,"href":"https:\/\/www.moskito.cz\/fr\/wp-json\/wp\/v2\/product_tag?post=437682"}],"curies":[{"name":"wp","href":"https:\/\/api.w.org\/{rel}","templated":true}]}}