{"id":437687,"date":"2026-02-16T15:08:12","date_gmt":"2026-02-16T14:08:12","guid":{"rendered":"https:\/\/www.moskito.cz\/produkt\/couteau-dejection-microtech-combat-troodon-gen-iii-stonewashed-1142-10rd\/"},"modified":"2026-02-16T18:31:19","modified_gmt":"2026-02-16T17:31:19","slug":"couteau-dejection-microtech-combat-troodon-gen-iii-stonewashed-1142-10rd","status":"publish","type":"product","link":"https:\/\/www.moskito.cz\/fr\/produkt\/couteau-dejection-microtech-combat-troodon-gen-iii-stonewashed-1142-10rd\/","title":{"rendered":"Couteau d&rsquo;\u00e9jection Microtech Combat Troodon Gen III Stonewashed 1142-10RD"},"content":{"rendered":"<p data-start=\"85\" data-end=\"414\">Lorsque vous prenez en main le <strong data-start=\"108\" data-end=\"158\">Microtech Combat Troodon Gen III D\/E 1142-10RD<\/strong>, vous ressentez imm\u00e9diatement la combinaison d&rsquo;une m\u00e9canique pr\u00e9cise et d&rsquo;un design tactique dynamique. Ce mod\u00e8le est une version puissante du l\u00e9gendaire couteau Troodon OTF, o\u00f9 le contraste entre le manche rouge distinctif et la lame discr\u00e8te lav\u00e9e \u00e0 la pierre est \u00e0 la fois \u00e9l\u00e9gant et fonctionnel. <\/p>\n<p data-start=\"416\" data-end=\"495\">Con\u00e7u par Anthony (Tony) Marfion et enti\u00e8rement fabriqu\u00e9 et assembl\u00e9 \u00e0 \ud83c\uddfa\ud83c\uddf8 USA.<\/p>\n<p data-start=\"497\" data-end=\"525\">\ud83d\udd25 <strong data-start=\"500\" data-end=\"525\">Caract\u00e8re et philosophie<\/strong><\/p>\n<p data-start=\"527\" data-end=\"768\">Le Combat Troodon Gen III est synonyme de puissance, de fiabilit\u00e9 et de polyvalence tactique dans les couteaux OTF. La version D\/E (Double Edge) offre une lame sym\u00e9trique avec un tranchant des deux c\u00f4t\u00e9s, augmentant la p\u00e9n\u00e9tration et la polyvalence de coupe pour le travail tactique. <\/p>\n<p data-start=\"770\" data-end=\"980\">Le curseur lat\u00e9ral encastr\u00e9 garantit un fonctionnement souple et intuitif &#8211; la lame s&rsquo;\u00e9tend et se r\u00e9tracte en un seul mouvement. L&rsquo;ensemble du m\u00e9canisme est con\u00e7u pour \u00eatre rapide, fiable et vous donner confiance \u00e0 chaque utilisation. <\/p>\n<p data-start=\"982\" data-end=\"998\"><strong data-start=\"985\" data-end=\"998\">\ud83c\udfed A propos du producteur<\/strong><\/p>\n<p data-start=\"1000\" data-end=\"1159\"><span class=\"hover:entity-accent entity-underline inline cursor-pointer align-baseline\"><span class=\"whitespace-normal\">Microtech Knives<\/span><\/span> est un fabricant am\u00e9ricain avec plus de 30 ans de tradition dans la production de couteaux automatiques et OTF haut de gamme. Les caract\u00e9ristiques typiques sont les suivantes : <\/p>\n<ul data-start=\"1161\" data-end=\"1339\">\n<li data-start=\"1161\" data-end=\"1186\">\n<p data-start=\"1163\" data-end=\"1186\">Usinage CNC de pr\u00e9cision<\/p>\n<\/li>\n<li data-start=\"1187\" data-end=\"1221\">\n<p data-start=\"1189\" data-end=\"1221\">M\u00e9canismes internes brevet\u00e9s<\/p>\n<\/li>\n<li data-start=\"1222\" data-end=\"1255\">\n<p data-start=\"1224\" data-end=\"1255\">Des solutions innovantes en mati\u00e8re de conception<\/p>\n<\/li>\n<li data-start=\"1256\" data-end=\"1285\">\n<p data-start=\"1258\" data-end=\"1285\">Un contr\u00f4le de qualit\u00e9 coh\u00e9rent<\/p>\n<\/li>\n<li data-start=\"1286\" data-end=\"1339\">\n<p data-start=\"1288\" data-end=\"1339\">Un design distinctif ax\u00e9 sur la fonctionnalit\u00e9 tactique<\/p>\n<\/li>\n<\/ul>\n<p data-start=\"1341\" data-end=\"1438\">Chaque pi\u00e8ce est fabriqu\u00e9e et assembl\u00e9e \u00e0 la main aux \u00c9tats-Unis sous la direction de <span class=\"hover:entity-accent entity-underline inline cursor-pointer align-baseline\"><span class=\"whitespace-normal\">Anthony Marfione<\/span><\/span>.<\/p>\n<p data-start=\"1440\" data-end=\"1486\">\ud83d\udde1\ufe0f <strong data-start=\"1444\" data-end=\"1486\">Lame &#8211; D\/E (Double Edge), Stonewashed<\/strong><\/p>\n<p data-start=\"1488\" data-end=\"1543\">La lame D\/E offre un tranchant des deux c\u00f4t\u00e9s, ce qui permet.. :<\/p>\n<ul data-start=\"1545\" data-end=\"1640\">\n<li data-start=\"1545\" data-end=\"1567\">\n<p data-start=\"1547\" data-end=\"1567\">forte p\u00e9n\u00e9tration<\/p>\n<\/li>\n<li data-start=\"1568\" data-end=\"1595\">\n<p data-start=\"1570\" data-end=\"1595\">des coupes rapides et efficaces<\/p>\n<\/li>\n<li data-start=\"1596\" data-end=\"1640\">\n<p data-start=\"1598\" data-end=\"1640\">g\u00e9om\u00e9trie sym\u00e9trique pour les t\u00e2ches tactiques<\/p>\n<\/li>\n<\/ul>\n<p data-start=\"1642\" data-end=\"1671\">Finition Stonewashed :<\/p>\n<ul data-start=\"1673\" data-end=\"1771\">\n<li data-start=\"1673\" data-end=\"1692\">\n<p data-start=\"1675\" data-end=\"1692\">r\u00e9duit l&rsquo;\u00e9blouissement<\/p>\n<\/li>\n<li data-start=\"1693\" data-end=\"1733\">\n<p data-start=\"1695\" data-end=\"1733\">masque les rayures mineures dues \u00e0 l&rsquo;utilisation<\/p>\n<\/li>\n<li data-start=\"1734\" data-end=\"1771\">\n<p data-start=\"1736\" data-end=\"1771\">donne un aspect esth\u00e9tique discret<\/p>\n<\/li>\n<\/ul>\n<p data-start=\"1773\" data-end=\"1819\">Lame sym\u00e9trique assurant une coupe \u00e9lev\u00e9e :<\/p>\n<ul data-start=\"1821\" data-end=\"1908\">\n<li data-start=\"1821\" data-end=\"1849\">\n<p data-start=\"1823\" data-end=\"1849\">excellentes propri\u00e9t\u00e9s de coupe<\/p>\n<\/li>\n<li data-start=\"1850\" data-end=\"1888\">\n<p data-start=\"1852\" data-end=\"1888\">r\u00e9partition uniforme de la force pendant la coupe<\/p>\n<\/li>\n<li data-start=\"1889\" data-end=\"1908\">\n<p data-start=\"1891\" data-end=\"1908\">stabilit\u00e9 de la pointe<\/p>\n<\/li>\n<\/ul>\n<p data-start=\"1910\" data-end=\"1946\"><strong data-start=\"1913\" data-end=\"1946\">\ud83d\udd2c Acier &#8211; Acier inoxydable de qualit\u00e9 sup\u00e9rieure<\/strong><\/p>\n<p data-start=\"1948\" data-end=\"2016\">Ce mod\u00e8le utilise des mat\u00e9riaux de coutellerie haut de gamme :<\/p>\n<ul data-start=\"2018\" data-end=\"2142\">\n<li data-start=\"2018\" data-end=\"2043\">\n<p data-start=\"2020\" data-end=\"2043\">haute r\u00e9tention de la lame<\/p>\n<\/li>\n<li data-start=\"2044\" data-end=\"2084\">\n<p data-start=\"2046\" data-end=\"2084\">excellente r\u00e9sistance \u00e0 l&rsquo;usure<\/p>\n<\/li>\n<li data-start=\"2085\" data-end=\"2113\">\n<p data-start=\"2087\" data-end=\"2113\">bonne r\u00e9sistance \u00e0 la corrosion<\/p>\n<\/li>\n<li data-start=\"2114\" data-end=\"2142\">\n<p data-start=\"2116\" data-end=\"2142\">peu d&rsquo;entretien<\/p>\n<\/li>\n<\/ul>\n<p data-start=\"2144\" data-end=\"2209\">Cet acier offre des performances durables, m\u00eame dans les applications les plus exigeantes.<\/p>\n<p data-start=\"2211\" data-end=\"2249\">\ud83e\udde9 <strong data-start=\"2214\" data-end=\"2249\">Poign\u00e9e &#8211; Aluminium anodis\u00e9 rouge<\/strong><\/p>\n<p data-start=\"2251\" data-end=\"2394\">Le manche est en aluminium 6061-T6 anodis\u00e9 dans une finition rouge qui est \u00e9l\u00e9gante et contraste bien avec la lame discr\u00e8te.<\/p>\n<ul data-start=\"2396\" data-end=\"2647\">\n<li data-start=\"2396\" data-end=\"2437\">\n<p data-start=\"2398\" data-end=\"2437\">Texture antid\u00e9rapante frais\u00e9e en 3D par CNC<\/p>\n<\/li>\n<li data-start=\"2438\" data-end=\"2481\">\n<p data-start=\"2440\" data-end=\"2481\">Jimping sur le haut et le bas de la poign\u00e9e<\/p>\n<\/li>\n<li data-start=\"2482\" data-end=\"2533\">\n<p data-start=\"2484\" data-end=\"2533\">Curseur lat\u00e9ral encastr\u00e9 pour un contr\u00f4le naturel<\/p>\n<\/li>\n<li data-start=\"2534\" data-end=\"2590\">\n<p data-start=\"2536\" data-end=\"2590\">Clip de transport profond ambidextre (droite\/gauche, pointe vers le bas)<\/p>\n<\/li>\n<li data-start=\"2591\" data-end=\"2647\">\n<p data-start=\"2593\" data-end=\"2647\">D\u00e9tails secondaires tels que le num\u00e9ro de s\u00e9rie et la date de fabrication<\/p>\n<\/li>\n<\/ul>\n<p data-start=\"2649\" data-end=\"2782\">La couleur rouge est \u00e0 la fois visuellement frappante et pratique &#8211; elle se marie bien avec l&rsquo;\u00e9quipement tactique et masque les marques de l&rsquo;usure quotidienne.<\/p>\n<p data-start=\"2784\" data-end=\"2825\">\u2699\ufe0f <strong data-start=\"2787\" data-end=\"2825\">Sp\u00e9cifications techniques (indicatives)<\/strong><\/p>\n<p data-start=\"2827\" data-end=\"2876\"><em data-start=\"2827\" data-end=\"2876\">Les param\u00e8tres peuvent varier en fonction de la s\u00e9rie sp\u00e9cifique.<\/em><\/p>\n<div class=\"TyagGW_tableContainer\">\n<div class=\"group TyagGW_tableWrapper flex flex-col-reverse w-fit\" tabindex=\"-1\">\n<table class=\"w-fit min-w-(--thread-content-width)\" data-start=\"2878\" data-end=\"3421\">\n<thead data-start=\"2878\" data-end=\"2896\">\n<tr data-start=\"2878\" data-end=\"2896\">\n<th class=\"\" data-start=\"2878\" data-end=\"2887\" data-col-size=\"sm\">Param\u00e8tre<\/th>\n<th class=\"\" data-start=\"2887\" data-end=\"2896\" data-col-size=\"sm\">Valeur<\/th>\n<\/tr>\n<\/thead>\n<tbody data-start=\"2907\" data-end=\"3421\">\n<tr data-start=\"2907\" data-end=\"2943\">\n<td data-start=\"2907\" data-end=\"2913\" data-col-size=\"sm\">Mod\u00e8le<\/td>\n<td data-start=\"2913\" data-end=\"2943\" data-col-size=\"sm\">Combat Troodon Gen III D\/E<\/td>\n<\/tr>\n<tr data-start=\"2944\" data-end=\"2974\">\n<td data-start=\"2944\" data-end=\"2961\" data-col-size=\"sm\">Num\u00e9ro de produit<\/td>\n<td data-start=\"2961\" data-end=\"2974\" data-col-size=\"sm\">1142-10RD<\/td>\n<\/tr>\n<tr data-start=\"2975\" data-end=\"3007\">\n<td data-start=\"2975\" data-end=\"2989\" data-col-size=\"sm\">Longueur totale<\/td>\n<td data-start=\"2989\" data-end=\"3007\" data-col-size=\"sm\">environ 230-240 mm<\/td>\n<\/tr>\n<tr data-start=\"3008\" data-end=\"3038\">\n<td data-start=\"3008\" data-end=\"3021\" data-col-size=\"sm\">Longueur de la lame<\/td>\n<td data-start=\"3021\" data-end=\"3038\" data-col-size=\"sm\">environ 95-100 mm<\/td>\n<\/tr>\n<tr data-start=\"3039\" data-end=\"3073\">\n<td data-start=\"3039\" data-end=\"3055\" data-col-size=\"sm\">\u00c9paisseur de la lame<\/td>\n<td data-start=\"3055\" data-end=\"3073\" data-col-size=\"sm\">environ 3,0-3,5 mm<\/td>\n<\/tr>\n<tr data-start=\"3074\" data-end=\"3107\">\n<td data-start=\"3074\" data-end=\"3089\" data-col-size=\"sm\">Longueur du manche<\/td>\n<td data-start=\"3089\" data-end=\"3107\" data-col-size=\"sm\">environ 135-140 mm<\/td>\n<\/tr>\n<tr data-start=\"3108\" data-end=\"3134\">\n<td data-start=\"3108\" data-end=\"3117\" data-col-size=\"sm\">Poids<\/td>\n<td data-start=\"3117\" data-end=\"3134\" data-col-size=\"sm\">environ 150-160 g<\/td>\n<\/tr>\n<tr data-start=\"3135\" data-end=\"3166\">\n<td data-start=\"3135\" data-end=\"3145\" data-col-size=\"sm\">Type de lame<\/td>\n<td data-start=\"3145\" data-end=\"3166\" data-col-size=\"sm\">D\/E (Double Edge)<\/td>\n<\/tr>\n<tr data-start=\"3167\" data-end=\"3196\">\n<td data-start=\"3167\" data-end=\"3181\" data-col-size=\"sm\">Surface de la lame<\/td>\n<td data-start=\"3181\" data-end=\"3196\" data-col-size=\"sm\">Lav\u00e9e \u00e0 la pierre<\/td>\n<\/tr>\n<tr data-start=\"3197\" data-end=\"3233\">\n<td data-start=\"3197\" data-end=\"3215\" data-col-size=\"sm\">Mat\u00e9riau du manche<\/td>\n<td data-start=\"3215\" data-end=\"3233\" data-col-size=\"sm\">Aluminium 6061-T6<\/td>\n<\/tr>\n<tr data-start=\"3234\" data-end=\"3256\">\n<td data-start=\"3234\" data-end=\"3249\" data-col-size=\"sm\">Couleur de la poign\u00e9e<\/td>\n<td data-start=\"3249\" data-end=\"3256\" data-col-size=\"sm\">rouge<\/td>\n<\/tr>\n<tr data-start=\"3257\" data-end=\"3293\">\n<td data-start=\"3257\" data-end=\"3269\" data-col-size=\"sm\">M\u00e9canisme<\/td>\n<td data-start=\"3269\" data-end=\"3293\" data-col-size=\"sm\">D\/A OTF &#8211; Verrouillage de la glissi\u00e8re<\/td>\n<\/tr>\n<tr data-start=\"3294\" data-end=\"3336\">\n<td data-start=\"3294\" data-end=\"3304\" data-col-size=\"sm\">Ouverture<\/td>\n<td data-start=\"3304\" data-end=\"3336\" data-col-size=\"sm\">Automatique &#8211; curseur lat\u00e9ral<\/td>\n<\/tr>\n<tr data-start=\"3337\" data-end=\"3371\">\n<td data-start=\"3337\" data-end=\"3342\" data-col-size=\"sm\">Clip<\/td>\n<td data-start=\"3342\" data-end=\"3371\" data-col-size=\"sm\">Ambidextre, portage profond<\/td>\n<\/tr>\n<tr data-start=\"3372\" data-end=\"3401\">\n<td data-start=\"3372\" data-end=\"3381\" data-col-size=\"sm\">Designer<\/td>\n<td data-start=\"3381\" data-end=\"3401\" data-col-size=\"sm\">Anthony Marfione<\/td>\n<\/tr>\n<tr data-start=\"3402\" data-end=\"3421\">\n<td data-start=\"3402\" data-end=\"3414\" data-col-size=\"sm\">Pays d&rsquo;origine<\/td>\n<td data-start=\"3414\" data-end=\"3421\" data-col-size=\"sm\">\u00c9TATS-UNIS D&rsquo;AM\u00c9RIQUE<\/td>\n<\/tr>\n<\/tbody>\n<\/table>\n<\/div>\n<\/div>\n<p data-start=\"3423\" data-end=\"3442\">\u2705 <strong data-start=\"3425\" data-end=\"3442\">Principaux avantages<\/strong><\/p>\n<ul data-start=\"3444\" data-end=\"3746\">\n<li data-start=\"3444\" data-end=\"3484\">\n<p data-start=\"3446\" data-end=\"3484\">M\u00e9canisme D\/A OTF puissant et rapide<\/p>\n<\/li>\n<li data-start=\"3485\" data-end=\"3543\">\n<p data-start=\"3487\" data-end=\"3543\">Lame D\/E \u00e0 haute p\u00e9n\u00e9tration et performance universelle<\/p>\n<\/li>\n<li data-start=\"3544\" data-end=\"3616\">\n<p data-start=\"3546\" data-end=\"3616\">Surface lav\u00e9e \u00e0 la pierre pour r\u00e9duire l&rsquo;\u00e9blouissement et masquer visuellement l&rsquo;usure.<\/p>\n<\/li>\n<li data-start=\"3617\" data-end=\"3667\">\n<p data-start=\"3619\" data-end=\"3667\">Acier inoxydable de premi\u00e8re qualit\u00e9 \u00e0 haute r\u00e9tention de la lame<\/p>\n<\/li>\n<li data-start=\"3668\" data-end=\"3717\">\n<p data-start=\"3670\" data-end=\"3717\">Poign\u00e9e ergonomique avec texture antid\u00e9rapante<\/p>\n<\/li>\n<li data-start=\"3718\" data-end=\"3746\">\n<p data-start=\"3720\" data-end=\"3746\">Construction solide et l\u00e9g\u00e8re<\/p>\n<\/li>\n<\/ul>\n<p data-start=\"3748\" data-end=\"3768\">\u26a0\ufe0f <strong data-start=\"3751\" data-end=\"3768\">Restrictions possibles<\/strong><\/p>\n<ul data-start=\"3770\" data-end=\"3946\">\n<li data-start=\"3770\" data-end=\"3831\">\n<p data-start=\"3772\" data-end=\"3831\">Cat\u00e9gorie de prix sup\u00e9rieure correspondant \u00e0 un travail de qualit\u00e9<\/p>\n<\/li>\n<li data-start=\"3832\" data-end=\"3890\">\n<p data-start=\"3834\" data-end=\"3890\">Le double tranchant n&rsquo;est pas id\u00e9al pour certains travaux de coupe fine<\/p>\n<\/li>\n<li data-start=\"3891\" data-end=\"3946\">\n<p data-start=\"3893\" data-end=\"3946\">Le m\u00e9canisme automatique n\u00e9cessite un entretien r\u00e9gulier<\/p>\n<\/li>\n<\/ul>\n<p data-start=\"3948\" data-end=\"3969\">\ud83d\udee0\ufe0f <strong data-start=\"3952\" data-end=\"3969\">Entretien et soins<\/strong><\/p>\n<ul data-start=\"3971\" data-end=\"4223\">\n<li data-start=\"3971\" data-end=\"4006\">\n<p data-start=\"3973\" data-end=\"4006\">Nettoyez et s\u00e9chez la lame apr\u00e8s utilisation<\/p>\n<\/li>\n<li data-start=\"4007\" data-end=\"4041\">\n<p data-start=\"4009\" data-end=\"4041\">Gardez la poign\u00e9e s\u00e8che et propre<\/p>\n<\/li>\n<li data-start=\"4042\" data-end=\"4094\">\n<p data-start=\"4044\" data-end=\"4094\">V\u00e9rifiez r\u00e9guli\u00e8rement le m\u00e9canisme et \u00e9liminez toute salet\u00e9<\/p>\n<\/li>\n<li data-start=\"4095\" data-end=\"4155\">\n<p data-start=\"4097\" data-end=\"4155\">Pour un stockage plus long, lubrifiez l\u00e9g\u00e8rement la lame avec de l&rsquo;huile de protection.<\/p>\n<\/li>\n<li data-start=\"4156\" data-end=\"4223\">\n<p data-start=\"4158\" data-end=\"4223\">Pour l&rsquo;aff\u00fbtage de la lame, nous vous recommandons un syst\u00e8me de qualit\u00e9 pour un tranchant lisse.<\/p>\n<\/li>\n<\/ul>\n<p data-start=\"4225\" data-end=\"4293\">Un entretien minutieux garantit la fiabilit\u00e9 \u00e0 long terme et les performances \u00e9lev\u00e9es du couteau.<\/p>\n<p data-start=\"4295\" data-end=\"4316\">\ud83c\udfaf <strong data-start=\"4298\" data-end=\"4316\">Recommand\u00e9 pour<\/strong><\/p>\n<ul data-start=\"4318\" data-end=\"4462\">\n<li data-start=\"4318\" data-end=\"4343\">\n<p data-start=\"4320\" data-end=\"4343\">Des utilisateurs d&rsquo;EDC exigeants<\/p>\n<\/li>\n<li data-start=\"4344\" data-end=\"4378\">\n<p data-start=\"4346\" data-end=\"4378\">Utilisation tactique professionnelle<\/p>\n<\/li>\n<li data-start=\"4379\" data-end=\"4412\">\n<p data-start=\"4381\" data-end=\"4412\">Collectionneurs de couteaux OTF de qualit\u00e9 sup\u00e9rieure<\/p>\n<\/li>\n<li data-start=\"4413\" data-end=\"4462\">\n<p data-start=\"4415\" data-end=\"4462\">Les utilisateurs qui pr\u00e9f\u00e8rent une couleur de poign\u00e9e distinctive<\/p>\n<\/li>\n<\/ul>\n<p data-start=\"4464\" data-end=\"4489\">\u2b50 <strong data-start=\"4466\" data-end=\"4489\">Note finale<\/strong><\/p>\n<p data-start=\"4491\" data-end=\"4780\">Le <strong data-start=\"4491\" data-end=\"4541\">Microtech Combat Troodon Gen III D\/E 1142-10RD<\/strong> combine de solides performances tactiques, une fabrication am\u00e9ricaine de pr\u00e9cision et un contraste visuellement attrayant entre le manche rouge et la lame discr\u00e8te stonewashed. Tous ceux qui veulent un couteau OTF fiable et robuste sans compromis appr\u00e9cieront ce mod\u00e8le \ud83d\udd2a\ud83d\udd25. <\/p>\n","protected":false},"excerpt":{"rendered":"<p><strong>Le Microtech Combat Troodon Gen III D\/E 1142-10RD combine de solides performances tactiques, une fabrication am\u00e9ricaine de pr\u00e9cision et un contraste visuellement attrayant entre le manche rouge et la lame discr\u00e8te stonewashed. Tous ceux qui veulent un couteau OTF fiable et robuste sans compromis appr\u00e9cieront ce mod\u00e8le \ud83d\udd2a\ud83d\udd25. <\/strong><\/p>\n<p><strong>Livraison gratuite.<\/strong><\/p>\n","protected":false},"featured_media":437493,"comment_status":"open","ping_status":"closed","template":"","meta":[],"pwb-brand":[3751],"product_brand":[],"product_cat":[3699,3696],"product_tag":[],"class_list":{"0":"post-437687","1":"product","2":"type-product","3":"status-publish","4":"has-post-thumbnail","6":"pwb-brand-microtechnologie","7":"product_cat-couteaux-de-tir","8":"product_cat-des-couteaux","10":"first","11":"instock","12":"taxable","13":"shipping-taxable","14":"purchasable","15":"product-type-simple"},"brands":[{"id":3751,"name":"Microtechnologie","slug":"microtechnologie"}],"_links":{"self":[{"href":"https:\/\/www.moskito.cz\/fr\/wp-json\/wp\/v2\/product\/437687","targetHints":{"allow":["GET"]}}],"collection":[{"href":"https:\/\/www.moskito.cz\/fr\/wp-json\/wp\/v2\/product"}],"about":[{"href":"https:\/\/www.moskito.cz\/fr\/wp-json\/wp\/v2\/types\/product"}],"replies":[{"embeddable":true,"href":"https:\/\/www.moskito.cz\/fr\/wp-json\/wp\/v2\/comments?post=437687"}],"wp:featuredmedia":[{"embeddable":true,"href":"https:\/\/www.moskito.cz\/fr\/wp-json\/wp\/v2\/media\/437493"}],"wp:attachment":[{"href":"https:\/\/www.moskito.cz\/fr\/wp-json\/wp\/v2\/media?parent=437687"}],"wp:term":[{"taxonomy":"pwb-brand","embeddable":true,"href":"https:\/\/www.moskito.cz\/fr\/wp-json\/wp\/v2\/pwb-brand?post=437687"},{"taxonomy":"product_brand","embeddable":true,"href":"https:\/\/www.moskito.cz\/fr\/wp-json\/wp\/v2\/product_brand?post=437687"},{"taxonomy":"product_cat","embeddable":true,"href":"https:\/\/www.moskito.cz\/fr\/wp-json\/wp\/v2\/product_cat?post=437687"},{"taxonomy":"product_tag","embeddable":true,"href":"https:\/\/www.moskito.cz\/fr\/wp-json\/wp\/v2\/product_tag?post=437687"}],"curies":[{"name":"wp","href":"https:\/\/api.w.org\/{rel}","templated":true}]}}