{"id":437691,"date":"2026-02-16T14:51:55","date_gmt":"2026-02-16T13:51:55","guid":{"rendered":"https:\/\/www.moskito.cz\/produkt\/couteau-dejection-microtech-combat-troodon-gen-iii-1143-2ta\/"},"modified":"2026-02-16T18:31:25","modified_gmt":"2026-02-16T17:31:25","slug":"couteau-dejection-microtech-combat-troodon-gen-iii-1143-2ta","status":"publish","type":"product","link":"https:\/\/www.moskito.cz\/fr\/produkt\/couteau-dejection-microtech-combat-troodon-gen-iii-1143-2ta\/","title":{"rendered":"Couteau d&rsquo;\u00e9jection Microtech Combat Troodon Gen III 1143-2TA"},"content":{"rendered":"<p data-start=\"0\" data-end=\"84\"><strong data-start=\"0\" data-end=\"84\">Microtech Auto Combat Troodon S\/E Gen III 1143-2TA &#8211; Aluminium brun \/ Drop Point<\/strong><\/p>\n<p data-start=\"86\" data-end=\"417\">D\u00e8s que vous prendrez en main le <strong data-start=\"109\" data-end=\"163\">Microtech Auto Combat Troodon S\/E Gen III 1143-2TA<\/strong>, vous sentirez imm\u00e9diatement la puissance et le caract\u00e8re tactique robuste qui caract\u00e9risent ce mod\u00e8le embl\u00e9matique de la FTO. Cette variante combine un manche en aluminium brun avec une lame de pr\u00e9cision \u00e0 pointe tombante qui offre une performance globale pour les t\u00e2ches tactiques et le transport quotidien. <\/p>\n<p data-start=\"419\" data-end=\"532\">Con\u00e7u par Anthony (Tony) Marfion et enti\u00e8rement fabriqu\u00e9 et assembl\u00e9 aux \u00c9tats-Unis. <span class=\"hover:entity-accent entity-underline inline cursor-pointer align-baseline\"><span class=\"whitespace-normal\">\u00c9TATS-UNIS<\/span><\/span> \ud83c\uddfa\ud83c\uddf8.<\/p>\n<p data-start=\"534\" data-end=\"562\">\ud83d\udd25 <strong data-start=\"537\" data-end=\"562\">Caract\u00e8re et philosophie<\/strong><\/p>\n<p data-start=\"564\" data-end=\"779\">Le Combat Troodon est synonyme de performance et de fiabilit\u00e9 pour les couteaux automatiques. La version S\/E (Single Edge) Gen III est con\u00e7ue pour une coupe en douceur avec une puissance positive, une lame solide et un acc\u00e8s rapide \u00e0 la lame en un seul mouvement. <\/p>\n<p data-start=\"781\" data-end=\"1032\">Le curseur lat\u00e9ral encastr\u00e9 assure une manipulation naturelle et intuitive &#8211; que vous fassiez glisser la lame vers l&rsquo;ext\u00e9rieur en une action rapide ou que vous la fassiez glisser vers l&rsquo;int\u00e9rieur du manche en toute s\u00e9curit\u00e9. Le m\u00e9canisme est con\u00e7u pour \u00eatre dynamique, tout en \u00e9tant contr\u00f4lable et s\u00fbr de lui. <\/p>\n<p data-start=\"1034\" data-end=\"1050\"><strong data-start=\"1037\" data-end=\"1050\">\ud83c\udfed A propos du producteur<\/strong><\/p>\n<p data-start=\"1052\" data-end=\"1162\"><span class=\"hover:entity-accent entity-underline inline cursor-pointer align-baseline\"><span class=\"whitespace-normal\">Microtech Knives<\/span><\/span> est l&rsquo;un des fabricants de couteaux tactiques et OTF les plus respect\u00e9s au monde :<\/p>\n<ul data-start=\"1164\" data-end=\"1292\">\n<li data-start=\"1164\" data-end=\"1191\">\n<p data-start=\"1166\" data-end=\"1191\">Usinage CNC de pr\u00e9cision<\/p>\n<\/li>\n<li data-start=\"1192\" data-end=\"1230\">\n<p data-start=\"1194\" data-end=\"1230\">M\u00e9canismes internes brevet\u00e9s<\/p>\n<\/li>\n<li data-start=\"1231\" data-end=\"1262\">\n<p data-start=\"1233\" data-end=\"1262\">Un contr\u00f4le de qualit\u00e9 coh\u00e9rent<\/p>\n<\/li>\n<li data-start=\"1263\" data-end=\"1292\">\n<p data-start=\"1265\" data-end=\"1292\">L&rsquo;accent est mis sur l&rsquo;innovation<\/p>\n<\/li>\n<\/ul>\n<p data-start=\"1294\" data-end=\"1395\">Chaque pi\u00e8ce est fabriqu\u00e9e et assembl\u00e9e \u00e0 la main aux \u00c9tats-Unis sous la direction de <strong data-start=\"1353\" data-end=\"1394\"><span class=\"hover:entity-accent entity-underline inline cursor-pointer align-baseline\"><span class=\"whitespace-normal\">Anthony Marfione<\/span><\/span><\/strong>.<\/p>\n<p data-start=\"1397\" data-end=\"1427\">\ud83d\udde1\ufe0f <strong data-start=\"1401\" data-end=\"1427\">Lame &#8211; Drop Point S\/E<\/strong><\/p>\n<p data-start=\"1429\" data-end=\"1516\">La lame \u00e0 pointe tombante offre un profil polyvalent, solide et universel, id\u00e9al pour.. :<\/p>\n<ul data-start=\"1518\" data-end=\"1577\">\n<li data-start=\"1518\" data-end=\"1539\">\n<p data-start=\"1520\" data-end=\"1539\">coupes contr\u00f4l\u00e9es<\/p>\n<\/li>\n<li data-start=\"1540\" data-end=\"1556\">\n<p data-start=\"1542\" data-end=\"1556\">t\u00e2ches ponctuelles<\/p>\n<\/li>\n<li data-start=\"1557\" data-end=\"1577\">\n<p data-start=\"1559\" data-end=\"1577\">utilisation quotidienne<\/p>\n<\/li>\n<\/ul>\n<p data-start=\"1579\" data-end=\"1785\">La lame \u00e0 simple tranchant (S\/E) est lisse, agressive et optimis\u00e9e pour la performance sans compromis inutile. Le profil de la pointe r\u00e9partit uniform\u00e9ment la force sur l&rsquo;ensemble de la lame, ce qui augmente la stabilit\u00e9 et la solidit\u00e9 de la pointe. <\/p>\n<p data-start=\"1787\" data-end=\"1886\">La finition <strong data-start=\"1809\" data-end=\"1830\">mate et lav\u00e9e \u00e0 la pierre<\/strong> r\u00e9duit les reflets et masque les petites rayures dues \u00e0 l&rsquo;utilisation.<\/p>\n<p data-start=\"1888\" data-end=\"1924\"><strong data-start=\"1891\" data-end=\"1924\">Acier \ud83d\udd2c &#8211; Acier de coupe de premi\u00e8re qualit\u00e9<\/strong><\/p>\n<p data-start=\"1926\" data-end=\"1967\">Le mod\u00e8le utilise de l&rsquo;acier inoxydable de premi\u00e8re qualit\u00e9 :<\/p>\n<ul data-start=\"1969\" data-end=\"2063\">\n<li data-start=\"1969\" data-end=\"1994\">\n<p data-start=\"1971\" data-end=\"1994\">haute r\u00e9tention de la lame<\/p>\n<\/li>\n<li data-start=\"1995\" data-end=\"2034\">\n<p data-start=\"1997\" data-end=\"2034\">excellente r\u00e9sistance \u00e0 l&rsquo;usure<\/p>\n<\/li>\n<li data-start=\"2035\" data-end=\"2063\">\n<p data-start=\"2037\" data-end=\"2063\">bonne r\u00e9sistance \u00e0 la corrosion<\/p>\n<\/li>\n<\/ul>\n<p data-start=\"2065\" data-end=\"2180\">Ces mat\u00e9riaux sont courants dans les mod\u00e8les haut de gamme de Microtech et offrent des performances durables sans n\u00e9cessiter d&rsquo;interventions d&rsquo;aff\u00fbtage fr\u00e9quentes.<\/p>\n<p data-start=\"2182\" data-end=\"2222\">\ud83e\udde9 <strong data-start=\"2185\" data-end=\"2222\">Poign\u00e9e &#8211; Aluminium anodis\u00e9 brun<\/strong><\/p>\n<p data-start=\"2224\" data-end=\"2407\">Le manche est en aluminium 6061-T6 anodis\u00e9, avec une finition brune qui lui conf\u00e8re un aspect \u00e0 la fois professionnel et \u00e9l\u00e9gant. La surface textur\u00e9e augmente la prise en main et le confort g\u00e9n\u00e9ral pendant la manipulation. <\/p>\n<ul data-start=\"2409\" data-end=\"2589\">\n<li data-start=\"2409\" data-end=\"2450\">\n<p data-start=\"2411\" data-end=\"2450\">Texture antid\u00e9rapante frais\u00e9e en 3D par CNC<\/p>\n<\/li>\n<li data-start=\"2451\" data-end=\"2479\">\n<p data-start=\"2453\" data-end=\"2479\">Coulisseau lat\u00e9ral encastr\u00e9<\/p>\n<\/li>\n<li data-start=\"2480\" data-end=\"2536\">\n<p data-start=\"2482\" data-end=\"2536\">Clip de transport ambidextre (droite\/gauche, pointe vers le bas)<\/p>\n<\/li>\n<li data-start=\"2537\" data-end=\"2589\">\n<p data-start=\"2539\" data-end=\"2589\">Construction robuste adapt\u00e9e \u00e0 une utilisation fr\u00e9quente<\/p>\n<\/li>\n<\/ul>\n<p data-start=\"2591\" data-end=\"2683\">La couleur brune conf\u00e8re au couteau son caract\u00e8re original et permet en m\u00eame temps de mieux dissimuler les petites traces d&rsquo;usure.<\/p>\n<p data-start=\"2685\" data-end=\"2726\">\u2699\ufe0f <strong data-start=\"2688\" data-end=\"2726\">Sp\u00e9cifications techniques (indicatives)<\/strong><\/p>\n<p data-start=\"2728\" data-end=\"2777\"><em data-start=\"2728\" data-end=\"2777\">Les param\u00e8tres peuvent varier en fonction de la s\u00e9rie sp\u00e9cifique.<\/em><\/p>\n<div class=\"TyagGW_tableContainer\">\n<div class=\"group TyagGW_tableWrapper flex flex-col-reverse w-fit\" tabindex=\"-1\">\n<table class=\"w-fit min-w-(--thread-content-width)\" data-start=\"2779\" data-end=\"3325\">\n<thead data-start=\"2779\" data-end=\"2797\">\n<tr data-start=\"2779\" data-end=\"2797\">\n<th class=\"\" data-start=\"2779\" data-end=\"2788\" data-col-size=\"sm\">Param\u00e8tre<\/th>\n<th class=\"\" data-start=\"2788\" data-end=\"2797\" data-col-size=\"sm\">Valeur<\/th>\n<\/tr>\n<\/thead>\n<tbody data-start=\"2808\" data-end=\"3325\">\n<tr data-start=\"2808\" data-end=\"2847\">\n<td data-start=\"2808\" data-end=\"2814\" data-col-size=\"sm\">Mod\u00e8le<\/td>\n<td data-start=\"2814\" data-end=\"2847\" data-col-size=\"sm\">Auto Combat Troodon S\/E Gen III<\/td>\n<\/tr>\n<tr data-start=\"2848\" data-end=\"2875\">\n<td data-start=\"2848\" data-end=\"2865\" data-col-size=\"sm\">Num\u00e9ro de produit<\/td>\n<td data-start=\"2865\" data-end=\"2875\" data-col-size=\"sm\">1143-2TA<\/td>\n<\/tr>\n<tr data-start=\"2876\" data-end=\"2908\">\n<td data-start=\"2876\" data-end=\"2890\" data-col-size=\"sm\">Longueur totale<\/td>\n<td data-col-size=\"sm\" data-start=\"2890\" data-end=\"2908\">environ 230-240 mm<\/td>\n<\/tr>\n<tr data-start=\"2909\" data-end=\"2939\">\n<td data-start=\"2909\" data-end=\"2922\" data-col-size=\"sm\">Longueur de la lame<\/td>\n<td data-start=\"2922\" data-end=\"2939\" data-col-size=\"sm\">environ 95-100 mm<\/td>\n<\/tr>\n<tr data-start=\"2940\" data-end=\"2974\">\n<td data-start=\"2940\" data-end=\"2956\" data-col-size=\"sm\">\u00c9paisseur de la lame<\/td>\n<td data-col-size=\"sm\" data-start=\"2956\" data-end=\"2974\">environ 3,0-3,6 mm<\/td>\n<\/tr>\n<tr data-start=\"2975\" data-end=\"3008\">\n<td data-start=\"2975\" data-end=\"2990\" data-col-size=\"sm\">Longueur du manche<\/td>\n<td data-start=\"2990\" data-end=\"3008\" data-col-size=\"sm\">environ 135-140 mm<\/td>\n<\/tr>\n<tr data-start=\"3009\" data-end=\"3035\">\n<td data-start=\"3009\" data-end=\"3018\" data-col-size=\"sm\">Poids<\/td>\n<td data-col-size=\"sm\" data-start=\"3018\" data-end=\"3035\">environ 150-160 g<\/td>\n<\/tr>\n<tr data-start=\"3036\" data-end=\"3065\">\n<td data-start=\"3036\" data-end=\"3046\" data-col-size=\"sm\">Type de lame<\/td>\n<td data-start=\"3046\" data-end=\"3065\" data-col-size=\"sm\">Drop Point, S\/E<\/td>\n<\/tr>\n<tr data-start=\"3066\" data-end=\"3100\">\n<td data-start=\"3066\" data-end=\"3080\" data-col-size=\"sm\">Surface de la lame<\/td>\n<td data-col-size=\"sm\" data-start=\"3080\" data-end=\"3100\">Lav\u00e9 \u00e0 la pierre\/mat<\/td>\n<\/tr>\n<tr data-start=\"3101\" data-end=\"3137\">\n<td data-start=\"3101\" data-end=\"3119\" data-col-size=\"sm\">Mat\u00e9riau du manche<\/td>\n<td data-start=\"3119\" data-end=\"3137\" data-col-size=\"sm\">Aluminium 6061-T6<\/td>\n<\/tr>\n<tr data-start=\"3138\" data-end=\"3162\">\n<td data-start=\"3138\" data-end=\"3153\" data-col-size=\"sm\">Couleur du manche<\/td>\n<td data-start=\"3153\" data-end=\"3162\" data-col-size=\"sm\">marron<\/td>\n<\/tr>\n<tr data-start=\"3163\" data-end=\"3199\">\n<td data-start=\"3163\" data-end=\"3175\" data-col-size=\"sm\">M\u00e9canisme<\/td>\n<td data-start=\"3175\" data-end=\"3199\" data-col-size=\"sm\">D\/A OTF &#8211; Verrouillage de la glissi\u00e8re<\/td>\n<\/tr>\n<tr data-start=\"3200\" data-end=\"3240\">\n<td data-start=\"3200\" data-end=\"3210\" data-col-size=\"sm\">Ouverture<\/td>\n<td data-start=\"3210\" data-end=\"3240\" data-col-size=\"sm\">Coulisseau lat\u00e9ral automatique<\/td>\n<\/tr>\n<tr data-start=\"3241\" data-end=\"3275\">\n<td data-start=\"3241\" data-end=\"3246\" data-col-size=\"sm\">Clip<\/td>\n<td data-start=\"3246\" data-end=\"3275\" data-col-size=\"sm\">Ambidextre, portage profond<\/td>\n<\/tr>\n<tr data-start=\"3276\" data-end=\"3305\">\n<td data-start=\"3276\" data-end=\"3285\" data-col-size=\"sm\">Designer<\/td>\n<td data-start=\"3285\" data-end=\"3305\" data-col-size=\"sm\">Anthony Marfione<\/td>\n<\/tr>\n<tr data-start=\"3306\" data-end=\"3325\">\n<td data-start=\"3306\" data-end=\"3318\" data-col-size=\"sm\">Pays d&rsquo;origine<\/td>\n<td data-start=\"3318\" data-end=\"3325\" data-col-size=\"sm\">\u00c9TATS-UNIS D&rsquo;AM\u00c9RIQUE<\/td>\n<\/tr>\n<\/tbody>\n<\/table>\n<\/div>\n<\/div>\n<p data-start=\"3327\" data-end=\"3346\">\u2705 <strong data-start=\"3329\" data-end=\"3346\">Principaux avantages<\/strong><\/p>\n<ul data-start=\"3348\" data-end=\"3544\">\n<li data-start=\"3348\" data-end=\"3387\">\n<p data-start=\"3350\" data-end=\"3387\">M\u00e9canisme OTF rapide et fiable<\/p>\n<\/li>\n<li data-start=\"3388\" data-end=\"3420\">\n<p data-start=\"3390\" data-end=\"3420\">Lame universelle \u00e0 pointe tombante<\/p>\n<\/li>\n<li data-start=\"3421\" data-end=\"3478\">\n<p data-start=\"3423\" data-end=\"3478\">Conception robuste adapt\u00e9e \u00e0 une utilisation tactique et EDC<\/p>\n<\/li>\n<li data-start=\"3479\" data-end=\"3506\">\n<p data-start=\"3481\" data-end=\"3506\">Finition durable<\/p>\n<\/li>\n<li data-start=\"3507\" data-end=\"3544\">\n<p data-start=\"3509\" data-end=\"3544\">Poign\u00e9e ergonomique et textur\u00e9e<\/p>\n<\/li>\n<\/ul>\n<p data-start=\"3546\" data-end=\"3566\">\u26a0\ufe0f <strong data-start=\"3549\" data-end=\"3566\">Restrictions possibles<\/strong><\/p>\n<ul data-start=\"3568\" data-end=\"3730\">\n<li data-start=\"3568\" data-end=\"3621\">\n<p data-start=\"3570\" data-end=\"3621\">Niveau de prix plus \u00e9lev\u00e9 correspondant \u00e0 un couteau haut de gamme<\/p>\n<\/li>\n<li data-start=\"3622\" data-end=\"3674\">\n<p data-start=\"3624\" data-end=\"3674\">La grande taille n&rsquo;est pas id\u00e9ale pour un EDC tr\u00e8s l\u00e9ger<\/p>\n<\/li>\n<li data-start=\"3675\" data-end=\"3730\">\n<p data-start=\"3677\" data-end=\"3730\">Le m\u00e9canisme automatique n\u00e9cessite un entretien r\u00e9gulier<\/p>\n<\/li>\n<\/ul>\n<p data-start=\"3732\" data-end=\"3753\">\ud83d\udee0\ufe0f <strong data-start=\"3736\" data-end=\"3753\">Entretien et soins<\/strong><\/p>\n<ul data-start=\"3755\" data-end=\"3944\">\n<li data-start=\"3755\" data-end=\"3792\">\n<p data-start=\"3757\" data-end=\"3792\">Nettoyez et s\u00e9chez la lame apr\u00e8s utilisation<\/p>\n<\/li>\n<li data-start=\"3793\" data-end=\"3835\">\n<p data-start=\"3795\" data-end=\"3835\">Gardez la poign\u00e9e s\u00e8che et exempte de salet\u00e9s<\/p>\n<\/li>\n<li data-start=\"3836\" data-end=\"3883\">\n<p data-start=\"3838\" data-end=\"3883\">V\u00e9rifier et nettoyer r\u00e9guli\u00e8rement le m\u00e9canisme<\/p>\n<\/li>\n<li data-start=\"3884\" data-end=\"3944\">\n<p data-start=\"3886\" data-end=\"3944\">Pour un stockage plus long, lubrifiez l\u00e9g\u00e8rement la lame avec de l&rsquo;huile de protection.<\/p>\n<\/li>\n<\/ul>\n<p data-start=\"3946\" data-end=\"4013\">Un entretien r\u00e9gulier garantit une fiabilit\u00e9 \u00e0 long terme et des performances maximales.<\/p>\n<p data-start=\"4015\" data-end=\"4036\">\ud83c\udfaf <strong data-start=\"4018\" data-end=\"4036\">Recommand\u00e9 pour<\/strong><\/p>\n<ul data-start=\"4038\" data-end=\"4179\">\n<li data-start=\"4038\" data-end=\"4063\">\n<p data-start=\"4040\" data-end=\"4063\">Professionnels de la tactique<\/p>\n<\/li>\n<li data-start=\"4064\" data-end=\"4089\">\n<p data-start=\"4066\" data-end=\"4089\">Des utilisateurs d&rsquo;EDC exigeants<\/p>\n<\/li>\n<li data-start=\"4090\" data-end=\"4125\">\n<p data-start=\"4092\" data-end=\"4125\">Collectionneurs de mod\u00e8les haut de gamme de la FTO<\/p>\n<\/li>\n<li data-start=\"4126\" data-end=\"4179\">\n<p data-start=\"4128\" data-end=\"4179\">Les utilisateurs qui pr\u00e9f\u00e8rent un outil puissant et polyvalent<\/p>\n<\/li>\n<\/ul>\n<p data-start=\"4181\" data-end=\"4206\">\u2b50 <strong data-start=\"4183\" data-end=\"4206\">Note finale<\/strong><\/p>\n<p data-start=\"4208\" data-end=\"4512\">Le <strong data-start=\"4208\" data-end=\"4262\">Microtech Auto Combat Troodon S\/E Gen III 1143-2TA<\/strong> est un couteau OTF automatique puissant, fiable et polyvalent avec un caract\u00e8re tactique distinctif. La combinaison d&rsquo;une construction robuste, d&rsquo;un m\u00e9canisme rapide et d&rsquo;une lame polyvalente \u00e0 pointe tombante en fait un excellent choix pour ceux qui veulent de la performance et du style sans compromis \ud83d\udd2a\ud83d\udd25\ud83d\udd25. <\/p>\n","protected":false},"excerpt":{"rendered":"<p><strong>Le Microtech Auto Combat Troodon S\/E Gen III 1143-2TA est un couteau OTF automatique puissant, fiable et polyvalent avec un caract\u00e8re tactique distinctif. La combinaison d&rsquo;une construction robuste, d&rsquo;un m\u00e9canisme rapide et d&rsquo;une lame polyvalente \u00e0 pointe tombante en fait un excellent choix pour ceux qui veulent de la performance et du style sans compromis \ud83d\udd2a\ud83d\udd25\ud83d\udd25. <\/strong><\/p>\n<p><strong>Livraison gratuite.<\/strong><\/p>\n","protected":false},"featured_media":437476,"comment_status":"open","ping_status":"closed","template":"","meta":[],"pwb-brand":[3751],"product_brand":[],"product_cat":[3699,3696],"product_tag":[],"class_list":{"0":"post-437691","1":"product","2":"type-product","3":"status-publish","4":"has-post-thumbnail","6":"pwb-brand-microtechnologie","7":"product_cat-couteaux-de-tir","8":"product_cat-des-couteaux","10":"first","11":"instock","12":"taxable","13":"shipping-taxable","14":"purchasable","15":"product-type-simple"},"brands":[{"id":3751,"name":"Microtechnologie","slug":"microtechnologie"}],"_links":{"self":[{"href":"https:\/\/www.moskito.cz\/fr\/wp-json\/wp\/v2\/product\/437691","targetHints":{"allow":["GET"]}}],"collection":[{"href":"https:\/\/www.moskito.cz\/fr\/wp-json\/wp\/v2\/product"}],"about":[{"href":"https:\/\/www.moskito.cz\/fr\/wp-json\/wp\/v2\/types\/product"}],"replies":[{"embeddable":true,"href":"https:\/\/www.moskito.cz\/fr\/wp-json\/wp\/v2\/comments?post=437691"}],"wp:featuredmedia":[{"embeddable":true,"href":"https:\/\/www.moskito.cz\/fr\/wp-json\/wp\/v2\/media\/437476"}],"wp:attachment":[{"href":"https:\/\/www.moskito.cz\/fr\/wp-json\/wp\/v2\/media?parent=437691"}],"wp:term":[{"taxonomy":"pwb-brand","embeddable":true,"href":"https:\/\/www.moskito.cz\/fr\/wp-json\/wp\/v2\/pwb-brand?post=437691"},{"taxonomy":"product_brand","embeddable":true,"href":"https:\/\/www.moskito.cz\/fr\/wp-json\/wp\/v2\/product_brand?post=437691"},{"taxonomy":"product_cat","embeddable":true,"href":"https:\/\/www.moskito.cz\/fr\/wp-json\/wp\/v2\/product_cat?post=437691"},{"taxonomy":"product_tag","embeddable":true,"href":"https:\/\/www.moskito.cz\/fr\/wp-json\/wp\/v2\/product_tag?post=437691"}],"curies":[{"name":"wp","href":"https:\/\/api.w.org\/{rel}","templated":true}]}}