{"id":437702,"date":"2026-02-16T14:38:47","date_gmt":"2026-02-16T13:38:47","guid":{"rendered":"https:\/\/www.moskito.cz\/produkt\/couteau-dejection-microtech-glykon-stonewashed-185-10\/"},"modified":"2026-02-16T18:31:37","modified_gmt":"2026-02-16T17:31:37","slug":"couteau-dejection-microtech-glykon-stonewashed-185-10","status":"publish","type":"product","link":"https:\/\/www.moskito.cz\/fr\/produkt\/couteau-dejection-microtech-glykon-stonewashed-185-10\/","title":{"rendered":"Couteau d&rsquo;\u00e9jection Microtech Glykon Stonewashed 185-10"},"content":{"rendered":"<p data-start=\"72\" data-end=\"376\">D\u00e8s que vous prenez en main le Microtech Glykon T\/E OTF 185-10 &#8211; Black Handle \/ Stonewashed Blade, vous sentez imm\u00e9diatement la combinaison d&rsquo;une m\u00e9canique de pr\u00e9cision et d&rsquo;un design tactique robuste. Cette configuration associe un manche noir mat \u00e0 une lame durable lav\u00e9e \u00e0 la pierre, ce qui donne une impression de technicit\u00e9, de discr\u00e9tion et d&rsquo;extr\u00eame fonctionnalit\u00e9 \u00e0 la fois. <\/p>\n<p data-start=\"378\" data-end=\"487\">Con\u00e7u par Anthony (Tony) Marfion et fabriqu\u00e9 et assembl\u00e9 \u00e0 100 % aux <span class=\"hover:entity-accent entity-underline inline cursor-pointer align-baseline\"><span class=\"whitespace-normal\">USA<\/span><\/span> \ud83c\uddfa\ud83c\uddf8.<\/p>\n<p data-start=\"489\" data-end=\"517\">\ud83d\udd25 <strong data-start=\"492\" data-end=\"517\">Caract\u00e8re et philosophie<\/strong><\/p>\n<p data-start=\"519\" data-end=\"747\">Le Glykon est une interpr\u00e9tation moderne d&rsquo;un couteau tactique OTF ax\u00e9 sur la fiabilit\u00e9, la puissance et le contr\u00f4le intuitif. La glissi\u00e8re lat\u00e9rale en retrait offre un support naturel au pouce et une manipulation en douceur lors de l&rsquo;extension et de la r\u00e9tractation de la lame. <\/p>\n<p data-start=\"749\" data-end=\"941\">Le mod\u00e8le fonctionne en mode D\/A (Double Action) &#8211; la lame se d\u00e9ploie et se r\u00e9tracte d&rsquo;un seul mouvement du pouce. Le m\u00e9canisme est rapide, dynamique et en m\u00eame temps contr\u00f4lable gr\u00e2ce \u00e0 une r\u00e9sistance \u00e0 ressort r\u00e9gl\u00e9e avec pr\u00e9cision. <\/p>\n<p data-start=\"943\" data-end=\"1043\">Le design g\u00e9n\u00e9ral offre un outil tactique complet qui reste confortable \u00e0 porter comme EDC.<\/p>\n<p data-start=\"1045\" data-end=\"1061\"><strong data-start=\"1048\" data-end=\"1061\">\ud83c\udfed A propos du producteur<\/strong><\/p>\n<p data-start=\"1063\" data-end=\"1217\"><span class=\"hover:entity-accent entity-underline inline cursor-pointer align-baseline\"><span class=\"whitespace-normal\">Microtech Knives<\/span><\/span> est une marque am\u00e9ricaine avec plus de 30 ans de tradition dans la production de couteaux automatiques et OTF haut de gamme. Les caract\u00e9ristiques typiques sont les suivantes : <\/p>\n<ul data-start=\"1219\" data-end=\"1370\">\n<li data-start=\"1219\" data-end=\"1244\">\n<p data-start=\"1221\" data-end=\"1244\">Usinage CNC de pr\u00e9cision<\/p>\n<\/li>\n<li data-start=\"1245\" data-end=\"1276\">\n<p data-start=\"1247\" data-end=\"1276\">Attaches brevet\u00e9es<\/p>\n<\/li>\n<li data-start=\"1277\" data-end=\"1310\">\n<p data-start=\"1279\" data-end=\"1310\">M\u00e9canismes internes innovants<\/p>\n<\/li>\n<li data-start=\"1311\" data-end=\"1340\">\n<p data-start=\"1313\" data-end=\"1340\">Bris de glace int\u00e9gr\u00e9<\/p>\n<\/li>\n<li data-start=\"1341\" data-end=\"1370\">\n<p data-start=\"1343\" data-end=\"1370\">Un contr\u00f4le de qualit\u00e9 coh\u00e9rent<\/p>\n<\/li>\n<\/ul>\n<p data-start=\"1372\" data-end=\"1463\">Chaque pi\u00e8ce est fabriqu\u00e9e et assembl\u00e9e aux \u00c9tats-Unis sous la direction de <span class=\"hover:entity-accent entity-underline inline cursor-pointer align-baseline\"><span class=\"whitespace-normal\">Anthony Marfione<\/span><\/span>.<\/p>\n<p data-start=\"1465\" data-end=\"1509\">\ud83d\udde1\ufe0f <strong data-start=\"1469\" data-end=\"1509\">Lame &#8211; T\/E (Tanto Edge) Stonewashed<\/strong><\/p>\n<p data-start=\"1511\" data-end=\"1662\">La lame T\/E (Tanto Edge) combine une pointe ac\u00e9r\u00e9e et une coupe droite pour une p\u00e9n\u00e9tration et une force de pointe maximales, caract\u00e9ristiques du profil tanto.<\/p>\n<p data-start=\"1664\" data-end=\"1693\">Finition Stonewashed :<\/p>\n<ul data-start=\"1695\" data-end=\"1803\">\n<li data-start=\"1695\" data-end=\"1735\">\n<p data-start=\"1697\" data-end=\"1735\">masque les rayures mineures dues \u00e0 l&rsquo;utilisation<\/p>\n<\/li>\n<li data-start=\"1736\" data-end=\"1755\">\n<p data-start=\"1738\" data-end=\"1755\">r\u00e9duit l&rsquo;\u00e9blouissement<\/p>\n<\/li>\n<li data-start=\"1756\" data-end=\"1803\">\n<p data-start=\"1758\" data-end=\"1803\">augmente la r\u00e9sistance \u00e0 l&rsquo;usure visuelle<\/p>\n<\/li>\n<\/ul>\n<p data-start=\"1805\" data-end=\"1836\">La coupe haute et plate garantit :<\/p>\n<ul data-start=\"1838\" data-end=\"1907\">\n<li data-start=\"1838\" data-end=\"1866\">\n<p data-start=\"1840\" data-end=\"1866\">excellentes propri\u00e9t\u00e9s de coupe<\/p>\n<\/li>\n<li data-start=\"1867\" data-end=\"1889\">\n<p data-start=\"1869\" data-end=\"1889\">forte p\u00e9n\u00e9tration<\/p>\n<\/li>\n<li data-start=\"1890\" data-end=\"1907\">\n<p data-start=\"1892\" data-end=\"1907\">r\u00e9sistance de la pointe<\/p>\n<\/li>\n<\/ul>\n<p data-start=\"1909\" data-end=\"1945\"><strong data-start=\"1912\" data-end=\"1945\">\ud83d\udd2c Acier &#8211; Acier inoxydable de qualit\u00e9 sup\u00e9rieure<\/strong><\/p>\n<p data-start=\"1947\" data-end=\"2028\">L&rsquo;acier utilis\u00e9 appartient au segment sup\u00e9rieur des mat\u00e9riaux de coupe modernes. Il offre : <\/p>\n<ul data-start=\"2030\" data-end=\"2150\">\n<li data-start=\"2030\" data-end=\"2067\">\n<p data-start=\"2032\" data-end=\"2067\">haute r\u00e9sistance \u00e0 l&rsquo;usure<\/p>\n<\/li>\n<li data-start=\"2068\" data-end=\"2097\">\n<p data-start=\"2070\" data-end=\"2097\">excellente r\u00e9sistance \u00e0 la corrosion<\/p>\n<\/li>\n<li data-start=\"2098\" data-end=\"2123\">\n<p data-start=\"2100\" data-end=\"2123\">long maintien de la lame<\/p>\n<\/li>\n<li data-start=\"2124\" data-end=\"2150\">\n<p data-start=\"2126\" data-end=\"2150\">peu d&rsquo;entretien<\/p>\n<\/li>\n<\/ul>\n<p data-start=\"2152\" data-end=\"2253\">Ces propri\u00e9t\u00e9s sont typiques des aciers m\u00e9tallurgiques en poudre utilis\u00e9s dans les mod\u00e8les haut de gamme de Microtech.<\/p>\n<p data-start=\"2255\" data-end=\"2286\">\ud83e\udde9 <strong data-start=\"2258\" data-end=\"2286\">Poign\u00e9e &#8211; Aluminium noir<\/strong><\/p>\n<p data-start=\"2288\" data-end=\"2418\">Le manche est en aluminium 6061-T6 anodis\u00e9 noir, ce qui conf\u00e8re au couteau un look tactique \u00e9pur\u00e9 et une grande durabilit\u00e9.<\/p>\n<ul data-start=\"2420\" data-end=\"2729\">\n<li data-start=\"2420\" data-end=\"2461\">\n<p data-start=\"2422\" data-end=\"2461\">Texture antid\u00e9rapante frais\u00e9e en 3D par CNC<\/p>\n<\/li>\n<li data-start=\"2462\" data-end=\"2506\">\n<p data-start=\"2464\" data-end=\"2506\">Jimping sur le haut et le bas de la poign\u00e9e<\/p>\n<\/li>\n<li data-start=\"2507\" data-end=\"2558\">\n<p data-start=\"2509\" data-end=\"2558\">Curseur lat\u00e9ral encastr\u00e9 pour un contr\u00f4le naturel<\/p>\n<\/li>\n<li data-start=\"2559\" data-end=\"2589\">\n<p data-start=\"2561\" data-end=\"2589\">Profil mince adapt\u00e9 \u00e0 l&rsquo;EDC<\/p>\n<\/li>\n<li data-start=\"2590\" data-end=\"2632\">\n<p data-start=\"2592\" data-end=\"2632\">Clip de transport profond (droite\/gauche, bascul\u00e9 vers le bas)<\/p>\n<\/li>\n<li data-start=\"2633\" data-end=\"2681\">\n<p data-start=\"2635\" data-end=\"2681\">Clip avec logo, num\u00e9ro de s\u00e9rie et date de fabrication<\/p>\n<\/li>\n<li data-start=\"2682\" data-end=\"2729\">\n<p data-start=\"2684\" data-end=\"2729\">Casse-verre avec bille en carbure de tungst\u00e8ne<\/p>\n<\/li>\n<\/ul>\n<p data-start=\"2731\" data-end=\"2807\">La finition noire mate est pratique, discr\u00e8te et masque bien les signes d&rsquo;utilisation.<\/p>\n<p data-start=\"2809\" data-end=\"2837\">\u2699\ufe0f <strong data-start=\"2812\" data-end=\"2837\">Sp\u00e9cifications techniques<\/strong><\/p>\n<p data-start=\"2839\" data-end=\"2911\"><em data-start=\"2839\" data-end=\"2911\">Note : Les valeurs sont approximatives et peuvent varier d&rsquo;une s\u00e9rie \u00e0 l&rsquo;autre.<\/em><\/p>\n<div class=\"TyagGW_tableContainer\">\n<div class=\"group TyagGW_tableWrapper flex flex-col-reverse w-fit\" tabindex=\"-1\">\n<table class=\"w-fit min-w-(--thread-content-width)\" data-start=\"2913\" data-end=\"3404\">\n<thead data-start=\"2913\" data-end=\"2931\">\n<tr data-start=\"2913\" data-end=\"2931\">\n<th class=\"\" data-start=\"2913\" data-end=\"2922\" data-col-size=\"sm\">Param\u00e8tre<\/th>\n<th class=\"\" data-start=\"2922\" data-end=\"2931\" data-col-size=\"sm\">Valeur<\/th>\n<\/tr>\n<\/thead>\n<tbody data-start=\"2942\" data-end=\"3404\">\n<tr data-start=\"2942\" data-end=\"2964\">\n<td data-start=\"2942\" data-end=\"2948\" data-col-size=\"sm\">Mod\u00e8le<\/td>\n<td data-col-size=\"sm\" data-start=\"2948\" data-end=\"2964\">Glykon T\/E OTF<\/td>\n<\/tr>\n<tr data-start=\"2965\" data-end=\"2990\">\n<td data-start=\"2965\" data-end=\"2982\" data-col-size=\"sm\">Num\u00e9ro de produit<\/td>\n<td data-col-size=\"sm\" data-start=\"2982\" data-end=\"2990\">185-10<\/td>\n<\/tr>\n<tr data-start=\"2991\" data-end=\"3021\">\n<td data-start=\"2991\" data-end=\"3005\" data-col-size=\"sm\">Longueur totale<\/td>\n<td data-col-size=\"sm\" data-start=\"3005\" data-end=\"3021\">environ 220-230 mm<\/td>\n<\/tr>\n<tr data-start=\"3022\" data-end=\"3049\">\n<td data-start=\"3022\" data-end=\"3035\" data-col-size=\"sm\">Longueur de la lame<\/td>\n<td data-col-size=\"sm\" data-start=\"3035\" data-end=\"3049\">environ 90-95 mm<\/td>\n<\/tr>\n<tr data-start=\"3050\" data-end=\"3082\">\n<td data-start=\"3050\" data-end=\"3066\" data-col-size=\"sm\">\u00c9paisseur de la lame<\/td>\n<td data-col-size=\"sm\" data-start=\"3066\" data-end=\"3082\">environ 3,0-3,5 mm<\/td>\n<\/tr>\n<tr data-start=\"3083\" data-end=\"3114\">\n<td data-start=\"3083\" data-end=\"3098\" data-col-size=\"sm\">Longueur du manche<\/td>\n<td data-col-size=\"sm\" data-start=\"3098\" data-end=\"3114\">environ 130-135 mm<\/td>\n<\/tr>\n<tr data-start=\"3115\" data-end=\"3139\">\n<td data-start=\"3115\" data-end=\"3124\" data-col-size=\"sm\">Poids<\/td>\n<td data-col-size=\"sm\" data-start=\"3124\" data-end=\"3139\">environ 130-140 g<\/td>\n<\/tr>\n<tr data-start=\"3140\" data-end=\"3168\">\n<td data-start=\"3140\" data-end=\"3150\" data-col-size=\"sm\">Type de lame<\/td>\n<td data-start=\"3150\" data-end=\"3168\" data-col-size=\"sm\">T\/E (Tanto Edge)<\/td>\n<\/tr>\n<tr data-start=\"3169\" data-end=\"3196\">\n<td data-start=\"3169\" data-end=\"3183\" data-col-size=\"sm\">Surface de la lame<\/td>\n<td data-col-size=\"sm\" data-start=\"3183\" data-end=\"3196\">Lav\u00e9e \u00e0 la pierre<\/td>\n<\/tr>\n<tr data-start=\"3197\" data-end=\"3231\">\n<td data-start=\"3197\" data-end=\"3215\" data-col-size=\"sm\">Mat\u00e9riau du manche<\/td>\n<td data-col-size=\"sm\" data-start=\"3215\" data-end=\"3231\">Aluminium 6061-T6<\/td>\n<\/tr>\n<tr data-start=\"3232\" data-end=\"3254\">\n<td data-start=\"3232\" data-end=\"3247\" data-col-size=\"sm\">Couleur de la poign\u00e9e<\/td>\n<td data-col-size=\"sm\" data-start=\"3247\" data-end=\"3254\">Noir<\/td>\n<\/tr>\n<tr data-start=\"3255\" data-end=\"3289\">\n<td data-start=\"3255\" data-end=\"3267\" data-col-size=\"sm\">M\u00e9canisme<\/td>\n<td data-col-size=\"sm\" data-start=\"3267\" data-end=\"3289\">D\/A OTF &#8211; Verrouillage de la glissi\u00e8re<\/td>\n<\/tr>\n<tr data-start=\"3290\" data-end=\"3330\">\n<td data-start=\"3290\" data-end=\"3300\" data-col-size=\"sm\">Ouverture<\/td>\n<td data-col-size=\"sm\" data-start=\"3300\" data-end=\"3330\">Automatique &#8211; curseur lat\u00e9ral<\/td>\n<\/tr>\n<tr data-start=\"3331\" data-end=\"3358\">\n<td data-start=\"3331\" data-end=\"3336\" data-col-size=\"sm\">Clip<\/td>\n<td data-start=\"3336\" data-end=\"3358\" data-col-size=\"sm\">Droite\/gauche, bascule vers le bas<\/td>\n<\/tr>\n<tr data-start=\"3359\" data-end=\"3386\">\n<td data-start=\"3359\" data-end=\"3368\" data-col-size=\"sm\">Designer<\/td>\n<td data-col-size=\"sm\" data-start=\"3368\" data-end=\"3386\">Anthony Marfione<\/td>\n<\/tr>\n<tr data-start=\"3387\" data-end=\"3404\">\n<td data-start=\"3387\" data-end=\"3399\" data-col-size=\"sm\">Pays d&rsquo;origine<\/td>\n<td data-col-size=\"sm\" data-start=\"3399\" data-end=\"3404\">\u00c9TATS-UNIS D&rsquo;AM\u00c9RIQUE<\/td>\n<\/tr>\n<\/tbody>\n<\/table>\n<\/div>\n<\/div>\n<p data-start=\"3406\" data-end=\"3425\">\u2705 <strong data-start=\"3408\" data-end=\"3425\">Principaux avantages<\/strong><\/p>\n<ul data-start=\"3427\" data-end=\"3675\">\n<li data-start=\"3427\" data-end=\"3466\">\n<p data-start=\"3429\" data-end=\"3466\">M\u00e9canisme D\/A OTF extr\u00eamement rapide<\/p>\n<\/li>\n<li data-start=\"3467\" data-end=\"3508\">\n<p data-start=\"3469\" data-end=\"3508\">Lame tanto T\/E \u00e0 haute p\u00e9n\u00e9tration<\/p>\n<\/li>\n<li data-start=\"3509\" data-end=\"3554\">\n<p data-start=\"3511\" data-end=\"3554\">Surface r\u00e9sistante \u00e0 l&rsquo;usure, lav\u00e9e \u00e0 la pierre<\/p>\n<\/li>\n<li data-start=\"3555\" data-end=\"3605\">\n<p data-start=\"3557\" data-end=\"3605\">Acier inoxydable de premi\u00e8re qualit\u00e9 avec une longue dur\u00e9e de vie de la lame<\/p>\n<\/li>\n<li data-start=\"3606\" data-end=\"3636\">\n<p data-start=\"3608\" data-end=\"3636\">Coulisseau lat\u00e9ral ergonomique<\/p>\n<\/li>\n<li data-start=\"3637\" data-end=\"3675\">\n<p data-start=\"3639\" data-end=\"3675\">Construction solide et l\u00e9g\u00e8re en aluminium<\/p>\n<\/li>\n<\/ul>\n<p data-start=\"3677\" data-end=\"3697\">\u26a0\ufe0f <strong data-start=\"3680\" data-end=\"3697\">Restrictions possibles<\/strong><\/p>\n<ul data-start=\"3699\" data-end=\"3865\">\n<li data-start=\"3699\" data-end=\"3754\">\n<p data-start=\"3701\" data-end=\"3754\">Le m\u00e9canisme automatique n\u00e9cessite un entretien r\u00e9gulier<\/p>\n<\/li>\n<li data-start=\"3755\" data-end=\"3810\">\n<p data-start=\"3757\" data-end=\"3810\">Cat\u00e9gorie de prix sup\u00e9rieure correspondant \u00e0 une production de qualit\u00e9<\/p>\n<\/li>\n<li data-start=\"3811\" data-end=\"3865\">\n<p data-start=\"3813\" data-end=\"3865\">La pointe robuste n&rsquo;est pas id\u00e9ale pour les coupes tr\u00e8s fines.<\/p>\n<\/li>\n<\/ul>\n<p data-start=\"3867\" data-end=\"3888\">\ud83d\udee0\ufe0f <strong data-start=\"3871\" data-end=\"3888\">Entretien et soins<\/strong><\/p>\n<ul data-start=\"3890\" data-end=\"4132\">\n<li data-start=\"3890\" data-end=\"3925\">\n<p data-start=\"3892\" data-end=\"3925\">Nettoyez et s\u00e9chez la lame apr\u00e8s utilisation<\/p>\n<\/li>\n<li data-start=\"3926\" data-end=\"3960\">\n<p data-start=\"3928\" data-end=\"3960\">Gardez la poign\u00e9e propre et s\u00e8che<\/p>\n<\/li>\n<li data-start=\"3961\" data-end=\"4021\">\n<p data-start=\"3963\" data-end=\"4021\">Pour un stockage plus long, lubrifiez l\u00e9g\u00e8rement la lame avec de l&rsquo;huile de protection.<\/p>\n<\/li>\n<li data-start=\"4022\" data-end=\"4074\">\n<p data-start=\"4024\" data-end=\"4074\">V\u00e9rifiez r\u00e9guli\u00e8rement le m\u00e9canisme et \u00e9liminez toute salet\u00e9<\/p>\n<\/li>\n<li data-start=\"4075\" data-end=\"4132\">\n<p data-start=\"4077\" data-end=\"4132\">Utilisez un syst\u00e8me de bonne qualit\u00e9 pour un meulage en douceur<\/p>\n<\/li>\n<\/ul>\n<p data-start=\"4134\" data-end=\"4201\">Un entretien r\u00e9gulier garantit une fiabilit\u00e9 \u00e0 long terme et des performances maximales.<\/p>\n<p data-start=\"4203\" data-end=\"4224\">\ud83c\udfaf <strong data-start=\"4206\" data-end=\"4224\">Recommand\u00e9 pour<\/strong><\/p>\n<ul data-start=\"4226\" data-end=\"4372\">\n<li data-start=\"4226\" data-end=\"4251\">\n<p data-start=\"4228\" data-end=\"4251\">Des utilisateurs d&rsquo;EDC exigeants<\/p>\n<\/li>\n<li data-start=\"4252\" data-end=\"4286\">\n<p data-start=\"4254\" data-end=\"4286\">Utilisation tactique professionnelle<\/p>\n<\/li>\n<li data-start=\"4287\" data-end=\"4320\">\n<p data-start=\"4289\" data-end=\"4320\">Collectionneurs de couteaux OTF de qualit\u00e9 sup\u00e9rieure<\/p>\n<\/li>\n<li data-start=\"4321\" data-end=\"4372\">\n<p data-start=\"4323\" data-end=\"4372\">Les utilisateurs qui pr\u00e9f\u00e8rent un look tactique discret<\/p>\n<\/li>\n<\/ul>\n<p data-start=\"4374\" data-end=\"4399\">\u2b50 <strong data-start=\"4376\" data-end=\"4399\">Note finale<\/strong><\/p>\n<p data-start=\"4401\" data-end=\"4719\">Le Microtech Glykon T\/E OTF 185-10 dans la configuration Black Handle \/ Stonewashed Blade est une combinaison parfaitement \u00e9quilibr\u00e9e de performances agressives, de fabrication am\u00e9ricaine de pr\u00e9cision et de durabilit\u00e9 pratique pour un usage quotidien. C&rsquo;est un outil tactique moderne qui offre vitesse, fiabilit\u00e9 et caract\u00e8re distinctif sans compromis \ud83d\udd2a\ud83d\udd25. <\/p>\n","protected":false},"excerpt":{"rendered":"<p><strong>Le Microtech Glykon T\/E OTF 185-10 dans la configuration Black Handle \/ Stonewashed Blade est une combinaison parfaitement \u00e9quilibr\u00e9e de performances agressives, de fabrication am\u00e9ricaine de pr\u00e9cision et de durabilit\u00e9 pratique pour un usage quotidien. C&rsquo;est un outil tactique moderne qui offre vitesse, fiabilit\u00e9 et caract\u00e8re distinctif sans compromis \ud83d\udd2a\ud83d\udd25. <\/strong><\/p>\n<p><strong>Livraison gratuite.<\/strong><\/p>\n","protected":false},"featured_media":437436,"comment_status":"open","ping_status":"closed","template":"","meta":[],"pwb-brand":[3751],"product_brand":[],"product_cat":[3699,3696],"product_tag":[],"class_list":{"0":"post-437702","1":"product","2":"type-product","3":"status-publish","4":"has-post-thumbnail","6":"pwb-brand-microtechnologie","7":"product_cat-couteaux-de-tir","8":"product_cat-des-couteaux","10":"first","11":"instock","12":"taxable","13":"shipping-taxable","14":"purchasable","15":"product-type-simple"},"brands":[{"id":3751,"name":"Microtechnologie","slug":"microtechnologie"}],"_links":{"self":[{"href":"https:\/\/www.moskito.cz\/fr\/wp-json\/wp\/v2\/product\/437702","targetHints":{"allow":["GET"]}}],"collection":[{"href":"https:\/\/www.moskito.cz\/fr\/wp-json\/wp\/v2\/product"}],"about":[{"href":"https:\/\/www.moskito.cz\/fr\/wp-json\/wp\/v2\/types\/product"}],"replies":[{"embeddable":true,"href":"https:\/\/www.moskito.cz\/fr\/wp-json\/wp\/v2\/comments?post=437702"}],"wp:featuredmedia":[{"embeddable":true,"href":"https:\/\/www.moskito.cz\/fr\/wp-json\/wp\/v2\/media\/437436"}],"wp:attachment":[{"href":"https:\/\/www.moskito.cz\/fr\/wp-json\/wp\/v2\/media?parent=437702"}],"wp:term":[{"taxonomy":"pwb-brand","embeddable":true,"href":"https:\/\/www.moskito.cz\/fr\/wp-json\/wp\/v2\/pwb-brand?post=437702"},{"taxonomy":"product_brand","embeddable":true,"href":"https:\/\/www.moskito.cz\/fr\/wp-json\/wp\/v2\/product_brand?post=437702"},{"taxonomy":"product_cat","embeddable":true,"href":"https:\/\/www.moskito.cz\/fr\/wp-json\/wp\/v2\/product_cat?post=437702"},{"taxonomy":"product_tag","embeddable":true,"href":"https:\/\/www.moskito.cz\/fr\/wp-json\/wp\/v2\/product_tag?post=437702"}],"curies":[{"name":"wp","href":"https:\/\/api.w.org\/{rel}","templated":true}]}}